{"id":13365,"date":"2015-11-27T13:34:00","date_gmt":"2015-11-27T12:34:00","guid":{"rendered":"https:\/\/www.fundacionnaturgy.org\/ca\/qui-som\/"},"modified":"2022-09-15T21:42:54","modified_gmt":"2022-09-15T19:42:54","slug":"qui-som","status":"publish","type":"page","link":"https:\/\/www.fundacionnaturgy.org\/ca\/qui-som\/","title":{"rendered":"Qui som"},"content":{"rendered":"<p>[vc_row][vc_column]\n\t\t\t<!-- START SubHome_fundacion REVOLUTION SLIDER 6.5.19 --><p class=\"rs-p-wp-fix\"><\/p>\n\t\t\t<rs-module-wrap id=\"rev_slider_5_1_wrapper\" data-source=\"gallery\" style=\"visibility:hidden;background:transparent;padding:0;margin:0px auto;margin-top:0;margin-bottom:0;\">\n\t\t\t\t<rs-module id=\"rev_slider_5_1\" style=\"\" data-version=\"6.5.19\">\n\t\t\t\t\t<rs-slides>\n\t\t\t\t\t\t<rs-slide style=\"position: absolute;\" data-key=\"rs-9\" data-title=\"Slide\" data-in=\"o:0;\" data-out=\"a:false;\">\n\t\t\t\t\t\t\t<img src=\"\/\/www.fundacionnaturgy.org\/wp-content\/plugins\/revslider\/public\/assets\/assets\/dummy.png\" alt=\"Slide\" title=\"Qui\u00e9nes somos\" class=\"rev-slidebg tp-rs-img rs-lazyload\" data-lazyload=\"\/\/www.fundacionnaturgy.org\/wp-content\/plugins\/revslider\/public\/assets\/assets\/transparent.png\" data-bg=\"c:#f4f7f9;\" data-no-retina>\n<!--\n\t\t\t\t\t\t\t--><rs-layer\n\t\t\t\t\t\t\t\tid=\"slider-5-slide-9-layer-3\" \n\t\t\t\t\t\t\t\tdata-type=\"shape\"\n\t\t\t\t\t\t\t\tdata-rsp_ch=\"on\"\n\t\t\t\t\t\t\t\tdata-xy=\"x:c;xo:-1px,0,0,0;y:b;\"\n\t\t\t\t\t\t\t\tdata-text=\"w:normal;s:20,20,15,7;l:0,0,19,9;\"\n\t\t\t\t\t\t\t\tdata-dim=\"w:3000px,3000px,2288px,1174px;h:360px,360px,274px,140px;\"\n\t\t\t\t\t\t\t\tdata-frame_0=\"x:-175%;o:1;\"\n\t\t\t\t\t\t\t\tdata-frame_0_mask=\"u:t;x:100%;\"\n\t\t\t\t\t\t\t\tdata-frame_1=\"e:power3.out;sp:1000;\"\n\t\t\t\t\t\t\t\tdata-frame_1_mask=\"u:t;\"\n\t\t\t\t\t\t\t\tdata-frame_999=\"o:0;st:w;\"\n\t\t\t\t\t\t\t\tstyle=\"z-index:8;background-color:#004571;\"\n\t\t\t\t\t\t\t> \n\t\t\t\t\t\t\t<\/rs-layer><!--\n\n\t\t\t\t\t\t\t--><rs-layer\n\t\t\t\t\t\t\t\tid=\"slider-5-slide-9-layer-4\" \n\t\t\t\t\t\t\t\tdata-type=\"image\"\n\t\t\t\t\t\t\t\tdata-rsp_ch=\"on\"\n\t\t\t\t\t\t\t\tdata-xy=\"x:c;y:m;\"\n\t\t\t\t\t\t\t\tdata-text=\"w:normal;s:20,20,15,7;l:0,0,19,9;\"\n\t\t\t\t\t\t\t\tdata-dim=\"w:970px,970px,740px,90%;h:546px,546px,416px,auto;\"\n\t\t\t\t\t\t\t\tdata-frame_0=\"rX:70deg;oZ:-50;\"\n\t\t\t\t\t\t\t\tdata-frame_1=\"oZ:-50;e:power4.inOut;sp:1750;\"\n\t\t\t\t\t\t\t\tdata-frame_999=\"o:0;st:w;\"\n\t\t\t\t\t\t\t\tstyle=\"z-index:10;\"\n\t\t\t\t\t\t\t><img src=\"\/\/www.fundacionnaturgy.org\/wp-content\/plugins\/revslider\/public\/assets\/assets\/dummy.png\" alt=\"\" class=\"tp-rs-img rs-lazyload\" width=\"970\" height=\"546\" data-lazyload=\"\/\/www.fundacionnaturgy.org\/wp-content\/uploads\/2022\/03\/subhome_fundacion.png\" data-no-retina> \n\t\t\t\t\t\t\t<\/rs-layer><!--\n-->\t\t\t\t\t\t<\/rs-slide>\n\t\t\t\t\t<\/rs-slides>\n\t\t\t\t<\/rs-module>\n\t\t\t\t<script>\n\t\t\t\t\tsetREVStartSize({c: 'rev_slider_5_1',rl:[1240,1024,778,480],el:[740,660,500,260],gw:[970,970,740,380],gh:[740,660,500,260],type:'standard',justify:'',layout:'fullwidth',mh:\"0\"});if (window.RS_MODULES!==undefined && window.RS_MODULES.modules!==undefined && window.RS_MODULES.modules[\"revslider51\"]!==undefined) {window.RS_MODULES.modules[\"revslider51\"].once = false;window.revapi5 = undefined;if (window.RS_MODULES.checkMinimal!==undefined) window.RS_MODULES.checkMinimal()}\n\t\t\t\t<\/script>\n\t\t\t<\/rs-module-wrap>\n\t\t\t<!-- END REVOLUTION SLIDER -->\n[\/vc_column][\/vc_row][vc_row][vc_column][vc_empty_space][\/vc_column][\/vc_row][vc_row][vc_column][vc_column_text]<\/p>\n<h2><strong>La missi\u00f3<\/strong><\/h2>\n<p>[\/vc_column_text][vc_column_text]<\/p>\n<h3>Formem i sensibilitzem a la societat en la millora de l\u2019efici\u00e8ncia energ\u00e8tica i la innovaci\u00f3 tecnol\u00f2gica en l\u2019\u00e0mbit de l\u2019energia.<\/h3>\n<p>[\/vc_column_text][\/vc_column][\/vc_row][vc_row][vc_column][vc_column_text]La Fundaci\u00f3 Naturgy \u00e9s una instituci\u00f3 sense \u00e0nim de lucre creada el 1992 per Naturgy, amb una vocaci\u00f3 de formaci\u00f3 i sensibilitzaci\u00f3 de la societat en la millora de l\u2019efici\u00e8ncia energ\u00e8tica i la innovaci\u00f3 tecnol\u00f2gica en l\u2019\u00e0mbit de l\u2019energia. Tamb\u00e9 desenvolupa programes d\u2019acci\u00f3 social, tant en l\u2019\u00e0mbit nacional com internacional, incidint especialment en actuacions destinades a pal\u00b7liar la vulnerabilitat energ\u00e8tica.<\/p>\n<p>Posem en marxa projectes propis alineats amb la seva missi\u00f3 de formaci\u00f3, divulgaci\u00f3 i sensibilitzaci\u00f3 en temes d\u2019energia i medi ambient. El seu objectiu fonamental \u00e9s promoure l\u2019\u00fas racional dels recursos energ\u00e8tics i fomentar un desenvolupament sostenible per contribuir, des del debat seri\u00f3s i rigor\u00f3s, a abordar la transici\u00f3 energ\u00e8tica actual i els reptes energ\u00e8tics del futur.[\/vc_column_text][\/vc_column][\/vc_row][vc_row][vc_column][vc_empty_space][\/vc_column][\/vc_row][vc_row][vc_column][vc_column_text]<\/p>\n<h2><strong>Les nostres \u00e0rees d&#8217;acci\u00f3<\/strong><\/h2>\n<p>[\/vc_column_text][\/vc_column][\/vc_row][vc_row][vc_column width=&#8221;1\/3&#8243;][vc_single_image image=&#8221;81875&#8243; img_size=&#8221;full&#8221;][vc_column_text]<\/p>\n<h4>Energia i medi ambient<\/h4>\n<p>[\/vc_column_text][vc_column_text]En l\u2019\u00e0mbit m\u00e9s professional, organitza seminaris i confer\u00e8ncies amb ponents nacionals i internacionals, entre els quals destaca el cicle \u201cEnergy Prospectives\u201d, que realitza juntament amb l\u2019IESE Business School; i publica estudis sobre temes relacionats amb l\u2019energia i el medi ambient.[\/vc_column_text]<a class=\"gnf-boton oscuro left\" href=\"https:\/\/www.fundacionnaturgy.org\/ca\/energia-i-medi-ambient-2\/\" title=\"\" target=\"_blank\">Veure m\u00e9s<\/a>[\/vc_column][vc_column width=&#8221;1\/3&#8243;][vc_single_image image=&#8221;81434&#8243; img_size=&#8221;full&#8221;][vc_column_text]<\/p>\n<h4>Acci\u00f3\u00a0social<\/h4>\n<p>[\/vc_column_text][vc_column_text]D\u2019altra banda, la Fundaci\u00f3, sensible als problemes de la societat actual, vol combatre una realitat social que cada dia afecta un col\u00b7lectiu m\u00e9s ampli de la societat: la vulnerabilitat energ\u00e8tica. Ho fa a trav\u00e9s de tres programes: el Fons Solidari de Rehabilitaci\u00f3 Energ\u00e8tica, l&#8217;Escola d&#8217;Energia i el Voluntariat energ\u00e8tic.[\/vc_column_text]<a class=\"gnf-boton oscuro left\" href=\"https:\/\/www.fundacionnaturgy.org\/ca\/accio-social\/\" title=\"\" target=\"_blank\">Veure m\u00e9s<\/a>[\/vc_column][vc_column width=&#8221;1\/3&#8243;][vc_single_image image=&#8221;64116&#8243; img_size=&#8221;full&#8221;][vc_column_text]<\/p>\n<h4>Educaci\u00f3 i divulgaci\u00f3<\/h4>\n<p>[\/vc_column_text][vc_column_text]En l\u2019\u00e0mbit de la divulgaci\u00f3 i l\u2019educaci\u00f3 adre\u00e7ada als m\u00e9s joves, disposa d\u2019un ampli cat\u00e0leg de programes i iniciatives, entre les quals destaca Efigy Education, que desenvolupa als centres educatius per promoure la reflexi\u00f3 sobre els reptes de la transici\u00f3 energ\u00e8tica.[\/vc_column_text]<a class=\"gnf-boton oscuro left\" href=\"https:\/\/www.fundacionnaturgy.org\/ca\/educacio-divulgacio\/\" title=\"\" target=\"_blank\">Veure m\u00e9s<\/a>[\/vc_column][\/vc_row][vc_row][vc_column][vc_empty_space height=&#8221;84px&#8221;][\/vc_column][\/vc_row][vc_row css=&#8221;.vc_custom_1650451703840{padding-top: 20px !important;padding-right: 30px !important;padding-bottom: 20px !important;padding-left: 30px !important;background-color: #004571 !important;}&#8221;][vc_column width=&#8221;1\/3&#8243;][vc_single_image image=&#8221;81878&#8243; img_size=&#8221;full&#8221; css=&#8221;.vc_custom_1650452062778{margin-top: -90px !important;}&#8221;][\/vc_column][vc_column width=&#8221;2\/3&#8243;][vc_column_text]<\/p>\n<h2><strong><span style=\"color: #ffffff;\">\u00d2rgans de govern<\/span><\/strong><\/h2>\n<p><span style=\"color: #ffffff;\">Consulta les persones que formen part del m\u00e0xim \u00f2rgan de govern, representaci\u00f3 i administraci\u00f3 de la Fundaci\u00f3.<\/span>[\/vc_column_text][vc_btn title=&#8221;Veure m\u00e9s&#8221; shape=&#8221;round&#8221; color=&#8221;white&#8221; size=&#8221;sm&#8221; link=&#8221;url:https%3A%2F%2Fwww.fundacionnaturgy.org%2Fca%2Forgans-de-govern%2F|target:_blank&#8221;][\/vc_column][\/vc_row][vc_row][vc_column][vc_empty_space height=&#8221;12px&#8221;][\/vc_column][\/vc_row][vc_row css=&#8221;.vc_custom_1649253633248{border-top-width: 1px !important;border-right-width: 1px !important;border-bottom-width: 1px !important;border-left-width: 1px !important;border-left-color: #e5ecf1 !important;border-left-style: solid !important;border-right-color: #e5ecf1 !important;border-right-style: solid !important;border-top-color: #e5ecf1 !important;border-top-style: solid !important;border-bottom-color: #e5ecf1 !important;border-bottom-style: solid !important;border-radius: 1px !important;}&#8221;][vc_column width=&#8221;1\/4&#8243;][vc_empty_space height=&#8221;64px&#8221;][vc_single_image image=&#8221;81694&#8243; img_size=&#8221;full&#8221; alignment=&#8221;center&#8221;][vc_empty_space][\/vc_column][vc_column width=&#8221;3\/4&#8243;][vc_column_text]<\/p>\n<h4><strong>Dades de la instituci\u00f3<\/strong><\/h4>\n<p>Data\u00a0de\u00a0constituci\u00f3: <strong>16-09-1992<\/strong><\/p>\n<p>Fundador:\u00a0<strong>Naturgy<\/strong><\/p>\n<p>Dotaci\u00f3\u00a0Fundacional: <strong>1.502.530,26\u20ac<\/strong><\/p>\n<p>Protectorat:\u00a0<strong>Registre\u00a0n\u00fam. 204 \u2013\u00a0Ministeri\u00a0d\u2019Educaci\u00f3, Cultura\u00a0i Esport<\/strong><\/p>\n<p>Estatus\u00a0fiscal:\u00a0<strong>Llei\u00a049\/2002 de 23\u00a0desembre<\/strong><\/p>\n<p>Seu\u00a0social: <strong>Av. Am\u00e9rica \u2013 28028, Madrid<\/strong>[\/vc_column_text][\/vc_column][\/vc_row]<\/p>\n","protected":false},"excerpt":{"rendered":"<p>[vc_row][vc_column][\/vc_column][\/vc_row][vc_row][vc_column][vc_empty_space][\/vc_column][\/vc_row][vc_row][vc_column][vc_column_text] La missi\u00f3 [\/vc_column_text][vc_column_text] Formem i sensibilitzem a la societat en la millora de l\u2019efici\u00e8ncia energ\u00e8tica i la innovaci\u00f3 tecnol\u00f2gica en l\u2019\u00e0mbit de l\u2019energia. [\/vc_column_text][\/vc_column][\/vc_row][vc_row][vc_column][vc_column_text]La Fundaci\u00f3 Naturgy \u00e9s una instituci\u00f3<span class=\"more-link\"><a href=\"https:\/\/www.fundacionnaturgy.org\/ca\/qui-som\/\">Llegir m\u00e9s<\/a><\/span><\/p>\n","protected":false},"author":12,"featured_media":0,"parent":0,"menu_order":0,"comment_status":"closed","ping_status":"closed","template":"templates\/full-width.php","meta":{"inline_featured_image":false},"categories":[],"acf":[],"_links":{"self":[{"href":"https:\/\/www.fundacionnaturgy.org\/ca\/wp-json\/wp\/v2\/pages\/13365"}],"collection":[{"href":"https:\/\/www.fundacionnaturgy.org\/ca\/wp-json\/wp\/v2\/pages"}],"about":[{"href":"https:\/\/www.fundacionnaturgy.org\/ca\/wp-json\/wp\/v2\/types\/page"}],"author":[{"embeddable":true,"href":"https:\/\/www.fundacionnaturgy.org\/ca\/wp-json\/wp\/v2\/users\/12"}],"replies":[{"embeddable":true,"href":"https:\/\/www.fundacionnaturgy.org\/ca\/wp-json\/wp\/v2\/comments?post=13365"}],"version-history":[{"count":0,"href":"https:\/\/www.fundacionnaturgy.org\/ca\/wp-json\/wp\/v2\/pages\/13365\/revisions"}],"wp:attachment":[{"href":"https:\/\/www.fundacionnaturgy.org\/ca\/wp-json\/wp\/v2\/media?parent=13365"}],"wp:term":[{"taxonomy":"category","embeddable":true,"href":"https:\/\/www.fundacionnaturgy.org\/ca\/wp-json\/wp\/v2\/categories?post=13365"}],"curies":[{"name":"wp","href":"https:\/\/api.w.org\/{rel}","templated":true}]}}