{"id":17533,"date":"2015-11-29T17:50:19","date_gmt":"2015-11-29T16:50:19","guid":{"rendered":"https:\/\/www.fundacionnaturgy.org\/ca\/politica-de-cookies\/"},"modified":"2023-12-12T10:22:27","modified_gmt":"2023-12-12T09:22:27","slug":"politica-de-cookies","status":"publish","type":"page","link":"https:\/\/www.fundacionnaturgy.org\/ca\/politica-de-cookies\/","title":{"rendered":"Pol\u00edtica de galetes"},"content":{"rendered":"<p>[vc_row][vc_column][vc_column_text]<\/p>\n<h3><strong>Objete<\/strong><\/h3>\n<p>El lloc web https:\/\/www.fundacionnaturgy.org\/ (d\u2019ara endavant, el \u201clloc web\u201d) \u00e9s titularitat de Fundaci\u00f3 Naturgy (d\u2019ara endavant, \u201cNaturgy\u201d). Aquest lloc web utilitza una tecnologia denominada \u201cgaletes\u201d que permet recollir informaci\u00f3 sobre l\u2019\u00fas que en feu.<\/p>\n<p>Aquesta Pol\u00edtica de galetes t\u00e9 per objecte informar-vos de manera clara i precisa sobre les galetes que s\u2019utilitzen al nostre lloc web.<\/p>\n<h3><strong>Qu\u00e8\u00a0s\u00f3n\u00a0les\u00a0galetes?<\/strong><\/h3>\n<p>Les galetes s\u00f3n petits arxius que es descarreguen a l\u2019equip (ordinador, tel\u00e8fon m\u00f2bil o un altre dispositiu amb acc\u00e9s online) quan visiteu una determinada p\u00e0gina web, amb la finalitat d\u2019emmagatzemar informaci\u00f3 relacionada amb la navegaci\u00f3 que feu.<\/p>\n<p>En general, les galetes poden servir per a finalitats molt diverses com, per exemple, recon\u00e8ixer-vos com a usuari, obtenir informaci\u00f3 sobre els vostres h\u00e0bits de navegaci\u00f3 o personalitzar la forma en qu\u00e8 es mostra el contingut del lloc web.<\/p>\n<p>La instal\u00b7laci\u00f3 de galetes a l\u2019equip requereix el vostre consentiment previ, llevat de les galetes t\u00e8cniques, que estan exceptuades d\u2019aquesta obligaci\u00f3, ja que s\u00f3n necess\u00e0ries per al correcte funcionament i navegaci\u00f3 al nostre lloc web.<\/p>\n<h3><strong>Tipus\u00a0de galetes\u00a0i quines\u00a0utilitzem\u00a0al nostre\u00a0lloc\u00a0web<\/strong><\/h3>\n<p>Hi ha diferents tipus de galetes en funci\u00f3 de l\u2019entitat que les gestioni, de la finalitat a qu\u00e8 es destini la informaci\u00f3 obtinguda a trav\u00e9s d\u2019elles i del temps que romanguin activades a l\u2019equip.<\/p>\n<p>Al quadre que s\u2019adjunta a continuaci\u00f3 trobareu una descripci\u00f3 general dels diferents tipus de galetes que s\u2019utilitzen m\u00e9s freq\u00fcentment, si b\u00e9 el nostre lloc web pot no fer-les servir totes. Per aix\u00f2, sota del quadre us facilitarem informaci\u00f3 detallada de quines s\u00f3n les que nosaltres utilitzem i les seves caracter\u00edstiques concretes<\/p>\n<p>[\/vc_column_text][\/vc_column][\/vc_row][vc_row][vc_column][vc_table]CATEGORIA,TIPOUS%20DE%20COOKIE,DESCRIPCI%C3%93|Segons%20l%E2%80%99entitat%20que%20les%20gestioni,Cookies%20Propies,S%C3%B3n%20aquelles%20que%20s%E2%80%99envien%20a%20l%E2%80%99equip%20terminal%20de%20l%E2%80%99usuari%20des%20d%E2%80%99un%20equip%20o%20domini%20gestionat%20per%20Naturgy%20i%20des%20del%20qual%20es%20presta%20el%20servei%20sol%C2%B7licitat%20per%20l%E2%80%99usuari.|,Cookies%20de%20Tercer,S%C3%B3n%20aquelles%20que%20s%E2%80%99envien%20a%20l%E2%80%99equip%20terminal%20de%20l%E2%80%99usuari%20des%20d%E2%80%99un%20equip%20o%20domini%20que%20no%20%C3%A9s%20gestionat%20per%20Naturgy%2C%20sin%C3%B3%20per%20una%20altra%20entitat%20que%20tracta%20les%20dades%20obtingudes%20a%20trav%C3%A9s%20de%20les%20galete|,Cookies%20T%C3%A8cniques,S%C3%B3n%20aquelles%20que%20permeten%20a%20l%E2%80%99usuari%20navegar%20a%20trav%C3%A9s%20del%20lloc%20web%2C%20utilitzant%20les%20diferents%20opcions%20o%20serveis%20que%20hi%20ha.%20Per%20exemple%2C%20permeten%20controlar%20el%20tr%C3%A0nsit%20i%20la%20comunicaci%C3%B3%20de%20dades%2C%20identificar%20la%20sessi%C3%B3%2C%20recordar%20els%20elements%20que%20integren%20una%20comanda%2C%20fer%20la%20sol%C2%B7licitud%20d%E2%80%99inscripci%C3%B3%20o%20participaci%C3%B3%20en%20un%20esdeveniment%2C%20etc.%20Per%20instal%C2%B7lar%20aquest%20tipus%20de%20galetes%20no%20%C3%A9s%20necess%C3%A0ria%20l%E2%80%99obtenci%C3%B3%20del%20consentiment%20de%20l%E2%80%99usuari%2C%20ja%20que%20s%C3%B3n%20un%20tipus%20de%20galetes%20que%20estan%20exceptuades%20d%E2%80%99aquesta%20obligaci%C3%B3|Seg%C3%BAn%20su%20finalidad,Cookies%20de%20Personalitzaci%C3%B3,S%C3%B3n%20aquelles%20que%20permeten%20recordar%20informaci%C3%B3%20perqu%C3%A8%20l%E2%80%99usuari%20accedeixi%20al%20servei%20amb%20determinades%20caracter%C3%ADstiques%20que%20poden%20diferenciar%20la%20seva%20experi%C3%A8ncia%20de%20la%20d%E2%80%99altres%20usuaris%20com%2C%20per%20exemple%2C%20l%E2%80%99idioma%2C%20les%20seccions%20marcades%20com%20a%20favorites%2C%20l%E2%80%99aspecte%20o%20el%20contingut%20del%20servei%20en%20funci%C3%B3%20del%20tipus%20de%20navegador%20a%20trav%C3%A9s%20del%20qual%20l%E2%80%99usuari%20accedeix%20al%20servei%20o%20de%20la%20regi%C3%B3%20des%20de%20la%20qual%20accedeix%20al%20servei%2C%20etc.|,Cookies%20Anal%C3%ADtiques,S%C3%B3n%20aquelles%20que%20permeten%20mesurar%20l%E2%80%99activitat%20dels%20usuaris%20al%20lloc%20web%2C%20a%20fi%20d%E2%80%99introduir%20millores%20en%20funci%C3%B3%20de%20l%E2%80%99an%C3%A0lisi%20de%20les%20dades%20d%E2%80%99%C3%BAs%20que%20fan%20els%20usuaris%20del%20servei.%20Per%20exemple%2C%20permeten%20con%C3%A8ixer%20el%20nombre%20d%E2%80%99usuaris%20que%20visiten%20el%20lloc%20web%2C%20aix%C3%AD%20com%20les%20seccions%20m%C3%A9s%20visitades.|,Cookies%20de%20Publicitat%20Comportamental,S%C3%B3n%20aquelles%20que%20emmagatzemen%20informaci%C3%B3%20del%20comportament%20dels%20usuaris%20obtinguda%20a%20trav%C3%A9s%20de%20l%E2%80%99observaci%C3%B3%20continuada%20dels%20seus%20h%C3%A0bits%20de%20navegaci%C3%B3%2C%20la%20qual%20cosa%20permet%20oferir-los%20publicitat%20personalitzada%20en%20funci%C3%B3%20d%E2%80%99aquests%20h%C3%A0bits.|Seg%C3%BAn%20el%20tiempo%20que%20permanecen%20activadas,Cookies%20de%20Sessi%C3%B3,S%C3%B3n%20aquelles%20que%20estan%20dissenyades%20per%20recollir%20i%20emmagatzemar%20dades%20mentre%20l%E2%80%99usuari%20accedeix%20al%20lloc%20web.%20Se%20solen%20utilitzar%20per%20emmagatzemar%20informaci%C3%B3%20que%20nom%C3%A9s%20interessa%20conservar%20per%20a%20la%20prestaci%C3%B3%20del%20servei%20sol%C2%B7licitat%20per%20l%E2%80%99usuari%20en%20una%20%C3%BAnica%20ocasi%C3%B3%20i%20desapareixen%20quan%20acaba%20la%20sessi%C3%B3.|,Cookies%20Persistents,S%C3%B3n%20aquelles%20en%20qu%C3%A8%20les%20dades%20continuen%20emmagatzemades%20a%20l%E2%80%99equip%20i%20s%E2%80%99hi%20pot%20accedir%20i%20poden%20ser%20tractades%20durant%20un%20per%C3%ADode%20definit%20pel%20responsable%20de%20la%20galeta%2C%20que%20pot%20variar%20entre%20uns%20minuts%20i%20diversos%20anys.[\/vc_table][\/vc_column][\/vc_row][vc_row][vc_column][vc_column_text]<\/p>\n<h3><strong>Galetes\u00a0que\u00a0utilitzem en el nostre\u00a0lloc\u00a0web<\/strong><\/h3>\n<p>El nostre lloc web utilitza galetes t\u00e8cniques per a la instal\u00b7laci\u00f3 de les quals no cal obtenir el vostre consentiment.<\/p>\n<p>Aix\u00ed mateix, el nostre lloc web utilitza altres galetes que requereixen el vostre consentiment previ per poder ser instal\u00b7lades. La informaci\u00f3 que s\u2019obt\u00e9 a trav\u00e9s d\u2019aquestes galetes pot ser utilitzada tant per Naturgy com pel titular de les galetes. A continuaci\u00f3, podreu trobar la informaci\u00f3 relativa a les galetes esmentades:[\/vc_column_text][\/vc_column][\/vc_row][vc_row][vc_column][vc_raw_js]JTNDc2NyaXB0JTIwaWQlM0QlMjJDb29raWVEZWNsYXJhdGlvbiUyMiUyMHNyYyUzRCUyMmh0dHBzJTNBJTJGJTJGY29uc2VudC5jb29raWVib3QuY29tJTJGMjAzZjYyMTUtNGY0Ny00M2Y5LTgwZmEtODRjNTJjNTcxNWMwJTJGY2QuanMlMjIlMjB0eXBlJTNEJTIydGV4dCUyRmphdmFzY3JpcHQlMjIlMjBkYXRhLWN1bHR1cmUlM0QlMjJjYSUyMiUyMGFzeW5jJTNFJTNDJTJGc2NyaXB0JTNF[\/vc_raw_js][\/vc_column][\/vc_row][vc_row][vc_column][vc_column_text]<\/p>\n<h3><strong>Maneres\u00a0d&#8217;atorgar, denegar\u00a0o revocar\u00a0el consentiment\u00a0per\u00a0a l&#8217;\u00fas\u00a0de galetes<\/strong><\/h3>\n<p>Podeu atorgar o denegar el vostre consentiment per a la utilitzaci\u00f3 de les galetes abans descrites a trav\u00e9s del panell de configuraci\u00f3 de galetes.<\/p>\n<p>Una vegada atorgat el vostre consentiment a les galetes de tercers a trav\u00e9s del panell de configuraci\u00f3 de galetes, si posteriorment voleu eliminar-les, ho haureu de fer mitjan\u00e7ant les eines proporcionades pel navegador o, si escau, a trav\u00e9s del sistema ofert pel titular de les galetes.<\/p>\n<p>Aix\u00ed mateix, us informem que podeu bloquejar, deshabilitar o eliminar les galetes en qualsevol moment modificant la configuraci\u00f3 del navegador.<\/p>\n<p>Per a m\u00e9s informaci\u00f3, us recomanem que consulteu l\u2019ajuda del navegador sobre com gestionar les galetes. A continuaci\u00f3 us facilitem els enlla\u00e7os a la informaci\u00f3 sobre com gestionar l\u2019\u00fas de galetes dels navegadors utilitzats m\u00e9s comunament:<\/p>\n<ul>\n<li><strong>Internet Explorer<\/strong>:\u00a0<a href=\"https:\/\/support.microsoft.com\/es-es\/help\/17442\/windows-internet-explorer-delete-manage-cookies\">https:\/\/support.microsoft.com\/es-es\/help\/17442\/windows-internet-explorer-delete-manage-cookies<\/a><\/li>\n<\/ul>\n<ul>\n<li><strong>Microsoft Edge:\u00a0<\/strong><a href=\"https:\/\/support.microsoft.com\/es-es\/help\/4027947\/microsoft-edge-delete-cookies\">https:\/\/support.microsoft.com\/es-es\/help\/4027947\/microsoft-edge-delete-cookies<\/a><\/li>\n<\/ul>\n<ul>\n<li><strong>Google Chrome<\/strong>:\u00a0<a href=\"https:\/\/support.google.com\/chrome\/answer\/95647?hl=es\">https:\/\/support.google.com\/chrome\/answer\/95647?hl=es<\/a><\/li>\n<\/ul>\n<ul>\n<li><strong>Firefox<\/strong>:\u00a0<a href=\"https:\/\/support.mozilla.org\/es\/products\/firefox\/protect-your-privacy\/cookies\">https:\/\/support.mozilla.org\/es\/products\/firefox\/protect-your-privacy\/cookies<\/a><\/li>\n<\/ul>\n<ul>\n<li><strong>Safari<\/strong>:\u00a0<a href=\"https:\/\/support.apple.com\/es-es\/guide\/safari\/sfri11471\/mac\">https:\/\/support.apple.com\/es-es\/guide\/safari\/sfri11471\/mac<\/a><\/li>\n<\/ul>\n<ul>\n<li><strong>Opera 19<\/strong>:\u00a0<a href=\"http:\/\/help.opera.com\/Windows\/11.50\/es-ES\/cookies.html\">http:\/\/help.opera.com\/Windows\/11.50\/es-ES\/cookies.html<\/a><\/li>\n<\/ul>\n<h3><strong>Transfer\u00e8ncies\u00a0de dades\u00a0a tercers\u00a0pa\u00efsos<\/strong><\/h3>\n<p>Respecte de les dades obtingudes a trav\u00e9s de galetes pr\u00f2pies, aquestes s\u00f3n tractades dins de l\u2019Espai Econ\u00f2mic Europeu o en pa\u00efsos que han estat declarats amb un nivell adequat de protecci\u00f3.<\/p>\n<p>Quant a les galetes de tercers, us podeu informar de les transfer\u00e8ncies a tercers pa\u00efsos que, si escau, realitzen els tercers identificats en aquesta Pol\u00edtica de galetes, a trav\u00e9s dels enlla\u00e7os facilitats abans a l\u2019apartat \u201cObservacions\u201d del quadre en el qual descrivim les galetes que s\u2019utilitzen en aquest lloc web.<\/p>\n<h3><strong>M\u00e9s\u00a0informaci\u00f3\u00a0sobre\u00a0protecci\u00f3\u00a0de dades\u00a0de car\u00e0cter\u00a0personal<\/strong><\/h3>\n<p>Us recomanem que consulteu la nostra Pol\u00edtica de privacitat per obtenir m\u00e9s informaci\u00f3 sobre el tractament de dades que realitzem, aix\u00ed com la forma d\u2019exercir els vostres drets i reclamacions davant del delegat de protecci\u00f3 de dades de Naturgy i\/o l\u2019autoritat de control corresponent.<\/p>\n<p>VII. CANVIS EN AQUESTA POL\u00cdTICA DE GALETES<\/p>\n<p>\u00c9s possible que actualitzem la Pol\u00edtica de galetes del nostre lloc web. Per aix\u00f2, us recomanem que reviseu peri\u00f2dicament aquesta Pol\u00edtica per estar convenientment informat sobre l\u2019\u00fas que fem de les galetes.[\/vc_column_text][\/vc_column][\/vc_row]<\/p>\n","protected":false},"excerpt":{"rendered":"<p>[vc_row][vc_column][vc_column_text] Objete El lloc web https:\/\/www.fundacionnaturgy.org\/ (d\u2019ara endavant, el \u201clloc web\u201d) \u00e9s titularitat de Fundaci\u00f3 Naturgy (d\u2019ara endavant, \u201cNaturgy\u201d). Aquest lloc web utilitza una tecnologia denominada \u201cgaletes\u201d que permet recollir<span class=\"more-link\"><a href=\"https:\/\/www.fundacionnaturgy.org\/ca\/politica-de-cookies\/\">Llegir m\u00e9s<\/a><\/span><\/p>\n","protected":false},"author":12,"featured_media":0,"parent":0,"menu_order":0,"comment_status":"closed","ping_status":"closed","template":"templates\/full-width.php","meta":{"inline_featured_image":false},"categories":[],"acf":[],"_links":{"self":[{"href":"https:\/\/www.fundacionnaturgy.org\/ca\/wp-json\/wp\/v2\/pages\/17533"}],"collection":[{"href":"https:\/\/www.fundacionnaturgy.org\/ca\/wp-json\/wp\/v2\/pages"}],"about":[{"href":"https:\/\/www.fundacionnaturgy.org\/ca\/wp-json\/wp\/v2\/types\/page"}],"author":[{"embeddable":true,"href":"https:\/\/www.fundacionnaturgy.org\/ca\/wp-json\/wp\/v2\/users\/12"}],"replies":[{"embeddable":true,"href":"https:\/\/www.fundacionnaturgy.org\/ca\/wp-json\/wp\/v2\/comments?post=17533"}],"version-history":[{"count":1,"href":"https:\/\/www.fundacionnaturgy.org\/ca\/wp-json\/wp\/v2\/pages\/17533\/revisions"}],"predecessor-version":[{"id":87759,"href":"https:\/\/www.fundacionnaturgy.org\/ca\/wp-json\/wp\/v2\/pages\/17533\/revisions\/87759"}],"wp:attachment":[{"href":"https:\/\/www.fundacionnaturgy.org\/ca\/wp-json\/wp\/v2\/media?parent=17533"}],"wp:term":[{"taxonomy":"category","embeddable":true,"href":"https:\/\/www.fundacionnaturgy.org\/ca\/wp-json\/wp\/v2\/categories?post=17533"}],"curies":[{"name":"wp","href":"https:\/\/api.w.org\/{rel}","templated":true}]}}