{"id":17534,"date":"2016-06-08T10:37:35","date_gmt":"2016-06-08T08:37:35","guid":{"rendered":"https:\/\/www.fundacionnaturgy.org\/ca\/benvinguts\/eficiencia-energetica\/"},"modified":"2019-06-11T17:54:25","modified_gmt":"2019-06-11T15:54:25","slug":"eficiencia-energetica","status":"publish","type":"page","link":"https:\/\/www.fundacionnaturgy.org\/ca\/energia-i-medi-ambient-2\/eficiencia-energetica\/","title":{"rendered":"Efici\u00e8ncia energ\u00e8tica"},"content":{"rendered":"<p>[vc_row][vc_column][vc_single_image image=&#8221;12937&#8243; img_size=&#8221;full&#8221;]<div class=\"gnf-texto-destacado\" style=\"background-color:#edf0f1;border-color:#004165;\"><h4 style=\"color:#004165\">El nostre comprom\u00eds amb l'efici\u00e8ncia energ\u00e8tica<\/h4>L\u2019efici\u00e8ncia energ\u00e8tica \u00e9s una eina b\u00e0sica de qualitat ambiental. Per aix\u00f2, la Fundaci\u00f3 Naturgy\u00a0orienta les seves activitats a la<strong>promoci\u00f3 de la informaci\u00f3, la formaci\u00f3 i la sensibilitzaci\u00f3<\/strong>\u00a0de la societat en la millora de l\u2019efici\u00e8ncia energ\u00e8tica i la innovaci\u00f3 tecnol\u00f2gica en l\u2019\u00e0mbit de l\u2019energia, de manera coherent amb el\u00a0<strong>respecte i la protecci\u00f3 del medi ambient<\/strong>.<\/div>[vc_empty_space][vc_row_inner][vc_column_inner width=&#8221;1\/3&#8243;]<div class=\"gnf-destacado-icono small-text-center medium-text-left row collapse\"><div class=\"gnf-destacado-icono__icono large-4 columns small-text-center medium-text-left \"><div class=\"icon-outer icon-style-default\" style=\"background-color:\"><span class=\"ico_mundo\"><\/span><\/div><\/div><div class=\"gnf-destacado-icono__texto large-8 columns\"><h4>Qu\u00e8?<\/h4>\u00c9s l&#8217;art d&#8217;aconseguir molts efectes amb pocs recursos.<\/div><\/div>[\/vc_column_inner][vc_column_inner width=&#8221;1\/3&#8243;]<div class=\"gnf-destacado-icono small-text-center medium-text-left row collapse\"><div class=\"gnf-destacado-icono__icono large-4 columns small-text-center medium-text-left \"><div class=\"icon-outer icon-style-default\" style=\"background-color:\"><span class=\"ico_monedas3\"><\/span><\/div><\/div><div class=\"gnf-destacado-icono__texto large-8 columns\"><h4>Com?<\/h4>Amb tecnologia avan\u00e7ada i amb sentit com\u00fa.<\/div><\/div>[\/vc_column_inner][vc_column_inner width=&#8221;1\/3&#8243;]<div class=\"gnf-destacado-icono small-text-center medium-text-left row collapse\"><div class=\"gnf-destacado-icono__icono large-4 columns small-text-center medium-text-left \"><div class=\"icon-outer icon-style-default\" style=\"background-color:\"><span class=\"ico_sostenible\"><\/span><\/div><\/div><div class=\"gnf-destacado-icono__texto large-8 columns\"><h4>\u00bfPer a qu\u00e8?<\/h4>Per aconseguir un m\u00f3n m\u00e9s sostenible a curt i llarg termini.<\/div><\/div>[\/vc_column_inner][\/vc_row_inner][\/vc_column][\/vc_row][vc_row][vc_column][vc_empty_space height=&#8221;64px&#8221;][vc_text_separator title=&#8221;11\u00e8 \u00cdndex d&#8217;Efici\u00e8ncia Energ\u00e8tica Llar&#8221; title_align=&#8221;separator_align_left&#8221; border_width=&#8221;3&#8243;][vc_empty_space height=&#8221;16px&#8221;][vc_column_text]La Fundaci\u00f3 Naturgy mant\u00e9 des de fa anys un ferm comprom\u00eds amb <strong>l&#8217;efici\u00e8ncia energ\u00e8tica<\/strong>. Aquest posicionament de la instituci\u00f3 s&#8217;ha tradu\u00eft en l&#8217;organitzaci\u00f3 i participaci\u00f3 de m\u00faltiples activitats dirigides a promoure l&#8217;efici\u00e8ncia energ\u00e8tica entre la ciutadania. Algunes d&#8217;aquestes activitats s\u00f3n els <strong>estudis d&#8217;efici\u00e8ncia<\/strong> que duem a terme de forma peri\u00f2dica per comprovar la capacitat de millora energ\u00e8tica <strong>a les llars i pimes espanyoles<\/strong>.[\/vc_column_text][\/vc_column][\/vc_row][vc_row full_width=&#8221;stretch_row&#8221;][vc_column width=&#8221;1\/3&#8243;][vc_column_text]<\/p>\n<h4>\u201cLes llars espanyoles tenen un potencial d\u2019estalvi del 27%, que podria aconseguir-se millorant\u00a0els h\u00e0bits i l\u2019equipament de les llars\u201d<\/h4>\n<p>[\/vc_column_text][\/vc_column][vc_column width=&#8221;1\/3&#8243;]<div class=\"gnf-destacado-icono small-text-center medium-text-left row collapse\"><div class=\"gnf-destacado-icono__icono large-4 columns small-text-center medium-text-left \"><div class=\"icon-outer icon-style-default\" style=\"background-color:\"><span class=\"fa fa-file-pdf-o\"><\/span><\/div><\/div><div class=\"gnf-destacado-icono__texto large-8 columns\"><h4><a href=\"http:\/\/www.fundacionnaturgy.org\/wp-content\/uploads\/2018\/12\/indice-eficiencia-energetica-hogar-2018.pdf\" title=\"\" target=\"_blank\">11\u00e8 \u00cdndex d'Efici\u00e8ncia Energ\u00e8tica Llar (2018)<\/a><\/h4>Baixar<\/div><\/div>[\/vc_column][vc_column width=&#8221;1\/3&#8243;]<div class=\"gnf-destacado-icono small-text-center medium-text-left row collapse\"><div class=\"gnf-destacado-icono__icono large-4 columns small-text-center medium-text-left \"><div class=\"icon-outer icon-style-default\" style=\"background-color:\"><span class=\"fa fa-bookmark-o\"><\/span><\/div><\/div><div class=\"gnf-destacado-icono__texto large-8 columns\"><h4><a href=\"http:\/\/prensa.naturgy.com\/indice-eficiencia-energetica-hogar-2018\/\" title=\"\" target=\"_blank\">Resultats per Comunitats Aut\u00f2nomes<\/a><\/h4>Consulta&#8217;ls\u00a0a\u00a0Premsa de Naturgy<\/div><\/div>[\/vc_column][\/vc_row][vc_row][vc_column][vc_empty_space][\/vc_column][\/vc_row][vc_row][vc_column][vc_single_image image=&#8221;63853&#8243; img_size=&#8221;full&#8221;][\/vc_column][\/vc_row][vc_row][vc_column][vc_empty_space][vc_text_separator title=&#8221;Hist\u00f2ric d&#8217;\u00cdndexs d&#8217;Efici\u00e8ncia Energ\u00e8tica&#8221; title_align=&#8221;separator_align_left&#8221; border_width=&#8221;3&#8243;][vc_empty_space height=&#8221;16px&#8221;][vc_row_inner][vc_column_inner width=&#8221;1\/4&#8243;][vc_column_text]<\/p>\n<h2>A les\u00a0pimes<\/h2>\n<p>[\/vc_column_text]<div class=\"gnf-lista-iconos\"><ul class=\"gnf-lista\"><li><div class=\"gnf-lista-iconos__icono left \"><div class=\"icon-outer icon-style-\" style=\"background-color:\"><span class=\"fa fa-file-pdf-o\"><\/span><\/div><\/div><div class=\"gnf-lista-iconos__texto left\"><h5><a href=\"http:\/\/www.fundacionnaturgy.org\/wp-content\/uploads\/2017\/06\/Presentaci%C3%B3n-IEEP-Resultados-Nacionales-2017.pdf\" title=\"\" target=\"_blank\">2017<\/a><\/h5><\/div><\/li><li><div class=\"gnf-lista-iconos__icono left \"><div class=\"icon-outer icon-style-\" style=\"background-color:\"><span class=\"fa fa-file-pdf-o\"><\/span><\/div><\/div><div class=\"gnf-lista-iconos__texto left\"><h5><a href=\"\/wp-content\/uploads\/2016\/06\/IEEPResultadosNacionalesyCatalunya.pdf\" title=\"\" target=\"_blank\">2015<\/a><\/h5><\/div><\/li><li><div class=\"gnf-lista-iconos__icono left \"><div class=\"icon-outer icon-style-\" style=\"background-color:\"><span class=\"fa fa-file-pdf-o\"><\/span><\/div><\/div><div class=\"gnf-lista-iconos__texto left\"><h5><a href=\"\/wp-content\/uploads\/2016\/06\/IPEE-Resultados-Nacionales-2013.pdf\" title=\"\" target=\"_blank\">2013<\/a><\/h5><\/div><\/li><li><div class=\"gnf-lista-iconos__icono left \"><div class=\"icon-outer icon-style-\" style=\"background-color:\"><span class=\"fa fa-file-pdf-o\"><\/span><\/div><\/div><div class=\"gnf-lista-iconos__texto left\"><h5><a href=\"\/wp-content\/uploads\/2016\/06\/Presentaci\u0432n-resultados-IPPE-2012.pdf\" title=\"\" target=\"_blank\">2012<\/a><\/h5><\/div><\/li><li><div class=\"gnf-lista-iconos__icono left \"><div class=\"icon-outer icon-style-\" style=\"background-color:\"><span class=\"fa fa-file-pdf-o\"><\/span><\/div><\/div><div class=\"gnf-lista-iconos__texto left\"><h5><a href=\"\/wp-content\/uploads\/2016\/06\/EIEE_2009_GNF.pdf\" title=\"\" target=\"_blank\">2009<\/a><\/h5><\/div><\/li><\/ul><\/div>[\/vc_column_inner][vc_column_inner width=&#8221;1\/4&#8243;][vc_empty_space height=&#8221;64px&#8221;]<div class=\"gnf-lista-iconos\"><ul class=\"gnf-lista\"><li><div class=\"gnf-lista-iconos__icono left \"><div class=\"icon-outer icon-style-\" style=\"background-color:\"><span class=\"fa fa-file-pdf-o\"><\/span><\/div><\/div><div class=\"gnf-lista-iconos__texto left\"><h5><a href=\"\/wp-content\/uploads\/2016\/06\/EIEE_2008_GNF.pdf\" title=\"\" target=\"_blank\">2008<\/a><\/h5><\/div><\/li><li><div class=\"gnf-lista-iconos__icono left \"><div class=\"icon-outer icon-style-\" style=\"background-color:\"><span class=\"fa fa-file-pdf-o\"><\/span><\/div><\/div><div class=\"gnf-lista-iconos__texto left\"><h5><a href=\"\/wp-content\/uploads\/2016\/06\/EIEE_2007_GNF.pdf\" title=\"\" target=\"_blank\">2007<\/a><\/h5><\/div><\/li><li><div class=\"gnf-lista-iconos__icono left \"><div class=\"icon-outer icon-style-\" style=\"background-color:\"><span class=\"fa fa-file-pdf-o\"><\/span><\/div><\/div><div class=\"gnf-lista-iconos__texto left\"><h5><a href=\"\/wp-content\/uploads\/2016\/06\/EIEE_2006_GNF.pdf\" title=\"\" target=\"_blank\">2006<\/a><\/h5><\/div><\/li><li><div class=\"gnf-lista-iconos__icono left \"><div class=\"icon-outer icon-style-\" style=\"background-color:\"><span class=\"fa fa-file-pdf-o\"><\/span><\/div><\/div><div class=\"gnf-lista-iconos__texto left\"><h5><a href=\"http:\/\/www.fundacionnaturgy.org\/wp-content\/uploads\/2016\/06\/EIEE_2005_GNF.pdf\" title=\"\" target=\"_blank\">2005<\/a><\/h5><\/div><\/li><\/ul><\/div>[\/vc_column_inner][vc_column_inner width=&#8221;1\/4&#8243;][vc_column_text]<\/p>\n<h2>A la llar<\/h2>\n<p>[\/vc_column_text]<div class=\"gnf-lista-iconos\"><ul class=\"gnf-lista\"><li><div class=\"gnf-lista-iconos__icono left \"><div class=\"icon-outer icon-style-\" style=\"background-color:\"><span class=\"fa fa-file-pdf-o\"><\/span><\/div><\/div><div class=\"gnf-lista-iconos__texto left\"><h5><a href=\"http:\/\/www.prensa.gasnaturalfenosa.com\/wp-content\/uploads\/2016\/06\/Presentacion-IEEH.pdf\" title=\"\" target=\"_blank\">2016<\/a><\/h5><\/div><\/li><li><div class=\"gnf-lista-iconos__icono left \"><div class=\"icon-outer icon-style-\" style=\"background-color:\"><span class=\"fa fa-file-pdf-o\"><\/span><\/div><\/div><div class=\"gnf-lista-iconos__texto left\"><h5><a href=\"\/wp-content\/uploads\/2016\/06\/IEEH-2013.pdf\" title=\"\" target=\"_blank\">2014<\/a><\/h5><\/div><\/li><li><div class=\"gnf-lista-iconos__icono left \"><div class=\"icon-outer icon-style-\" style=\"background-color:\"><span class=\"fa fa-file-pdf-o\"><\/span><\/div><\/div><div class=\"gnf-lista-iconos__texto left\"><h5><a href=\"\/wp-content\/uploads\/2016\/06\/IEEH-2012.pdf\" title=\"\" target=\"_blank\">2013<\/a><\/h5><\/div><\/li><li><div class=\"gnf-lista-iconos__icono left \"><div class=\"icon-outer icon-style-\" style=\"background-color:\"><span class=\"fa fa-file-pdf-o\"><\/span><\/div><\/div><div class=\"gnf-lista-iconos__texto left\"><h5><a href=\"\/wp-content\/uploads\/2016\/06\/IEEH-2011.pdf\" title=\"\" target=\"_blank\">2012<\/a><\/h5><\/div><\/li><\/ul><\/div>[\/vc_column_inner][vc_column_inner width=&#8221;1\/4&#8243;][vc_empty_space height=&#8221;64px&#8221;]<div class=\"gnf-lista-iconos\"><ul class=\"gnf-lista\"><li><div class=\"gnf-lista-iconos__icono left \"><div class=\"icon-outer icon-style-\" style=\"background-color:\"><span class=\"fa fa-file-pdf-o\"><\/span><\/div><\/div><div class=\"gnf-lista-iconos__texto left\"><h5><a href=\"\/wp-content\/uploads\/2016\/06\/IEEH-2010.pdf\" title=\"\" target=\"_blank\">2011<\/a><\/h5><\/div><\/li><li><div class=\"gnf-lista-iconos__icono left \"><div class=\"icon-outer icon-style-\" style=\"background-color:\"><span class=\"fa fa-file-pdf-o\"><\/span><\/div><\/div><div class=\"gnf-lista-iconos__texto left\"><h5><a href=\"\/wp-content\/uploads\/2016\/06\/IEEH-2009.pdf\" title=\"\" target=\"_blank\">2010<\/a><\/h5><\/div><\/li><\/ul><\/div>[\/vc_column_inner][\/vc_row_inner][\/vc_column][\/vc_row]<\/p>\n","protected":false},"excerpt":{"rendered":"<p>[vc_row][vc_column][vc_single_image image=&#8221;12937&#8243; img_size=&#8221;full&#8221;][vc_empty_space][vc_row_inner][vc_column_inner width=&#8221;1\/3&#8243;][\/vc_column_inner][vc_column_inner width=&#8221;1\/3&#8243;][\/vc_column_inner][vc_column_inner width=&#8221;1\/3&#8243;][\/vc_column_inner][\/vc_row_inner][\/vc_column][\/vc_row][vc_row][vc_column][vc_empty_space height=&#8221;64px&#8221;][vc_text_separator title=&#8221;11\u00e8 \u00cdndex d&#8217;Efici\u00e8ncia Energ\u00e8tica Llar&#8221; title_align=&#8221;separator_align_left&#8221; border_width=&#8221;3&#8243;][vc_empty_space height=&#8221;16px&#8221;][vc_column_text]La Fundaci\u00f3 Naturgy mant\u00e9 des de fa anys un ferm comprom\u00eds amb l&#8217;efici\u00e8ncia energ\u00e8tica. Aquest posicionament<span class=\"more-link\"><a href=\"https:\/\/www.fundacionnaturgy.org\/ca\/energia-i-medi-ambient-2\/eficiencia-energetica\/\">Llegir m\u00e9s<\/a><\/span><\/p>\n","protected":false},"author":11,"featured_media":0,"parent":45306,"menu_order":0,"comment_status":"closed","ping_status":"closed","template":"templates\/full-width.php","meta":{"inline_featured_image":false},"categories":[],"acf":[],"_links":{"self":[{"href":"https:\/\/www.fundacionnaturgy.org\/ca\/wp-json\/wp\/v2\/pages\/17534"}],"collection":[{"href":"https:\/\/www.fundacionnaturgy.org\/ca\/wp-json\/wp\/v2\/pages"}],"about":[{"href":"https:\/\/www.fundacionnaturgy.org\/ca\/wp-json\/wp\/v2\/types\/page"}],"author":[{"embeddable":true,"href":"https:\/\/www.fundacionnaturgy.org\/ca\/wp-json\/wp\/v2\/users\/11"}],"replies":[{"embeddable":true,"href":"https:\/\/www.fundacionnaturgy.org\/ca\/wp-json\/wp\/v2\/comments?post=17534"}],"version-history":[{"count":0,"href":"https:\/\/www.fundacionnaturgy.org\/ca\/wp-json\/wp\/v2\/pages\/17534\/revisions"}],"up":[{"embeddable":true,"href":"https:\/\/www.fundacionnaturgy.org\/ca\/wp-json\/wp\/v2\/pages\/45306"}],"wp:attachment":[{"href":"https:\/\/www.fundacionnaturgy.org\/ca\/wp-json\/wp\/v2\/media?parent=17534"}],"wp:term":[{"taxonomy":"category","embeddable":true,"href":"https:\/\/www.fundacionnaturgy.org\/ca\/wp-json\/wp\/v2\/categories?post=17534"}],"curies":[{"name":"wp","href":"https:\/\/api.w.org\/{rel}","templated":true}]}}