{"id":18557,"date":"2016-07-25T12:09:53","date_gmt":"2016-07-25T10:09:53","guid":{"rendered":"https:\/\/www.fundacionnaturgy.org\/ca\/programa-internacional\/"},"modified":"2022-09-16T13:13:56","modified_gmt":"2022-09-16T11:13:56","slug":"programa-internacional","status":"publish","type":"page","link":"https:\/\/www.fundacionnaturgy.org\/ca\/programa-internacional\/","title":{"rendered":"Acci\u00f3 social internacional"},"content":{"rendered":"<p>[vc_row][vc_column][vc_column_text]<\/p>\n<h2><strong>Activitat internacional<\/strong><\/h2>\n<p>[\/vc_column_text][vc_column_text]La pres\u00e8ncia de Naturgy\u00a0a <strong>Europa, l\u2019Am\u00e8rica Llatina i \u00c0frica <\/strong>ha propiciat que la Fundaci\u00f3 tingu\u00e9s ja des dels seus inicis una oberta vocaci\u00f3 internacional amb programes i activitats, tant en l\u2019<strong>\u00e0mbit<\/strong><strong> social <\/strong>com en el de la <strong>sensibilitzaci\u00f3 en mat\u00e8ria d\u2019energia i medi ambient<\/strong>, que r<strong>espeten<\/strong><strong> sempre la personalitat <\/strong>i les necessitats de cadascun dels pa\u00efsos on treballa.<\/p>\n<p>Les accions de la Fundaci\u00f3 compleixen simult\u00e0niament tres caracter\u00edstiques: s\u00f3n\u00a0coherents\u00a0amb les seves l\u00ednies d\u2019actuaci\u00f3, reflecteixen l\u2019evoluci\u00f3 de les societats locals<em>\u00a0<\/em>i representen una\u00a0aportaci\u00f3 positiva a la din\u00e0mica ciutadana\u00a0del pa\u00eds on es desenvolupen.\u00a0L\u2019intercanvi de coneixements i d\u2019experi\u00e8ncies entre els diferents programes de la Fundaci\u00f3 \u00e9s un altre element d\u2019enriquiment global de l\u2019activitat desenvolupada.[\/vc_column_text][\/vc_column][\/vc_row][vc_row][vc_column width=&#8221;1\/3&#8243;]<div class=\"gnf-destacado-img\"><a href=\"http:\/\/www.fundacionnaturgy.org\/ca\/programa-internacional\/argentina\/\" title=\"\" target=\"_self\"><figure class=\"gnf-destacado-img__imagen\"><img width=\"720\" height=\"500\" src=\"https:\/\/www.fundacionnaturgy.org\/wp-content\/uploads\/2016\/07\/mapas_argentina-1.png\" class=\"attachment-full size-full\" alt=\"\" loading=\"lazy\" srcset=\"https:\/\/www.fundacionnaturgy.org\/wp-content\/uploads\/2016\/07\/mapas_argentina-1.png 720w, https:\/\/www.fundacionnaturgy.org\/wp-content\/uploads\/2016\/07\/mapas_argentina-1-600x417.png 600w, https:\/\/www.fundacionnaturgy.org\/wp-content\/uploads\/2016\/07\/mapas_argentina-1-300x208.png 300w, https:\/\/www.fundacionnaturgy.org\/wp-content\/uploads\/2016\/07\/mapas_argentina-1-202x140.png 202w\" sizes=\"(max-width: 720px) 100vw, 720px\" \/><figcaption class=\"link bottom\" style=\"background: rgba(255,255,255,0.9);\"><h4 class=\"left\">Argentina<\/h4><\/figcaption><\/figure><\/a><div class=\"gnf-destacado-img__texto small-only-text-center\"><\/div><\/div>[\/vc_column][vc_column width=&#8221;1\/3&#8243;]<div class=\"gnf-destacado-img\"><a href=\"http:\/\/www.fundacionnaturgy.org\/ca\/programa-internacional\/brasil\/\" title=\"\" target=\"_self\"><figure class=\"gnf-destacado-img__imagen\"><img width=\"720\" height=\"500\" src=\"https:\/\/www.fundacionnaturgy.org\/wp-content\/uploads\/2016\/07\/mapas_brasil-1.png\" class=\"attachment-full size-full\" alt=\"\" loading=\"lazy\" srcset=\"https:\/\/www.fundacionnaturgy.org\/wp-content\/uploads\/2016\/07\/mapas_brasil-1.png 720w, https:\/\/www.fundacionnaturgy.org\/wp-content\/uploads\/2016\/07\/mapas_brasil-1-600x417.png 600w, https:\/\/www.fundacionnaturgy.org\/wp-content\/uploads\/2016\/07\/mapas_brasil-1-300x208.png 300w, https:\/\/www.fundacionnaturgy.org\/wp-content\/uploads\/2016\/07\/mapas_brasil-1-202x140.png 202w\" sizes=\"(max-width: 720px) 100vw, 720px\" \/><figcaption class=\"link bottom\" style=\"background: rgba(255,255,255,0.9);\"><h4 class=\"left\">Brasil<\/h4><\/figcaption><\/figure><\/a><div class=\"gnf-destacado-img__texto small-only-text-center\"><\/div><\/div>[\/vc_column][vc_column width=&#8221;1\/3&#8243;]<div class=\"gnf-destacado-img\"><a href=\"http:\/\/www.fundacionnaturgy.org\/ca\/programa-internacional\/marroc\/\" title=\"\" target=\"_self\"><figure class=\"gnf-destacado-img__imagen\"><img width=\"720\" height=\"500\" src=\"https:\/\/www.fundacionnaturgy.org\/wp-content\/uploads\/2016\/07\/mapas_marruecos-1.png\" class=\"attachment-full size-full\" alt=\"\" loading=\"lazy\" srcset=\"https:\/\/www.fundacionnaturgy.org\/wp-content\/uploads\/2016\/07\/mapas_marruecos-1.png 720w, https:\/\/www.fundacionnaturgy.org\/wp-content\/uploads\/2016\/07\/mapas_marruecos-1-300x208.png 300w, https:\/\/www.fundacionnaturgy.org\/wp-content\/uploads\/2016\/07\/mapas_marruecos-1-202x140.png 202w\" sizes=\"(max-width: 720px) 100vw, 720px\" \/><figcaption class=\"link bottom\" style=\"background: rgba(255,255,255,0.9);\"><h4 class=\"left\">Marroc<\/h4><\/figcaption><\/figure><\/a><div class=\"gnf-destacado-img__texto small-only-text-center\"><\/div><\/div>[\/vc_column][\/vc_row][vc_row][vc_column width=&#8221;1\/3&#8243;]<div class=\"gnf-destacado-img\"><a href=\"https:\/\/www.fundacionnaturgy.org\/ca\/programa-internacional\/mexic\/\" title=\"\" target=\"_self\"><figure class=\"gnf-destacado-img__imagen\"><img width=\"720\" height=\"500\" src=\"https:\/\/www.fundacionnaturgy.org\/wp-content\/uploads\/2016\/07\/mapas_mexico-1.png\" class=\"attachment-full size-full\" alt=\"\" loading=\"lazy\" srcset=\"https:\/\/www.fundacionnaturgy.org\/wp-content\/uploads\/2016\/07\/mapas_mexico-1.png 720w, https:\/\/www.fundacionnaturgy.org\/wp-content\/uploads\/2016\/07\/mapas_mexico-1-300x208.png 300w, https:\/\/www.fundacionnaturgy.org\/wp-content\/uploads\/2016\/07\/mapas_mexico-1-202x140.png 202w\" sizes=\"(max-width: 720px) 100vw, 720px\" \/><figcaption class=\"link bottom\" style=\"background: rgba(255,255,255,0.9);\"><h4 class=\"left\">M\u00e8xic<\/h4><\/figcaption><\/figure><\/a><div class=\"gnf-destacado-img__texto small-only-text-center\"><\/div><\/div>[\/vc_column][vc_column width=&#8221;1\/3&#8243;]<div class=\"gnf-destacado-img\"><a href=\"https:\/\/www.fundacionnaturgy.org\/ca\/programa-internacional\/panama\/\" title=\"\" target=\"_self\"><figure class=\"gnf-destacado-img__imagen\"><img width=\"720\" height=\"500\" src=\"https:\/\/www.fundacionnaturgy.org\/wp-content\/uploads\/2019\/05\/mapas_panama.png\" class=\"attachment-full size-full\" alt=\"Actividad internacional en Panam\u00e1\" loading=\"lazy\" srcset=\"https:\/\/www.fundacionnaturgy.org\/wp-content\/uploads\/2019\/05\/mapas_panama.png 720w, https:\/\/www.fundacionnaturgy.org\/wp-content\/uploads\/2019\/05\/mapas_panama-300x208.png 300w, https:\/\/www.fundacionnaturgy.org\/wp-content\/uploads\/2019\/05\/mapas_panama-202x140.png 202w\" sizes=\"(max-width: 720px) 100vw, 720px\" \/><figcaption class=\"link bottom\" style=\"background: rgba(255,255,255,0.9);\"><h4 class=\"left\">Panam\u00e0<\/h4><\/figcaption><\/figure><\/a><div class=\"gnf-destacado-img__texto small-only-text-center\"><\/div><\/div>[\/vc_column][vc_column width=&#8221;1\/3&#8243;]<div class=\"gnf-destacado-img\"><a href=\"http:\/\/www.fundacionnaturgy.org\/ca\/programa-internacional\/xile\/\" title=\"\" target=\"_self\"><figure class=\"gnf-destacado-img__imagen\"><img width=\"720\" height=\"500\" src=\"https:\/\/www.fundacionnaturgy.org\/wp-content\/uploads\/2019\/05\/mapas_chile.png\" class=\"attachment-full size-full\" alt=\"Actividad internacional en Chile\" loading=\"lazy\" srcset=\"https:\/\/www.fundacionnaturgy.org\/wp-content\/uploads\/2019\/05\/mapas_chile.png 720w, https:\/\/www.fundacionnaturgy.org\/wp-content\/uploads\/2019\/05\/mapas_chile-300x208.png 300w, https:\/\/www.fundacionnaturgy.org\/wp-content\/uploads\/2019\/05\/mapas_chile-202x140.png 202w\" sizes=\"(max-width: 720px) 100vw, 720px\" \/><figcaption class=\"link bottom\" style=\"background: rgba(255,255,255,0.9);\"><h4 class=\"left\">Xile<\/h4><\/figcaption><\/figure><\/a><div class=\"gnf-destacado-img__texto small-only-text-center\"><\/div><\/div>[\/vc_column][\/vc_row]<\/p>\n","protected":false},"excerpt":{"rendered":"<p>[vc_row][vc_column][vc_column_text] Activitat internacional [\/vc_column_text][vc_column_text]La pres\u00e8ncia de Naturgy\u00a0a Europa, l\u2019Am\u00e8rica Llatina i \u00c0frica ha propiciat que la Fundaci\u00f3 tingu\u00e9s ja des dels seus inicis una oberta vocaci\u00f3 internacional amb programes i<span class=\"more-link\"><a href=\"https:\/\/www.fundacionnaturgy.org\/ca\/programa-internacional\/\">Llegir m\u00e9s<\/a><\/span><\/p>\n","protected":false},"author":11,"featured_media":0,"parent":0,"menu_order":0,"comment_status":"closed","ping_status":"closed","template":"templates\/full-width.php","meta":{"inline_featured_image":false},"categories":[],"acf":[],"_links":{"self":[{"href":"https:\/\/www.fundacionnaturgy.org\/ca\/wp-json\/wp\/v2\/pages\/18557"}],"collection":[{"href":"https:\/\/www.fundacionnaturgy.org\/ca\/wp-json\/wp\/v2\/pages"}],"about":[{"href":"https:\/\/www.fundacionnaturgy.org\/ca\/wp-json\/wp\/v2\/types\/page"}],"author":[{"embeddable":true,"href":"https:\/\/www.fundacionnaturgy.org\/ca\/wp-json\/wp\/v2\/users\/11"}],"replies":[{"embeddable":true,"href":"https:\/\/www.fundacionnaturgy.org\/ca\/wp-json\/wp\/v2\/comments?post=18557"}],"version-history":[{"count":0,"href":"https:\/\/www.fundacionnaturgy.org\/ca\/wp-json\/wp\/v2\/pages\/18557\/revisions"}],"wp:attachment":[{"href":"https:\/\/www.fundacionnaturgy.org\/ca\/wp-json\/wp\/v2\/media?parent=18557"}],"wp:term":[{"taxonomy":"category","embeddable":true,"href":"https:\/\/www.fundacionnaturgy.org\/ca\/wp-json\/wp\/v2\/categories?post=18557"}],"curies":[{"name":"wp","href":"https:\/\/api.w.org\/{rel}","templated":true}]}}