{"id":18559,"date":"2016-07-28T12:21:19","date_gmt":"2016-07-28T10:21:19","guid":{"rendered":"https:\/\/www.fundacionnaturgy.org\/ca\/programa-internacional\/brasil\/"},"modified":"2021-01-13T09:07:06","modified_gmt":"2021-01-13T08:07:06","slug":"brasil","status":"publish","type":"page","link":"https:\/\/www.fundacionnaturgy.org\/ca\/programa-internacional\/brasil\/","title":{"rendered":"Brasil"},"content":{"rendered":"<p>[vc_row][vc_column][vc_tta_tabs spacing=&#8221;2&#8243; active_section=&#8221;1&#8243;][vc_tta_section title=&#8221;Programes socials&#8221; tab_id=&#8221;1528901648984-4c0019a4-02c8&#8243;]<div class=\"gnf-tab-v\"><h3><\/h3><ul class=\"tabs vertical\" data-tab><li class=\"tab-title active\"><a href=\"#panel1c9140e5-3446-9\" tabindex=\"0\">Projecte social \u201cA Todo Gas\u201d<\/a><\/li><\/ul><div class=\"tabs-content\"><div class=\"content active\" id=\"panel1c9140e5-3446-9\"><div class=\"gnf-texto-destacado\" style=\"background-color:#edf0f1;border-color:#004165;\"><h4 style=\"color:#004165\">Projecte social \u201cA Todo Gas\u201d<\/h4>Aquest programa t\u00e9 per objecte la inclusi\u00f3 social qualificada de persones en situaci\u00f3 de vulnerabilitat, a trav\u00e9s del desenvolupament d\u2019habilitats socials i compet\u00e8ncies professionals per a la seva incorporaci\u00f3 al mercat laboral. El programa forma els participants com a analistes de projectes de gas canalitzat.<\/div>[vc_empty_space][vc_column_text]La part t\u00e8cnica del curs inclou formaci\u00f3 sobre el sector gasista: lectura i interpretaci\u00f3 de projectes d\u2019instal\u00b7laci\u00f3 de gas, l\u2019an\u00e0lisi del reglament d\u2019instal\u00b7lacions predials de gas, la classificaci\u00f3 d\u2019aparells de gas, l\u2019adequaci\u00f3 d\u2019ambients per instal\u00b7lar aparells de gas, la interpretaci\u00f3 de normes t\u00e8cniques, la presentaci\u00f3, tramitaci\u00f3 i aprovaci\u00f3 de projectes d\u2019instal\u00b7lacions de gas i la comercialitzaci\u00f3 del gas natural.<\/p>\n<p>A m\u00e9s, la formaci\u00f3 es completa amb un programa de desenvolupament hum\u00e0, que consisteix en l\u2019acompanyament per un equip multidisciplinari de treballador social, psic\u00f2leg i pedagog. L\u2019objectiu d\u2019aquest grup de seguiment \u00e9s realitzar tallers, mediacions, tramitacions i emissi\u00f3 d\u2019informes per verificar l\u2019evoluci\u00f3 dels participants en els aspectes socioemocionals.<\/p>\n<p>Els cursos s\u2019imparteixen en petits grups de dotze persones per a un millor aprenentatge.<\/p>\n<p>Aquest programa es realitza en col\u00b7laboraci\u00f3 amb el Servei Social d\u2019Ind\u00fastria del Departament Regional d\u2019Estat de Rio de Janeiro (SESI-RJ).<\/p>\n<p>&nbsp;<\/p>\n<h4>Activitat el 2019<\/h4>\n<p>\u00b7 2 cursos realitzats<\/p>\n<p>\u00b7 24 persones formades[\/vc_column_text]<\/div><\/div><\/div>[\/vc_tta_section][vc_tta_section title=&#8221;Jornades&#8221; tab_id=&#8221;1557760452314-bbb50b38-7660&#8243;][vc_basic_grid post_type=&#8221;ids&#8221; element_width=&#8221;12&#8243; item=&#8221;62390&#8243; grid_id=&#8221;vc_gid:1610524926147-4f1489a9-3c98-7&#8243; include=&#8221;51461&#8243;][\/vc_tta_section][vc_tta_section title=&#8221;Not\u00edcies&#8221; tab_id=&#8221;1481708925694-2dfb8660-073c&#8221;][vc_basic_grid post_type=&#8221;post&#8221; max_items=&#8221;14&#8243; item=&#8221;36219&#8243; grid_id=&#8221;vc_gid:1610524926145-47e5e245-11bb-5&#8243; taxonomies=&#8221;129&#8243;][\/vc_tta_section][\/vc_tta_tabs][\/vc_column][\/vc_row]<\/p>\n","protected":false},"excerpt":{"rendered":"<p>[vc_row][vc_column][vc_tta_tabs spacing=&#8221;2&#8243; active_section=&#8221;1&#8243;][vc_tta_section title=&#8221;Programes socials&#8221; tab_id=&#8221;1528901648984-4c0019a4-02c8&#8243;][\/vc_tta_section][vc_tta_section title=&#8221;Jornades&#8221; tab_id=&#8221;1557760452314-bbb50b38-7660&#8243;][vc_basic_grid post_type=&#8221;ids&#8221; element_width=&#8221;12&#8243; item=&#8221;62390&#8243; grid_id=&#8221;vc_gid:1610524926147-4f1489a9-3c98-7&#8243; include=&#8221;51461&#8243;][\/vc_tta_section][vc_tta_section title=&#8221;Not\u00edcies&#8221; tab_id=&#8221;1481708925694-2dfb8660-073c&#8221;][vc_basic_grid post_type=&#8221;post&#8221; max_items=&#8221;14&#8243; item=&#8221;36219&#8243; grid_id=&#8221;vc_gid:1610524926145-47e5e245-11bb-5&#8243; taxonomies=&#8221;129&#8243;][\/vc_tta_section][\/vc_tta_tabs][\/vc_column][\/vc_row]<\/p>\n","protected":false},"author":11,"featured_media":0,"parent":18557,"menu_order":0,"comment_status":"closed","ping_status":"closed","template":"templates\/full-width.php","meta":{"inline_featured_image":false},"categories":[],"acf":[],"_links":{"self":[{"href":"https:\/\/www.fundacionnaturgy.org\/ca\/wp-json\/wp\/v2\/pages\/18559"}],"collection":[{"href":"https:\/\/www.fundacionnaturgy.org\/ca\/wp-json\/wp\/v2\/pages"}],"about":[{"href":"https:\/\/www.fundacionnaturgy.org\/ca\/wp-json\/wp\/v2\/types\/page"}],"author":[{"embeddable":true,"href":"https:\/\/www.fundacionnaturgy.org\/ca\/wp-json\/wp\/v2\/users\/11"}],"replies":[{"embeddable":true,"href":"https:\/\/www.fundacionnaturgy.org\/ca\/wp-json\/wp\/v2\/comments?post=18559"}],"version-history":[{"count":0,"href":"https:\/\/www.fundacionnaturgy.org\/ca\/wp-json\/wp\/v2\/pages\/18559\/revisions"}],"up":[{"embeddable":true,"href":"https:\/\/www.fundacionnaturgy.org\/ca\/wp-json\/wp\/v2\/pages\/18557"}],"wp:attachment":[{"href":"https:\/\/www.fundacionnaturgy.org\/ca\/wp-json\/wp\/v2\/media?parent=18559"}],"wp:term":[{"taxonomy":"category","embeddable":true,"href":"https:\/\/www.fundacionnaturgy.org\/ca\/wp-json\/wp\/v2\/categories?post=18559"}],"curies":[{"name":"wp","href":"https:\/\/api.w.org\/{rel}","templated":true}]}}