{"id":18561,"date":"2016-08-01T16:44:53","date_gmt":"2016-08-01T14:44:53","guid":{"rendered":"https:\/\/www.fundacionnaturgy.org\/ca\/programa-internacional\/mexic\/"},"modified":"2021-03-19T11:24:41","modified_gmt":"2021-03-19T10:24:41","slug":"mexic","status":"publish","type":"page","link":"https:\/\/www.fundacionnaturgy.org\/ca\/programa-internacional\/mexic\/","title":{"rendered":"M\u00e8xic"},"content":{"rendered":"<p>[vc_row][vc_column][vc_tta_tabs spacing=&#8221;2&#8243; active_section=&#8221;1&#8243;][vc_tta_section title=&#8221;Programes Socials&#8221; tab_id=&#8221;1481708925682-21b84992-0dc1&#8243;]<div class=\"gnf-tab-v\"><h3><\/h3><ul class=\"tabs vertical\" data-tab><li class=\"tab-title active\"><a href=\"#panel1c9140e5-3446-9\" tabindex=\"0\">Programa \u201cImpuls per al teu negoci\u201d<\/a><\/li><li class=\"tab-title\"><a href=\"#panel1610530009226-1-9\" tabindex=\"1\">Pla de vulnerabilitat energ\u00e8tica<\/a><\/li><\/ul><div class=\"tabs-content\"><div class=\"content active\" id=\"panel1c9140e5-3446-9\"><div class=\"gnf-texto-destacado\" style=\"background-color:#edf0f1;border-color:#004165;\"><h4 style=\"color:#004165\">Programa \u201cImpuls per al teu negoci\u201d<\/h4>La Fundaci\u00f3 Naturgy va iniciar al seu dia el suport a negocis instal\u00b7ladors de serveis dom\u00e8stics de la Rep\u00fablica Mexicana, en els \u00e0mbits de gas natural, electricitat i aigua, mitjan\u00e7ant la combinaci\u00f3 de consultoria i formaci\u00f3.<\/div>[vc_empty_space][vc_single_image image=&#8221;18146&#8243; img_size=&#8221;full&#8221;][vc_column_text]<\/p>\n<ul>\n<li>Es va signar una alian\u00e7a publicoprivada amb l\u2019<a href=\"https:\/\/www.aecid.es\/ES\">Ag\u00e8ncia<\/a><a href=\"https:\/\/www.aecid.es\/ES\"> Espanyola de Cooperaci\u00f3 Internacional per al Desenvolupament<\/a> (AECID), l<a href=\"https:\/\/www.gob.mx\/amexcid\">\u2019Ag\u00e8ncia<\/a><a href=\"https:\/\/www.gob.mx\/amexcid\"> Mexicana de Cooperaci\u00f3 Internacional per al Desenvolupament<\/a> (AMEXCID) i l\u2019alcaldia de Cuauht\u00e9moc, amb l\u2019objectiu de desenvolupar i millorar la qualitat de vida de grups vulnerables. En la fase II es va integrar la <a href=\"http:\/\/proempleo.org.mx\/inicio\/\">Fundaci\u00f3 ProEmpleo<\/a>, que va fer un gir al programa, amb la pretensi\u00f3 no nom\u00e9s de crear un negoci, sin\u00f3 d\u2019inserir els participants en el sector laboral, per la qual cosa el programa va modificar el seu nom pel d\u2019\u201cImpuls per a la inserci\u00f3 laboral\u201d.Des de l\u2019inici del programa el setembre del 2014 i fins al maig del 2019, es van formar 370 persones, de les quals 196 van obtenir la certificaci\u00f3 (50 dones i 146 homes) en \u201cProfessionalitzaci\u00f3 en gas natural, electricitat i aigua\u201d.<\/li>\n<\/ul>\n<p>[\/vc_column_text][vc_single_image image=&#8221;18174&#8243; img_size=&#8221;full&#8221;]<\/div><div class=\"content\" id=\"panel1610530009226-1-9\"><div class=\"gnf-texto-destacado\" style=\"background-color:#edf0f1;border-color:#004165;\"><h4 style=\"color:#004165\">Pla de vulnerabilitat energ\u00e8tica<\/h4>Davant dels nous reptes socials, el comprom\u00eds de Naturgy M\u00e9xico amb la societat per a un \u00fas correcte de l\u2019energia i la protecci\u00f3 dels seus clients, especialment els m\u00e9s vulnerables, la companyia ha implantat un Pla de vulnerabilitat energ\u00e8tica, en l\u00ednia amb el que Naturgy va posar en marxa a Espanya el 2017.<\/div>[vc_column_text]El primer pas d\u2019aquest pla ha estat posar en marxa, juntament amb l\u2019<a href=\"https:\/\/tec.mx\/es\">Institut<\/a><a href=\"https:\/\/tec.mx\/es\"> Tecnol\u00f2gic <\/a>de Monterrey, un informe per identificar, amb bases s\u00f2lides cientificot\u00e8cniques, la poblaci\u00f3 en situaci\u00f3 de vulnerabilitat energ\u00e8tica a la zona metropolitana de Monterrey i Saltillo.<\/p>\n<p>Els resultats d\u2019aquesta recerca facilitaran que Naturgy M\u00e9xico estableixi les bases perqu\u00e8 l\u2019empresa sigui punta en el disseny de programes de responsabilitat social corporativa adre\u00e7ats especialment a sectors de la poblaci\u00f3 vulnerables.[\/vc_column_text]<\/div><\/div><\/div>[\/vc_tta_section][vc_tta_section title=&#8221;Jornades&#8221; tab_id=&#8221;1481713276215-f8875a30-93e2&#8243;][vc_basic_grid post_type=&#8221;ids&#8221; element_width=&#8221;12&#8243; item=&#8221;62390&#8243; initial_loading_animation=&#8221;none&#8221; grid_id=&#8221;vc_gid:1610530290966-6189315d-ddcd-9&#8243; include=&#8221;17769, 18412&#8243;][\/vc_tta_section][vc_tta_section title=&#8221;Not\u00edcies&#8221; tab_id=&#8221;1481708925694-2dfb8660-073c&#8221;][vc_basic_grid post_type=&#8221;post&#8221; max_items=&#8221;14&#8243; item=&#8221;36219&#8243; grid_id=&#8221;vc_gid:1610530290969-41dd877c-f6cb-10&#8243; taxonomies=&#8221;136&#8243; exclude=&#8221;1783&#8243;][\/vc_tta_section][\/vc_tta_tabs][\/vc_column][\/vc_row][vc_row][vc_column][vc_column_text]<\/p>\n<p>[\/vc_column_text][\/vc_column][\/vc_row][vc_row][vc_column][\/vc_column][\/vc_row]<\/p>\n","protected":false},"excerpt":{"rendered":"<p>[vc_row][vc_column][vc_tta_tabs spacing=&#8221;2&#8243; active_section=&#8221;1&#8243;][vc_tta_section title=&#8221;Programes Socials&#8221; tab_id=&#8221;1481708925682-21b84992-0dc1&#8243;][\/vc_tta_section][vc_tta_section title=&#8221;Jornades&#8221; tab_id=&#8221;1481713276215-f8875a30-93e2&#8243;][vc_basic_grid post_type=&#8221;ids&#8221; element_width=&#8221;12&#8243; item=&#8221;62390&#8243; initial_loading_animation=&#8221;none&#8221; grid_id=&#8221;vc_gid:1610530290966-6189315d-ddcd-9&#8243; include=&#8221;17769, 18412&#8243;][\/vc_tta_section][vc_tta_section title=&#8221;Not\u00edcies&#8221; tab_id=&#8221;1481708925694-2dfb8660-073c&#8221;][vc_basic_grid post_type=&#8221;post&#8221; max_items=&#8221;14&#8243; item=&#8221;36219&#8243; grid_id=&#8221;vc_gid:1610530290969-41dd877c-f6cb-10&#8243; taxonomies=&#8221;136&#8243; exclude=&#8221;1783&#8243;][\/vc_tta_section][\/vc_tta_tabs][\/vc_column][\/vc_row][vc_row][vc_column][vc_column_text] [\/vc_column_text][\/vc_column][\/vc_row][vc_row][vc_column][\/vc_column][\/vc_row]<\/p>\n","protected":false},"author":11,"featured_media":0,"parent":18557,"menu_order":0,"comment_status":"closed","ping_status":"closed","template":"templates\/full-width.php","meta":{"inline_featured_image":false},"categories":[],"acf":[],"_links":{"self":[{"href":"https:\/\/www.fundacionnaturgy.org\/ca\/wp-json\/wp\/v2\/pages\/18561"}],"collection":[{"href":"https:\/\/www.fundacionnaturgy.org\/ca\/wp-json\/wp\/v2\/pages"}],"about":[{"href":"https:\/\/www.fundacionnaturgy.org\/ca\/wp-json\/wp\/v2\/types\/page"}],"author":[{"embeddable":true,"href":"https:\/\/www.fundacionnaturgy.org\/ca\/wp-json\/wp\/v2\/users\/11"}],"replies":[{"embeddable":true,"href":"https:\/\/www.fundacionnaturgy.org\/ca\/wp-json\/wp\/v2\/comments?post=18561"}],"version-history":[{"count":0,"href":"https:\/\/www.fundacionnaturgy.org\/ca\/wp-json\/wp\/v2\/pages\/18561\/revisions"}],"up":[{"embeddable":true,"href":"https:\/\/www.fundacionnaturgy.org\/ca\/wp-json\/wp\/v2\/pages\/18557"}],"wp:attachment":[{"href":"https:\/\/www.fundacionnaturgy.org\/ca\/wp-json\/wp\/v2\/media?parent=18561"}],"wp:term":[{"taxonomy":"category","embeddable":true,"href":"https:\/\/www.fundacionnaturgy.org\/ca\/wp-json\/wp\/v2\/categories?post=18561"}],"curies":[{"name":"wp","href":"https:\/\/api.w.org\/{rel}","templated":true}]}}