{"id":18563,"date":"2016-08-03T10:11:15","date_gmt":"2016-08-03T08:11:15","guid":{"rendered":"https:\/\/www.fundacionnaturgy.org\/ca\/programa-internacional\/marroc\/"},"modified":"2021-10-22T09:41:12","modified_gmt":"2021-10-22T07:41:12","slug":"marroc","status":"publish","type":"page","link":"https:\/\/www.fundacionnaturgy.org\/ca\/programa-internacional\/marroc\/","title":{"rendered":"Marroc"},"content":{"rendered":"<p>[vc_row][vc_column][vc_tta_tabs spacing=&#8221;2&#8243; active_section=&#8221;1&#8243;][vc_tta_section title=&#8221;Els nostres programes&#8221; tab_id=&#8221;1481708925682-21b84992-0dc1&#8243;]<div class=\"gnf-tab-v\"><h3><\/h3><ul class=\"tabs vertical\" data-tab><li class=\"tab-title active\"><a href=\"#panel1c9140e5-3446-9\" tabindex=\"0\">Llar infantil Padre Lerchundi<\/a><\/li><li class=\"tab-title\"><a href=\"#panel1610528939209-2-6\" tabindex=\"1\">Rehabilitaci\u00f3 energ\u00e8tica de l\u2019escola Jaafar Bnou Atia<\/a><\/li><li class=\"tab-title\"><a href=\"#panel88fa25d0-69af-4\" tabindex=\"2\">Reforma de l\u2019Escola Doughmaniya<\/a><\/li><\/ul><div class=\"tabs-content\"><div class=\"content active\" id=\"panel1c9140e5-3446-9\"><div class=\"gnf-texto-destacado\" style=\"background-color:#edf0f1;border-color:#004165;\"><h4 style=\"color:#004165\">Llar infantil Padre Lerchundi<\/h4>La Fundaci\u00f3 Naturgy\u00a0continuar\u00e0 col\u00b7laborant amb l\u2019ONG Proclade a la llar infantil Padre Lerchundi, de T\u00e0nger, la finalitat de la qual \u00e9s brindar suport econ\u00f2mic a l\u2019escola perqu\u00e8 pugui dur a terme la seva tasca social.<\/div>[vc_empty_space][vc_column_text]Entre les activitats que es promouen a l\u2019escola destaquen les accions de suport social i escolar per a infants (menjador d\u2019esmorzars, dinars i berenars, acc\u00e9s a material d\u2019higiene, suport educatiu i activitats de lleure i temps lliure), aix\u00ed com la formaci\u00f3 educativa i social de mares de fam\u00edlia, l\u2019aportaci\u00f3 de beques de guarderia i una formaci\u00f3 en fusteria per a joves de 16 a 25 anys.[\/vc_column_text]<\/div><div class=\"content\" id=\"panel1610528939209-2-6\"><div class=\"gnf-texto-destacado\" style=\"background-color:#edf0f1;border-color:#004165;\"><h4 style=\"color:#004165\">Rehabilitaci\u00f3 energ\u00e8tica de l\u2019escola Jaafar Bnou Atia<\/h4>Des de Fundaci\u00f3 Naturgy estem conven\u00e7uts de la import\u00e0ncia de fer compatible el progr\u00e9s i el desenvolupament econ\u00f2mic de la societat amb l\u2019\u00fas eficient de l\u2019energia, en el marc de col\u00b7laboraci\u00f3 amb les associacions i centres escolars dels municipis de zones travessades pel gasoducte Magreb-Europa.<\/div>[vc_empty_space][vc_column_text]El 2019, es va treballar a l\u2019escola Jaafar Bnou Atia, situada al douar cooperatiu El Jazoulia, Com\u00fa Mjaara, a la prov\u00edncia d\u2019Ouezzane. Aquest projecte va facilitar l\u2019acc\u00e9s a l\u2019escola a un col\u00b7lectiu desfavorit, format en un 60% per nenes petites. Els criteris de selecci\u00f3 d\u2019aquesta escola van ser la manca d\u2019infraestructures sanit\u00e0ries i el sanejament de base.[\/vc_column_text]<\/div><div class=\"content\" id=\"panel88fa25d0-69af-4\"><div class=\"gnf-texto-destacado\" style=\"background-color:#edf0f1;border-color:#004165;\"><h4 style=\"color:#004165\">Reforma de l\u2019Escola Doughmaniya<\/h4>Mitjan\u00e7ant aquesta iniciativa, la Fundaci\u00f3 Naturgy, en col\u00b7laboraci\u00f3 amb Metragaz (empresa que opera i mant\u00e9 el tram marroqu\u00ed del gasoducte Maghreb-Europa), rehabilita l\u2019escola de Doughmaniya, situada a la prov\u00edncia de Jerada, al costat de la frontera algerianomarroquina. Hi reben formaci\u00f3 124 nens i nenes pertanyents a fam\u00edlies de col\u00b7lectius desfavorits i, majorit\u00e0riament, n\u00f2mades.<\/div>[vc_empty_space][vc_column_text]L\u2019escola no disposa de calefacci\u00f3 ni aigua calenta, les temperatures a l\u2019hivern poden arribar a baixar dels zero graus i tant els banys com les zones d\u2019esbarjo i estudi presenten un mal estat de conservaci\u00f3. Els treballs de rehabilitaci\u00f3 busquen solucions energ\u00e8tiques i mediambientals a fi de millorar la qualitat de vida al centre escolar i aix\u00ed facilitar l\u2019acc\u00e9s a l\u2019educaci\u00f3.<\/p>\n<p>Els treballs de reforma de l\u2019escola consisteixen en la instal\u00b7laci\u00f3 d\u2019un sistema de calefacci\u00f3 mural el\u00e8ctrica a les sales de classe, la instal\u00b7laci\u00f3 d\u2019un sistema d\u2019aigua calenta solar, la reparaci\u00f3 i la millora dels banys i la instal\u00b7laci\u00f3 de dutxes, la creaci\u00f3 d\u2019una biblioteca i l\u2019adequaci\u00f3 i la millora de la zona d\u2019esbarjo, inclosa la plantaci\u00f3 d\u2019arbres.[\/vc_column_text][vc_column_text]<\/p>\n<p>[\/vc_column_text]<\/div><\/div><\/div>[\/vc_tta_section][vc_tta_section title=&#8221;Not\u00edcies&#8221; tab_id=&#8221;1481708925694-2dfb8660-073c&#8221;][vc_basic_grid post_type=&#8221;post&#8221; max_items=&#8221;14&#8243; item=&#8221;36219&#8243; grid_id=&#8221;vc_gid:1634888626404-28283ab7-1177-9&#8243; taxonomies=&#8221;133&#8243;][\/vc_tta_section][\/vc_tta_tabs][\/vc_column][\/vc_row]<\/p>\n","protected":false},"excerpt":{"rendered":"<p>[vc_row][vc_column][vc_tta_tabs spacing=&#8221;2&#8243; active_section=&#8221;1&#8243;][vc_tta_section title=&#8221;Els nostres programes&#8221; tab_id=&#8221;1481708925682-21b84992-0dc1&#8243;][\/vc_tta_section][vc_tta_section title=&#8221;Not\u00edcies&#8221; tab_id=&#8221;1481708925694-2dfb8660-073c&#8221;][vc_basic_grid post_type=&#8221;post&#8221; max_items=&#8221;14&#8243; item=&#8221;36219&#8243; grid_id=&#8221;vc_gid:1634888626404-28283ab7-1177-9&#8243; taxonomies=&#8221;133&#8243;][\/vc_tta_section][\/vc_tta_tabs][\/vc_column][\/vc_row]<\/p>\n","protected":false},"author":11,"featured_media":0,"parent":18557,"menu_order":0,"comment_status":"closed","ping_status":"closed","template":"templates\/full-width.php","meta":{"inline_featured_image":false},"categories":[],"acf":[],"_links":{"self":[{"href":"https:\/\/www.fundacionnaturgy.org\/ca\/wp-json\/wp\/v2\/pages\/18563"}],"collection":[{"href":"https:\/\/www.fundacionnaturgy.org\/ca\/wp-json\/wp\/v2\/pages"}],"about":[{"href":"https:\/\/www.fundacionnaturgy.org\/ca\/wp-json\/wp\/v2\/types\/page"}],"author":[{"embeddable":true,"href":"https:\/\/www.fundacionnaturgy.org\/ca\/wp-json\/wp\/v2\/users\/11"}],"replies":[{"embeddable":true,"href":"https:\/\/www.fundacionnaturgy.org\/ca\/wp-json\/wp\/v2\/comments?post=18563"}],"version-history":[{"count":0,"href":"https:\/\/www.fundacionnaturgy.org\/ca\/wp-json\/wp\/v2\/pages\/18563\/revisions"}],"up":[{"embeddable":true,"href":"https:\/\/www.fundacionnaturgy.org\/ca\/wp-json\/wp\/v2\/pages\/18557"}],"wp:attachment":[{"href":"https:\/\/www.fundacionnaturgy.org\/ca\/wp-json\/wp\/v2\/media?parent=18563"}],"wp:term":[{"taxonomy":"category","embeddable":true,"href":"https:\/\/www.fundacionnaturgy.org\/ca\/wp-json\/wp\/v2\/categories?post=18563"}],"curies":[{"name":"wp","href":"https:\/\/api.w.org\/{rel}","templated":true}]}}