{"id":30529,"date":"2017-03-01T17:14:34","date_gmt":"2017-03-01T16:14:34","guid":{"rendered":"https:\/\/www.fundacionnaturgy.org\/ca\/accio-social\/"},"modified":"2022-09-15T17:15:51","modified_gmt":"2022-09-15T15:15:51","slug":"accio-social","status":"publish","type":"page","link":"https:\/\/www.fundacionnaturgy.org\/ca\/accio-social\/","title":{"rendered":"Acci\u00f3 social"},"content":{"rendered":"<p>[vc_row full_width=&#8221;stretch_row_content_no_spaces&#8221;][vc_column]\n\t\t\t<!-- START SubHome_accion_social REVOLUTION SLIDER 6.5.19 --><p class=\"rs-p-wp-fix\"><\/p>\n\t\t\t<rs-module-wrap id=\"rev_slider_3_1_wrapper\" data-source=\"gallery\" style=\"visibility:hidden;background:transparent;padding:0;margin:0px auto;margin-top:0;margin-bottom:0;\">\n\t\t\t\t<rs-module id=\"rev_slider_3_1\" style=\"\" data-version=\"6.5.19\">\n\t\t\t\t\t<rs-slides>\n\t\t\t\t\t\t<rs-slide style=\"position: absolute;\" data-key=\"rs-5\" data-title=\"video 2023\" data-in=\"o:0;\" data-out=\"a:false;\">\n\t\t\t\t\t\t\t<img src=\"\/\/www.fundacionnaturgy.org\/wp-content\/plugins\/revslider\/public\/assets\/assets\/dummy.png\" alt=\"video 2023\" title=\"Social action\" class=\"rev-slidebg tp-rs-img rs-lazyload\" data-lazyload=\"\/\/www.fundacionnaturgy.org\/wp-content\/plugins\/revslider\/public\/assets\/assets\/transparent.png\" data-bg=\"c:#f4f7f9;\" data-no-retina>\n<!--\n\t\t\t\t\t\t\t--><rs-layer\n\t\t\t\t\t\t\t\tid=\"slider-3-slide-5-layer-0\" \n\t\t\t\t\t\t\t\tclass=\"rs-layer-video intrinsic-ignore\"\n\t\t\t\t\t\t\t\tdata-type=\"video\"\n\t\t\t\t\t\t\t\tdata-rsp_ch=\"on\"\n\t\t\t\t\t\t\t\tdata-xy=\"x:c;y:m;\"\n\t\t\t\t\t\t\t\tdata-text=\"w:normal;s:20,20,15,7;l:0,0,19,9;\"\n\t\t\t\t\t\t\t\tdata-dim=\"w:970px,970px,740px,90%;h:546px,546px,416px,auto;\"\n\t\t\t\t\t\t\t\tdata-video=\"ap:false;v:100;vd:100;l:false;ptimer:false;nse:f;afs:f;inl:f;\"\n\t\t\t\t\t\t\t\tdata-ytid=\"94gUWHyPcxA\"\n\t\t\t\t\t\t\t\tdata-vatr=\"version=3&amp;enablejsapi=1&amp;html5=1&amp;volume=100&amp;hd=1&amp;wmode=opaque&amp;showinfo=0&amp;rel=0&amp;origin=https:\/\/www.fundacionnaturgy.org;\"\n\t\t\t\t\t\t\t\tdata-frame_999=\"o:0;st:w;\"\n\t\t\t\t\t\t\t\tstyle=\"z-index:11;\"\n\t\t\t\t\t\t\t>\n\t\t\t\t\t\t\t<\/rs-layer><!--\n\n\t\t\t\t\t\t\t--><rs-layer\n\t\t\t\t\t\t\t\tid=\"slider-3-slide-5-layer-3\" \n\t\t\t\t\t\t\t\tdata-type=\"shape\"\n\t\t\t\t\t\t\t\tdata-rsp_ch=\"on\"\n\t\t\t\t\t\t\t\tdata-xy=\"x:c;xo:-1px,0,0,0;y:b;yo:-1px,0,0,0;\"\n\t\t\t\t\t\t\t\tdata-text=\"w:normal;s:20,20,15,7;l:0,0,19,9;\"\n\t\t\t\t\t\t\t\tdata-dim=\"w:3000px,3000px,2288px,1174px;h:360px,360px,274px,130px;\"\n\t\t\t\t\t\t\t\tdata-frame_0=\"x:-175%;o:1;\"\n\t\t\t\t\t\t\t\tdata-frame_0_mask=\"u:t;x:100%;\"\n\t\t\t\t\t\t\t\tdata-frame_1=\"e:power3.out;sp:1000;\"\n\t\t\t\t\t\t\t\tdata-frame_1_mask=\"u:t;\"\n\t\t\t\t\t\t\t\tdata-frame_999=\"o:0;st:w;\"\n\t\t\t\t\t\t\t\tstyle=\"z-index:8;background-color:#e57200;\"\n\t\t\t\t\t\t\t> \n\t\t\t\t\t\t\t<\/rs-layer><!--\n-->\t\t\t\t\t\t<\/rs-slide>\n\t\t\t\t\t<\/rs-slides>\n\t\t\t\t<\/rs-module>\n\t\t\t\t<script>\n\t\t\t\t\tsetREVStartSize({c: 'rev_slider_3_1',rl:[1240,1024,778,480],el:[740,660,500,260],gw:[970,970,740,380],gh:[740,660,500,260],type:'standard',justify:'',layout:'fullwidth',mh:\"0\"});if (window.RS_MODULES!==undefined && window.RS_MODULES.modules!==undefined && window.RS_MODULES.modules[\"revslider31\"]!==undefined) {window.RS_MODULES.modules[\"revslider31\"].once = false;window.revapi3 = undefined;if (window.RS_MODULES.checkMinimal!==undefined) window.RS_MODULES.checkMinimal()}\n\t\t\t\t<\/script>\n\t\t\t\t<script src=\"https:\/\/www.youtube.com\/iframe_api\"><\/script>\n\t\t\t<\/rs-module-wrap>\n\t\t\t<!-- END REVOLUTION SLIDER -->\n[\/vc_column][\/vc_row][vc_row][vc_column offset=&#8221;vc_hidden-xs&#8221;][vc_empty_space height=&#8221;64px&#8221;][\/vc_column][\/vc_row][vc_row][vc_column width=&#8221;1\/2&#8243;][vc_column_text]<\/p>\n<h2><strong>Vulnerabilitat energ\u00e8tica<\/strong><strong>\u00a0<\/strong><\/h2>\n<p>[\/vc_column_text][\/vc_column][vc_column width=&#8221;1\/2&#8243;][vc_column_text]<\/p>\n<h3>Al costat dels que m\u00e9s ho necessiten<\/h3>\n<p>[\/vc_column_text][vc_column_text]Treballem per mitigar la vulnerabilitat energ\u00e8tica i orientem la nostra acci\u00f3 a trav\u00e9s de la formaci\u00f3 i les actuacions directes amb voluntaris i la rehabilitaci\u00f3 energ\u00e8tica d&#8217;habitatges. I tot aix\u00f2 ho fem en col\u00b7laboraci\u00f3 amb el Tercer Sector.[\/vc_column_text]<a class=\"gnf-boton oscuro left\" href=\"https:\/\/www.fundacionnaturgy.org\/ca\/accio-social\/pla-de-vulnerabilitat-energetica\/\" title=\"\" target=\"_blank\">M\u00e9s informaci\u00f3<\/a>[\/vc_column][\/vc_row][vc_row][vc_column][vc_empty_space height=&#8221;64px&#8221;][\/vc_column][\/vc_row][vc_row][vc_column width=&#8221;1\/2&#8243;][vc_column_text]<\/p>\n<h2><strong>Voluntariat ambiental<\/strong><\/h2>\n<p>[\/vc_column_text][\/vc_column][vc_column width=&#8221;1\/2&#8243;][vc_column_text]<\/p>\n<h3>El nostre gra de sorra per al medi ambient<\/h3>\n<p>[\/vc_column_text][vc_column_text]Des del 2014, voluntaris de la companyia i els seus familiars realitzen actuacions dirigides a la millora dels espais naturals amb la finalitat de contribuir a la conservaci\u00f3 del capital natural i la biodiversitat, a trav\u00e9s de jornades de treball dels empleats de Naturgy.[\/vc_column_text]<a class=\"gnf-boton oscuro left\" href=\"https:\/\/www.fundacionnaturgy.org\/ca\/accio-social\/voluntariat-ambiental\/\" title=\"\" target=\"_blank\">M\u00e9s informaci\u00f3<\/a>[\/vc_column][\/vc_row][vc_row][vc_column][vc_empty_space height=&#8221;64px&#8221;][\/vc_column][\/vc_row][vc_row full_width=&#8221;stretch_row_content_no_spaces&#8221;][vc_column][vc_single_image image=&#8221;76720&#8243; img_size=&#8221;full&#8221; alignment=&#8221;center&#8221;][\/vc_column][\/vc_row][vc_row][vc_column][vc_empty_space][\/vc_column][\/vc_row][vc_row][vc_column width=&#8221;1\/2&#8243;][vc_column_text]<\/p>\n<h2><strong>Acci\u00f3 social internacional<\/strong><\/h2>\n<p>[\/vc_column_text][vc_column_text]<\/p>\n<h3>M\u00e9s enll\u00e0 de les nostres fronteres<\/h3>\n<p>[\/vc_column_text][vc_column_text]Desenvolupem programes d&#8217;\u00edndole social als pa\u00efsos on Naturgy \u00e9s present, amb un plantejament clarament respectu\u00f3s amb la personalitat de cada pa\u00eds on desenvolupa les seves activitats socials i de sensibilitzaci\u00f3 sobre energia i medi ambient.[\/vc_column_text]<a class=\"gnf-boton oscuro left\" href=\"https:\/\/www.fundacionnaturgy.org\/ca\/programa-internacional\/\" title=\"\" target=\"_blank\">M\u00e9s informaci\u00f3<\/a>[\/vc_column][vc_column width=&#8221;1\/2&#8243;][vc_empty_space][vc_single_image image=&#8221;81243&#8243; img_size=&#8221;full&#8221; alignment=&#8221;center&#8221;][\/vc_column][\/vc_row]<\/p>\n","protected":false},"excerpt":{"rendered":"<p>[vc_row full_width=&#8221;stretch_row_content_no_spaces&#8221;][vc_column][\/vc_column][\/vc_row][vc_row][vc_column offset=&#8221;vc_hidden-xs&#8221;][vc_empty_space height=&#8221;64px&#8221;][\/vc_column][\/vc_row][vc_row][vc_column width=&#8221;1\/2&#8243;][vc_column_text] Vulnerabilitat energ\u00e8tica\u00a0 [\/vc_column_text][\/vc_column][vc_column width=&#8221;1\/2&#8243;][vc_column_text] Al costat dels que m\u00e9s ho necessiten [\/vc_column_text][vc_column_text]Treballem per mitigar la vulnerabilitat energ\u00e8tica i orientem la nostra acci\u00f3 a trav\u00e9s de<span class=\"more-link\"><a href=\"https:\/\/www.fundacionnaturgy.org\/ca\/accio-social\/\">Llegir m\u00e9s<\/a><\/span><\/p>\n","protected":false},"author":1454,"featured_media":0,"parent":0,"menu_order":0,"comment_status":"closed","ping_status":"closed","template":"templates\/full-width.php","meta":{"inline_featured_image":false},"categories":[],"acf":[],"_links":{"self":[{"href":"https:\/\/www.fundacionnaturgy.org\/ca\/wp-json\/wp\/v2\/pages\/30529"}],"collection":[{"href":"https:\/\/www.fundacionnaturgy.org\/ca\/wp-json\/wp\/v2\/pages"}],"about":[{"href":"https:\/\/www.fundacionnaturgy.org\/ca\/wp-json\/wp\/v2\/types\/page"}],"author":[{"embeddable":true,"href":"https:\/\/www.fundacionnaturgy.org\/ca\/wp-json\/wp\/v2\/users\/1454"}],"replies":[{"embeddable":true,"href":"https:\/\/www.fundacionnaturgy.org\/ca\/wp-json\/wp\/v2\/comments?post=30529"}],"version-history":[{"count":0,"href":"https:\/\/www.fundacionnaturgy.org\/ca\/wp-json\/wp\/v2\/pages\/30529\/revisions"}],"wp:attachment":[{"href":"https:\/\/www.fundacionnaturgy.org\/ca\/wp-json\/wp\/v2\/media?parent=30529"}],"wp:term":[{"taxonomy":"category","embeddable":true,"href":"https:\/\/www.fundacionnaturgy.org\/ca\/wp-json\/wp\/v2\/categories?post=30529"}],"curies":[{"name":"wp","href":"https:\/\/api.w.org\/{rel}","templated":true}]}}