{"id":42138,"date":"2018-03-21T13:10:03","date_gmt":"2018-03-21T12:10:03","guid":{"rendered":"https:\/\/www.fundacionnaturgy.org\/ca\/contacta-amb-nosaltres\/"},"modified":"2018-11-27T17:01:42","modified_gmt":"2018-11-27T16:01:42","slug":"contacte","status":"publish","type":"page","link":"https:\/\/www.fundacionnaturgy.org\/ca\/contacte\/","title":{"rendered":"Contacta amb nosaltres"},"content":{"rendered":"<p>[vc_row][vc_column]<div class=\"gnf-texto-destacado\" style=\"background-color:#edf0f1;border-color:#004165;\"><h4 style=\"color:#004165\"><\/h4>Si vols rebre m\u00e9s informaci\u00f3 sobre la <strong>Fundaci\u00f3 Naturgy<\/strong>, tens dubtes, vols fer-nos suggeriments, donar-nos la teva valoraci\u00f3 o b\u00e9 subscriure&#8217;t als nostres butlletins de not\u00edcies i activitats, envia&#8217;ns les teves dades mitjan\u00e7ant aquest formulari i contactarem amb tu el m\u00e9s aviat possible.<\/div>[\/vc_column][\/vc_row][vc_row][vc_column width=&#8221;1\/2&#8243;][vc_empty_space][vc_column_text]<script type=\"text\/javascript\">var gform;gform||(document.addEventListener(\"gform_main_scripts_loaded\",function(){gform.scriptsLoaded=!0}),window.addEventListener(\"DOMContentLoaded\",function(){gform.domLoaded=!0}),gform={domLoaded:!1,scriptsLoaded:!1,initializeOnLoaded:function(o){gform.domLoaded&&gform.scriptsLoaded?o():!gform.domLoaded&&gform.scriptsLoaded?window.addEventListener(\"DOMContentLoaded\",o):document.addEventListener(\"gform_main_scripts_loaded\",o)},hooks:{action:{},filter:{}},addAction:function(o,n,r,t){gform.addHook(\"action\",o,n,r,t)},addFilter:function(o,n,r,t){gform.addHook(\"filter\",o,n,r,t)},doAction:function(o){gform.doHook(\"action\",o,arguments)},applyFilters:function(o){return gform.doHook(\"filter\",o,arguments)},removeAction:function(o,n){gform.removeHook(\"action\",o,n)},removeFilter:function(o,n,r){gform.removeHook(\"filter\",o,n,r)},addHook:function(o,n,r,t,i){null==gform.hooks[o][n]&&(gform.hooks[o][n]=[]);var e=gform.hooks[o][n];null==i&&(i=n+\"_\"+e.length),gform.hooks[o][n].push({tag:i,callable:r,priority:t=null==t?10:t})},doHook:function(n,o,r){var t;if(r=Array.prototype.slice.call(r,1),null!=gform.hooks[n][o]&&((o=gform.hooks[n][o]).sort(function(o,n){return o.priority-n.priority}),o.forEach(function(o){\"function\"!=typeof(t=o.callable)&&(t=window[t]),\"action\"==n?t.apply(null,r):r[0]=t.apply(null,r)})),\"filter\"==n)return r[0]},removeHook:function(o,n,t,i){var r;null!=gform.hooks[o][n]&&(r=(r=gform.hooks[o][n]).filter(function(o,n,r){return!!(null!=i&&i!=o.tag||null!=t&&t!=o.priority)}),gform.hooks[o][n]=r)}});<\/script>\n                <div class='gf_browser_gecko gform_wrapper gform_legacy_markup_wrapper' id='gform_wrapper_10' >\n                        <div class='gform_heading'>\n                            <h3 class=\"gform_title\">Contacte<\/h3>\n                        <\/div><form method='post' enctype='multipart\/form-data'  id='gform_10'  action='\/ca\/wp-json\/wp\/v2\/pages\/42138' novalidate> \r\n <input type='hidden' class='gforms-pum' value='{\"closepopup\":false,\"closedelay\":0,\"openpopup\":false,\"openpopup_id\":0}' \/>\n                        <div class='gform_body gform-body'><ul id='gform_fields_10' class='gform_fields top_label form_sublabel_below description_below'><li id=\"field_10_1\" class=\"gfield gf_list_inline gfield_contains_required field_sublabel_below field_description_below gfield_visibility_visible\" ><label class='gfield_label'  >Tractament<span class=\"gfield_required\"><span class=\"gfield_required gfield_required_asterisk\">*<\/span><\/span><\/label><div class='ginput_container ginput_container_radio'><ul class='gfield_radio' id='input_10_1'>\n\t\t\t<li class='gchoice gchoice_10_1_0'>\n\t\t\t\t<input name='input_1' type='radio' value='Sr.'  id='choice_10_1_0'    \/>\n\t\t\t\t<label for='choice_10_1_0' id='label_10_1_0'>Sr.<\/label>\n\t\t\t<\/li>\n\t\t\t<li class='gchoice gchoice_10_1_1'>\n\t\t\t\t<input name='input_1' type='radio' value='Sra.'  id='choice_10_1_1'    \/>\n\t\t\t\t<label for='choice_10_1_1' id='label_10_1_1'>Sra.<\/label>\n\t\t\t<\/li><\/ul><\/div><\/li><li id=\"field_10_7\" class=\"gfield gf_left_half gfield_contains_required field_sublabel_below field_description_below gfield_visibility_visible\" ><label class='gfield_label' for='input_10_7' >Nom<span class=\"gfield_required\"><span class=\"gfield_required gfield_required_asterisk\">*<\/span><\/span><\/label><div class='ginput_container ginput_container_text'><input name='input_7' id='input_10_7' type='text' value='' class='large'     aria-required=\"true\" aria-invalid=\"false\"   \/> <\/div><\/li><li id=\"field_10_8\" class=\"gfield gf_right_half gfield_contains_required field_sublabel_below field_description_below gfield_visibility_visible\" ><label class='gfield_label' for='input_10_8' >Cognoms<span class=\"gfield_required\"><span class=\"gfield_required gfield_required_asterisk\">*<\/span><\/span><\/label><div class='ginput_container ginput_container_text'><input name='input_8' id='input_10_8' type='text' value='' class='large'     aria-required=\"true\" aria-invalid=\"false\"   \/> <\/div><\/li><li id=\"field_10_11\" class=\"gfield gfield_contains_required field_sublabel_below field_description_below gfield_visibility_visible\" ><label class='gfield_label' for='input_10_11' >Localitat<span class=\"gfield_required\"><span class=\"gfield_required gfield_required_asterisk\">*<\/span><\/span><\/label><div class='ginput_container ginput_container_text'><input name='input_11' id='input_10_11' type='text' value='' class='medium'     aria-required=\"true\" aria-invalid=\"false\"   \/> <\/div><\/li><li id=\"field_10_3\" class=\"gfield gfield_contains_required field_sublabel_below field_description_below gfield_visibility_visible\" ><label class='gfield_label' for='input_10_3' >Correu electr\u00f2nic<span class=\"gfield_required\"><span class=\"gfield_required gfield_required_asterisk\">*<\/span><\/span><\/label><div class='ginput_container ginput_container_email'>\n                            <input name='input_3' id='input_10_3' type='email' value='' class='large'    aria-required=\"true\" aria-invalid=\"false\"  \/>\n                        <\/div><\/li><li id=\"field_10_4\" class=\"gfield gfield_contains_required field_sublabel_below field_description_below gfield_visibility_visible\" ><label class='gfield_label' for='input_10_4' >Assumpte<span class=\"gfield_required\"><span class=\"gfield_required gfield_required_asterisk\">*<\/span><\/span><\/label><div class='ginput_container ginput_container_text'><input name='input_4' id='input_10_4' type='text' value='' class='large'     aria-required=\"true\" aria-invalid=\"false\"   \/> <\/div><\/li><li id=\"field_10_5\" class=\"gfield gfield_contains_required field_sublabel_below field_description_below gfield_visibility_visible\" ><label class='gfield_label' for='input_10_5' >Missatge<span class=\"gfield_required\"><span class=\"gfield_required gfield_required_asterisk\">*<\/span><\/span><\/label><div class='ginput_container ginput_container_textarea'><textarea name='input_5' id='input_10_5' class='textarea large'     aria-required=\"true\" aria-invalid=\"false\"   rows='10' cols='50'><\/textarea><\/div><\/li><li id=\"field_10_10\" class=\"gfield gfield_contains_required field_sublabel_below field_description_below gfield_visibility_visible\" ><label class='gfield_label gfield_label_before_complex'  >Pol\u00edtica de privacitat<span class=\"gfield_required\"><span class=\"gfield_required gfield_required_asterisk\">*<\/span><\/span><\/label><div class='ginput_container ginput_container_checkbox'><ul class='gfield_checkbox' id='input_10_10'><li class='gchoice gchoice_10_10_1'>\n\t\t\t\t\t\t\t\t<input class='gfield-choice-input' name='input_10.1' type='checkbox'  value='He llegit i accepto els &lt;a href=&quot;http:\/\/www.fundacionnaturgy.org\/ca\/nota-legal&quot;&gt;termes i condicions d&#039;\u00fas&lt;\/a&gt;'  id='choice_10_10_1'   aria-describedby=\"gfield_description_10_10\"\/>\n\t\t\t\t\t\t\t\t<label for='choice_10_10_1' id='label_10_10_1'>He llegit i accepto els <a href=\"http:\/\/www.fundacionnaturgy.org\/ca\/nota-legal\">termes i condicions d'\u00fas<\/a><\/label>\n\t\t\t\t\t\t\t<\/li><\/ul><\/div><div class='gfield_description' id='gfield_description_10_10'>De conformitat amb el que estableix el Reglament General de Protecci\u00f3 de Dades i la resta de normativa aplicable en protecci\u00f3 de dades, l'informem del tractament de les seves dades per part del responsable del mateix, Fundaci\u00f3 Naturgy, amb domicili en Av. San Luis n\u00ba 77, Madrid 28033, per gestionar els formularis i sol\u00b7licituds de la p\u00e0gina web.\n\nVost\u00e8 t\u00e9 dret a accedir, rectificar i suprimir les dades, limitar el seu tractament, oposar-se al tractament i exercir el seu dret a la portabilitat de les dades de car\u00e0cter personal, en qualsevol moment dirigint-se al Delegat de Protecci\u00f3 de Dades situat a Pla\u00e7a del Gas n\u00fam 1 - 08003 Barcelona amb la refer\u00e8ncia \"Sol\u00b7licitud Protecci\u00f3 de Dades - Fundaci\u00f3\" oa l'adre\u00e7a de correu <a href=\"mailto:dpd-dpo@naturgy.com\">dpd-dpo@naturgy.com<\/a>, adjuntant una c\u00f2pia del document que acrediti la seva identitat (DNI \/ NIE).\n\nLi aconsellem consulteu informaci\u00f3 detallada sobre protecci\u00f3 de dades disponible al nostre web <a href=\"http:\/\/www.fundacionnaturgy.org\/nota-legal\/\">http:\/\/www.fundacionnaturgy.org\/nota-legal\/<\/a> o sol\u00b7licitant el seu enviament per correu electr\u00f2nic.<\/div><\/li><\/ul><\/div>\n        <div class='gform_footer top_label'> <input type='submit' id='gform_submit_button_10' class=\"gform_button button small radius\" value='Enviar'  onclick='if(window[\"gf_submitting_10\"]){return false;}  if( !jQuery(\"#gform_10\")[0].checkValidity || jQuery(\"#gform_10\")[0].checkValidity()){window[\"gf_submitting_10\"]=true;}  ' onkeypress='if( event.keyCode == 13 ){ if(window[\"gf_submitting_10\"]){return false;} if( !jQuery(\"#gform_10\")[0].checkValidity || jQuery(\"#gform_10\")[0].checkValidity()){window[\"gf_submitting_10\"]=true;}  jQuery(\"#gform_10\").trigger(\"submit\",[true]); }' \/> \n            <input type='hidden' class='gform_hidden' name='is_submit_10' value='1' \/>\n            <input type='hidden' class='gform_hidden' name='gform_submit' value='10' \/>\n            \n            <input type='hidden' class='gform_hidden' name='gform_unique_id' value='' \/>\n            <input type='hidden' class='gform_hidden' name='state_10' value='WyJbXSIsIjA1MjUyZDM0MWJiMTM3MDEwMmM2MTQwZmUyYWNiMjZlIl0=' \/>\n            <input type='hidden' class='gform_hidden' name='gform_target_page_number_10' id='gform_target_page_number_10' value='0' \/>\n            <input type='hidden' class='gform_hidden' name='gform_source_page_number_10' id='gform_source_page_number_10' value='1' \/>\n            <input type='hidden' name='gform_field_values' value='' \/>\n            \n        <\/div>\n                        <\/form>\n                        <\/div>[\/vc_column_text][\/vc_column][vc_column width=&#8221;1\/2&#8243;][vc_empty_space height=&#8221;52px&#8221;]<div class=\"gnf-destacado-icono small-text-center medium-text-left row collapse\"><div class=\"gnf-destacado-icono__icono large-4 columns small-text-center medium-text-left \"><div class=\"icon-outer icon-style-default\" style=\"background-color:\"><span class=\"fa fa-info-circle\"><\/span><\/div><\/div><div class=\"gnf-destacado-icono__texto large-8 columns\"><h4><\/h4><\/p>\n<ul>\n<li>Fundaci\u00f3\u00a0Naturgy<\/li>\n<li>Av. San Luis, 77 28033 Madrid<\/li>\n<li><a href=\"mailto:fundacionnaturgy@naturgy.com\"><span class=\"contentLine-56\">fundacionnaturgy@naturgy.com<\/span><\/a><\/li>\n<\/ul>\n<p><\/div><\/div>[\/vc_column][\/vc_row]<\/p>\n","protected":false},"excerpt":{"rendered":"<p>[vc_row][vc_column][\/vc_column][\/vc_row][vc_row][vc_column width=&#8221;1\/2&#8243;][vc_empty_space][vc_column_text][\/vc_column_text][\/vc_column][vc_column width=&#8221;1\/2&#8243;][vc_empty_space height=&#8221;52px&#8221;][\/vc_column][\/vc_row]<\/p>\n","protected":false},"author":1454,"featured_media":0,"parent":0,"menu_order":0,"comment_status":"closed","ping_status":"closed","template":"templates\/full-width.php","meta":{"inline_featured_image":false},"categories":[],"acf":[],"_links":{"self":[{"href":"https:\/\/www.fundacionnaturgy.org\/ca\/wp-json\/wp\/v2\/pages\/42138"}],"collection":[{"href":"https:\/\/www.fundacionnaturgy.org\/ca\/wp-json\/wp\/v2\/pages"}],"about":[{"href":"https:\/\/www.fundacionnaturgy.org\/ca\/wp-json\/wp\/v2\/types\/page"}],"author":[{"embeddable":true,"href":"https:\/\/www.fundacionnaturgy.org\/ca\/wp-json\/wp\/v2\/users\/1454"}],"replies":[{"embeddable":true,"href":"https:\/\/www.fundacionnaturgy.org\/ca\/wp-json\/wp\/v2\/comments?post=42138"}],"version-history":[{"count":0,"href":"https:\/\/www.fundacionnaturgy.org\/ca\/wp-json\/wp\/v2\/pages\/42138\/revisions"}],"wp:attachment":[{"href":"https:\/\/www.fundacionnaturgy.org\/ca\/wp-json\/wp\/v2\/media?parent=42138"}],"wp:term":[{"taxonomy":"category","embeddable":true,"href":"https:\/\/www.fundacionnaturgy.org\/ca\/wp-json\/wp\/v2\/categories?post=42138"}],"curies":[{"name":"wp","href":"https:\/\/api.w.org\/{rel}","templated":true}]}}