{"id":42792,"date":"2018-03-29T13:35:22","date_gmt":"2018-03-29T11:35:22","guid":{"rendered":"https:\/\/www.fundacionnaturgy.org\/ca\/accio-social\/voluntariat-energetic\/"},"modified":"2022-09-26T13:12:21","modified_gmt":"2022-09-26T11:12:21","slug":"voluntariat-energetic","status":"publish","type":"page","link":"https:\/\/www.fundacionnaturgy.org\/ca\/accio-social\/pla-de-vulnerabilitat-energetica\/voluntariat-energetic\/","title":{"rendered":"Voluntariat Energ\u00e8tic"},"content":{"rendered":"<p>[vc_row][vc_column][vc_column_text]<\/p>\n<h2><strong>Al costat dels que m\u00e9s ens necessiten<br \/>\n<\/strong><\/h2>\n<p>[\/vc_column_text][\/vc_column][\/vc_row][vc_row][vc_column][vc_column_text]Voluntaris de Naturgy participen activament en el Pla de Vulnerabilitat Energ\u00e8tica gr\u00e0cies a aquesta iniciativa que els d\u00f3na l&#8217;oportunitat d&#8217;ajudar a\u00a0les persones que m\u00e9s ho necessiten.[\/vc_column_text][\/vc_column][\/vc_row][vc_row][vc_column][vc_single_image image=&#8221;69038&#8243; img_size=&#8221;full&#8221; alignment=&#8221;center&#8221;][\/vc_column][\/vc_row][vc_row][vc_column][vc_column_text]<\/p>\n<h2 style=\"text-align: left;\"><strong>\u00bfQuines iniciatives es desenvolupen actualment?<\/strong><\/h2>\n<p>[\/vc_column_text][\/vc_column][\/vc_row][vc_row][vc_column width=&#8221;1\/2&#8243;][vc_single_image image=&#8221;81346&#8243; img_size=&#8221;full&#8221;][vc_column_text]<\/p>\n<h4><strong>Tallers d\u2019efici\u00e8ncia energ\u00e8tica<\/strong><\/h4>\n<p>[\/vc_column_text][vc_column_text]Formacions per a fam\u00edlies en situaci\u00f3 de vulnerabilitat, impartides per voluntaris de Naturgy, sobre h\u00e0bits d\u2019efici\u00e8ncia energ\u00e8tica, conceptes clau d\u2019estalvi en les factures d\u2019energia i gesti\u00f3 d\u2019ajudes\u00a0com el bo social.[\/vc_column_text][\/vc_column][vc_column width=&#8221;1\/2&#8243;][vc_single_image image=&#8221;81352&#8243; img_size=&#8221;full&#8221;][vc_column_text]<\/p>\n<h4><strong>Rehabilitaci\u00f3 energ\u00e8tica<\/strong><\/h4>\n<p>[\/vc_column_text][vc_column_text]Els nostres voluntaris visiten habitatges de fam\u00edlies vulnerables per detectar possibles intervencions relacionades amb la rehabilitaci\u00f3 expr\u00e9s. En aquestes\u00a0visites aprofiten tamb\u00e9\u00a0per dur a terme assessorament energ\u00e8tic i potenciar h\u00e0bits de consum eficients a casa.[\/vc_column_text][\/vc_column][\/vc_row][vc_row][vc_column width=&#8221;1\/2&#8243;][vc_single_image image=&#8221;81349&#8243; img_size=&#8221;full&#8221;][vc_column_text]<\/p>\n<h4><strong>Tallers amb infantesa i joventut<\/strong><\/h4>\n<p>[\/vc_column_text][vc_column_text]Els m\u00e9s petits s\u00f3n tamb\u00e9 el centre del nostre voluntariat. Per a aix\u00f2, s\u2019hi imparteixen sessions ludicoformatives sobre efici\u00e8ncia energ\u00e8tica, estalvi i sostenibilitat a grups d\u2019infants de prim\u00e0ria i secund\u00e0ria, especialment d\u2019entorns vulnerables.[\/vc_column_text][\/vc_column][vc_column width=&#8221;1\/2&#8243;][vc_single_image image=&#8221;81343&#8243; img_size=&#8221;full&#8221;][vc_column_text]<\/p>\n<h4><strong>Voluntariat <em>online<\/em><\/strong><\/h4>\n<p>[\/vc_column_text][vc_column_text]Un equip de voluntaris assessora de manera telem\u00e0tica fam\u00edlies que s\u00f3n derivades a trav\u00e9s de les entitats socials amb les quals col\u00b7laborem i dels serveis socials dels ajuntaments.[\/vc_column_text][\/vc_column][\/vc_row]<\/p>\n","protected":false},"excerpt":{"rendered":"<p>[vc_row][vc_column][vc_column_text] Al costat dels que m\u00e9s ens necessiten [\/vc_column_text][\/vc_column][\/vc_row][vc_row][vc_column][vc_column_text]Voluntaris de Naturgy participen activament en el Pla de Vulnerabilitat Energ\u00e8tica gr\u00e0cies a aquesta iniciativa que els d\u00f3na l&#8217;oportunitat d&#8217;ajudar a\u00a0les persones<span class=\"more-link\"><a href=\"https:\/\/www.fundacionnaturgy.org\/ca\/accio-social\/pla-de-vulnerabilitat-energetica\/voluntariat-energetic\/\">Llegir m\u00e9s<\/a><\/span><\/p>\n","protected":false},"author":1454,"featured_media":0,"parent":45305,"menu_order":0,"comment_status":"closed","ping_status":"closed","template":"templates\/full-width.php","meta":{"inline_featured_image":false},"categories":[],"acf":[],"_links":{"self":[{"href":"https:\/\/www.fundacionnaturgy.org\/ca\/wp-json\/wp\/v2\/pages\/42792"}],"collection":[{"href":"https:\/\/www.fundacionnaturgy.org\/ca\/wp-json\/wp\/v2\/pages"}],"about":[{"href":"https:\/\/www.fundacionnaturgy.org\/ca\/wp-json\/wp\/v2\/types\/page"}],"author":[{"embeddable":true,"href":"https:\/\/www.fundacionnaturgy.org\/ca\/wp-json\/wp\/v2\/users\/1454"}],"replies":[{"embeddable":true,"href":"https:\/\/www.fundacionnaturgy.org\/ca\/wp-json\/wp\/v2\/comments?post=42792"}],"version-history":[{"count":0,"href":"https:\/\/www.fundacionnaturgy.org\/ca\/wp-json\/wp\/v2\/pages\/42792\/revisions"}],"up":[{"embeddable":true,"href":"https:\/\/www.fundacionnaturgy.org\/ca\/wp-json\/wp\/v2\/pages\/45305"}],"wp:attachment":[{"href":"https:\/\/www.fundacionnaturgy.org\/ca\/wp-json\/wp\/v2\/media?parent=42792"}],"wp:term":[{"taxonomy":"category","embeddable":true,"href":"https:\/\/www.fundacionnaturgy.org\/ca\/wp-json\/wp\/v2\/categories?post=42792"}],"curies":[{"name":"wp","href":"https:\/\/api.w.org\/{rel}","templated":true}]}}