{"id":42941,"date":"2018-04-13T10:45:27","date_gmt":"2018-04-13T08:45:27","guid":{"rendered":"https:\/\/www.fundacionnaturgy.org\/ca\/?page_id=42941"},"modified":"2024-04-29T12:05:45","modified_gmt":"2024-04-29T10:05:45","slug":"aprenentatge-per-servei-aps","status":"publish","type":"page","link":"https:\/\/www.fundacionnaturgy.org\/ca\/educacio-divulgacio\/efigy-education\/aprenentatge-per-servei-aps\/","title":{"rendered":"Aprenentatge-Servei (APS). La despesa energ\u00e8tica"},"content":{"rendered":"<p>[vc_row][vc_column]<div class=\"gnf-texto-destacado\" style=\"background-color:#edf0f1;border-color:#004165;\"><h4 style=\"color:#004165\"><\/h4>L&#8217;Aprenentatge-Servei \u00e9s una <strong>proposta did\u00e0ctica que combina processos d&#8217;aprenentatge i de servei a la comunitat en un sol projecte<\/strong>, ben articulat, en el qual els participants, a trav\u00e9s del seu centre educatiu, es formen tot treballant a partir de necessitats reals de l&#8217;entorn amb l&#8217;objectiu de millorar-lo. Aix\u00ed, es tracta d\u2019un <strong>projecte formatiu\u00a0amb utilitat social<\/strong> en el qual el servei que es presta d\u00f3na sentit a l&#8217;aprenentatge, perqu\u00e8 all\u00f2 que s&#8217;apr\u00e8n es pot transferir a la societat en forma d&#8217;acci\u00f3.<\/p>\n<p><span style=\"color: #333333;\">En definitiva, l&#8217;Aprenentatge-Servei vincula el <strong>coneixement acad\u00e8mic<\/strong> amb l\u2019activitat pr\u00e0ctica, ofereix una experi\u00e8ncia formativa que alhora t\u00e9 <strong>utilitat social<\/strong> i contribueix a la formaci\u00f3 de ciutadans i futurs professionals.<\/span><\/div>[vc_empty_space][\/vc_column][\/vc_row][vc_row][vc_column width=&#8221;2\/3&#8243;][vc_single_image image=&#8221;42948&#8243; img_size=&#8221;full&#8221;][\/vc_column][vc_column width=&#8221;1\/3&#8243;][vc_column_text css=&#8221;.vc_custom_1552918239460{padding-top: 25px !important;padding-right: 25px !important;padding-bottom: 25px !important;padding-left: 25px !important;background-color: #ffcb00 !important;}&#8221;]<\/p>\n<h4><span style=\"color: #004165;\">Experi\u00e8ncia acad\u00e8mica<br \/>\ni social<\/span><\/h4>\n<p>La Fundaci\u00f3 Naturgy\u00a0ha elaborat\u00a0el Programa\u00a0d&#8217;Aprenentatge-Servei\u00a0a l\u2019abast de la comunitat educativa sobre gesti\u00f3 energ\u00e8tica dirigit a alumnes de<strong> 3r <\/strong>i<strong> 4t d\u2019ESO<\/strong>.<\/p>\n<p>El programa s\u2019engloba sota les tem\u00e0tiques de <strong>Medi ambient <\/strong>(cura, conservaci\u00f3 i educaci\u00f3 ambiental),<strong> F\u00edsica<\/strong>,<strong> Qu\u00edmica <\/strong>i<strong> Tecnologia<\/strong>.[\/vc_column_text]<a class=\"gnf-boton oscuro left\" href=\"https:\/\/www.fundacionnaturgy.org\/wp-content\/uploads\/2018\/04\/af_abstract_aps_digital_catok.pdf\" title=\"\" target=\"_self\">Extracte<\/a>[\/vc_column][\/vc_row][vc_row][vc_column][vc_empty_space][vc_text_separator title=&#8221;Objectius&#8221; title_align=&#8221;separator_align_left&#8221; border_width=&#8221;3&#8243;][vc_column_text]<a href=\"https:\/\/www.youtube.com\/watch?v=cCm0jP4yK0k\" target=\"_blank\" rel=\"noopener\"><video poster=\"https:\/\/www.fundacionnaturgy.org\/wp-content\/uploads\/2019\/04\/player-aprendizaje-servicio.jpg\" controls=\"controls\" width=\"100%\" height=\"100%\"><source src=\"https:\/\/www.fundacionnaturgy.org\/wp-content\/uploads\/2019\/05\/aprendizajeservicio_fundacionnaturgy.mp4\" type=\"video\/mp4\" \/><\/video><\/a>[\/vc_column_text][\/vc_column][\/vc_row][vc_row][vc_column width=&#8221;1\/2&#8243;][vc_column_text]<\/p>\n<h4><span style=\"color: #004571;\"><strong>Coneixement<\/strong><\/span><\/h4>\n<p>Explicar conceptes b\u00e0sics referents a l&#8217;estalvi i a l&#8217;efici\u00e8ncia energ\u00e8tica.[\/vc_column_text][vc_column_text]<\/p>\n<h4><span style=\"color: #004571;\"><strong>Esperit\u00a0cr\u00edtic<\/strong><\/span><\/h4>\n<p>Facilitar l\u2019an\u00e0lisi cr\u00edtic de l&#8217;entorn des de la perspectiva energ\u00e8tica i con\u00e8ixer qu\u00e8 es pot fer a nivell individual i col\u00b7lectiu.[\/vc_column_text][vc_column_text]<\/p>\n<h4><span style=\"color: #004571;\"><strong>Conscienciaci\u00f3<\/strong><\/span><\/h4>\n<p>Fomentar actituds de respecte envers el medi ambient.[\/vc_column_text][\/vc_column][vc_column width=&#8221;1\/2&#8243;][vc_empty_space height=&#8221;16px&#8221;][vc_column_text]<\/p>\n<h4><span style=\"color: #004571;\"><strong>Participaci\u00f3<\/strong><\/span><\/h4>\n<p>Realitzar activitats de participaci\u00f3 i de col\u00b7laboraci\u00f3 que promoguin el comprom\u00eds social i democr\u00e0tic.[\/vc_column_text][vc_empty_space height=&#8221;16px&#8221;][vc_column_text]<\/p>\n<h4><span style=\"color: #004571;\"><strong>Transversalitat<\/strong><\/span><\/h4>\n<p>Analitzar les conseq\u00fc\u00e8ncies d\u2019implementar h\u00e0bits i mesures d\u2019estalvi i efici\u00e8ncia energ\u00e8tica, des de la perspectiva econ\u00f2mica, tecnol\u00f2gica, entre d\u2019altres.[\/vc_column_text][\/vc_column][\/vc_row][vc_row][vc_column][vc_empty_space][vc_text_separator title=&#8221;Formaci\u00f3&#8221; title_align=&#8221;separator_align_left&#8221; border_width=&#8221;3&#8243;][vc_empty_space][\/vc_column][\/vc_row][vc_row][vc_column width=&#8221;1\/3&#8243;]<div class=\"gnf-acordeon\"><h3><\/h3><ul class=\"accordion\" data-accordion><li class=\"accordion-navigation\"><a href=\"#panelcontinguts-del-programa-educatiu\">Continguts del programa educatiu<\/a><div class=\"content active\" id=\"panelcontinguts-del-programa-educatiu\">[vc_column_text]<\/p>\n<ul>\n<li>Sostenibilitat, auditoria energ\u00e8tica i efici\u00e8ncia energ\u00e8tica.<\/li>\n<li>Construcci\u00f3 sostenible (reutilitzaci\u00f3 de materials, efici\u00e8ncia en l\u2019\u00fas d\u2019aigua i de l\u2019energia, \u00fas de vegetaci\u00f3 aut\u00f2ctona, etc).<\/li>\n<\/ul>\n<p>[\/vc_column_text]<\/div><\/li><li class=\"accordion-navigation\"><a href=\"#panelarees-curriculars\">\u00c0rees curriculars<\/a><div class=\"content\" id=\"panelarees-curriculars\">[vc_column_text]<\/p>\n<ul>\n<li>Coneixement del medi.<\/li>\n<li>Valors socials i c\u00edvics.<\/li>\n<li>\u00c0mbit digital.<\/li>\n<li>Aprendre a aprendre.<\/li>\n<\/ul>\n<p>[\/vc_column_text]<\/div><\/li><li class=\"accordion-navigation\"><a href=\"#panelcompetencies-curriculars\">Compet\u00e8ncies curriculars<\/a><div class=\"content\" id=\"panelcompetencies-curriculars\">[vc_column_text]<\/p>\n<ul>\n<li>Tractament de la informaci\u00f3 i organitzaci\u00f3 dels entorns de treball i d\u2019aprenentatge.<\/li>\n<li>Objectes i sistemes tecnol\u00f2gics.<\/li>\n<li>Medi\u00a0Ambient.<\/li>\n<li>Social i ciutadana.<\/li>\n<li>Interacci\u00f3 amb el m\u00f3n f\u00edsic.<\/li>\n<\/ul>\n<p>[\/vc_column_text]<\/div><\/li><\/ul><\/div>[\/vc_column][vc_column width=&#8221;2\/3&#8243;][vc_single_image image=&#8221;45204&#8243; img_size=&#8221;full&#8221;][\/vc_column][\/vc_row][vc_row][vc_column][vc_empty_space height=&#8221;18px&#8221;][vc_separator color=&#8221;custom&#8221; accent_color=&#8221;#b2c7d4&#8243;][vc_empty_space height=&#8221;18px&#8221;][\/vc_column][\/vc_row][vc_row][vc_column width=&#8221;2\/3&#8243;][vc_column_text]<\/p>\n<h4><span style=\"color: #e57200;\"><strong>M\u00e9s informaci\u00f3 i peticions per\u00a0a\u00a0participar al programa:<\/strong><\/span><\/h4>\n<h4>Adre\u00e7a electr\u00f2nica:\u00a0<a href=\"mailto:educacionfundacion@naturgy.com\">educacionfundacion@naturgy.com<\/a><\/h4>\n<p>[\/vc_column_text][\/vc_column][vc_column width=&#8221;1\/3&#8243;]<div class=\"gnf-destacado-img\"><a href=\"http:\/\/www.fundacionnaturgy.org\/ca\/divulgacio\/experiencies-itinerants\/activitats-divulgatives\/the-circular-challenge-innovacio-per-a-una-energia-renovable-i-circular\/\" title=\"\" target=\"_self\"><figure class=\"gnf-destacado-img__imagen\"><img width=\"800\" height=\"532\" src=\"https:\/\/www.fundacionnaturgy.org\/wp-content\/uploads\/2018\/11\/fungastic_secundaria-3.jpg\" class=\"attachment-full size-full\" alt=\"fungastic actividades educativas educaci\u00f3n secundaria\" loading=\"lazy\" srcset=\"https:\/\/www.fundacionnaturgy.org\/wp-content\/uploads\/2018\/11\/fungastic_secundaria-3.jpg 800w, https:\/\/www.fundacionnaturgy.org\/wp-content\/uploads\/2018\/11\/fungastic_secundaria-3-300x200.jpg 300w, https:\/\/www.fundacionnaturgy.org\/wp-content\/uploads\/2018\/11\/fungastic_secundaria-3-768x511.jpg 768w, https:\/\/www.fundacionnaturgy.org\/wp-content\/uploads\/2018\/11\/fungastic_secundaria-3-211x140.jpg 211w, https:\/\/www.fundacionnaturgy.org\/wp-content\/uploads\/2018\/11\/fungastic_secundaria-3-450x300.jpg 450w\" sizes=\"(max-width: 800px) 100vw, 800px\" \/><figcaption class=\"link bottom\" style=\"background: rgba(255,255,255,0.9);\"><h4 class=\"left\">Et pot interessar<\/h4><\/figcaption><\/figure><\/a><div class=\"gnf-destacado-img__texto small-only-text-center\"><\/div><\/div>[\/vc_column][\/vc_row]<\/p>\n","protected":false},"excerpt":{"rendered":"<p>[vc_row][vc_column][vc_empty_space][\/vc_column][\/vc_row][vc_row][vc_column width=&#8221;2\/3&#8243;][vc_single_image image=&#8221;42948&#8243; img_size=&#8221;full&#8221;][\/vc_column][vc_column width=&#8221;1\/3&#8243;][vc_column_text css=&#8221;.vc_custom_1552918239460{padding-top: 25px !important;padding-right: 25px !important;padding-bottom: 25px !important;padding-left: 25px !important;background-color: #ffcb00 !important;}&#8221;] Experi\u00e8ncia acad\u00e8mica i social La Fundaci\u00f3 Naturgy\u00a0ha elaborat\u00a0el Programa\u00a0d&#8217;Aprenentatge-Servei\u00a0a l\u2019abast de la comunitat educativa<span class=\"more-link\"><a href=\"https:\/\/www.fundacionnaturgy.org\/ca\/educacio-divulgacio\/efigy-education\/aprenentatge-per-servei-aps\/\">Llegir m\u00e9s<\/a><\/span><\/p>\n","protected":false},"author":1454,"featured_media":0,"parent":45309,"menu_order":0,"comment_status":"closed","ping_status":"closed","template":"templates\/full-width.php","meta":{"inline_featured_image":false},"categories":[],"acf":[],"_links":{"self":[{"href":"https:\/\/www.fundacionnaturgy.org\/ca\/wp-json\/wp\/v2\/pages\/42941"}],"collection":[{"href":"https:\/\/www.fundacionnaturgy.org\/ca\/wp-json\/wp\/v2\/pages"}],"about":[{"href":"https:\/\/www.fundacionnaturgy.org\/ca\/wp-json\/wp\/v2\/types\/page"}],"author":[{"embeddable":true,"href":"https:\/\/www.fundacionnaturgy.org\/ca\/wp-json\/wp\/v2\/users\/1454"}],"replies":[{"embeddable":true,"href":"https:\/\/www.fundacionnaturgy.org\/ca\/wp-json\/wp\/v2\/comments?post=42941"}],"version-history":[{"count":1,"href":"https:\/\/www.fundacionnaturgy.org\/ca\/wp-json\/wp\/v2\/pages\/42941\/revisions"}],"predecessor-version":[{"id":89158,"href":"https:\/\/www.fundacionnaturgy.org\/ca\/wp-json\/wp\/v2\/pages\/42941\/revisions\/89158"}],"up":[{"embeddable":true,"href":"https:\/\/www.fundacionnaturgy.org\/ca\/wp-json\/wp\/v2\/pages\/45309"}],"wp:attachment":[{"href":"https:\/\/www.fundacionnaturgy.org\/ca\/wp-json\/wp\/v2\/media?parent=42941"}],"wp:term":[{"taxonomy":"category","embeddable":true,"href":"https:\/\/www.fundacionnaturgy.org\/ca\/wp-json\/wp\/v2\/categories?post=42941"}],"curies":[{"name":"wp","href":"https:\/\/api.w.org\/{rel}","templated":true}]}}