{"id":43317,"date":"2018-05-03T15:26:28","date_gmt":"2018-05-03T13:26:28","guid":{"rendered":"https:\/\/www.fundacionnaturgy.org\/ca\/formulario-escuela-energia\/"},"modified":"2018-12-14T14:42:47","modified_gmt":"2018-12-14T13:42:47","slug":"formulari-escola-energia","status":"publish","type":"page","link":"https:\/\/www.fundacionnaturgy.org\/ca\/formulari-escola-energia\/","title":{"rendered":"Formulari Escola d&#8217;Energia"},"content":{"rendered":"<p>[vc_row][vc_column]<script type=\"text\/javascript\">var gform;gform||(document.addEventListener(\"gform_main_scripts_loaded\",function(){gform.scriptsLoaded=!0}),window.addEventListener(\"DOMContentLoaded\",function(){gform.domLoaded=!0}),gform={domLoaded:!1,scriptsLoaded:!1,initializeOnLoaded:function(o){gform.domLoaded&&gform.scriptsLoaded?o():!gform.domLoaded&&gform.scriptsLoaded?window.addEventListener(\"DOMContentLoaded\",o):document.addEventListener(\"gform_main_scripts_loaded\",o)},hooks:{action:{},filter:{}},addAction:function(o,n,r,t){gform.addHook(\"action\",o,n,r,t)},addFilter:function(o,n,r,t){gform.addHook(\"filter\",o,n,r,t)},doAction:function(o){gform.doHook(\"action\",o,arguments)},applyFilters:function(o){return gform.doHook(\"filter\",o,arguments)},removeAction:function(o,n){gform.removeHook(\"action\",o,n)},removeFilter:function(o,n,r){gform.removeHook(\"filter\",o,n,r)},addHook:function(o,n,r,t,i){null==gform.hooks[o][n]&&(gform.hooks[o][n]=[]);var e=gform.hooks[o][n];null==i&&(i=n+\"_\"+e.length),gform.hooks[o][n].push({tag:i,callable:r,priority:t=null==t?10:t})},doHook:function(n,o,r){var t;if(r=Array.prototype.slice.call(r,1),null!=gform.hooks[n][o]&&((o=gform.hooks[n][o]).sort(function(o,n){return o.priority-n.priority}),o.forEach(function(o){\"function\"!=typeof(t=o.callable)&&(t=window[t]),\"action\"==n?t.apply(null,r):r[0]=t.apply(null,r)})),\"filter\"==n)return r[0]},removeHook:function(o,n,t,i){var r;null!=gform.hooks[o][n]&&(r=(r=gform.hooks[o][n]).filter(function(o,n,r){return!!(null!=i&&i!=o.tag||null!=t&&t!=o.priority)}),gform.hooks[o][n]=r)}});<\/script>\n                <div class='gf_browser_gecko gform_wrapper gform_legacy_markup_wrapper' id='gform_wrapper_8' ><form method='post' enctype='multipart\/form-data'  id='gform_8'  action='\/ca\/wp-json\/wp\/v2\/pages\/43317' novalidate> \r\n <input type='hidden' class='gforms-pum' value='{\"closepopup\":false,\"closedelay\":0,\"openpopup\":false,\"openpopup_id\":0}' \/>\n                        <div class='gform_body gform-body'><ul id='gform_fields_8' class='gform_fields top_label form_sublabel_below description_below'><li id=\"field_8_1\" class=\"gfield gf_left_half gfield_contains_required field_sublabel_below field_description_below gfield_visibility_visible\" ><label class='gfield_label' for='input_8_1' >Nom<span class=\"gfield_required\"><span class=\"gfield_required gfield_required_asterisk\">*<\/span><\/span><\/label><div class='ginput_container ginput_container_text'><input name='input_1' id='input_8_1' type='text' value='' class='large'     aria-required=\"true\" aria-invalid=\"false\"   \/> <\/div><\/li><li id=\"field_8_2\" class=\"gfield gf_right_half gfield_contains_required field_sublabel_below field_description_below gfield_visibility_visible\" ><label class='gfield_label' for='input_8_2' >Cognoms<span class=\"gfield_required\"><span class=\"gfield_required gfield_required_asterisk\">*<\/span><\/span><\/label><div class='ginput_container ginput_container_text'><input name='input_2' id='input_8_2' type='text' value='' class='large'     aria-required=\"true\" aria-invalid=\"false\"   \/> <\/div><\/li><li id=\"field_8_5\" class=\"gfield gf_right_third gfield_contains_required field_sublabel_below field_description_below gfield_visibility_visible\" ><label class='gfield_label' for='input_8_5' >Email<span class=\"gfield_required\"><span class=\"gfield_required gfield_required_asterisk\">*<\/span><\/span><\/label><div class='ginput_container ginput_container_email'>\n                            <input name='input_5' id='input_8_5' type='email' value='' class='large'    aria-required=\"true\" aria-invalid=\"false\"  \/>\n                        <\/div><\/li><li id=\"field_8_12\" class=\"gfield gf_right_third gfield_contains_required field_sublabel_below field_description_below gfield_visibility_visible\" ><label class='gfield_label' for='input_8_12' >Tel\u00e8fon<span class=\"gfield_required\"><span class=\"gfield_required gfield_required_asterisk\">*<\/span><\/span><\/label><div class='ginput_container ginput_container_email'>\n                            <input name='input_12' id='input_8_12' type='email' value='' class='large'    aria-required=\"true\" aria-invalid=\"false\"  \/>\n                        <\/div><\/li><li id=\"field_8_10\" class=\"gfield gfield_contains_required field_sublabel_below field_description_below gfield_visibility_visible\" ><label class='gfield_label gfield_label_before_complex'  >Demano realitzar una formaci\u00f3 per<span class=\"gfield_required\"><span class=\"gfield_required gfield_required_asterisk\">*<\/span><\/span><\/label><div class='ginput_container ginput_container_checkbox'><ul class='gfield_checkbox' id='input_8_10'><li class='gchoice gchoice_8_10_1'>\n\t\t\t\t\t\t\t\t<input class='gfield-choice-input' name='input_10.1' type='checkbox'  value='Entitat de l&#039;Administraci\u00f3 p\u00fablica'  id='choice_8_10_1'   \/>\n\t\t\t\t\t\t\t\t<label for='choice_8_10_1' id='label_8_10_1'>Entitat de l'Administraci\u00f3 p\u00fablica<\/label>\n\t\t\t\t\t\t\t<\/li><li class='gchoice gchoice_8_10_2'>\n\t\t\t\t\t\t\t\t<input class='gfield-choice-input' name='input_10.2' type='checkbox'  value='Entitat del Tercer Sector'  id='choice_8_10_2'   \/>\n\t\t\t\t\t\t\t\t<label for='choice_8_10_2' id='label_8_10_2'>Entitat del Tercer Sector<\/label>\n\t\t\t\t\t\t\t<\/li><li class='gchoice gchoice_8_10_3'>\n\t\t\t\t\t\t\t\t<input class='gfield-choice-input' name='input_10.3' type='checkbox'  value='Centres de gent gran'  id='choice_8_10_3'   \/>\n\t\t\t\t\t\t\t\t<label for='choice_8_10_3' id='label_8_10_3'>Centres de gent gran<\/label>\n\t\t\t\t\t\t\t<\/li><li class='gchoice gchoice_8_10_4'>\n\t\t\t\t\t\t\t\t<input class='gfield-choice-input' name='input_10.4' type='checkbox'  value='Altres'  id='choice_8_10_4'   \/>\n\t\t\t\t\t\t\t\t<label for='choice_8_10_4' id='label_8_10_4'>Altres<\/label>\n\t\t\t\t\t\t\t<\/li><\/ul><\/div><\/li><li id=\"field_8_13\" class=\"gfield gfield_contains_required field_sublabel_below field_description_below gfield_visibility_visible\" ><label class='gfield_label gfield_label_before_complex'  >La formaci\u00f3 anir\u00e0 dirigida a<span class=\"gfield_required\"><span class=\"gfield_required gfield_required_asterisk\">*<\/span><\/span><\/label><div class='ginput_container ginput_container_checkbox'><ul class='gfield_checkbox' id='input_8_13'><li class='gchoice gchoice_8_13_1'>\n\t\t\t\t\t\t\t\t<input class='gfield-choice-input' name='input_13.1' type='checkbox'  value='Professionals i voluntaris'  id='choice_8_13_1'   \/>\n\t\t\t\t\t\t\t\t<label for='choice_8_13_1' id='label_8_13_1'>Professionals i voluntaris<\/label>\n\t\t\t\t\t\t\t<\/li><li class='gchoice gchoice_8_13_2'>\n\t\t\t\t\t\t\t\t<input class='gfield-choice-input' name='input_13.2' type='checkbox'  value='Fam\u00edlies'  id='choice_8_13_2'   \/>\n\t\t\t\t\t\t\t\t<label for='choice_8_13_2' id='label_8_13_2'>Fam\u00edlies<\/label>\n\t\t\t\t\t\t\t<\/li><\/ul><\/div><\/li><li id=\"field_8_11\" class=\"gfield gfield_contains_required field_sublabel_below field_description_below gfield_visibility_visible\" ><label class='gfield_label' for='input_8_11' >Vull organitzar-la a<span class=\"gfield_required\"><span class=\"gfield_required gfield_required_asterisk\">*<\/span><\/span><\/label><div class='ginput_container ginput_container_multiselect'><select multiple='multiple'  size='7' name='input_11[]' id='input_8_11' class='medium gfield_select'   aria-invalid=\"false\" aria-required=\"true\" ><option value='Andalusia' >Andalusia<\/option><option value='Cant\u00e0bria' >Cant\u00e0bria<\/option><option value='Castella i Lle\u00f3' >Castella i Lle\u00f3<\/option><option value='Castella-La Manxa' >Castella-La Manxa<\/option><option value='Catalunya' >Catalunya<\/option><option value='Comunitat Valenciana' >Comunitat Valenciana<\/option><option value='Gal\u00edcia' >Gal\u00edcia<\/option><option value='Madrid' >Madrid<\/option><option value='Altres' >Altres<\/option><\/select><\/div><\/li><li id=\"field_8_14\" class=\"gfield field_sublabel_below field_description_below gfield_visibility_visible\" ><label class='gfield_label' for='input_8_14' >Observacions<\/label><div class='ginput_container ginput_container_textarea'><textarea name='input_14' id='input_8_14' class='textarea medium'      aria-invalid=\"false\"   rows='10' cols='50'><\/textarea><\/div><\/li><li id=\"field_8_15\" class=\"gfield gfield_contains_required field_sublabel_below field_description_below gfield_visibility_visible\" ><label class='gfield_label gfield_label_before_complex'  >Pol\u00edtica de privacitat<span class=\"gfield_required\"><span class=\"gfield_required gfield_required_asterisk\">*<\/span><\/span><\/label><div class='ginput_container ginput_container_checkbox'><ul class='gfield_checkbox' id='input_8_15'><li class='gchoice gchoice_8_15_1'>\n\t\t\t\t\t\t\t\t<input class='gfield-choice-input' name='input_15.1' type='checkbox'  value='He llegit i accepto els &lt;a href=&quot;http:\/\/www.fundacionnaturgy.org\/ca\/nota-legal&quot;&gt;termes i condicions d&#039;\u00fas&lt;\/a&gt;'  id='choice_8_15_1'   aria-describedby=\"gfield_description_8_15\"\/>\n\t\t\t\t\t\t\t\t<label for='choice_8_15_1' id='label_8_15_1'>He llegit i accepto els <a href=\"http:\/\/www.fundacionnaturgy.org\/ca\/nota-legal\">termes i condicions d'\u00fas<\/a><\/label>\n\t\t\t\t\t\t\t<\/li><\/ul><\/div><div class='gfield_description' id='gfield_description_8_15'>De conformitat amb el que estableix el Reglament General de Protecci\u00f3 de Dades i la resta de normativa aplicable en protecci\u00f3 de dades, l'informem del tractament de les seves dades per part del responsable del mateix, Fundaci\u00f3 Naturgy, amb domicili en Av. San Luis n\u00ba 77, Madrid 28033, per gestionar els formularis i sol\u00b7licituds de la p\u00e0gina web.\n\nVost\u00e8 t\u00e9 dret a accedir, rectificar i suprimir les dades, limitar el seu tractament, oposar-se al tractament i exercir el seu dret a la portabilitat de les dades de car\u00e0cter personal, en qualsevol moment dirigint-se al Delegat de Protecci\u00f3 de Dades situat a Pla\u00e7a del Gas n\u00fam 1 - 08003 Barcelona amb la refer\u00e8ncia \"Sol\u00b7licitud Protecci\u00f3 de Dades - Fundaci\u00f3\" oa l'adre\u00e7a de correu <a href=\"mailto:dpd-dpo@naturgy.com\">dpd-dpo@naturgy.com<\/a>, adjuntant una c\u00f2pia del document que acrediti la seva identitat (DNI \/ NIE).\n\nLi aconsellem consulteu informaci\u00f3 detallada sobre protecci\u00f3 de dades disponible al nostre web <a href=\"http:\/\/www.fundacionnaturgy.org\/ca\/nota-legal\/\">http:\/\/www.fundacionnaturgy.org\/ca\/nota-legal\/<\/a> o sol\u00b7licitant el seu enviament per correu electr\u00f2nic.<\/div><\/li><\/ul><\/div>\n        <div class='gform_footer top_label'> <input type='submit' id='gform_submit_button_8' class=\"gform_button button small radius\" value='Enviar'  onclick='if(window[\"gf_submitting_8\"]){return false;}  if( !jQuery(\"#gform_8\")[0].checkValidity || jQuery(\"#gform_8\")[0].checkValidity()){window[\"gf_submitting_8\"]=true;}  ' onkeypress='if( event.keyCode == 13 ){ if(window[\"gf_submitting_8\"]){return false;} if( !jQuery(\"#gform_8\")[0].checkValidity || jQuery(\"#gform_8\")[0].checkValidity()){window[\"gf_submitting_8\"]=true;}  jQuery(\"#gform_8\").trigger(\"submit\",[true]); }' \/> \n            <input type='hidden' class='gform_hidden' name='is_submit_8' value='1' \/>\n            <input type='hidden' class='gform_hidden' name='gform_submit' value='8' \/>\n            \n            <input type='hidden' class='gform_hidden' name='gform_unique_id' value='' \/>\n            <input type='hidden' class='gform_hidden' name='state_8' value='WyJbXSIsIjA1MjUyZDM0MWJiMTM3MDEwMmM2MTQwZmUyYWNiMjZlIl0=' \/>\n            <input type='hidden' class='gform_hidden' name='gform_target_page_number_8' id='gform_target_page_number_8' value='0' \/>\n            <input type='hidden' class='gform_hidden' name='gform_source_page_number_8' id='gform_source_page_number_8' value='1' \/>\n            <input type='hidden' name='gform_field_values' value='' \/>\n            \n        <\/div>\n                        <\/form>\n                        <\/div>[\/vc_column][\/vc_row]<\/p>\n","protected":false},"excerpt":{"rendered":"<p>[vc_row][vc_column][\/vc_column][\/vc_row]<\/p>\n","protected":false},"author":1454,"featured_media":0,"parent":0,"menu_order":0,"comment_status":"closed","ping_status":"closed","template":"templates\/full-width.php","meta":{"inline_featured_image":false},"categories":[],"acf":[],"_links":{"self":[{"href":"https:\/\/www.fundacionnaturgy.org\/ca\/wp-json\/wp\/v2\/pages\/43317"}],"collection":[{"href":"https:\/\/www.fundacionnaturgy.org\/ca\/wp-json\/wp\/v2\/pages"}],"about":[{"href":"https:\/\/www.fundacionnaturgy.org\/ca\/wp-json\/wp\/v2\/types\/page"}],"author":[{"embeddable":true,"href":"https:\/\/www.fundacionnaturgy.org\/ca\/wp-json\/wp\/v2\/users\/1454"}],"replies":[{"embeddable":true,"href":"https:\/\/www.fundacionnaturgy.org\/ca\/wp-json\/wp\/v2\/comments?post=43317"}],"version-history":[{"count":0,"href":"https:\/\/www.fundacionnaturgy.org\/ca\/wp-json\/wp\/v2\/pages\/43317\/revisions"}],"wp:attachment":[{"href":"https:\/\/www.fundacionnaturgy.org\/ca\/wp-json\/wp\/v2\/media?parent=43317"}],"wp:term":[{"taxonomy":"category","embeddable":true,"href":"https:\/\/www.fundacionnaturgy.org\/ca\/wp-json\/wp\/v2\/categories?post=43317"}],"curies":[{"name":"wp","href":"https:\/\/api.w.org\/{rel}","templated":true}]}}