{"id":45164,"date":"2018-06-20T13:33:48","date_gmt":"2018-06-20T11:33:48","guid":{"rendered":"https:\/\/www.fundacionnaturgy.org\/ca\/la-magia-de-lenergia\/"},"modified":"2020-11-10T10:45:50","modified_gmt":"2020-11-10T09:45:50","slug":"la-magia-de-lenergia","status":"publish","type":"page","link":"https:\/\/www.fundacionnaturgy.org\/ca\/educacio-divulgacio\/efigy-education\/recursos-presencials-per-a-laula\/la-magia-de-lenergia\/","title":{"rendered":"Tercer i Quart d&#8217;Educaci\u00f3 Prim\u00e0ria. Energy Quizz"},"content":{"rendered":"<p>[vc_row][vc_column width=&#8221;1\/2&#8243;][vc_single_image image=&#8221;65826&#8243; img_size=&#8221;500&#215;373&#8243;][\/vc_column][vc_column width=&#8221;1\/2&#8243;][vc_single_image image=&#8221;76119&#8243; img_size=&#8221;medium&#8221; alignment=&#8221;center&#8221;][vc_row_inner][vc_column_inner width=&#8221;1\/3&#8243;][\/vc_column_inner][vc_column_inner width=&#8221;1\/3&#8243;]<a class=\"gnf-boton oscuro left\" href=\"https:\/\/www.fundacionnaturgy.org\/wp-content\/uploads\/2018\/06\/fd-energy-quiz-cat-ok-1.pdf\" title=\"\" target=\"_self\">Fitxa did\u00e0ctica<\/a>[\/vc_column_inner][vc_column_inner width=&#8221;1\/3&#8243;][\/vc_column_inner][\/vc_row_inner][\/vc_column][\/vc_row][vc_row][vc_column width=&#8221;1\/2&#8243;][vc_column_text]<\/p>\n<h3>Descripci\u00f3 de l&#8217;activitat<\/h3>\n<p>Mitjan\u00e7ant el <strong>Programa Efigy Education<\/strong>, la Fundaci\u00f3 Naturgy ofereix als grups escolars de Tercer i Quart d&#8217;Educaci\u00f3 Prim\u00e0ria aquest taller a l&#8217;aula titulat &#8220;Energy Quizz&#8221;.<\/p>\n<p>A trav\u00e9s d\u2019un concurs amb tauletes digitals, els alumnes, dividits en grups, hauran de resoldre q\u00fcestions sobre l\u2019energia, l\u2019efici\u00e8ncia i la transici\u00f3 energ\u00e8tica.<\/p>\n<p>Durant el concurs es faran experimentacions participatives per entendre millor els conceptes.<\/p>\n<p>A concursar![\/vc_column_text][\/vc_column][vc_column width=&#8221;1\/2&#8243;][vc_column_text]<\/p>\n<h3>Objectius<\/h3>\n<ul>\n<li>Reflexionar sobre la quantitat d\u2019energia que utilitzem habitualment.<\/li>\n<li>Experimentar amb la transformaci\u00f3 d\u2019energia.<\/li>\n<li>Aprendre nous models energ\u00e8tics i innovadors.<\/li>\n<li>Entendre la necessitat de la descarbonitzaci\u00f3.<\/li>\n<\/ul>\n<p>[\/vc_column_text][\/vc_column][\/vc_row][vc_row][vc_column width=&#8221;1\/2&#8243;][vc_column_text]<\/p>\n<h3>Compet\u00e8ncies<\/h3>\n<ul>\n<li>Conviure i habitar el m\u00f3n.<\/li>\n<li>Coneixement i interacci\u00f3 amb el m\u00f3n f\u00edsic.<\/li>\n<li>Compet\u00e8ncia social i ciutadana.<\/li>\n<li>Aprendre a aprendre.<\/li>\n<\/ul>\n<h3><\/h3>\n<p>[\/vc_column_text][\/vc_column][vc_column width=&#8221;1\/2&#8243;][vc_column_text]<\/p>\n<h3>Informaci\u00f3 pr\u00e0ctica<\/h3>\n<ul>\n<li>Horaris: de dilluns a divendres, mat\u00ed i tarda.<\/li>\n<li>Durada de les activitats:<strong>\u00a0<\/strong>60\u00a0minuts.<\/li>\n<li>Tipologia: taller.<\/li>\n<li>Preu:\u00a0gratu\u00eft<\/li>\n<\/ul>\n<p>[\/vc_column_text][vc_column_text]<\/p>\n<h3>Nivell educatiu<\/h3>\n<ul>\n<li>Cicle mitj\u00e0.<\/li>\n<\/ul>\n<p>[\/vc_column_text][\/vc_column][\/vc_row][vc_row][vc_column width=&#8221;1\/2&#8243;]<a class=\"gnf-boton oscuro left\" href=\"mailto:efigyeducation@naturgy.com\" title=\"\" target=\"_self\">M\u00e9s informaci\u00f3<\/a>[\/vc_column][vc_column width=&#8221;1\/2&#8243;][\/vc_column][\/vc_row]<\/p>\n","protected":false},"excerpt":{"rendered":"<p>[vc_row][vc_column width=&#8221;1\/2&#8243;][vc_single_image image=&#8221;65826&#8243; img_size=&#8221;500&#215;373&#8243;][\/vc_column][vc_column width=&#8221;1\/2&#8243;][vc_single_image image=&#8221;76119&#8243; img_size=&#8221;medium&#8221; alignment=&#8221;center&#8221;][vc_row_inner][vc_column_inner width=&#8221;1\/3&#8243;][\/vc_column_inner][vc_column_inner width=&#8221;1\/3&#8243;][\/vc_column_inner][vc_column_inner width=&#8221;1\/3&#8243;][\/vc_column_inner][\/vc_row_inner][\/vc_column][\/vc_row][vc_row][vc_column width=&#8221;1\/2&#8243;][vc_column_text] Descripci\u00f3 de l&#8217;activitat Mitjan\u00e7ant el Programa Efigy Education, la Fundaci\u00f3 Naturgy ofereix als grups escolars de Tercer i<span class=\"more-link\"><a href=\"https:\/\/www.fundacionnaturgy.org\/ca\/educacio-divulgacio\/efigy-education\/recursos-presencials-per-a-laula\/la-magia-de-lenergia\/\">Llegir m\u00e9s<\/a><\/span><\/p>\n","protected":false},"author":1454,"featured_media":0,"parent":45312,"menu_order":0,"comment_status":"closed","ping_status":"closed","template":"templates\/full-width.php","meta":{"inline_featured_image":false},"categories":[],"acf":[],"_links":{"self":[{"href":"https:\/\/www.fundacionnaturgy.org\/ca\/wp-json\/wp\/v2\/pages\/45164"}],"collection":[{"href":"https:\/\/www.fundacionnaturgy.org\/ca\/wp-json\/wp\/v2\/pages"}],"about":[{"href":"https:\/\/www.fundacionnaturgy.org\/ca\/wp-json\/wp\/v2\/types\/page"}],"author":[{"embeddable":true,"href":"https:\/\/www.fundacionnaturgy.org\/ca\/wp-json\/wp\/v2\/users\/1454"}],"replies":[{"embeddable":true,"href":"https:\/\/www.fundacionnaturgy.org\/ca\/wp-json\/wp\/v2\/comments?post=45164"}],"version-history":[{"count":0,"href":"https:\/\/www.fundacionnaturgy.org\/ca\/wp-json\/wp\/v2\/pages\/45164\/revisions"}],"up":[{"embeddable":true,"href":"https:\/\/www.fundacionnaturgy.org\/ca\/wp-json\/wp\/v2\/pages\/45312"}],"wp:attachment":[{"href":"https:\/\/www.fundacionnaturgy.org\/ca\/wp-json\/wp\/v2\/media?parent=45164"}],"wp:term":[{"taxonomy":"category","embeddable":true,"href":"https:\/\/www.fundacionnaturgy.org\/ca\/wp-json\/wp\/v2\/categories?post=45164"}],"curies":[{"name":"wp","href":"https:\/\/api.w.org\/{rel}","templated":true}]}}