{"id":45168,"date":"2018-06-20T13:45:52","date_gmt":"2018-06-20T11:45:52","guid":{"rendered":"https:\/\/www.fundacionnaturgy.org\/ca\/les-energies-del-futur\/"},"modified":"2020-11-10T11:02:13","modified_gmt":"2020-11-10T10:02:13","slug":"les-energies-del-futur","status":"publish","type":"page","link":"https:\/\/www.fundacionnaturgy.org\/ca\/educacio-divulgacio\/efigy-education\/recursos-presencials-per-a-laula\/les-energies-del-futur\/","title":{"rendered":"Cinqu\u00e8 i Sis\u00e8 d&#8217;Educaci\u00f3 Prim\u00e0ria. L\u2019energia d\u2019avui: el nostre repte"},"content":{"rendered":"<p>[vc_row][vc_column width=&#8221;1\/2&#8243;][vc_images_carousel images=&#8221;69539,69536,69545&#8243; img_size=&#8221;full&#8221; onclick=&#8221;link_no&#8221; speed=&#8221;3000&#8243; autoplay=&#8221;yes&#8221; wrap=&#8221;yes&#8221;][\/vc_column][vc_column width=&#8221;1\/2&#8243;][vc_single_image image=&#8221;76119&#8243; img_size=&#8221;medium&#8221; alignment=&#8221;center&#8221;][vc_row_inner][vc_column_inner width=&#8221;1\/3&#8243;][\/vc_column_inner][vc_column_inner width=&#8221;1\/3&#8243;]<a class=\"gnf-boton oscuro left\" href=\"https:\/\/www.fundacionnaturgy.org\/wp-content\/uploads\/2018\/06\/fd-lenergia-davui-el-nostre-repte-cat.pdf\" title=\"\" target=\"_self\">Fitxa did\u00e0ctica<\/a>[\/vc_column_inner][vc_column_inner width=&#8221;1\/3&#8243;][\/vc_column_inner][\/vc_row_inner][\/vc_column][\/vc_row][vc_row][vc_column][vc_empty_space][\/vc_column][\/vc_row][vc_row][vc_column width=&#8221;1\/2&#8243;][vc_column_text]<\/p>\n<h3>Descripci\u00f3 de l&#8217;activitat<\/h3>\n<p>Mitjan\u00e7ant el <strong>Programa Efigy Education<\/strong>, la\u00a0Fundaci\u00f3 Naturgy ofereix als grups escolars de Cinqu\u00e8 i Sis\u00e8 d&#8217;Educaci\u00f3 Prim\u00e0ria aquest taller a l&#8217;aula titulat &#8220;L&#8217;energia d&#8217;avui: el nostre repte&#8221;.<\/p>\n<p>A trav\u00e9s de cinc reptes, els alumnes, en grups, coneixeran les fonts d\u2019energia i els seus impactes mentre desenvolupen la seva habilitat manipulativa i <em>maker<\/em>\u00a0per fer funcionar diferents <em>gadgets<\/em>.[\/vc_column_text][\/vc_column][vc_column width=&#8221;1\/2&#8243;][vc_column_text]<\/p>\n<h3>Objectius<\/h3>\n<ul>\n<li>Identificar diferents tipus d\u2019energia i reflexionar sobre els seus avantatges i inconvenients.<\/li>\n<li>Fomentar les actituds cr\u00edtiques sobre aquelles actuacions que suposen un ab\u00fas de les energies no renovables.<\/li>\n<li>Fomentar conductes individuals per a la sostenibilitat del planeta.<\/li>\n<\/ul>\n<p>[\/vc_column_text][\/vc_column][\/vc_row][vc_row][vc_column width=&#8221;1\/2&#8243;][vc_column_text]<\/p>\n<h3>Compet\u00e8ncies<\/h3>\n<ul>\n<li>Coneixement i interacci\u00f3 amb el m\u00f3n f\u00edsic<\/li>\n<li>Aprendre a aprendre<\/li>\n<\/ul>\n<p>[\/vc_column_text][\/vc_column][vc_column width=&#8221;1\/2&#8243;][vc_column_text]<\/p>\n<h3>Informaci\u00f3 pr\u00e0ctica<\/h3>\n<ul>\n<li>Horaris: de dilluns a divendres, mat\u00ed i tarda.<\/li>\n<li>Durada de les activitats:\u00a060\u00a0minuts.<\/li>\n<li>Tipologia: taller.<\/li>\n<li>Preu:\u00a0gratu\u00eft.<\/li>\n<\/ul>\n<p>[\/vc_column_text][vc_column_text]<\/p>\n<h3>Nivell educatiu<\/h3>\n<ul>\n<li>Cicle superior.<\/li>\n<\/ul>\n<p>[\/vc_column_text][\/vc_column][\/vc_row][vc_row][vc_column width=&#8221;1\/2&#8243;]<a class=\"gnf-boton oscuro left\" href=\"mailto:efigyeducation@naturgy.com\" title=\"\" target=\"_self\">M\u00e9s informaci\u00f3<\/a>[\/vc_column][vc_column width=&#8221;1\/2&#8243;][\/vc_column][\/vc_row]<\/p>\n","protected":false},"excerpt":{"rendered":"<p>[vc_row][vc_column width=&#8221;1\/2&#8243;][vc_images_carousel images=&#8221;69539,69536,69545&#8243; img_size=&#8221;full&#8221; onclick=&#8221;link_no&#8221; speed=&#8221;3000&#8243; autoplay=&#8221;yes&#8221; wrap=&#8221;yes&#8221;][\/vc_column][vc_column width=&#8221;1\/2&#8243;][vc_single_image image=&#8221;76119&#8243; img_size=&#8221;medium&#8221; alignment=&#8221;center&#8221;][vc_row_inner][vc_column_inner width=&#8221;1\/3&#8243;][\/vc_column_inner][vc_column_inner width=&#8221;1\/3&#8243;][\/vc_column_inner][vc_column_inner width=&#8221;1\/3&#8243;][\/vc_column_inner][\/vc_row_inner][\/vc_column][\/vc_row][vc_row][vc_column][vc_empty_space][\/vc_column][\/vc_row][vc_row][vc_column width=&#8221;1\/2&#8243;][vc_column_text] Descripci\u00f3 de l&#8217;activitat Mitjan\u00e7ant el Programa Efigy Education, la\u00a0Fundaci\u00f3 Naturgy ofereix als grups escolars<span class=\"more-link\"><a href=\"https:\/\/www.fundacionnaturgy.org\/ca\/educacio-divulgacio\/efigy-education\/recursos-presencials-per-a-laula\/les-energies-del-futur\/\">Llegir m\u00e9s<\/a><\/span><\/p>\n","protected":false},"author":1454,"featured_media":0,"parent":45312,"menu_order":0,"comment_status":"closed","ping_status":"closed","template":"templates\/full-width.php","meta":{"inline_featured_image":false},"categories":[],"acf":[],"_links":{"self":[{"href":"https:\/\/www.fundacionnaturgy.org\/ca\/wp-json\/wp\/v2\/pages\/45168"}],"collection":[{"href":"https:\/\/www.fundacionnaturgy.org\/ca\/wp-json\/wp\/v2\/pages"}],"about":[{"href":"https:\/\/www.fundacionnaturgy.org\/ca\/wp-json\/wp\/v2\/types\/page"}],"author":[{"embeddable":true,"href":"https:\/\/www.fundacionnaturgy.org\/ca\/wp-json\/wp\/v2\/users\/1454"}],"replies":[{"embeddable":true,"href":"https:\/\/www.fundacionnaturgy.org\/ca\/wp-json\/wp\/v2\/comments?post=45168"}],"version-history":[{"count":0,"href":"https:\/\/www.fundacionnaturgy.org\/ca\/wp-json\/wp\/v2\/pages\/45168\/revisions"}],"up":[{"embeddable":true,"href":"https:\/\/www.fundacionnaturgy.org\/ca\/wp-json\/wp\/v2\/pages\/45312"}],"wp:attachment":[{"href":"https:\/\/www.fundacionnaturgy.org\/ca\/wp-json\/wp\/v2\/media?parent=45168"}],"wp:term":[{"taxonomy":"category","embeddable":true,"href":"https:\/\/www.fundacionnaturgy.org\/ca\/wp-json\/wp\/v2\/categories?post=45168"}],"curies":[{"name":"wp","href":"https:\/\/api.w.org\/{rel}","templated":true}]}}