{"id":45185,"date":"2018-06-20T14:18:31","date_gmt":"2018-06-20T12:18:31","guid":{"rendered":"https:\/\/www.fundacionnaturgy.org\/ca\/lenergia-en-joc\/"},"modified":"2020-11-10T11:07:09","modified_gmt":"2020-11-10T10:07:09","slug":"lenergia-en-joc","status":"publish","type":"page","link":"https:\/\/www.fundacionnaturgy.org\/ca\/educacio-divulgacio\/efigy-education\/recursos-presencials-per-a-laula\/lenergia-en-joc\/","title":{"rendered":"Educaci\u00f3 Secund\u00e0ria Obligat\u00f2ria. L&#8217;energia en joc"},"content":{"rendered":"<p>[vc_row][vc_column width=&#8221;1\/2&#8243;][vc_images_carousel images=&#8221;70397,70394,70408&#8243; img_size=&#8221;full&#8221; onclick=&#8221;link_no&#8221; speed=&#8221;3000&#8243; autoplay=&#8221;yes&#8221; wrap=&#8221;yes&#8221;][\/vc_column][vc_column width=&#8221;1\/2&#8243;][vc_single_image image=&#8221;76119&#8243; img_size=&#8221;medium&#8221; alignment=&#8221;center&#8221;][vc_row_inner][vc_column_inner width=&#8221;1\/3&#8243;][\/vc_column_inner][vc_column_inner width=&#8221;1\/3&#8243;]<a class=\"gnf-boton oscuro left\" href=\"https:\/\/www.fundacionnaturgy.org\/wp-content\/uploads\/2018\/06\/fd-lenergia-en-joc-cat.pdf\" title=\"\" target=\"_self\">Fitxa did\u00e0ctica<\/a>[\/vc_column_inner][vc_column_inner width=&#8221;1\/3&#8243;][\/vc_column_inner][\/vc_row_inner][\/vc_column][\/vc_row][vc_row][vc_column][vc_empty_space][\/vc_column][\/vc_row][vc_row][vc_column width=&#8221;1\/2&#8243;][vc_column_text]<\/p>\n<h3>Descripci\u00f3 de l&#8217;activitat<\/h3>\n<p>Mitjan\u00e7ant el <strong>Programa Efigy Education<\/strong>, la\u00a0Fundaci\u00f3 Naturgy ofereix als grups escolars d&#8217;Educaci\u00f3 Secund\u00e0ria Obligat\u00f2ria aquest taller a l&#8217;aula titulat &#8220;L&#8217;energia en joc&#8221;.<\/p>\n<p>Els alumnes, distribu\u00efts en quatre grups, es convertiran en una empresa energ\u00e8tica i hauran d\u2019invertir en diferents centrals per poder subministrar l\u2019energia de la seva ciutat, tenint en compte la garantia de subministrament, l\u2019impacte ambiental i l\u2019emissi\u00f3 dels gasos.[\/vc_column_text][\/vc_column][vc_column width=&#8221;1\/2&#8243;][vc_column_text]<\/p>\n<h3>Objectius<\/h3>\n<ul>\n<li>Con\u00e8ixer el mix energ\u00e8tic actual.<\/li>\n<li>Entendre millor les dificultats d\u2019implementar un model de gesti\u00f3 energ\u00e8tica sostenible.<\/li>\n<li>Con\u00e8ixer quina \u00e9s la situaci\u00f3 actual quant a energies, repte energ\u00e8tic i la tend\u00e8ncia actual.<\/li>\n<li>Treballar compet\u00e8ncies logicomatem\u00e0tiques.<\/li>\n<\/ul>\n<p>[\/vc_column_text][\/vc_column][\/vc_row][vc_row][vc_column width=&#8221;1\/2&#8243;][vc_column_text]<\/p>\n<h3>Compet\u00e8ncies<\/h3>\n<ul>\n<li>Coneixement i interacci\u00f3 amb el m\u00f3n f\u00edsic.<\/li>\n<li>Gesti\u00f3 i tractament de la informaci\u00f3<\/li>\n<li>Aprendre a aprendre<\/li>\n<\/ul>\n<p>[\/vc_column_text][\/vc_column][vc_column width=&#8221;1\/2&#8243;][vc_column_text]<\/p>\n<h3>Informaci\u00f3 pr\u00e0ctica<\/h3>\n<ul>\n<li>Horaris: De dilluns a divendres, mat\u00ed i tarda.<\/li>\n<li>Durada de les activitats:<strong>\u00a0<\/strong>90 minuts.<\/li>\n<li>Tipologia: taller.<\/li>\n<li>Preu: gratu\u00eft.<\/li>\n<\/ul>\n<p>[\/vc_column_text][vc_column_text]<\/p>\n<h3>Nivell educatiu<\/h3>\n<ul>\n<li>ESO.<\/li>\n<\/ul>\n<p>[\/vc_column_text][\/vc_column][\/vc_row][vc_row][vc_column width=&#8221;1\/2&#8243;]<a class=\"gnf-boton oscuro left\" href=\"mailto:efigyeducation@naturgy.com\" title=\"\" target=\"_self\">M\u00e9s informaci\u00f3<\/a>[\/vc_column][vc_column width=&#8221;1\/2&#8243;][\/vc_column][\/vc_row]<\/p>\n","protected":false},"excerpt":{"rendered":"<p>[vc_row][vc_column width=&#8221;1\/2&#8243;][vc_images_carousel images=&#8221;70397,70394,70408&#8243; img_size=&#8221;full&#8221; onclick=&#8221;link_no&#8221; speed=&#8221;3000&#8243; autoplay=&#8221;yes&#8221; wrap=&#8221;yes&#8221;][\/vc_column][vc_column width=&#8221;1\/2&#8243;][vc_single_image image=&#8221;76119&#8243; img_size=&#8221;medium&#8221; alignment=&#8221;center&#8221;][vc_row_inner][vc_column_inner width=&#8221;1\/3&#8243;][\/vc_column_inner][vc_column_inner width=&#8221;1\/3&#8243;][\/vc_column_inner][vc_column_inner width=&#8221;1\/3&#8243;][\/vc_column_inner][\/vc_row_inner][\/vc_column][\/vc_row][vc_row][vc_column][vc_empty_space][\/vc_column][\/vc_row][vc_row][vc_column width=&#8221;1\/2&#8243;][vc_column_text] Descripci\u00f3 de l&#8217;activitat Mitjan\u00e7ant el Programa Efigy Education, la\u00a0Fundaci\u00f3 Naturgy ofereix als grups escolars<span class=\"more-link\"><a href=\"https:\/\/www.fundacionnaturgy.org\/ca\/educacio-divulgacio\/efigy-education\/recursos-presencials-per-a-laula\/lenergia-en-joc\/\">Llegir m\u00e9s<\/a><\/span><\/p>\n","protected":false},"author":1454,"featured_media":0,"parent":45312,"menu_order":0,"comment_status":"closed","ping_status":"closed","template":"templates\/full-width.php","meta":{"inline_featured_image":false},"categories":[],"acf":[],"_links":{"self":[{"href":"https:\/\/www.fundacionnaturgy.org\/ca\/wp-json\/wp\/v2\/pages\/45185"}],"collection":[{"href":"https:\/\/www.fundacionnaturgy.org\/ca\/wp-json\/wp\/v2\/pages"}],"about":[{"href":"https:\/\/www.fundacionnaturgy.org\/ca\/wp-json\/wp\/v2\/types\/page"}],"author":[{"embeddable":true,"href":"https:\/\/www.fundacionnaturgy.org\/ca\/wp-json\/wp\/v2\/users\/1454"}],"replies":[{"embeddable":true,"href":"https:\/\/www.fundacionnaturgy.org\/ca\/wp-json\/wp\/v2\/comments?post=45185"}],"version-history":[{"count":0,"href":"https:\/\/www.fundacionnaturgy.org\/ca\/wp-json\/wp\/v2\/pages\/45185\/revisions"}],"up":[{"embeddable":true,"href":"https:\/\/www.fundacionnaturgy.org\/ca\/wp-json\/wp\/v2\/pages\/45312"}],"wp:attachment":[{"href":"https:\/\/www.fundacionnaturgy.org\/ca\/wp-json\/wp\/v2\/media?parent=45185"}],"wp:term":[{"taxonomy":"category","embeddable":true,"href":"https:\/\/www.fundacionnaturgy.org\/ca\/wp-json\/wp\/v2\/categories?post=45185"}],"curies":[{"name":"wp","href":"https:\/\/api.w.org\/{rel}","templated":true}]}}