{"id":45304,"date":"2018-06-19T13:49:13","date_gmt":"2018-06-19T11:49:13","guid":{"rendered":"https:\/\/www.fundacionnaturgy.org\/ca\/innovacio-tecnologica\/"},"modified":"2019-12-03T14:22:32","modified_gmt":"2019-12-03T13:22:32","slug":"innovacio-tecnologica","status":"publish","type":"page","link":"https:\/\/www.fundacionnaturgy.org\/ca\/energia-i-medi-ambient-2\/innovacio-tecnologica\/","title":{"rendered":"Innovaci\u00f3 tecnol\u00f2gica"},"content":{"rendered":"<p>[vc_row][vc_column][vc_single_image image=&#8221;50162&#8243; img_size=&#8221;970&#215;268&#8243;]<div class=\"gnf-texto-destacado\" style=\"background-color:#edf0f1;border-color:#004165;\"><h4 style=\"color:#004165\">Mirant al futur<\/h4><\/p>\n<p style=\"text-align: left;\">La<strong> innovaci\u00f3 i la <\/strong><strong>tecnologia<\/strong> s\u00f3n clau per transformar la forma en qu\u00e8 desenvolupem la nostra <strong>activitat <\/strong>i transformar les idees en serveis que garanteixin un <strong>subministrament d\u2019energia eficient, sostenible i segur<\/strong>.<\/p>\n<p><\/div>[vc_empty_space][\/vc_column][\/vc_row][vc_row][vc_column][vc_empty_space][vc_text_separator title=&#8221;Noves tecnologies&#8221; title_align=&#8221;separator_align_left&#8221; border_width=&#8221;3&#8243;][\/vc_column][\/vc_row][vc_row][vc_column width=&#8221;1\/2&#8243;][vc_column_text]Impulsem\u00a0<strong>f\u00f2rums d\u2019an\u00e0lisi amb experts i representants del sector<\/strong>\u00a0per contribuir al desenvolupament de noves tecnologies energ\u00e8tiques amb potencial que encara no han assolit el grau de maduresa i rendibilitat.<\/p>\n<p>El passat\u00a04 d\u2019abril de 2018 es va celebrar\u00a0el\u00a0<strong>I\u00a0F\u00f2rum Tecnol\u00f2gic sobre el Gas Renovable<\/strong>\u00a0a Madrid. Va consistir en una\u00a0reuni\u00f3 d\u2019experts per identificar i quantificar les barreres que avui dificulten\u00a0el desenvolupament del gas renovable a Espanya i plantejar\u00a0accions per superar-les.[\/vc_column_text]<a class=\"gnf-boton oscuro left\" href=\"http:\/\/www.fundacionnaturgy.org\/wp-content\/uploads\/2018\/06\/Foro-Tecnol\u00f3gico-Gas-Renovable-Documento-Base-180620.pdf\" title=\"\" target=\"_self\">Saber-ne m\u00e9s<\/a>[\/vc_column][vc_column width=&#8221;1\/2&#8243;][vc_single_image image=&#8221;56665&#8243; img_size=&#8221;full&#8221;][\/vc_column][\/vc_row][vc_row][vc_column][vc_empty_space][vc_text_separator title=&#8221;Mobilitat sostenible&#8221; title_align=&#8221;separator_align_left&#8221; border_width=&#8221;3&#8243;][vc_empty_space height=&#8221;16px&#8221;][vc_column_text]<\/p>\n<div class=\"vc_row wpb_row vc_row-fluid\">\n<div class=\"wpb_column vc_column_container vc_col-sm-12\">\n<div class=\"vc_column-inner \">\n<div class=\"wpb_wrapper\">\n<div class=\"wpb_text_column wpb_content_element \">\n<div class=\"wpb_wrapper\">\n<p>Promovem la<strong>\u00a0mobilitat intel\u00b7ligent i la millora de la qualitat de l\u2019aire\u00a0<\/strong>mitjan\u00e7ant l\u2019\u00fas de combustibles m\u00e9s respectuosos amb el medi ambient.<\/p>\n<\/div>\n<\/div>\n<\/div>\n<\/div>\n<\/div>\n<\/div>\n<p>[\/vc_column_text][\/vc_column][\/vc_row][vc_row][vc_column width=&#8221;1\/2&#8243;][vc_single_image image=&#8221;41320&#8243; img_size=&#8221;full&#8221; css_animation=&#8221;appear&#8221;][vc_custom_heading text=&#8221;&#8220;La qualitat de l&#8217;aire a les ciutats. Un repte mundial&#8220;<br \/>\n&#8221; use_theme_fonts=&#8221;yes&#8221;][vc_column_text]Aquest llibre\u00a0analitza la problem\u00e0tica actual de la qualitat de l\u2019aire a les ciutats, un problema tan important com el canvi clim\u00e0tic i amb efectes adversos immediats per a la salut de les persones.<\/p>\n<p>A la primera part del llibre es descriu el\u00a0<strong>problema i les principals fonts de contaminaci\u00f3\u00a0<\/strong>que han de ser tractades. A la segona part es presenta l\u2019<strong>experi\u00e8ncia de diferents ciutats del m\u00f3n<\/strong>: Madrid, Barcelona, Berl\u00edn, M\u00e8xic, Santiago de Xile, Bogot\u00e0 i la regi\u00f3 de la Llombardia, a It\u00e0lia. En l\u2019elaboraci\u00f3 d\u2019aquest llibre han participat divuit experts destacats a escala mundial.[\/vc_column_text]<a class=\"gnf-boton oscuro left\" href=\"http:\/\/www.fundacionnaturgy.org\/ca\/publicacion\/llibre-la-calidad-del-aire-en-las-ciudades-un-reto-mundial\/\" title=\"\" target=\"_self\">Descarregar llibre<\/a>[\/vc_column][vc_column width=&#8221;1\/2&#8243;][vc_single_image image=&#8221;56672&#8243; img_size=&#8221;full&#8221; css_animation=&#8221;appear&#8221;][vc_custom_heading text=&#8221;Formaci\u00f3 Professional Dual i Gas Natural Vehicular&#8221; use_theme_fonts=&#8221;yes&#8221;][vc_column_text]Adaptaci\u00f3 curricular de cicles formatius existents amb continguts de gas natural vehicular, per donar resposta a les necessitats del sector amb professionals formats en aquestes noves compet\u00e8ncies.<\/p>\n<h4>Implantaci\u00f3 a la comunitat aut\u00f2noma de Catalunya<\/h4>\n<ul>\n<li>En conveni amb el Departament d\u2019Ensenyament de la Generalitat de Catalunya.<\/li>\n<li>El programa pilot comen\u00e7ar\u00e0 el proper\u00a0<strong>curs 2018-19\u00a0<\/strong>als centres: INS La Guineueta i INS Mare de D\u00e9u de la Merc\u00e8, ubicats a la ciutat de Barcelona.<\/li>\n<li>Cicle formatiu de grau superior d\u2019automoci\u00f3 i el cicle formatiu de grau mitj\u00e0 d\u2019electromec\u00e0nica de vehicles.<\/li>\n<\/ul>\n<h4>Implantaci\u00f3 a la comunitat aut\u00f2noma\u00a0de Castella-la Manxa<\/h4>\n<ul>\n<li>El programa pilot comen\u00e7ar\u00e0 el proper\u00a0<strong>curs 2018-19\u00a0<\/strong>al centre EFA Moratalaz de Manzanares.<\/li>\n<li>El cicle formatiu de grau mitj\u00e0 d\u2019electromec\u00e0nica de vehicles.<\/li>\n<\/ul>\n<p>[\/vc_column_text][\/vc_column][\/vc_row]<\/p>\n","protected":false},"excerpt":{"rendered":"<p>[vc_row][vc_column][vc_single_image image=&#8221;50162&#8243; img_size=&#8221;970&#215;268&#8243;][vc_empty_space][\/vc_column][\/vc_row][vc_row][vc_column][vc_empty_space][vc_text_separator title=&#8221;Noves tecnologies&#8221; title_align=&#8221;separator_align_left&#8221; border_width=&#8221;3&#8243;][\/vc_column][\/vc_row][vc_row][vc_column width=&#8221;1\/2&#8243;][vc_column_text]Impulsem\u00a0f\u00f2rums d\u2019an\u00e0lisi amb experts i representants del sector\u00a0per contribuir al desenvolupament de noves tecnologies energ\u00e8tiques amb potencial que encara no han assolit el<span class=\"more-link\"><a href=\"https:\/\/www.fundacionnaturgy.org\/ca\/energia-i-medi-ambient-2\/innovacio-tecnologica\/\">Llegir m\u00e9s<\/a><\/span><\/p>\n","protected":false},"author":1454,"featured_media":0,"parent":45306,"menu_order":0,"comment_status":"closed","ping_status":"closed","template":"templates\/full-width.php","meta":{"inline_featured_image":false},"categories":[],"acf":[],"_links":{"self":[{"href":"https:\/\/www.fundacionnaturgy.org\/ca\/wp-json\/wp\/v2\/pages\/45304"}],"collection":[{"href":"https:\/\/www.fundacionnaturgy.org\/ca\/wp-json\/wp\/v2\/pages"}],"about":[{"href":"https:\/\/www.fundacionnaturgy.org\/ca\/wp-json\/wp\/v2\/types\/page"}],"author":[{"embeddable":true,"href":"https:\/\/www.fundacionnaturgy.org\/ca\/wp-json\/wp\/v2\/users\/1454"}],"replies":[{"embeddable":true,"href":"https:\/\/www.fundacionnaturgy.org\/ca\/wp-json\/wp\/v2\/comments?post=45304"}],"version-history":[{"count":0,"href":"https:\/\/www.fundacionnaturgy.org\/ca\/wp-json\/wp\/v2\/pages\/45304\/revisions"}],"up":[{"embeddable":true,"href":"https:\/\/www.fundacionnaturgy.org\/ca\/wp-json\/wp\/v2\/pages\/45306"}],"wp:attachment":[{"href":"https:\/\/www.fundacionnaturgy.org\/ca\/wp-json\/wp\/v2\/media?parent=45304"}],"wp:term":[{"taxonomy":"category","embeddable":true,"href":"https:\/\/www.fundacionnaturgy.org\/ca\/wp-json\/wp\/v2\/categories?post=45304"}],"curies":[{"name":"wp","href":"https:\/\/api.w.org\/{rel}","templated":true}]}}