{"id":45306,"date":"2018-06-19T13:42:31","date_gmt":"2018-06-19T11:42:31","guid":{"rendered":"https:\/\/www.fundacionnaturgy.org\/ca\/energia-i-medi-ambient-2\/"},"modified":"2023-11-10T10:14:29","modified_gmt":"2023-11-10T09:14:29","slug":"energia-i-medi-ambient-2","status":"publish","type":"page","link":"https:\/\/www.fundacionnaturgy.org\/ca\/energia-i-medi-ambient-2\/","title":{"rendered":"Energia i medi ambient"},"content":{"rendered":"<p>[vc_row full_width=&#8221;stretch_row_content_no_spaces&#8221;][vc_column]\n\t\t\t<!-- START SubHome_medio_ambiente cat REVOLUTION SLIDER 6.5.19 --><p class=\"rs-p-wp-fix\"><\/p>\n\t\t\t<rs-module-wrap id=\"rev_slider_32_1_wrapper\" data-source=\"gallery\" style=\"visibility:hidden;background:transparent;padding:0;margin:0px auto;margin-top:0;margin-bottom:0;\">\n\t\t\t\t<rs-module id=\"rev_slider_32_1\" style=\"\" data-version=\"6.5.19\">\n\t\t\t\t\t<rs-slides>\n\t\t\t\t\t\t<rs-slide style=\"position: absolute;\" data-key=\"rs-96\" data-title=\"Seminarios y portada\" data-in=\"o:0;\" data-out=\"a:false;\">\n\t\t\t\t\t\t\t<img src=\"\/\/www.fundacionnaturgy.org\/wp-content\/plugins\/revslider\/public\/assets\/assets\/dummy.png\" alt=\"Seminarios y portada\" title=\"Energia i medi ambient\" class=\"rev-slidebg tp-rs-img rs-lazyload\" data-lazyload=\"\/\/www.fundacionnaturgy.org\/wp-content\/plugins\/revslider\/public\/assets\/assets\/transparent.png\" data-bg=\"c:#f4f7f9;\" data-no-retina>\n<!--\n\t\t\t\t\t\t\t--><rs-layer\n\t\t\t\t\t\t\t\tid=\"slider-32-slide-96-layer-1\" \n\t\t\t\t\t\t\t\tdata-type=\"shape\"\n\t\t\t\t\t\t\t\tdata-rsp_ch=\"on\"\n\t\t\t\t\t\t\t\tdata-xy=\"x:r;y:m;\"\n\t\t\t\t\t\t\t\tdata-text=\"w:normal;s:20,20,15,7;l:0,0,19,9;\"\n\t\t\t\t\t\t\t\tdata-dim=\"w:485px,485px,370px,194px;h:546px,546px,416px,214px;\"\n\t\t\t\t\t\t\t\tdata-frame_0=\"x:100%;\"\n\t\t\t\t\t\t\t\tdata-frame_0_mask=\"u:t;\"\n\t\t\t\t\t\t\t\tdata-frame_1=\"st:1750;sp:1000;sR:1750;\"\n\t\t\t\t\t\t\t\tdata-frame_1_mask=\"u:t;\"\n\t\t\t\t\t\t\t\tdata-frame_999=\"o:0;st:w;sR:6250;\"\n\t\t\t\t\t\t\t\tstyle=\"z-index:10;background-color:rgba(0,69,113,0.85);\"\n\t\t\t\t\t\t\t> \n\t\t\t\t\t\t\t<\/rs-layer><!--\n\n\t\t\t\t\t\t\t--><rs-layer\n\t\t\t\t\t\t\t\tid=\"slider-32-slide-96-layer-2\" \n\t\t\t\t\t\t\t\tdata-type=\"image\"\n\t\t\t\t\t\t\t\tdata-rsp_ch=\"on\"\n\t\t\t\t\t\t\t\tdata-xy=\"xo:463px,463px,353px,127px;y:m;yo:0,0,0,-38px;\"\n\t\t\t\t\t\t\t\tdata-text=\"w:normal;s:20,20,15,7;l:0,0,19,9;\"\n\t\t\t\t\t\t\t\tdata-dim=\"w:290px,290px,221px,118px;h:239px,239px,182px,97px;\"\n\t\t\t\t\t\t\t\tdata-frame_1=\"st:2750;sR:2750;\"\n\t\t\t\t\t\t\t\tdata-frame_999=\"o:0;st:w;sR:5950;\"\n\t\t\t\t\t\t\t\tstyle=\"z-index:11;\"\n\t\t\t\t\t\t\t><img src=\"\/\/www.fundacionnaturgy.org\/wp-content\/plugins\/revslider\/public\/assets\/assets\/dummy.png\" alt=\"\" class=\"tp-rs-img rs-lazyload\" width=\"900\" height=\"743\" data-lazyload=\"\/\/www.fundacionnaturgy.org\/wp-content\/uploads\/2024\/05\/portada.png\" data-no-retina> \n\t\t\t\t\t\t\t<\/rs-layer><!--\n\n\t\t\t\t\t\t\t--><rs-layer\n\t\t\t\t\t\t\t\tid=\"slider-32-slide-96-layer-3\" \n\t\t\t\t\t\t\t\tdata-type=\"shape\"\n\t\t\t\t\t\t\t\tdata-rsp_ch=\"on\"\n\t\t\t\t\t\t\t\tdata-xy=\"x:c;y:b;yo:-1px,0,0,0;\"\n\t\t\t\t\t\t\t\tdata-text=\"w:normal;s:20,20,15,7;l:0,0,19,9;\"\n\t\t\t\t\t\t\t\tdata-dim=\"w:3000px,3000px,2288px,1174px;h:360px,360px,274px,130px;\"\n\t\t\t\t\t\t\t\tdata-frame_0=\"x:-175%;o:1;\"\n\t\t\t\t\t\t\t\tdata-frame_0_mask=\"u:t;x:100%;\"\n\t\t\t\t\t\t\t\tdata-frame_1=\"e:power3.out;sp:1000;\"\n\t\t\t\t\t\t\t\tdata-frame_1_mask=\"u:t;\"\n\t\t\t\t\t\t\t\tdata-frame_999=\"o:0;st:w;sR:8000;\"\n\t\t\t\t\t\t\t\tstyle=\"z-index:8;background-color:#a2ad00;\"\n\t\t\t\t\t\t\t> \n\t\t\t\t\t\t\t<\/rs-layer><!--\n\n\t\t\t\t\t\t\t--><rs-layer\n\t\t\t\t\t\t\t\tid=\"slider-32-slide-96-layer-4\" \n\t\t\t\t\t\t\t\tdata-type=\"text\"\n\t\t\t\t\t\t\t\tdata-rsp_ch=\"on\"\n\t\t\t\t\t\t\t\tdata-xy=\"xo:720px,720px,549px,228px;yo:280px,230px,175px,45px;\"\n\t\t\t\t\t\t\t\tdata-text=\"w:normal;s:22,22,16,16;l:26,26,19,20;\"\n\t\t\t\t\t\t\t\tdata-dim=\"w:212px,212px,161px,134px;\"\n\t\t\t\t\t\t\t\tdata-frame_1=\"st:2750;sR:2750;\"\n\t\t\t\t\t\t\t\tdata-frame_999=\"o:0;st:w;sR:5950;\"\n\t\t\t\t\t\t\t\tstyle=\"z-index:12;font-family:'FS Emeric';\"\n\t\t\t\t\t\t\t>Principals <b>articles i informes<\/b> editats per la Fundaci\u00f3 Naturgy 2019-2026 \n\t\t\t\t\t\t\t<\/rs-layer><!--\n\n\t\t\t\t\t\t\t--><rs-layer\n\t\t\t\t\t\t\t\tid=\"slider-32-slide-96-layer-5\" \n\t\t\t\t\t\t\t\tdata-type=\"image\"\n\t\t\t\t\t\t\t\tdata-rsp_ch=\"on\"\n\t\t\t\t\t\t\t\tdata-xy=\"x:c;y:m;\"\n\t\t\t\t\t\t\t\tdata-text=\"w:normal;s:20,20,15,7;l:0,0,19,9;\"\n\t\t\t\t\t\t\t\tdata-dim=\"w:970px,970px,740px,380px;h:546px,546px,416px,214px;\"\n\t\t\t\t\t\t\t\tdata-frame_0=\"rX:70deg;oZ:-50;\"\n\t\t\t\t\t\t\t\tdata-frame_1=\"oZ:-50;e:power4.inOut;sp:1750;\"\n\t\t\t\t\t\t\t\tdata-frame_999=\"o:0;st:w;sR:7250;\"\n\t\t\t\t\t\t\t\tstyle=\"z-index:9;\"\n\t\t\t\t\t\t\t><img src=\"\/\/www.fundacionnaturgy.org\/wp-content\/plugins\/revslider\/public\/assets\/assets\/dummy.png\" alt=\"Seminarios Fundaci\u00f3n Naturgy\" class=\"tp-rs-img rs-lazyload\" width=\"970\" height=\"546\" data-lazyload=\"\/\/www.fundacionnaturgy.org\/wp-content\/uploads\/2023\/02\/Seminarios_Propuesta-1.png\" data-no-retina> \n\t\t\t\t\t\t\t<\/rs-layer><!--\n\n\t\t\t\t\t\t\t--><a\n\t\t\t\t\t\t\t\tid=\"slider-32-slide-96-layer-6\" \n\t\t\t\t\t\t\t\tclass=\"rs-layer rev-btn\"\n\t\t\t\t\t\t\t\thref=\"https:\/\/www.fundacionnaturgy.org\/wp-content\/uploads\/2026\/03\/Publicaciones_destacadas_feb2026_web-1.pdf\" target=\"_self\"\n\t\t\t\t\t\t\t\tdata-type=\"button\"\n\t\t\t\t\t\t\t\tdata-color=\"#004571\"\n\t\t\t\t\t\t\t\tdata-rsp_ch=\"on\"\n\t\t\t\t\t\t\t\tdata-xy=\"xo:721px,720px,549px,223px;yo:411px,360px,274px,172px;\"\n\t\t\t\t\t\t\t\tdata-text=\"w:normal;s:16;l:22;fw:600;\"\n\t\t\t\t\t\t\t\tdata-dim=\"minh:0px,none,none,none;\"\n\t\t\t\t\t\t\t\tdata-padding=\"t:11;r:30;b:11;l:30;\"\n\t\t\t\t\t\t\t\tdata-border=\"bos:solid;boc:#004571;bow:1px,1px,1px,1px;bor:22px,22px,22px,22px;\"\n\t\t\t\t\t\t\t\tdata-frame_1=\"st:2750;sR:2750;\"\n\t\t\t\t\t\t\t\tdata-frame_999=\"o:0;st:w;sR:5950;\"\n\t\t\t\t\t\t\t\tdata-frame_hover=\"c:#0066cc;bgc:#fff;boc:#0066cc;bor:22px,22px,22px,22px;bos:solid;bow:1px,1px,1px,1px;bri:120%;\"\n\t\t\t\t\t\t\t\tstyle=\"z-index:13;background-color:#ffffff;font-family:'FS Emeric';\"\n\t\t\t\t\t\t\t>Veure PDF \n\t\t\t\t\t\t\t<\/a><!--\n-->\t\t\t\t\t\t<\/rs-slide>\n\t\t\t\t\t<\/rs-slides>\n\t\t\t\t<\/rs-module>\n\t\t\t\t<script>\n\t\t\t\t\tsetREVStartSize({c: 'rev_slider_32_1',rl:[1240,1024,778,480],el:[740,660,500,260],gw:[970,970,740,380],gh:[740,660,500,260],type:'standard',justify:'',layout:'fullwidth',mh:\"0\"});if (window.RS_MODULES!==undefined && window.RS_MODULES.modules!==undefined && window.RS_MODULES.modules[\"revslider321\"]!==undefined) {window.RS_MODULES.modules[\"revslider321\"].once = false;window.revapi32 = undefined;if (window.RS_MODULES.checkMinimal!==undefined) window.RS_MODULES.checkMinimal()}\n\t\t\t\t<\/script>\n\t\t\t<\/rs-module-wrap>\n\t\t\t<!-- END REVOLUTION SLIDER -->\n[\/vc_column][\/vc_row][vc_row][vc_column offset=&#8221;vc_hidden-xs&#8221;][vc_empty_space height=&#8221;64px&#8221;][\/vc_column][\/vc_row][vc_row][vc_column width=&#8221;1\/2&#8243;][vc_single_image image=&#8221;82015&#8243; img_size=&#8221;medium&#8221;][vc_column_text]<\/p>\n<h2><strong>Energy Prospectives<\/strong><\/h2>\n<p>[\/vc_column_text][vc_column_text]Organitzem converses d\u2019alt nivell sobre les condicions t\u00e8cniques i econ\u00f2miques del futur del sector energ\u00e8tic.[\/vc_column_text][vc_empty_space height=&#8221;12px&#8221;]<a class=\"gnf-boton oscuro left\" href=\"https:\/\/www.fundacionnaturgy.org\/ca\/energia-i-medi-ambient-2\/divulgacio-sensibilitzacio\/energy-prospectives\/\" title=\"\" target=\"_blank\">M\u00e9s informaci\u00f3<\/a>[\/vc_column][vc_column width=&#8221;1\/2&#8243;][vc_single_image image=&#8221;82018&#8243; img_size=&#8221;medium&#8221;][vc_column_text]<\/p>\n<h2><strong>Converses<\/strong><\/h2>\n<p>[\/vc_column_text][vc_column_text]Desenvolupem jornades juntament amb el Cap\u00edtol Espanyol del Club de Roma basades en converses entre experts al voltant de temes d&#8217;actualitat sobre energia, medi ambient i sostenibilitat.[\/vc_column_text]<a class=\"gnf-boton oscuro left\" href=\"https:\/\/www.fundacionnaturgy.org\/energia-medio-ambiente\/foros\/conversaciones\/\" title=\"\" target=\"_blank\">M\u00e9s informaci\u00f3<\/a>[\/vc_column][\/vc_row][vc_row][vc_column][vc_empty_space height=&#8221;64px&#8221;][\/vc_column][\/vc_row][vc_row][vc_column width=&#8221;1\/2&#8243;][vc_single_image image=&#8221;81540&#8243; img_size=&#8221;medium&#8221;][vc_column_text]<\/p>\n<h2><b>Sendes geopol\u00edtiques de la transici\u00f3 energ\u00e8tica<br \/>\n<\/b><\/h2>\n<p>[\/vc_column_text][vc_column_text]Explorarem juntament amb el Real Instituto Elcano el panorama global dibuixat per la transformaci\u00f3 que estem vivint en l&#8217;\u00e0mbit de l&#8217;energia i el medi ambient.[\/vc_column_text]<a class=\"gnf-boton oscuro left\" href=\"https:\/\/www.fundacionnaturgy.org\/energia-medio-ambiente\/foros\/sendas-geopoliticas-de-la-transicion-energetica\/\" title=\"\" target=\"_blank\">M\u00e9s informaci\u00f3<\/a>[\/vc_column][vc_column width=&#8221;1\/2&#8243;][vc_single_image image=&#8221;81543&#8243; img_size=&#8221;medium&#8221;][vc_column_text]<\/p>\n<h2><strong>Estudis<\/strong><\/h2>\n<p>[\/vc_column_text][vc_column_text]Desenvolupem jornades juntament amb el Cap\u00edtol Espanyol del Club de Roma basades en converses entre experts al voltant de temes d&#8217;actualitat sobre energia, medi ambient i sostenibilitat.[\/vc_column_text][vc_empty_space]<a class=\"gnf-boton oscuro left\" href=\"https:\/\/www.fundacionnaturgy.org\/ca\/centre-coneixement\/\" title=\"\" target=\"_blank\">M\u00e9s informaci\u00f3<\/a>[\/vc_column][\/vc_row][vc_row][vc_column][vc_empty_space height=&#8221;64px&#8221;][\/vc_column][\/vc_row][vc_row full_width=&#8221;stretch_row&#8221; css=&#8221;.vc_custom_1696945699573{margin-bottom: -35px !important;background-image: url(https:\/\/www.fundacionnaturgy.org\/wp-content\/uploads\/2022\/04\/microsoftteams-image-5-scaled.jpg?id=81581) !important;background-position: center !important;background-repeat: no-repeat !important;background-size: cover !important;}&#8221;][vc_column][vc_column_text]<\/p>\n<h2><strong>Propers esdeveniments<\/strong><\/h2>\n<p>[\/vc_column_text][vc_column_text]<strong>De moment, no hi ha esdeveniments programats per a les properes setmanes.<\/strong><br \/>\nSi us plau, torneu a consultar aquesta secci\u00f3 en uns dies.[\/vc_column_text][vc_empty_space][\/vc_column][\/vc_row][vc_row full_width=&#8221;stretch_row&#8221; css=&#8221;.vc_custom_1696945715225{margin-bottom: -35px !important;background-image: url(https:\/\/www.fundacionnaturgy.org\/wp-content\/uploads\/2022\/04\/microsoftteams-image-5-scaled.jpg?id=81581) !important;background-position: center !important;background-repeat: no-repeat !important;background-size: cover !important;}&#8221;][vc_column offset=&#8221;vc_hidden-lg vc_hidden-md vc_hidden-sm vc_hidden-xs&#8221;][vc_column_text]<\/p>\n<h2><strong>Propers esdeveniments<\/strong><\/h2>\n<p>[\/vc_column_text]<ul class=\"medium-block-grid-4\"><\/ul>[vc_empty_space][\/vc_column][\/vc_row]<\/p>\n","protected":false},"excerpt":{"rendered":"<p>[vc_row full_width=&#8221;stretch_row_content_no_spaces&#8221;][vc_column][\/vc_column][\/vc_row][vc_row][vc_column offset=&#8221;vc_hidden-xs&#8221;][vc_empty_space height=&#8221;64px&#8221;][\/vc_column][\/vc_row][vc_row][vc_column width=&#8221;1\/2&#8243;][vc_single_image image=&#8221;82015&#8243; img_size=&#8221;medium&#8221;][vc_column_text] Energy Prospectives [\/vc_column_text][vc_column_text]Organitzem converses d\u2019alt nivell sobre les condicions t\u00e8cniques i econ\u00f2miques del futur del sector energ\u00e8tic.[\/vc_column_text][vc_empty_space height=&#8221;12px&#8221;][\/vc_column][vc_column width=&#8221;1\/2&#8243;][vc_single_image image=&#8221;82018&#8243; img_size=&#8221;medium&#8221;][vc_column_text] Converses [\/vc_column_text][vc_column_text]Desenvolupem<span class=\"more-link\"><a href=\"https:\/\/www.fundacionnaturgy.org\/ca\/energia-i-medi-ambient-2\/\">Llegir m\u00e9s<\/a><\/span><\/p>\n","protected":false},"author":1454,"featured_media":0,"parent":0,"menu_order":0,"comment_status":"closed","ping_status":"closed","template":"templates\/full-width.php","meta":{"inline_featured_image":false},"categories":[],"acf":[],"_links":{"self":[{"href":"https:\/\/www.fundacionnaturgy.org\/ca\/wp-json\/wp\/v2\/pages\/45306"}],"collection":[{"href":"https:\/\/www.fundacionnaturgy.org\/ca\/wp-json\/wp\/v2\/pages"}],"about":[{"href":"https:\/\/www.fundacionnaturgy.org\/ca\/wp-json\/wp\/v2\/types\/page"}],"author":[{"embeddable":true,"href":"https:\/\/www.fundacionnaturgy.org\/ca\/wp-json\/wp\/v2\/users\/1454"}],"replies":[{"embeddable":true,"href":"https:\/\/www.fundacionnaturgy.org\/ca\/wp-json\/wp\/v2\/comments?post=45306"}],"version-history":[{"count":2,"href":"https:\/\/www.fundacionnaturgy.org\/ca\/wp-json\/wp\/v2\/pages\/45306\/revisions"}],"predecessor-version":[{"id":86990,"href":"https:\/\/www.fundacionnaturgy.org\/ca\/wp-json\/wp\/v2\/pages\/45306\/revisions\/86990"}],"wp:attachment":[{"href":"https:\/\/www.fundacionnaturgy.org\/ca\/wp-json\/wp\/v2\/media?parent=45306"}],"wp:term":[{"taxonomy":"category","embeddable":true,"href":"https:\/\/www.fundacionnaturgy.org\/ca\/wp-json\/wp\/v2\/categories?post=45306"}],"curies":[{"name":"wp","href":"https:\/\/api.w.org\/{rel}","templated":true}]}}