{"id":45308,"date":"2018-06-19T17:12:38","date_gmt":"2018-06-19T15:12:38","guid":{"rendered":"https:\/\/www.fundacionnaturgy.org\/ca\/educacio-i-cultura\/"},"modified":"2023-05-15T13:50:59","modified_gmt":"2023-05-15T11:50:59","slug":"educacio-divulgacio","status":"publish","type":"page","link":"https:\/\/www.fundacionnaturgy.org\/ca\/educacio-divulgacio\/","title":{"rendered":"Educaci\u00f3 i divulgaci\u00f3"},"content":{"rendered":"<p>[vc_row full_width=&#8221;stretch_row_content_no_spaces&#8221;][vc_column]\n\t\t\t<!-- START SubHome_educaci\u00f3n CAT REVOLUTION SLIDER 6.5.19 --><p class=\"rs-p-wp-fix\"><\/p>\n\t\t\t<rs-module-wrap id=\"rev_slider_34_1_wrapper\" data-source=\"gallery\" style=\"visibility:hidden;background:transparent;padding:0;margin:0px auto;margin-top:0;margin-bottom:0;\">\n\t\t\t\t<rs-module id=\"rev_slider_34_1\" style=\"\" data-version=\"6.5.19\">\n\t\t\t\t\t<rs-slides>\n\t\t\t\t\t\t<rs-slide style=\"position: absolute;\" data-key=\"rs-103\" data-title=\"Slide\" data-in=\"o:0;\" data-out=\"a:false;\">\n\t\t\t\t\t\t\t<img src=\"\/\/www.fundacionnaturgy.org\/wp-content\/plugins\/revslider\/public\/assets\/assets\/dummy.png\" alt=\"Slide\" title=\"Educaci\u00f3 i divulgaci\u00f3\" class=\"rev-slidebg tp-rs-img rs-lazyload\" data-lazyload=\"\/\/www.fundacionnaturgy.org\/wp-content\/plugins\/revslider\/public\/assets\/assets\/transparent.png\" data-bg=\"c:#f4f7f9;\" data-no-retina>\n<!--\n\t\t\t\t\t\t\t--><rs-layer\n\t\t\t\t\t\t\t\tid=\"slider-34-slide-103-layer-3\" \n\t\t\t\t\t\t\t\tdata-type=\"shape\"\n\t\t\t\t\t\t\t\tdata-rsp_ch=\"on\"\n\t\t\t\t\t\t\t\tdata-xy=\"x:c;xo:-1px,0,0,0;y:b;\"\n\t\t\t\t\t\t\t\tdata-text=\"w:normal;s:20,20,15,7;l:0,0,19,9;\"\n\t\t\t\t\t\t\t\tdata-dim=\"w:3000px,3000px,2288px,1174px;h:360px,360px,274px,130px;\"\n\t\t\t\t\t\t\t\tdata-frame_0=\"x:-175%;o:1;\"\n\t\t\t\t\t\t\t\tdata-frame_0_mask=\"u:t;x:100%;\"\n\t\t\t\t\t\t\t\tdata-frame_1=\"e:power3.out;sp:1000;\"\n\t\t\t\t\t\t\t\tdata-frame_1_mask=\"u:t;\"\n\t\t\t\t\t\t\t\tdata-frame_999=\"o:0;st:w;\"\n\t\t\t\t\t\t\t\tstyle=\"z-index:8;background-color:#bfb8ae;\"\n\t\t\t\t\t\t\t> \n\t\t\t\t\t\t\t<\/rs-layer><!--\n\n\t\t\t\t\t\t\t--><rs-layer\n\t\t\t\t\t\t\t\tid=\"slider-34-slide-103-layer-4\" \n\t\t\t\t\t\t\t\tdata-type=\"image\"\n\t\t\t\t\t\t\t\tdata-rsp_ch=\"on\"\n\t\t\t\t\t\t\t\tdata-xy=\"x:c;y:m;\"\n\t\t\t\t\t\t\t\tdata-text=\"w:normal;s:20,20,15,7;l:0,0,19,9;\"\n\t\t\t\t\t\t\t\tdata-dim=\"w:970px,970px,740px,90%;h:546px,546px,416px,auto;\"\n\t\t\t\t\t\t\t\tdata-frame_0=\"rX:70deg;oZ:-50;\"\n\t\t\t\t\t\t\t\tdata-frame_1=\"oZ:-50;e:power4.inOut;sp:1750;\"\n\t\t\t\t\t\t\t\tdata-frame_999=\"o:0;st:w;\"\n\t\t\t\t\t\t\t\tstyle=\"z-index:10;\"\n\t\t\t\t\t\t\t><img src=\"\/\/www.fundacionnaturgy.org\/wp-content\/plugins\/revslider\/public\/assets\/assets\/dummy.png\" alt=\"\" class=\"tp-rs-img rs-lazyload\" width=\"970\" height=\"546\" data-lazyload=\"\/\/www.fundacionnaturgy.org\/wp-content\/uploads\/2022\/03\/subhome_educacion-1.png\" data-no-retina> \n\t\t\t\t\t\t\t<\/rs-layer><!--\n-->\t\t\t\t\t\t<\/rs-slide>\n\t\t\t\t\t<\/rs-slides>\n\t\t\t\t<\/rs-module>\n\t\t\t\t<script>\n\t\t\t\t\tsetREVStartSize({c: 'rev_slider_34_1',rl:[1240,1024,778,480],el:[740,660,500,260],gw:[970,970,740,380],gh:[740,660,500,260],type:'standard',justify:'',layout:'fullwidth',mh:\"0\"});if (window.RS_MODULES!==undefined && window.RS_MODULES.modules!==undefined && window.RS_MODULES.modules[\"revslider341\"]!==undefined) {window.RS_MODULES.modules[\"revslider341\"].once = false;window.revapi34 = undefined;if (window.RS_MODULES.checkMinimal!==undefined) window.RS_MODULES.checkMinimal()}\n\t\t\t\t<\/script>\n\t\t\t<\/rs-module-wrap>\n\t\t\t<!-- END REVOLUTION SLIDER -->\n[\/vc_column][\/vc_row][vc_row][vc_column][vc_empty_space height=&#8221;64px&#8221;][\/vc_column][\/vc_row][vc_row][vc_column width=&#8221;1\/2&#8243;][vc_single_image image=&#8221;81546&#8243; img_size=&#8221;medium&#8221;][vc_column_text]<\/p>\n<h2><strong>Efigy Education<\/strong><\/h2>\n<p>[\/vc_column_text][vc_column_text]Transmetem coneixements especialitzats entorn de la transici\u00f3 energ\u00e8tica, el medi ambient i el consum responsable d\u2019energia.[\/vc_column_text][vc_empty_space]<a class=\"gnf-boton oscuro left\" href=\"https:\/\/www.fundacionnaturgy.org\/ca\/educacio-divulgacio\/efigy-education\/\" title=\"\" target=\"_blank\">M\u00e9s informaci\u00f3<\/a>[\/vc_column][vc_column width=&#8221;1\/2&#8243;][vc_single_image image=&#8221;81543&#8243; img_size=&#8221;medium&#8221;][vc_column_text]<\/p>\n<h2><strong>Formaci\u00f3 Professional per a l&#8217;Ocupabilitat<br \/>\n<\/strong><\/h2>\n<p>[\/vc_column_text][vc_column_text]Volem contribuir a incentivar l\u2019ocupaci\u00f3 dels professionals del sector energ\u00e8tic.[\/vc_column_text]<a class=\"gnf-boton oscuro left\" href=\"https:\/\/www.fundacionnaturgy.org\/ca\/educacio-divulgacio\/formacio-professional-per-a-locupabilitat\/\" title=\"\" target=\"_blank\">M\u00e9s informaci\u00f3<\/a>[\/vc_column][\/vc_row][vc_row][vc_column][vc_empty_space height=&#8221;64px&#8221;][\/vc_column][\/vc_row][vc_row][vc_column width=&#8221;1\/2&#8243;][vc_single_image image=&#8221;81537&#8243; img_size=&#8221;medium&#8221;][vc_column_text]<\/p>\n<h2><strong>Experi\u00e8ncies digitals<\/strong><\/h2>\n<p>[\/vc_column_text][vc_column_text]Donem a con\u00e8ixer a la societat coneixements t\u00e8cnics actualitzats a l&#8217;\u00e0mbit de l&#8217;energia i el medi ambient.[\/vc_column_text]<a class=\"gnf-boton oscuro left\" href=\"https:\/\/www.fundacionnaturgy.org\/ca\/educacio-divulgacio\/experiencies-digitals\/\" title=\"\" target=\"_blank\">M\u00e9s informaci\u00f3<\/a>[\/vc_column][vc_column width=&#8221;1\/2&#8243;][vc_single_image image=&#8221;81540&#8243; img_size=&#8221;medium&#8221;][vc_column_text]<\/p>\n<h2><strong>Experi\u00e8ncies itinerants<\/strong><\/h2>\n<p>[\/vc_column_text][vc_column_text]Divulguem coneixement sobre energia i medi ambient a tots els racons del pa\u00eds.[\/vc_column_text]<a class=\"gnf-boton oscuro left\" href=\"https:\/\/www.fundacionnaturgy.org\/ca\/educacio-divulgacio\/experiencies-itinerants\/\" title=\"\" target=\"_blank\">M\u00e9s informaci\u00f3<\/a>[\/vc_column][\/vc_row][vc_row][vc_column][vc_empty_space height=&#8221;64px&#8221;][\/vc_column][\/vc_row][vc_row full_width=&#8221;stretch_row&#8221; css=&#8221;.vc_custom_1648650569936{background-color: #f4f7f9 !important;}&#8221;][vc_column][vc_row_inner][vc_column_inner width=&#8221;1\/2&#8243;][vc_column_text]<\/p>\n<h2><strong>Museu Bolarque<\/strong><\/h2>\n<p>[\/vc_column_text][\/vc_column_inner][vc_column_inner width=&#8221;1\/2&#8243;][vc_column_text]<\/p>\n<h3><strong>Un recorregut per la hist\u00f2ria de l&#8217;energia hidroel\u00e8ctrica<\/strong><\/h3>\n<p>[\/vc_column_text][vc_column_text]Oferim visites educatives a l&#8217;antiga central hidroel\u00e8ctrica de Bolarque, al Museu ia la central actual, exemple d&#8217;efici\u00e8ncia energ\u00e8tica.[\/vc_column_text]<a class=\"gnf-boton oscuro left\" href=\"https:\/\/www.fundacionnaturgy.org\/museo-bolarque\/\" title=\"\" target=\"_blank\">M\u00e9s informaci\u00f3<\/a>[\/vc_column_inner][\/vc_row_inner][vc_empty_space][vc_images_carousel images=&#8221;52338,52336,50609,41481&#8243; img_size=&#8221;full&#8221; onclick=&#8221;link_no&#8221; speed=&#8221;3000&#8243; autoplay=&#8221;yes&#8221; wrap=&#8221;yes&#8221;][\/vc_column][\/vc_row]<\/p>\n","protected":false},"excerpt":{"rendered":"<p>[vc_row full_width=&#8221;stretch_row_content_no_spaces&#8221;][vc_column][\/vc_column][\/vc_row][vc_row][vc_column][vc_empty_space height=&#8221;64px&#8221;][\/vc_column][\/vc_row][vc_row][vc_column width=&#8221;1\/2&#8243;][vc_single_image image=&#8221;81546&#8243; img_size=&#8221;medium&#8221;][vc_column_text] Efigy Education [\/vc_column_text][vc_column_text]Transmetem coneixements especialitzats entorn de la transici\u00f3 energ\u00e8tica, el medi ambient i el consum responsable d\u2019energia.[\/vc_column_text][vc_empty_space][\/vc_column][vc_column width=&#8221;1\/2&#8243;][vc_single_image image=&#8221;81543&#8243; img_size=&#8221;medium&#8221;][vc_column_text] Formaci\u00f3 Professional per<span class=\"more-link\"><a href=\"https:\/\/www.fundacionnaturgy.org\/ca\/educacio-divulgacio\/\">Llegir m\u00e9s<\/a><\/span><\/p>\n","protected":false},"author":1454,"featured_media":0,"parent":0,"menu_order":0,"comment_status":"closed","ping_status":"closed","template":"templates\/full-width.php","meta":{"inline_featured_image":false},"categories":[],"acf":[],"_links":{"self":[{"href":"https:\/\/www.fundacionnaturgy.org\/ca\/wp-json\/wp\/v2\/pages\/45308"}],"collection":[{"href":"https:\/\/www.fundacionnaturgy.org\/ca\/wp-json\/wp\/v2\/pages"}],"about":[{"href":"https:\/\/www.fundacionnaturgy.org\/ca\/wp-json\/wp\/v2\/types\/page"}],"author":[{"embeddable":true,"href":"https:\/\/www.fundacionnaturgy.org\/ca\/wp-json\/wp\/v2\/users\/1454"}],"replies":[{"embeddable":true,"href":"https:\/\/www.fundacionnaturgy.org\/ca\/wp-json\/wp\/v2\/comments?post=45308"}],"version-history":[{"count":0,"href":"https:\/\/www.fundacionnaturgy.org\/ca\/wp-json\/wp\/v2\/pages\/45308\/revisions"}],"wp:attachment":[{"href":"https:\/\/www.fundacionnaturgy.org\/ca\/wp-json\/wp\/v2\/media?parent=45308"}],"wp:term":[{"taxonomy":"category","embeddable":true,"href":"https:\/\/www.fundacionnaturgy.org\/ca\/wp-json\/wp\/v2\/categories?post=45308"}],"curies":[{"name":"wp","href":"https:\/\/api.w.org\/{rel}","templated":true}]}}