{"id":45309,"date":"2018-06-19T17:14:54","date_gmt":"2018-06-19T15:14:54","guid":{"rendered":"https:\/\/www.fundacionnaturgy.org\/ca\/educacio-i-cultura\/recursos-educatius\/"},"modified":"2024-06-17T13:19:09","modified_gmt":"2024-06-17T11:19:09","slug":"efigy-education","status":"publish","type":"page","link":"https:\/\/www.fundacionnaturgy.org\/ca\/educacio-divulgacio\/efigy-education\/","title":{"rendered":"Efigy Education"},"content":{"rendered":"<p>[vc_row][vc_column]<div class=\"gnf-texto-destacado\" style=\"background-color:#edf0f1;border-color:#004165;\"><h4 style=\"color:#004165\">La transici\u00f3 energ\u00e8tica, a les mans de tothom<\/h4>Efigy Education \u00e9s un\u00a0<strong>programa did\u00e0ctic innovador que explora les noves tecnologies energ\u00e8tiques<\/strong>, amb l\u2019objectiu de transmetre coneixements especialitzats al voltant de la transici\u00f3 cap a un\u00a0model energ\u00e8tic nou, la preservaci\u00f3 del medi ambient i el consum responsable de l\u2019energia. <strong>Es tracta d\u2019una proposta formativa que disposa de recursos per fer a l\u2019aula i de manera aut\u00f2noma, dirigida a tots els nivells educatius i que pret\u00e9n incrementar les vocacions en el sector de l\u2019energia<\/strong>, des d\u2019edats primerenques.<\/div>[vc_empty_space][vc_row_inner][vc_column_inner width=&#8221;2\/3&#8243;][vc_images_carousel images=&#8221;69527,64119,69557,66802,69542&#8243; img_size=&#8221;full&#8221; onclick=&#8221;link_no&#8221; speed=&#8221;3000&#8243; autoplay=&#8221;yes&#8221; wrap=&#8221;yes&#8221;][\/vc_column_inner][vc_column_inner width=&#8221;1\/3&#8243;]<div class=\"gnf-destacado-icono small-text-center medium-text-left row collapse\"><div class=\"gnf-destacado-icono__icono large-4 columns small-text-center medium-text-left \"><div class=\"icon-outer icon-style-default\" style=\"background-color:\"><span class=\"ico_info\"><\/span><\/div><\/div><div class=\"gnf-destacado-icono__texto large-8 columns\"><h4><\/h4>Per a m\u00e9s informaci\u00f3, posa\u2019t en contacte amb nosaltres per correu electr\u00f2nic a\u00a0<a href=\"mailto:efigyeducation@naturgy.com\">educaci\u00f3nfundacion@<\/a>naturgy.com.<\/div><\/div>[\/vc_column_inner][\/vc_row_inner][\/vc_column][\/vc_row][vc_row full_width=&#8221;stretch_row&#8221; css=&#8221;.vc_custom_1589187766489{margin-bottom: -40px !important;background-color: #f2f1ef !important;}&#8221;][vc_column][vc_empty_space height=&#8221;12px&#8221;][vc_row_inner][vc_column_inner][vc_custom_heading text=&#8221;Efigy Education t\u2019ofereix&#8221; font_container=&#8221;tag:h4|text_align:left&#8221; use_theme_fonts=&#8221;yes&#8221;][\/vc_column_inner][\/vc_row_inner][vc_empty_space][vc_row_inner][vc_column_inner width=&#8221;1\/3&#8243;][vc_column_text]<\/p>\n<p style=\"text-align: center;\"><img loading=\"lazy\" class=\"alignnone wp-image-55131\" src=\"https:\/\/www.fundacionnaturgy.org\/wp-content\/uploads\/2018\/06\/online-ordenador-transparente.png\" width=\"90\" height=\"90\" srcset=\"https:\/\/www.fundacionnaturgy.org\/wp-content\/uploads\/2018\/06\/online-ordenador-transparente.png 176w, https:\/\/www.fundacionnaturgy.org\/wp-content\/uploads\/2018\/06\/online-ordenador-transparente-150x150.png 150w, https:\/\/www.fundacionnaturgy.org\/wp-content\/uploads\/2018\/06\/online-ordenador-transparente-140x140.png 140w\" sizes=\"(max-width: 90px) 100vw, 90px\" \/><\/p>\n<p style=\"text-align: center;\">\u203a\u00a0<b>\u00a0<\/b><b><a href=\"\/?page_id=71070\">Efigy\u00a0Education digital<\/a><\/b><\/p>\n<p class=\"x_MsoNormal\" style=\"text-align: center;\">Recursos disponibles <i>online<\/i> per ser utilitzats de manera aut\u00f2noma per part d\u2019alumnes i docents de centres educatius.<\/p>\n<p style=\"text-align: center;\">[\/vc_column_text][\/vc_column_inner][vc_column_inner width=&#8221;1\/3&#8243;][vc_column_text]<\/p>\n<p style=\"text-align: center;\"><img loading=\"lazy\" class=\"alignnone wp-image-55134\" src=\"https:\/\/www.fundacionnaturgy.org\/wp-content\/uploads\/2018\/06\/personas-transparente.png\" width=\"90\" height=\"90\" srcset=\"https:\/\/www.fundacionnaturgy.org\/wp-content\/uploads\/2018\/06\/personas-transparente.png 176w, https:\/\/www.fundacionnaturgy.org\/wp-content\/uploads\/2018\/06\/personas-transparente-150x150.png 150w, https:\/\/www.fundacionnaturgy.org\/wp-content\/uploads\/2018\/06\/personas-transparente-140x140.png 140w\" sizes=\"(max-width: 90px) 100vw, 90px\" \/><\/p>\n<p style=\"text-align: center;\">\u203a\u00a0<b>\u00a0<\/b><b><a href=\"\/?page_id=45312\">Efigy Education a l\u2019aula<\/a><\/b><\/p>\n<p class=\"x_MsoNormal\" style=\"text-align: center;\">Propostes educatives de producci\u00f3 pr\u00f2pia que es desenvolupen a l\u2019aula i s\u00f3n condu\u00efdes per formadors especialitzats de la Fundaci\u00f3.<\/p>\n<p style=\"text-align: center;\">[\/vc_column_text][\/vc_column_inner][vc_column_inner width=&#8221;1\/3&#8243;][vc_column_text]<\/p>\n<p style=\"text-align: center;\"><img loading=\"lazy\" class=\"alignnone wp-image-55125 size-full\" src=\"https:\/\/www.fundacionnaturgy.org\/wp-content\/uploads\/2018\/06\/bombilla-transparente.png\" width=\"90\" height=\"90\" srcset=\"https:\/\/www.fundacionnaturgy.org\/wp-content\/uploads\/2018\/06\/bombilla-transparente.png 176w, https:\/\/www.fundacionnaturgy.org\/wp-content\/uploads\/2018\/06\/bombilla-transparente-150x150.png 150w, https:\/\/www.fundacionnaturgy.org\/wp-content\/uploads\/2018\/06\/bombilla-transparente-140x140.png 140w\" sizes=\"(max-width: 90px) 100vw, 90px\" \/><\/p>\n<p style=\"text-align: center;\">\u203a\u00a0<b>\u00a0<\/b><b><a href=\"\/?page_id=60382\">Recursos\u00a0Efigy\u00a0Education<\/a><\/b><\/p>\n<p class=\"x_MsoNormal\" style=\"text-align: center;\">Activitats formatives que incorporen la innovaci\u00f3 did\u00e0ctica, amb l\u2019objectiu de transmetre el coneixement especialitzat de manera vivencial.<\/p>\n<p style=\"text-align: center;\">[\/vc_column_text][\/vc_column_inner][\/vc_row_inner][vc_empty_space][vc_row_inner][vc_column_inner width=&#8221;1\/2&#8243;][vc_column_text]<\/p>\n<p style=\"text-align: center;\"><img loading=\"lazy\" class=\"alignnone wp-image-55140\" src=\"https:\/\/www.fundacionnaturgy.org\/wp-content\/uploads\/2018\/06\/icono-lapiz-transparente.png\" width=\"90\" height=\"90\" srcset=\"https:\/\/www.fundacionnaturgy.org\/wp-content\/uploads\/2018\/06\/icono-lapiz-transparente.png 176w, https:\/\/www.fundacionnaturgy.org\/wp-content\/uploads\/2018\/06\/icono-lapiz-transparente-150x150.png 150w, https:\/\/www.fundacionnaturgy.org\/wp-content\/uploads\/2018\/06\/icono-lapiz-transparente-140x140.png 140w\" sizes=\"(max-width: 90px) 100vw, 90px\" \/><\/p>\n<p style=\"text-align: center;\">\u203a\u00a0<b>\u00a0<\/b><b><a href=\"\/?page_id=75824\">Certamen\u00a0Tecnol\u00f2gic\u00a0Efigy<\/a><\/b><\/p>\n<p class=\"x_MsoNormal\" style=\"text-align: center;\">Iniciativa dirigida a\u00a0alumnes de 3r i 4t de l\u2019ESO de tot el territori espanyol per promoure\u00a0els valors de l\u2019efici\u00e8ncia energ\u00e8tica.<\/p>\n<div id=\"gtx-trans\" style=\"position: absolute; left: 429px; top: 87.6px; text-align: center;\"><\/div>\n<p>[\/vc_column_text][\/vc_column_inner][vc_column_inner width=&#8221;1\/2&#8243;][vc_column_text]<\/p>\n<p style=\"text-align: center;\"><img loading=\"lazy\" class=\"alignnone wp-image-55143\" src=\"https:\/\/www.fundacionnaturgy.org\/wp-content\/uploads\/2018\/06\/birrete-transparente.png\" width=\"90\" height=\"90\" srcset=\"https:\/\/www.fundacionnaturgy.org\/wp-content\/uploads\/2018\/06\/birrete-transparente.png 176w, https:\/\/www.fundacionnaturgy.org\/wp-content\/uploads\/2018\/06\/birrete-transparente-150x150.png 150w, https:\/\/www.fundacionnaturgy.org\/wp-content\/uploads\/2018\/06\/birrete-transparente-140x140.png 140w\" sizes=\"(max-width: 90px) 100vw, 90px\" \/><\/p>\n<p style=\"text-align: center;\">\u203a\u00a0<b>\u00a0<\/b><b><a href=\"\/?page_id=45364\">Formaci\u00f3\u00a0Efigy\u00a0per\u00a0a\u00a0docents<\/a><\/b><\/p>\n<p class=\"x_MsoNormal\" style=\"text-align: center;\">Formaci\u00f3 cont\u00ednua a professors i mestres de tot el territori espanyol\u00a0a fi de donar suport i transferir el seu coneixement expert a la comunitat educativa.<\/p>\n<p style=\"text-align: center;\">[\/vc_column_text][\/vc_column_inner][\/vc_row_inner][\/vc_column][\/vc_row][vc_row][vc_column][vc_empty_space][\/vc_column][\/vc_row][vc_row][vc_column][vc_empty_space][vc_custom_heading text=&#8221;\u00daltimes not\u00edcies&#8221; font_container=&#8221;tag:h4|text_align:left&#8221; use_theme_fonts=&#8221;yes&#8221;][vc_empty_space][vc_basic_grid post_type=&#8221;post&#8221; max_items=&#8221;-1&#8243; style=&#8221;pagination&#8221; items_per_page=&#8221;6&#8243; paging_design=&#8221;pagination_rounded&#8221; paging_color=&#8221;orange&#8221; item=&#8221;35632&#8243; grid_id=&#8221;vc_gid:1718622995625-05518824-cd28-8&#8243; taxonomies=&#8221;1086, 878&#8243;][\/vc_column][\/vc_row][vc_row][vc_column][vc_column_text]<\/p>\n<p>[\/vc_column_text][\/vc_column][\/vc_row]<\/p>\n","protected":false},"excerpt":{"rendered":"<p>[vc_row][vc_column][vc_empty_space][vc_row_inner][vc_column_inner width=&#8221;2\/3&#8243;][vc_images_carousel images=&#8221;69527,64119,69557,66802,69542&#8243; img_size=&#8221;full&#8221; onclick=&#8221;link_no&#8221; speed=&#8221;3000&#8243; autoplay=&#8221;yes&#8221; wrap=&#8221;yes&#8221;][\/vc_column_inner][vc_column_inner width=&#8221;1\/3&#8243;][\/vc_column_inner][\/vc_row_inner][\/vc_column][\/vc_row][vc_row full_width=&#8221;stretch_row&#8221; css=&#8221;.vc_custom_1589187766489{margin-bottom: -40px !important;background-color: #f2f1ef !important;}&#8221;][vc_column][vc_empty_space height=&#8221;12px&#8221;][vc_row_inner][vc_column_inner][vc_custom_heading text=&#8221;Efigy Education t\u2019ofereix&#8221; font_container=&#8221;tag:h4|text_align:left&#8221; use_theme_fonts=&#8221;yes&#8221;][\/vc_column_inner][\/vc_row_inner][vc_empty_space][vc_row_inner][vc_column_inner width=&#8221;1\/3&#8243;][vc_column_text] \u203a\u00a0\u00a0Efigy\u00a0Education digital Recursos disponibles online per ser utilitzats<span class=\"more-link\"><a href=\"https:\/\/www.fundacionnaturgy.org\/ca\/educacio-divulgacio\/efigy-education\/\">Llegir m\u00e9s<\/a><\/span><\/p>\n","protected":false},"author":1454,"featured_media":0,"parent":45308,"menu_order":0,"comment_status":"closed","ping_status":"closed","template":"templates\/full-width.php","meta":{"inline_featured_image":false},"categories":[],"acf":[],"_links":{"self":[{"href":"https:\/\/www.fundacionnaturgy.org\/ca\/wp-json\/wp\/v2\/pages\/45309"}],"collection":[{"href":"https:\/\/www.fundacionnaturgy.org\/ca\/wp-json\/wp\/v2\/pages"}],"about":[{"href":"https:\/\/www.fundacionnaturgy.org\/ca\/wp-json\/wp\/v2\/types\/page"}],"author":[{"embeddable":true,"href":"https:\/\/www.fundacionnaturgy.org\/ca\/wp-json\/wp\/v2\/users\/1454"}],"replies":[{"embeddable":true,"href":"https:\/\/www.fundacionnaturgy.org\/ca\/wp-json\/wp\/v2\/comments?post=45309"}],"version-history":[{"count":2,"href":"https:\/\/www.fundacionnaturgy.org\/ca\/wp-json\/wp\/v2\/pages\/45309\/revisions"}],"predecessor-version":[{"id":89838,"href":"https:\/\/www.fundacionnaturgy.org\/ca\/wp-json\/wp\/v2\/pages\/45309\/revisions\/89838"}],"up":[{"embeddable":true,"href":"https:\/\/www.fundacionnaturgy.org\/ca\/wp-json\/wp\/v2\/pages\/45308"}],"wp:attachment":[{"href":"https:\/\/www.fundacionnaturgy.org\/ca\/wp-json\/wp\/v2\/media?parent=45309"}],"wp:term":[{"taxonomy":"category","embeddable":true,"href":"https:\/\/www.fundacionnaturgy.org\/ca\/wp-json\/wp\/v2\/categories?post=45309"}],"curies":[{"name":"wp","href":"https:\/\/api.w.org\/{rel}","templated":true}]}}