{"id":45311,"date":"2018-06-19T17:30:17","date_gmt":"2018-06-19T15:30:17","guid":{"rendered":"https:\/\/www.fundacionnaturgy.org\/ca\/educacio-i-cultura\/arxiu-i-patrimoni\/"},"modified":"2019-06-27T13:35:39","modified_gmt":"2019-06-27T11:35:39","slug":"arxiu-i-patrimoni","status":"publish","type":"page","link":"https:\/\/www.fundacionnaturgy.org\/ca\/educacio-divulgacio\/arxiu-i-patrimoni\/","title":{"rendered":"Arxiu i patrimoni"},"content":{"rendered":"<p>[vc_row][vc_column][vc_row_inner][vc_column_inner]<div class=\"gnf-texto-destacado\" style=\"background-color:#edf0f1;border-color:#004165;\"><h4 style=\"color:#004165\">El relat de la nostra hist\u00f2ria<\/h4>A finals dels anys seixanta del segle XX, la inquietud cultural i la sensibilitat hist\u00f2rica de l\u2019actual Naturgy\u00a0va fer posar en marxa una primera exposici\u00f3 permanent sobre el gas a la seu hist\u00f2rica de la societat, al carrer Portal de l\u2019\u00c0ngel de Barcelona. Aquella primera mostra presentava <strong>l\u2019evoluci\u00f3 hist\u00f2rica de l\u2019energia del gas i mostrava les caracter\u00edstiques i aplicacions del gas natural com a energia<\/strong> neta, eficient i respectuosa amb el medi ambient.<\/p>\n<p>Inaugurada el 1977, aquella exhibici\u00f3 avui representa l\u2019embri\u00f3 d\u2019un\u00a0programa\u00a0educatiu i de\u00a0divulgaci\u00f3\u00a0sobre el passat, el present i el futur de l\u2019energia. La Fundaci\u00f3 Naturgy\u00a0t\u00e9 una <strong>col\u00b7lecci\u00f3 pr\u00f2pia i un arxiu hist\u00f2ric amb objectes i documents originals<\/strong> que mostren la seva contribuci\u00f3 formativa\u00a0a la societat.<\/div>[vc_empty_space][\/vc_column_inner][\/vc_row_inner][\/vc_column][\/vc_row][vc_row][vc_column][vc_row_inner][vc_column_inner width=&#8221;1\/2&#8243; offset=&#8221;vc_hidden-md vc_hidden-sm vc_hidden-xs&#8221;]<div class=\"gnf-destacado-icono small-text-center medium-text-left row collapse\"><div class=\"gnf-destacado-icono__icono large-4 columns small-text-center medium-text-left \"><div class=\"icon-outer icon-style-rounded icon-background\" style=\"background-color:#e5ecf1\"><span class=\"ico_libro\"><\/span><\/div><\/div><div class=\"gnf-destacado-icono__texto large-8 columns\"><h4><a href=\"http:\/\/www.fundacionnaturgy.org\/ca\/divulgacio\/arxiu-i-patrimoni\/biblioteca-i-arxiu-historic\/\" title=\"\" target=\"_self\">Arxiu i biblioteca<\/a><\/h4><span style=\"color: #004162;\">Un dels arxius hist\u00f2rics d\u2019empresa m\u00e9s important del pa\u00eds, amb un fons especialitzat en la ind\u00fastria de l\u2019energia,\u00a0capa\u00e7 de relatar la hist\u00f2ria econ\u00f2mica i industrial del pa\u00eds.<\/span><\/div><\/div>[vc_empty_space height=&#8221;48px&#8221;]<div class=\"gnf-destacado-icono small-text-center medium-text-left row collapse\"><div class=\"gnf-destacado-icono__icono large-4 columns small-text-center medium-text-left \"><div class=\"icon-outer icon-style-rounded icon-background\" style=\"background-color:#e5ecf1\"><span class=\"ico_contador\"><\/span><\/div><\/div><div class=\"gnf-destacado-icono__texto large-8 columns\"><h4><a href=\"http:\/\/www.fundacionnaturgy.org\/ca\/divulgacio\/arxiu-i-patrimoni\/la-col%C2%B7leccio\/\" title=\"\" target=\"_self\">La col\u00b7lecci\u00f3<\/a><\/h4><span style=\"color: #004162;\">En l\u2019actualitat, el fons de la col\u00b7lecci\u00f3\u00a0<\/span><span style=\"color: #004162;\">disposa de m\u00e9s de 3.200 peces i\u00a0objectes originals del sector energ\u00e8tic\u00a0i \u00e9s testimoni del passat industrial i de la innovaci\u00f3 tecnol\u00f2gica del pa\u00eds.<\/span><\/div><\/div>[vc_empty_space height=&#8221;48px&#8221;]<div class=\"gnf-destacado-icono small-text-center medium-text-left row collapse\"><div class=\"gnf-destacado-icono__icono large-4 columns small-text-center medium-text-left \"><div class=\"icon-outer icon-style-rounded icon-background\" style=\"background-color:#e5ecf1\"><span class=\"ico_lupa\"><\/span><\/div><\/div><div class=\"gnf-destacado-icono__texto large-8 columns\"><h4><a href=\"http:\/\/www.fundacionnaturgy.org\/ca\/divulgacio\/arxiu-i-patrimoni\/la-peca-del-mes\/\" title=\"\" target=\"_self\">La pe\u00e7a destacada<\/a><\/h4><span style=\"color: #004162;\">Aprofundim en la col\u00b7lecci\u00f3 de la Fundaci\u00f3 Naturgy i recuperem una de les seves preuades joies que ens transporta a un temps passat.<\/span><\/div><\/div>[\/vc_column_inner][vc_column_inner width=&#8221;1\/2&#8243; offset=&#8221;vc_hidden-md vc_hidden-sm vc_hidden-xs&#8221;][vc_single_image image=&#8221;45011&#8243; img_size=&#8221;full&#8221; css_animation=&#8221;appear&#8221;][vc_single_image image=&#8221;52611&#8243; img_size=&#8221;full&#8221; css_animation=&#8221;appear&#8221;][\/vc_column_inner][\/vc_row_inner][vc_row_inner][vc_column_inner width=&#8221;1\/2&#8243; offset=&#8221;vc_hidden-lg&#8221;]<div class=\"gnf-destacado-icono small-text-center medium-text-left row collapse\"><div class=\"gnf-destacado-icono__icono large-4 columns small-text-center medium-text-left \"><div class=\"icon-outer icon-style-rounded icon-background\" style=\"background-color:\"><span class=\"ico_libro\"><\/span><\/div><\/div><div class=\"gnf-destacado-icono__texto large-8 columns\"><h4><a href=\"http:\/\/www.fundacionnaturgy.org\/ca\/divulgacio\/arxiu-i-patrimoni\/biblioteca-i-arxiu-historic\/\" title=\"\" target=\"_self\">Arxiu i biblioteca<\/a><\/h4><span style=\"color: #004162;\">Un dels arxius hist\u00f2rics d\u2019empresa m\u00e9s important del pa\u00eds, amb un fons especialitzat en la ind\u00fastria de l\u2019energia,\u00a0capa\u00e7 de relatar la hist\u00f2ria econ\u00f2mica i industrial del pa\u00eds.<\/span><\/div><\/div>[vc_empty_space]<div class=\"gnf-destacado-icono small-text-center medium-text-left row collapse\"><div class=\"gnf-destacado-icono__icono large-4 columns small-text-center medium-text-left \"><div class=\"icon-outer icon-style-rounded icon-background\" style=\"background-color:\"><span class=\"ico_contador\"><\/span><\/div><\/div><div class=\"gnf-destacado-icono__texto large-8 columns\"><h4><a href=\"http:\/\/www.fundacionnaturgy.org\/ca\/divulgacio\/arxiu-i-patrimoni\/la-col%C2%B7leccio\/\" title=\"\" target=\"_self\">La col\u00b7lecci\u00f3<\/a><\/h4><span style=\"color: #004162;\">En l\u2019actualitat, el fons de la col\u00b7lecci\u00f3\u00a0<\/span><span style=\"color: #004162;\">disposa de m\u00e9s de 3.200 peces i\u00a0objectes originals del sector energ\u00e8tic\u00a0i \u00e9s testimoni del passat industrial i de la innovaci\u00f3 tecnol\u00f2gica del pa\u00eds.<\/span><\/div><\/div>[vc_empty_space]<div class=\"gnf-destacado-icono small-text-center medium-text-left row collapse\"><div class=\"gnf-destacado-icono__icono large-4 columns small-text-center medium-text-left \"><div class=\"icon-outer icon-style-rounded icon-background\" style=\"background-color:\"><span class=\"ico_lupa\"><\/span><\/div><\/div><div class=\"gnf-destacado-icono__texto large-8 columns\"><h4><a href=\"http:\/\/www.fundacionnaturgy.org\/ca\/divulgacio\/arxiu-i-patrimoni\/la-peca-del-mes\/\" title=\"\" target=\"_self\">La pe\u00e7a destacada<\/a><\/h4><span style=\"color: #004162;\">Aprofundim en la col\u00b7lecci\u00f3 de la Fundaci\u00f3 Naturgy i recuperem una de les seves preuades joies que ens transporta a un temps passat.<\/span><\/div><\/div>[\/vc_column_inner][vc_column_inner width=&#8221;1\/2&#8243; offset=&#8221;vc_hidden-lg&#8221;][vc_single_image image=&#8221;45011&#8243; img_size=&#8221;full&#8221;][vc_single_image image=&#8221;52611&#8243; img_size=&#8221;full&#8221;][\/vc_column_inner][\/vc_row_inner][\/vc_column][\/vc_row]<\/p>\n","protected":false},"excerpt":{"rendered":"<p>[vc_row][vc_column][vc_row_inner][vc_column_inner][vc_empty_space][\/vc_column_inner][\/vc_row_inner][\/vc_column][\/vc_row][vc_row][vc_column][vc_row_inner][vc_column_inner width=&#8221;1\/2&#8243; offset=&#8221;vc_hidden-md vc_hidden-sm vc_hidden-xs&#8221;][vc_empty_space height=&#8221;48px&#8221;][vc_empty_space height=&#8221;48px&#8221;][\/vc_column_inner][vc_column_inner width=&#8221;1\/2&#8243; offset=&#8221;vc_hidden-md vc_hidden-sm vc_hidden-xs&#8221;][vc_single_image image=&#8221;45011&#8243; img_size=&#8221;full&#8221; css_animation=&#8221;appear&#8221;][vc_single_image image=&#8221;52611&#8243; img_size=&#8221;full&#8221; css_animation=&#8221;appear&#8221;][\/vc_column_inner][\/vc_row_inner][vc_row_inner][vc_column_inner width=&#8221;1\/2&#8243; offset=&#8221;vc_hidden-lg&#8221;][vc_empty_space][vc_empty_space][\/vc_column_inner][vc_column_inner width=&#8221;1\/2&#8243; offset=&#8221;vc_hidden-lg&#8221;][vc_single_image image=&#8221;45011&#8243; img_size=&#8221;full&#8221;][vc_single_image image=&#8221;52611&#8243; img_size=&#8221;full&#8221;][\/vc_column_inner][\/vc_row_inner][\/vc_column][\/vc_row]<\/p>\n","protected":false},"author":1454,"featured_media":0,"parent":45308,"menu_order":0,"comment_status":"closed","ping_status":"closed","template":"templates\/full-width.php","meta":{"inline_featured_image":false},"categories":[],"acf":[],"_links":{"self":[{"href":"https:\/\/www.fundacionnaturgy.org\/ca\/wp-json\/wp\/v2\/pages\/45311"}],"collection":[{"href":"https:\/\/www.fundacionnaturgy.org\/ca\/wp-json\/wp\/v2\/pages"}],"about":[{"href":"https:\/\/www.fundacionnaturgy.org\/ca\/wp-json\/wp\/v2\/types\/page"}],"author":[{"embeddable":true,"href":"https:\/\/www.fundacionnaturgy.org\/ca\/wp-json\/wp\/v2\/users\/1454"}],"replies":[{"embeddable":true,"href":"https:\/\/www.fundacionnaturgy.org\/ca\/wp-json\/wp\/v2\/comments?post=45311"}],"version-history":[{"count":0,"href":"https:\/\/www.fundacionnaturgy.org\/ca\/wp-json\/wp\/v2\/pages\/45311\/revisions"}],"up":[{"embeddable":true,"href":"https:\/\/www.fundacionnaturgy.org\/ca\/wp-json\/wp\/v2\/pages\/45308"}],"wp:attachment":[{"href":"https:\/\/www.fundacionnaturgy.org\/ca\/wp-json\/wp\/v2\/media?parent=45311"}],"wp:term":[{"taxonomy":"category","embeddable":true,"href":"https:\/\/www.fundacionnaturgy.org\/ca\/wp-json\/wp\/v2\/categories?post=45311"}],"curies":[{"name":"wp","href":"https:\/\/api.w.org\/{rel}","templated":true}]}}