{"id":45312,"date":"2018-06-19T17:37:13","date_gmt":"2018-06-19T15:37:13","guid":{"rendered":"https:\/\/www.fundacionnaturgy.org\/ca\/educacio-i-cultura\/recursos-educatius\/recursos-presencials-per-a-laula\/"},"modified":"2024-09-18T13:51:06","modified_gmt":"2024-09-18T11:51:06","slug":"recursos-presencials-per-a-laula","status":"publish","type":"page","link":"https:\/\/www.fundacionnaturgy.org\/ca\/educacio-divulgacio\/efigy-education\/recursos-presencials-per-a-laula\/","title":{"rendered":"Efigy Education a l\u2019aula"},"content":{"rendered":"<p>[vc_row][vc_column][vc_column_text]<\/p>\n<h2><strong>Activitats presencials a l&#8217;aula adaptades a les necessitats de cada centre educatiu<\/strong><\/h2>\n<p>[\/vc_column_text][vc_column_text]Efigy Education a l&#8217;aula \u00e9s una activitat educativa itinerant per les aules de tot el territori espanyol, de la m\u00e0 d&#8217;educadors i educadores mediambientals especialitzats, que ofereix tallers per comprendre les noves tecnologies energ\u00e8tiques i el valor de la transici\u00f3 cap a un nou model energ\u00e8tic m\u00e9s sostenible i just.\u00a0Els tallers estan adaptats a totes les etapes de l&#8217;educaci\u00f3 obligat\u00f2ria i incorporen metodologies d&#8217;innovaci\u00f3 did\u00e0ctica i pedag\u00f2gica que promouen la participaci\u00f3 de l&#8217;alumnat a trav\u00e9s de din\u00e0miques d&#8217;exploraci\u00f3 de l&#8217;entorn i del desenvolupament personal.[\/vc_column_text]<a class=\"gnf-boton oscuro left\" href=\"https:\/\/www.fundacionnaturgy.org\/wp-content\/uploads\/2024\/09\/Programa-educatiu-primaria-24-25.pdf\" title=\"\" target=\"_blank\">Activitats educatives per a prim\u00e0ria durant el curs 2024-2025<\/a>[vc_empty_space height=&#8221;64px&#8221;]<a class=\"gnf-boton oscuro left\" href=\"https:\/\/www.fundacionnaturgy.org\/wp-content\/uploads\/2024\/09\/Programa-educatiu-secundaria-24-25.pdf\" title=\"\" target=\"_blank\">Activitats educatives per a secund\u00e0ria durant el curs 2024-2025<\/a>[vc_empty_space][vc_empty_space][vc_single_image image=&#8221;82533&#8243; img_size=&#8221;full&#8221;][\/vc_column][\/vc_row][vc_row full_width=&#8221;stretch_row&#8221;][vc_column][vc_row_inner][vc_column_inner width=&#8221;1\/3&#8243;]<div class=\"gnf-destacado-img\"><a href=\"https:\/\/www.fundacionnaturgy.org\/ca\/educacio-divulgacio\/efigy-education\/recursos-presencials-per-a-laula\/inventors-denergia-eficient\/\" title=\"\" target=\"_self\"><figure class=\"gnf-destacado-img__imagen\"><img width=\"1500\" height=\"1000\" src=\"https:\/\/www.fundacionnaturgy.org\/wp-content\/uploads\/2020\/01\/efigy-education8-copia.jpg\" class=\"attachment-full size-full\" alt=\"Efigy Education\" loading=\"lazy\" srcset=\"https:\/\/www.fundacionnaturgy.org\/wp-content\/uploads\/2020\/01\/efigy-education8-copia.jpg 1500w, https:\/\/www.fundacionnaturgy.org\/wp-content\/uploads\/2020\/01\/efigy-education8-copia-300x200.jpg 300w, https:\/\/www.fundacionnaturgy.org\/wp-content\/uploads\/2020\/01\/efigy-education8-copia-768x512.jpg 768w, https:\/\/www.fundacionnaturgy.org\/wp-content\/uploads\/2020\/01\/efigy-education8-copia-1024x683.jpg 1024w, https:\/\/www.fundacionnaturgy.org\/wp-content\/uploads\/2020\/01\/efigy-education8-copia-210x140.jpg 210w, https:\/\/www.fundacionnaturgy.org\/wp-content\/uploads\/2020\/01\/efigy-education8-copia-220x148.jpg 220w, https:\/\/www.fundacionnaturgy.org\/wp-content\/uploads\/2020\/01\/efigy-education8-copia-450x300.jpg 450w\" sizes=\"(max-width: 1500px) 100vw, 1500px\" \/><figcaption class=\"link bottom\" style=\"background: rgba(255,255,255,0.9);\"><h4 class=\"left\">Educaci\u00f3 infantil<\/h4><\/figcaption><\/figure><\/a><div class=\"gnf-destacado-img__texto small-only-text-center\"><\/div><\/div>[\/vc_column_inner][vc_column_inner width=&#8221;1\/3&#8243;]<div class=\"gnf-destacado-img\"><a href=\"https:\/\/www.fundacionnaturgy.org\/ca\/educacio-divulgacio\/efigy-education\/recursos-presencials-per-a-laula\/laventura-defi-bot\/\" title=\"\" target=\"_self\"><figure class=\"gnf-destacado-img__imagen\"><img width=\"1500\" height=\"1000\" src=\"https:\/\/www.fundacionnaturgy.org\/wp-content\/uploads\/2020\/03\/efigy-education-coruna3.jpg\" class=\"attachment-full size-full\" alt=\"Efigy Education\" loading=\"lazy\" srcset=\"https:\/\/www.fundacionnaturgy.org\/wp-content\/uploads\/2020\/03\/efigy-education-coruna3.jpg 1500w, https:\/\/www.fundacionnaturgy.org\/wp-content\/uploads\/2020\/03\/efigy-education-coruna3-300x200.jpg 300w, https:\/\/www.fundacionnaturgy.org\/wp-content\/uploads\/2020\/03\/efigy-education-coruna3-768x512.jpg 768w, https:\/\/www.fundacionnaturgy.org\/wp-content\/uploads\/2020\/03\/efigy-education-coruna3-1024x683.jpg 1024w, https:\/\/www.fundacionnaturgy.org\/wp-content\/uploads\/2020\/03\/efigy-education-coruna3-210x140.jpg 210w, https:\/\/www.fundacionnaturgy.org\/wp-content\/uploads\/2020\/03\/efigy-education-coruna3-220x148.jpg 220w, https:\/\/www.fundacionnaturgy.org\/wp-content\/uploads\/2020\/03\/efigy-education-coruna3-450x300.jpg 450w\" sizes=\"(max-width: 1500px) 100vw, 1500px\" \/><figcaption class=\"link bottom\" style=\"background: rgba(255,255,255,0.9);\"><h4 class=\"left\">Primer i segon d\u2019educaci\u00f3 prim\u00e0ria<\/h4><\/figcaption><\/figure><\/a><div class=\"gnf-destacado-img__texto small-only-text-center\"><\/div><\/div>[\/vc_column_inner][vc_column_inner width=&#8221;1\/3&#8243;]<div class=\"gnf-destacado-img\"><a href=\"https:\/\/www.fundacionnaturgy.org\/ca\/educacio-divulgacio\/efigy-education\/recursos-presencials-per-a-laula\/la-magia-de-lenergia\/\" title=\"\" target=\"_self\"><figure class=\"gnf-destacado-img__imagen\"><img width=\"1800\" height=\"1200\" src=\"https:\/\/www.fundacionnaturgy.org\/wp-content\/uploads\/2019\/10\/efigy-education5.jpg\" class=\"attachment-full size-full\" alt=\"Efigy Education Fundacion Naturgy\" loading=\"lazy\" srcset=\"https:\/\/www.fundacionnaturgy.org\/wp-content\/uploads\/2019\/10\/efigy-education5.jpg 1800w, https:\/\/www.fundacionnaturgy.org\/wp-content\/uploads\/2019\/10\/efigy-education5-300x200.jpg 300w, https:\/\/www.fundacionnaturgy.org\/wp-content\/uploads\/2019\/10\/efigy-education5-768x512.jpg 768w, https:\/\/www.fundacionnaturgy.org\/wp-content\/uploads\/2019\/10\/efigy-education5-1024x683.jpg 1024w, https:\/\/www.fundacionnaturgy.org\/wp-content\/uploads\/2019\/10\/efigy-education5-210x140.jpg 210w, https:\/\/www.fundacionnaturgy.org\/wp-content\/uploads\/2019\/10\/efigy-education5-220x148.jpg 220w, https:\/\/www.fundacionnaturgy.org\/wp-content\/uploads\/2019\/10\/efigy-education5-450x300.jpg 450w\" sizes=\"(max-width: 1800px) 100vw, 1800px\" \/><figcaption class=\"link bottom\" style=\"background: rgba(255,255,255,0.9);\"><h4 class=\"left\">Tercer i quart d\u2019educaci\u00f3 prim\u00e0ria<\/h4><\/figcaption><\/figure><\/a><div class=\"gnf-destacado-img__texto small-only-text-center\"><\/div><\/div>[\/vc_column_inner][\/vc_row_inner][vc_row_inner][vc_column_inner width=&#8221;1\/3&#8243;]<div class=\"gnf-destacado-img\"><a href=\"https:\/\/www.fundacionnaturgy.org\/ca\/educacio-divulgacio\/efigy-education\/recursos-presencials-per-a-laula\/les-energies-del-futur\/\" title=\"\" target=\"_self\"><figure class=\"gnf-destacado-img__imagen\"><img width=\"1500\" height=\"1000\" src=\"https:\/\/www.fundacionnaturgy.org\/wp-content\/uploads\/2020\/01\/efigy-education3-copia.jpg\" class=\"attachment-full size-full\" alt=\"Efigy Education\" loading=\"lazy\" srcset=\"https:\/\/www.fundacionnaturgy.org\/wp-content\/uploads\/2020\/01\/efigy-education3-copia.jpg 1500w, https:\/\/www.fundacionnaturgy.org\/wp-content\/uploads\/2020\/01\/efigy-education3-copia-300x200.jpg 300w, https:\/\/www.fundacionnaturgy.org\/wp-content\/uploads\/2020\/01\/efigy-education3-copia-768x512.jpg 768w, https:\/\/www.fundacionnaturgy.org\/wp-content\/uploads\/2020\/01\/efigy-education3-copia-1024x683.jpg 1024w, https:\/\/www.fundacionnaturgy.org\/wp-content\/uploads\/2020\/01\/efigy-education3-copia-210x140.jpg 210w, https:\/\/www.fundacionnaturgy.org\/wp-content\/uploads\/2020\/01\/efigy-education3-copia-220x148.jpg 220w, https:\/\/www.fundacionnaturgy.org\/wp-content\/uploads\/2020\/01\/efigy-education3-copia-450x300.jpg 450w\" sizes=\"(max-width: 1500px) 100vw, 1500px\" \/><figcaption class=\"link bottom\" style=\"background: rgba(255,255,255,0.9);\"><h4 class=\"left\">Cinqu\u00e8 i sis\u00e8 d\u2019educaci\u00f3 prim\u00e0ria<\/h4><\/figcaption><\/figure><\/a><div class=\"gnf-destacado-img__texto small-only-text-center\"><\/div><\/div>[\/vc_column_inner][vc_column_inner width=&#8221;1\/3&#8243;]<div class=\"gnf-destacado-img\"><a href=\"https:\/\/www.fundacionnaturgy.org\/ca\/educacio-divulgacio\/efigy-education\/recursos-presencials-per-a-laula\/lenergia-en-joc\/\" title=\"\" target=\"_self\"><figure class=\"gnf-destacado-img__imagen\"><img width=\"1500\" height=\"1000\" src=\"https:\/\/www.fundacionnaturgy.org\/wp-content\/uploads\/2020\/03\/efigy-education-santiago6.jpg\" class=\"attachment-full size-full\" alt=\"Efigy Education\" loading=\"lazy\" srcset=\"https:\/\/www.fundacionnaturgy.org\/wp-content\/uploads\/2020\/03\/efigy-education-santiago6.jpg 1500w, https:\/\/www.fundacionnaturgy.org\/wp-content\/uploads\/2020\/03\/efigy-education-santiago6-300x200.jpg 300w, https:\/\/www.fundacionnaturgy.org\/wp-content\/uploads\/2020\/03\/efigy-education-santiago6-768x512.jpg 768w, https:\/\/www.fundacionnaturgy.org\/wp-content\/uploads\/2020\/03\/efigy-education-santiago6-1024x683.jpg 1024w, https:\/\/www.fundacionnaturgy.org\/wp-content\/uploads\/2020\/03\/efigy-education-santiago6-210x140.jpg 210w, https:\/\/www.fundacionnaturgy.org\/wp-content\/uploads\/2020\/03\/efigy-education-santiago6-220x148.jpg 220w, https:\/\/www.fundacionnaturgy.org\/wp-content\/uploads\/2020\/03\/efigy-education-santiago6-450x300.jpg 450w\" sizes=\"(max-width: 1500px) 100vw, 1500px\" \/><figcaption class=\"link bottom\" style=\"background: rgba(255,255,255,0.9);\"><h4 class=\"left\">Educaci\u00f3 secund\u00e0ria obligat\u00f2ria<\/h4><\/figcaption><\/figure><\/a><div class=\"gnf-destacado-img__texto small-only-text-center\"><\/div><\/div>[\/vc_column_inner][vc_column_inner width=&#8221;1\/3&#8243;][\/vc_column_inner][\/vc_row_inner][\/vc_column][\/vc_row][vc_row][vc_column][vc_empty_space][\/vc_column][\/vc_row][vc_row css=&#8221;.vc_custom_1648658082600{border-top-width: 1px !important;border-right-width: 1px !important;border-bottom-width: 1px !important;border-left-width: 1px !important;border-left-color: #e5ecf1 !important;border-left-style: solid !important;border-right-color: #e5ecf1 !important;border-right-style: solid !important;border-top-color: #e5ecf1 !important;border-top-style: solid !important;border-bottom-color: #e5ecf1 !important;border-bottom-style: solid !important;border-radius: 1px !important;}&#8221;][vc_column width=&#8221;1\/4&#8243;][vc_single_image image=&#8221;81427&#8243; img_size=&#8221;full&#8221; alignment=&#8221;right&#8221;][\/vc_column][vc_column width=&#8221;3\/4&#8243;][vc_column_text]<\/p>\n<h4><strong>M\u00e9s informaci\u00f3<\/strong><\/h4>\n<p>Per a m\u00e9s informaci\u00f3, posa\u2019t en contacte amb nosaltres a trav\u00e9s del tel\u00e8fon <strong>93 412 96 85<\/strong> o per correu electr\u00f2nic a <a href=\"mailto:efigyeducation@naturgy.com\"><strong>efigyeducation@naturgy.com<\/strong><\/a>.<\/p>\n<p>Per informar-te sobre la nostra activitat educativa fora del programa Efigy Education, contacta amb\u00a0<a href=\"mailto:educacionfundacion@naturgy.com\"><strong>educacionfundacion<\/strong><\/a><a href=\"mailto:educacionfundacion@naturgy.com\"><strong>@naturgy.com<\/strong><\/a>.[\/vc_column_text][\/vc_column][\/vc_row]<\/p>\n","protected":false},"excerpt":{"rendered":"<p>[vc_row][vc_column][vc_column_text] Activitats presencials a l&#8217;aula adaptades a les necessitats de cada centre educatiu [\/vc_column_text][vc_column_text]Efigy Education a l&#8217;aula \u00e9s una activitat educativa itinerant per les aules de tot el territori espanyol,<span class=\"more-link\"><a href=\"https:\/\/www.fundacionnaturgy.org\/ca\/educacio-divulgacio\/efigy-education\/recursos-presencials-per-a-laula\/\">Llegir m\u00e9s<\/a><\/span><\/p>\n","protected":false},"author":1454,"featured_media":0,"parent":45309,"menu_order":0,"comment_status":"closed","ping_status":"closed","template":"templates\/full-width.php","meta":{"inline_featured_image":false},"categories":[],"acf":[],"_links":{"self":[{"href":"https:\/\/www.fundacionnaturgy.org\/ca\/wp-json\/wp\/v2\/pages\/45312"}],"collection":[{"href":"https:\/\/www.fundacionnaturgy.org\/ca\/wp-json\/wp\/v2\/pages"}],"about":[{"href":"https:\/\/www.fundacionnaturgy.org\/ca\/wp-json\/wp\/v2\/types\/page"}],"author":[{"embeddable":true,"href":"https:\/\/www.fundacionnaturgy.org\/ca\/wp-json\/wp\/v2\/users\/1454"}],"replies":[{"embeddable":true,"href":"https:\/\/www.fundacionnaturgy.org\/ca\/wp-json\/wp\/v2\/comments?post=45312"}],"version-history":[{"count":9,"href":"https:\/\/www.fundacionnaturgy.org\/ca\/wp-json\/wp\/v2\/pages\/45312\/revisions"}],"predecessor-version":[{"id":90253,"href":"https:\/\/www.fundacionnaturgy.org\/ca\/wp-json\/wp\/v2\/pages\/45312\/revisions\/90253"}],"up":[{"embeddable":true,"href":"https:\/\/www.fundacionnaturgy.org\/ca\/wp-json\/wp\/v2\/pages\/45309"}],"wp:attachment":[{"href":"https:\/\/www.fundacionnaturgy.org\/ca\/wp-json\/wp\/v2\/media?parent=45312"}],"wp:term":[{"taxonomy":"category","embeddable":true,"href":"https:\/\/www.fundacionnaturgy.org\/ca\/wp-json\/wp\/v2\/categories?post=45312"}],"curies":[{"name":"wp","href":"https:\/\/api.w.org\/{rel}","templated":true}]}}