{"id":45313,"date":"2018-06-19T17:41:27","date_gmt":"2018-06-19T15:41:27","guid":{"rendered":"https:\/\/www.fundacionnaturgy.org\/ca\/educacio-i-cultura\/recursos-educatius\/recursos-didactics-online\/"},"modified":"2019-09-12T11:26:51","modified_gmt":"2019-09-12T09:26:51","slug":"efigy-education-online","status":"publish","type":"page","link":"https:\/\/www.fundacionnaturgy.org\/ca\/educacio-divulgacio\/efigy-education\/efigy-education-online\/","title":{"rendered":"Efigy Education online"},"content":{"rendered":"<p>[vc_row][vc_column width=&#8221;1\/2&#8243;][vc_single_image image=&#8221;44913&#8243; img_size=&#8221;full&#8221;][\/vc_column][vc_column width=&#8221;1\/2&#8243;][vc_column_text]<\/p>\n<h2><span style=\"color: #ef8200;\">Construeix eficientment!<\/span><\/h2>\n<p>\u201cConstruye eficientmente\u201d \u00e9s una <strong>aplicaci\u00f3 inform\u00e0tica en qu\u00e8 es planteja la construcci\u00f3 d\u2019un edifici sostenible <\/strong>amb tres itineraris diferents: la construcci\u00f3 d\u2019un habitatge nou, la reforma d\u2019un habitatge i la construcci\u00f3 d\u2019una escola nova. La visualitzaci\u00f3 en 3D ofereix una visi\u00f3 real de l\u2019habitatge que facilita a l\u2019alumnat la integraci\u00f3 de continguts.[\/vc_column_text][\/vc_column][\/vc_row][vc_row][vc_column][vc_column_text]Els alumnes han d\u2019anar seleccionant les diferents opcions que ens dona l\u2019aplicaci\u00f3, que engloben des de l\u2019orientaci\u00f3, l\u2019a\u00efllament, les finestres o el tipus d\u2019il\u00b7luminaci\u00f3 i climatitzaci\u00f3. A mesura que anem construint l\u2019habitatge, l\u2019aplicaci\u00f3 ens mostra la petjada ecol\u00f2gica i el cost real en funci\u00f3 dels materials que se seleccionen.<\/p>\n<p>L\u2019objectiu final \u00e9s l\u2019obtenci\u00f3 d\u2019un <strong>certificat energ\u00e8tic de l\u2019habitatge<\/strong>, aix\u00ed com el c\u00e0lcul de la seva petjada ecol\u00f2gica, tenint en compte un programa real de certificaci\u00f3 energ\u00e8tica i simplificant els par\u00e0metres perqu\u00e8 siguin comprensibles per a l\u2019alumnat.\u00a0Aquesta aplicaci\u00f3 es presenta com un bon recurs per al professorat que ha de treballar els continguts d\u2019efici\u00e8ncia, estalvi energ\u00e8tic, energia i tecnologia.\u00a0El disseny de l\u2019aplicaci\u00f3 \u00e9s neutre, clar i conc\u00eds i la seva navegaci\u00f3 \u00e9s intu\u00eftiva i adequada a tota mena d\u2019alumnat.[\/vc_column_text][\/vc_column][\/vc_row][vc_row][vc_column width=&#8221;1\/2&#8243;][vc_column_text]<\/p>\n<h3>Cursos\u00a0i tem\u00e0tica<\/h3>\n<p>La Fundaci\u00f3 Naturgy ha conceptualitzat l&#8217;aplicatiu i l&#8217;activitat per a alumnat d&#8217;educaci\u00f3 secund\u00e0ria obligat\u00f2ria, Batxillerats i cicles formatius.<\/p>\n<p>L&#8217;activitat est\u00e0 emmarcada dins de les tem\u00e0tiques de Medi Ambient, Tecnologia i Energia.[\/vc_column_text][\/vc_column][vc_column width=&#8221;1\/2&#8243;][vc_column_text]<\/p>\n<h3>Objetius did\u00e0ctics<\/h3>\n<ul>\n<li>Identificar les caracter\u00edstiques que fan que un edifici\u00a0sigui\u00a0eficient.<\/li>\n<li>Aprendre a realitzar una auditoria energ\u00e8tica.<\/li>\n<li>Incidir en les conductes d&#8217;efici\u00e8ncia i estalvi energ\u00e8tic.<\/li>\n<li>Con\u00e8ixer els principals certificats d&#8217;efici\u00e8ncia i el seu significat.<\/li>\n<li>Desenvolupar les habilitats d&#8217;\u00fas de dispositius tecnol\u00f2gics i suports digitals.<\/li>\n<li>Facilitar recursos perqu\u00e8 els participants siguin capa\u00e7os d&#8217;implantar mesures d&#8217;estalvi energ\u00e8tic a les llars.<\/li>\n<li>Fomentar les bones pr\u00e0ctiques d&#8217;estalvi energ\u00e8tic.<\/li>\n<\/ul>\n<p>[\/vc_column_text][\/vc_column][\/vc_row][vc_row][vc_column width=&#8221;1\/2&#8243;][vc_column_text]<\/p>\n<h3>Continguts\u00a0del programa formatiu<\/h3>\n<ul>\n<li>Sostenibilitat, auditoria energ\u00e8tica\u00a0i\u00a0eficiencia energ\u00e8tica.<\/li>\n<li>Construcci\u00f3\u00a0i\u00a0edificaci\u00f3\u00a0eficient.<\/li>\n<li>Tecnologia, arts visuals y pl\u00e0stica.<\/li>\n<\/ul>\n<p>[\/vc_column_text][\/vc_column][vc_column width=&#8221;1\/2&#8243;][vc_column_text]<\/p>\n<h3>Compet\u00e8ncies\u00a0curriculars<\/h3>\n<ul>\n<li>Coneixement del medi.<\/li>\n<li>Valors socials i c\u00edvics.<\/li>\n<li>Objectius i sistemes tecnol\u00f2gics.<\/li>\n<li>Tractament de la informaci\u00f3 i compet\u00e8ncia digital.<\/li>\n<li>Coneixement i interacci\u00f3 amb el m\u00f3n f\u00edsic.<\/li>\n<\/ul>\n<p>[\/vc_column_text][\/vc_column][\/vc_row][vc_row][vc_column]<a class=\"gnf-boton oscuro left\" href=\"https:\/\/edificaefigy.org\/\" title=\"\" target=\"_self\">Accedir a l'aplicatiu<\/a>[\/vc_column][\/vc_row][vc_column width=&#8221;1\/2&#8243;][\/vc_column][vc_column width=&#8221;1\/2&#8243;][\/vc_column]<\/p>\n","protected":false},"excerpt":{"rendered":"<p>[vc_row][vc_column width=&#8221;1\/2&#8243;][vc_single_image image=&#8221;44913&#8243; img_size=&#8221;full&#8221;][\/vc_column][vc_column width=&#8221;1\/2&#8243;][vc_column_text] Construeix eficientment! \u201cConstruye eficientmente\u201d \u00e9s una aplicaci\u00f3 inform\u00e0tica en qu\u00e8 es planteja la construcci\u00f3 d\u2019un edifici sostenible amb tres itineraris diferents: la construcci\u00f3 d\u2019un habitatge<span class=\"more-link\"><a href=\"https:\/\/www.fundacionnaturgy.org\/ca\/educacio-divulgacio\/efigy-education\/efigy-education-online\/\">Llegir m\u00e9s<\/a><\/span><\/p>\n","protected":false},"author":1454,"featured_media":0,"parent":45309,"menu_order":0,"comment_status":"closed","ping_status":"closed","template":"templates\/full-width.php","meta":{"inline_featured_image":false},"categories":[],"acf":[],"_links":{"self":[{"href":"https:\/\/www.fundacionnaturgy.org\/ca\/wp-json\/wp\/v2\/pages\/45313"}],"collection":[{"href":"https:\/\/www.fundacionnaturgy.org\/ca\/wp-json\/wp\/v2\/pages"}],"about":[{"href":"https:\/\/www.fundacionnaturgy.org\/ca\/wp-json\/wp\/v2\/types\/page"}],"author":[{"embeddable":true,"href":"https:\/\/www.fundacionnaturgy.org\/ca\/wp-json\/wp\/v2\/users\/1454"}],"replies":[{"embeddable":true,"href":"https:\/\/www.fundacionnaturgy.org\/ca\/wp-json\/wp\/v2\/comments?post=45313"}],"version-history":[{"count":0,"href":"https:\/\/www.fundacionnaturgy.org\/ca\/wp-json\/wp\/v2\/pages\/45313\/revisions"}],"up":[{"embeddable":true,"href":"https:\/\/www.fundacionnaturgy.org\/ca\/wp-json\/wp\/v2\/pages\/45309"}],"wp:attachment":[{"href":"https:\/\/www.fundacionnaturgy.org\/ca\/wp-json\/wp\/v2\/media?parent=45313"}],"wp:term":[{"taxonomy":"category","embeddable":true,"href":"https:\/\/www.fundacionnaturgy.org\/ca\/wp-json\/wp\/v2\/categories?post=45313"}],"curies":[{"name":"wp","href":"https:\/\/api.w.org\/{rel}","templated":true}]}}