{"id":45316,"date":"2018-06-19T17:59:47","date_gmt":"2018-06-19T15:59:47","guid":{"rendered":"https:\/\/www.fundacionnaturgy.org\/ca\/educacio-i-cultura\/experiencies-itinerants\/maletes-viatgeres\/"},"modified":"2024-04-29T12:18:51","modified_gmt":"2024-04-29T10:18:51","slug":"maletes-viatgeres","status":"publish","type":"page","link":"https:\/\/www.fundacionnaturgy.org\/ca\/educacio-divulgacio\/efigy-education\/recursos-efigy-education\/maletes-viatgeres\/","title":{"rendered":"Maletes viatgeres"},"content":{"rendered":"<p>[vc_row][vc_column]<div class=\"gnf-texto-destacado\" style=\"background-color:#edf0f1;border-color:#004165;\"><h4 style=\"color:#004165\">Eines did\u00e0ctiques per a empleats<\/h4>Les maletes viatgeres s\u00f3n un recurs\u00a0educatiu\u00a0que oferim\u00a0als empleats del grup Naturgy. Es tracta d\u2019un suport did\u00e0ctic excel\u00b7lent per impartir\u00a0<strong>xerrades sobre energia\u00a0i noves tecnologies energ\u00e8tiques als centres educatius de fills i familiars, per tal de transmetre l\u2019experi\u00e8ncia professional que es desenvolupa a la companyia.<\/strong><\/p>\n<p><strong>El material pedag\u00f2gic ofereix continguts amens i din\u00e0miques participatives,<\/strong> i s\u2019adapta als diferents nivells formatius, des de segon cicle infantil fins a educaci\u00f3 secund\u00e0ria obligat\u00f2ria.<\/div>[vc_empty_space][vc_row_inner][vc_column_inner width=&#8221;2\/3&#8243;][vc_images_carousel images=&#8221;44938,44940,44936&#8243; img_size=&#8221;full&#8221; onclick=&#8221;link_no&#8221;][\/vc_column_inner][vc_column_inner width=&#8221;1\/3&#8243;]<div id=\"owl-carousel-single\" class=\"owl-carousel\"><\/div>[\/vc_column_inner][\/vc_row_inner][\/vc_column][\/vc_row][vc_row full_width=&#8221;stretch_row&#8221; css=&#8221;.vc_custom_1588842623351{background-color: #f2f1ef !important;}&#8221;][vc_column][vc_empty_space height=&#8221;12px&#8221;][vc_row_inner][vc_column_inner width=&#8221;2\/3&#8243;][vc_custom_heading text=&#8221;El conte de l\u2019energia&#8221; use_theme_fonts=&#8221;yes&#8221;][vc_empty_space height=&#8221;12px&#8221;][vc_column_text]Som conscients que l\u2019energia \u00e9s un factor important\u00edssim, una protagonista en el futur de la humanitat i del planeta? Hem de ser capa\u00e7os de trobar energies barates, eficients i de baix impacte ambiental. Quines s\u00f3n les eines al nostre abast? Quins s\u00f3n els esfor\u00e7os que hem de dedicar-hi?<\/p>\n<p>Som conscients que l\u2019energia \u00e9s un factor molt important per a l\u2019evoluci\u00f3 humana? La naturalesa ens ofereix molts recursos naturals que, gr\u00e0cies a la innovaci\u00f3, podem convertir en energia. Els descobrim?<\/p>\n<p>[\/vc_column_text][\/vc_column_inner][vc_column_inner width=&#8221;1\/3&#8243;][vc_single_image image=&#8221;71883&#8243; img_size=&#8221;full&#8221; onclick=&#8221;img_link_large&#8221;][\/vc_column_inner][\/vc_row_inner][vc_row_inner][vc_column_inner width=&#8221;1\/2&#8243;][vc_column_text]<span style=\"color: #004571;\"><strong>Objectius<\/strong><\/span><\/p>\n<p>\u2022 Comprovar que perqu\u00e8 les coses funcionin necessites energia.<\/p>\n<p>\u2022 Recon\u00e8ixer diferents tipus d\u2019energia.<\/p>\n<p>\u2022 Descobrir les energies renovables: solar, e\u00f2lica i hidr\u00e0ulica.<\/p>\n<p>\u2022 Con\u00e8ixer l\u2019electricitat com a energia per moure vehicles.<\/p>\n<p>[\/vc_column_text][\/vc_column_inner][vc_column_inner width=&#8221;1\/2&#8243;][vc_column_text]<\/p>\n<p style=\"text-align: left;\"><span style=\"color: #004571;\"><strong>Continguts<\/strong><\/span><\/p>\n<p style=\"text-align: left;\">\u2022 Utilitat i necessitat de l\u2019energia.<\/p>\n<p>\u2022 Energies renovables: hidr\u00e0ulica, e\u00f2lica, solar.<\/p>\n<p>[\/vc_column_text][\/vc_column_inner][\/vc_row_inner][vc_row_inner][vc_column_inner width=&#8221;1\/2&#8243;][vc_column_text]<\/p>\n<p style=\"text-align: left;\"><span style=\"color: #004571;\"><strong>Compet\u00e8ncies<\/strong><\/span><\/p>\n<p style=\"text-align: left;\">\u2022 Compet\u00e8ncia b\u00e0sica en ci\u00e8ncia.<\/p>\n<p>\u2022 Aprendre a aprendre.<\/p>\n<p>\u2022 Coneixement i interacci\u00f3 amb el m\u00f3n f\u00edsic.<\/p>\n<p>\u2022 Comunicaci\u00f3 ling\u00fc\u00edstica.<\/p>\n<p>[\/vc_column_text][\/vc_column_inner][vc_column_inner width=&#8221;1\/2&#8243;][vc_column_text]<span style=\"color: #004571;\"><strong>Nivells<\/strong><\/span><\/p>\n<p>\u2022 Segon cicle d\u2019educaci\u00f3 infantil.<\/p>\n<p>\u2022 Cicle inicial d\u2019educaci\u00f3 prim\u00e0ria.[\/vc_column_text][\/vc_column_inner][\/vc_row_inner][\/vc_column][\/vc_row][vc_row][vc_column][vc_empty_space height=&#8221;12px&#8221;][vc_row_inner][vc_column_inner width=&#8221;2\/3&#8243;][vc_custom_heading text=&#8221;Les fonts d\u2019energia&#8221; use_theme_fonts=&#8221;yes&#8221;][vc_empty_space height=&#8221;12px&#8221;][vc_column_text]Aquesta activitat est\u00e0 pensada perqu\u00e8 els estudiants aprenguin d\u2019on prov\u00e9 l\u2019energia que utilitzem. L\u2019objectiu principal \u00e9s que facin una reflexi\u00f3 sobre quines fonts energ\u00e8tiques consumim, com es classifiquen i la necessitat i el deure que tenim com a societat de fer-ne un \u00fas responsable.[\/vc_column_text][\/vc_column_inner][vc_column_inner width=&#8221;1\/3&#8243;][vc_single_image image=&#8221;71886&#8243; img_size=&#8221;full&#8221; onclick=&#8221;img_link_large&#8221;][\/vc_column_inner][\/vc_row_inner][vc_row_inner][vc_column_inner width=&#8221;1\/2&#8243;][vc_column_text]<span style=\"color: #004571;\"><strong>Objectius<\/strong><\/span><\/p>\n<p>\u2022 Identificar diferents fonts energ\u00e8tiques que s\u2019utilitzen avui dia.<\/p>\n<p>\u2022 Reflexionar sobre els avantatges i els inconvenients dels diferents tipus d\u2019energia.<\/p>\n<p>\u2022 Identificar les accions que representen un estalvi energ\u00e8tic i fomenten l\u2019efici\u00e8ncia energ\u00e8tica.<\/p>\n<p>[\/vc_column_text][\/vc_column_inner][vc_column_inner width=&#8221;1\/2&#8243;][vc_column_text]<\/p>\n<p style=\"text-align: left;\"><span style=\"color: #004571;\"><strong>Continguts<\/strong><\/span><\/p>\n<p style=\"text-align: left;\">\u2022 Fonts d\u2019energia.<\/p>\n<p>\u2022 Estalvi energ\u00e8tic.<\/p>\n<p>[\/vc_column_text][\/vc_column_inner][\/vc_row_inner][vc_row_inner][vc_column_inner width=&#8221;1\/2&#8243;][vc_column_text]<\/p>\n<p style=\"text-align: left;\"><span style=\"color: #004571;\"><strong>Compet\u00e8ncies<\/strong><\/span><\/p>\n<p style=\"text-align: left;\">\u2022 Compet\u00e8ncia b\u00e0sica en ci\u00e8ncia.<\/p>\n<p>\u2022 Aprendre a aprendre.<\/p>\n<p>\u2022 Coneixement i interacci\u00f3 amb el m\u00f3n f\u00edsic.<\/p>\n<p>\u2022 Comunicaci\u00f3 ling\u00fc\u00edstica.<\/p>\n<p>[\/vc_column_text][\/vc_column_inner][vc_column_inner width=&#8221;1\/2&#8243;][vc_column_text]<span style=\"color: #004571;\"><strong>Nivells<\/strong><\/span><\/p>\n<p>\u2022 Cicle\u00a0mitj\u00e0 d\u2019educaci\u00f3\u00a0prim\u00e0ria.[\/vc_column_text][\/vc_column_inner][\/vc_row_inner][\/vc_column][\/vc_row][vc_row full_width=&#8221;stretch_row&#8221; css=&#8221;.vc_custom_1588842623351{background-color: #f2f1ef !important;}&#8221;][vc_column][vc_empty_space height=&#8221;12px&#8221;][vc_row_inner][vc_column_inner width=&#8221;2\/3&#8243;][vc_custom_heading text=&#8221;Parlem d\u2019energia&#8221; use_theme_fonts=&#8221;yes&#8221;][vc_empty_space height=&#8221;12px&#8221;][vc_column_text]Aquesta activitat est\u00e0 pensada perqu\u00e8 els estudiants aprenguin que \u00e9s el mix energ\u00e8tic i l\u2019efici\u00e8ncia energ\u00e8tica. Mitjan\u00e7ant una reflexi\u00f3 grupal coneixerem quines fonts energ\u00e8tiques utilitzem avui dia, com es classifiquen i la necessitat i el deure que tenim com a societat de fer un \u00fas responsable.<\/p>\n<p>A partir d\u2019un v\u00eddeo introductori en el qual s\u2019explica la hist\u00f2ria de la formaci\u00f3 del gas i de la utilitzaci\u00f3 de les energies es plantegen una s\u00e8rie de preguntes en format concurs que els alumnes hauran de respondre.[\/vc_column_text][\/vc_column_inner][vc_column_inner width=&#8221;1\/3&#8243;][vc_single_image image=&#8221;71880&#8243; img_size=&#8221;full&#8221; onclick=&#8221;img_link_large&#8221;][\/vc_column_inner][\/vc_row_inner][vc_row_inner][vc_column_inner width=&#8221;1\/2&#8243;][vc_column_text]<span style=\"color: #004571;\"><strong>Objectius<\/strong><\/span><\/p>\n<p>\u2022 Con\u00e8ixer com es forma el gas natural.<\/p>\n<p>\u2022 Identificar els usos del gas natural, tant en els inicis de la seva utilitzaci\u00f3 com en l\u2019actualitat.<\/p>\n<p>\u2022 Identificar la necessitat de l\u2019energia per al nostre dia a dia.<\/p>\n<p>\u2022 Identificar diferents fonts energ\u00e8tiques que s\u2019utilitzen en l\u2019actualitat.<\/p>\n<p>\u2022 Reflexionar sobre els avantatges i els inconvenients dels diferents tipus d\u2019energies.[\/vc_column_text][\/vc_column_inner][vc_column_inner width=&#8221;1\/2&#8243;][vc_column_text]<\/p>\n<p style=\"text-align: left;\"><span style=\"color: #004571;\"><strong>Continguts<\/strong><\/span><\/p>\n<p style=\"text-align: left;\">\u2022 Obtenci\u00f3 del gas natural.<\/p>\n<p>\u2022 Depend\u00e8ncia de la llum artificial.<\/p>\n<p>\u2022 Canvis socials a causa de l\u2019arribada del gas i l\u2019electricitat.<\/p>\n<p>\u2022 Obtenci\u00f3 i transport del gas natural en l\u2019actualitat.<\/p>\n<p>\u2022 Tecnologies necess\u00e0ries per a l\u2019obtenci\u00f3 de l\u2019electricitat.<\/p>\n<p>[\/vc_column_text][\/vc_column_inner][\/vc_row_inner][vc_row_inner][vc_column_inner width=&#8221;1\/2&#8243;][vc_column_text]<\/p>\n<p style=\"text-align: left;\"><span style=\"color: #004571;\"><strong>Compet\u00e8ncies<\/strong><\/span><\/p>\n<p style=\"text-align: left;\">\u2022 Compet\u00e8ncia b\u00e0sica en ci\u00e8ncia.<\/p>\n<p>\u2022 Aprendre a aprendre.<\/p>\n<p>\u2022 Coneixement i interacci\u00f3 amb el m\u00f3n f\u00edsic.<\/p>\n<p>\u2022 Comunicaci\u00f3 ling\u00fc\u00edstica.<\/p>\n<p>[\/vc_column_text][\/vc_column_inner][vc_column_inner width=&#8221;1\/2&#8243;][vc_column_text]<span style=\"color: #004571;\"><strong>Nivells<\/strong><\/span><\/p>\n<p>\u2022 Cicle superior d\u2019educaci\u00f3 prim\u00e0ria.<\/p>\n<p>\u2022 Primer cicle d\u2019educaci\u00f3 secund\u00e0ria.[\/vc_column_text][\/vc_column_inner][\/vc_row_inner][\/vc_column][\/vc_row][vc_row][vc_column width=&#8221;2\/3&#8243;]<div class=\"gnf-destacado-icono small-text-center medium-text-left row collapse\"><div class=\"gnf-destacado-icono__icono large-4 columns small-text-center medium-text-left \"><div class=\"icon-outer icon-style-default\" style=\"background-color:\"><span class=\"ico_info\"><\/span><\/div><\/div><div class=\"gnf-destacado-icono__texto large-8 columns\"><h4>M\u00e9s informaci\u00f3 i peticions per participar en el programa:<\/h4>Si est\u00e0s interessat en alguna\u00a0de nostres\u00a0maletes viatgeres o en vols m\u00e9s informaci\u00f3,\u00a0ens pots\u00a0contactar per:<\/p>\n<p>Correu electr\u00f2nic: <a href=\"mailto:actividadesfundacion@naturgy.com\">actividadesfundacion@naturgy.com<\/a><\/div><\/div>[\/vc_column][vc_column width=&#8221;1\/3&#8243;]<div class=\"gnf-destacado-img\"><a href=\"https:\/\/www.fundacionnaturgy.org\/ca\/educacio-divulgacio\/experiencies-itinerants\/exposicions-itinerants\/\" title=\"\" target=\"_self\"><figure class=\"gnf-destacado-img__imagen\"><img width=\"1500\" height=\"1001\" src=\"https:\/\/www.fundacionnaturgy.org\/wp-content\/uploads\/2019\/05\/recurso-experiencias-itinerantes-juegas.jpg\" class=\"attachment-full size-full\" alt=\"Exposici\u00f3n Fundaci\u00f3n Naturgy Juegas Pensamos en energ\u00eda\" loading=\"lazy\" srcset=\"https:\/\/www.fundacionnaturgy.org\/wp-content\/uploads\/2019\/05\/recurso-experiencias-itinerantes-juegas.jpg 1500w, https:\/\/www.fundacionnaturgy.org\/wp-content\/uploads\/2019\/05\/recurso-experiencias-itinerantes-juegas-300x200.jpg 300w, https:\/\/www.fundacionnaturgy.org\/wp-content\/uploads\/2019\/05\/recurso-experiencias-itinerantes-juegas-768x513.jpg 768w, https:\/\/www.fundacionnaturgy.org\/wp-content\/uploads\/2019\/05\/recurso-experiencias-itinerantes-juegas-1024x683.jpg 1024w, https:\/\/www.fundacionnaturgy.org\/wp-content\/uploads\/2019\/05\/recurso-experiencias-itinerantes-juegas-210x140.jpg 210w, https:\/\/www.fundacionnaturgy.org\/wp-content\/uploads\/2019\/05\/recurso-experiencias-itinerantes-juegas-220x148.jpg 220w, https:\/\/www.fundacionnaturgy.org\/wp-content\/uploads\/2019\/05\/recurso-experiencias-itinerantes-juegas-450x300.jpg 450w\" sizes=\"(max-width: 1500px) 100vw, 1500px\" \/><figcaption class=\"link bottom\" style=\"background: rgba(255,255,255,0.9);\"><h4 class=\"left\">Et pot interessar<\/h4><\/figcaption><\/figure><\/a><div class=\"gnf-destacado-img__texto small-only-text-center\"><\/div><\/div>[\/vc_column][\/vc_row]<\/p>\n","protected":false},"excerpt":{"rendered":"<p>[vc_row][vc_column][vc_empty_space][vc_row_inner][vc_column_inner width=&#8221;2\/3&#8243;][vc_images_carousel images=&#8221;44938,44940,44936&#8243; img_size=&#8221;full&#8221; onclick=&#8221;link_no&#8221;][\/vc_column_inner][vc_column_inner width=&#8221;1\/3&#8243;][\/vc_column_inner][\/vc_row_inner][\/vc_column][\/vc_row][vc_row full_width=&#8221;stretch_row&#8221; css=&#8221;.vc_custom_1588842623351{background-color: #f2f1ef !important;}&#8221;][vc_column][vc_empty_space height=&#8221;12px&#8221;][vc_row_inner][vc_column_inner width=&#8221;2\/3&#8243;][vc_custom_heading text=&#8221;El conte de l\u2019energia&#8221; use_theme_fonts=&#8221;yes&#8221;][vc_empty_space height=&#8221;12px&#8221;][vc_column_text]Som conscients que l\u2019energia \u00e9s un factor important\u00edssim, una protagonista en el futur<span class=\"more-link\"><a href=\"https:\/\/www.fundacionnaturgy.org\/ca\/educacio-divulgacio\/efigy-education\/recursos-efigy-education\/maletes-viatgeres\/\">Llegir m\u00e9s<\/a><\/span><\/p>\n","protected":false},"author":1454,"featured_media":0,"parent":60382,"menu_order":0,"comment_status":"closed","ping_status":"closed","template":"templates\/full-width.php","meta":{"inline_featured_image":false},"categories":[],"acf":[],"_links":{"self":[{"href":"https:\/\/www.fundacionnaturgy.org\/ca\/wp-json\/wp\/v2\/pages\/45316"}],"collection":[{"href":"https:\/\/www.fundacionnaturgy.org\/ca\/wp-json\/wp\/v2\/pages"}],"about":[{"href":"https:\/\/www.fundacionnaturgy.org\/ca\/wp-json\/wp\/v2\/types\/page"}],"author":[{"embeddable":true,"href":"https:\/\/www.fundacionnaturgy.org\/ca\/wp-json\/wp\/v2\/users\/1454"}],"replies":[{"embeddable":true,"href":"https:\/\/www.fundacionnaturgy.org\/ca\/wp-json\/wp\/v2\/comments?post=45316"}],"version-history":[{"count":2,"href":"https:\/\/www.fundacionnaturgy.org\/ca\/wp-json\/wp\/v2\/pages\/45316\/revisions"}],"predecessor-version":[{"id":89167,"href":"https:\/\/www.fundacionnaturgy.org\/ca\/wp-json\/wp\/v2\/pages\/45316\/revisions\/89167"}],"up":[{"embeddable":true,"href":"https:\/\/www.fundacionnaturgy.org\/ca\/wp-json\/wp\/v2\/pages\/60382"}],"wp:attachment":[{"href":"https:\/\/www.fundacionnaturgy.org\/ca\/wp-json\/wp\/v2\/media?parent=45316"}],"wp:term":[{"taxonomy":"category","embeddable":true,"href":"https:\/\/www.fundacionnaturgy.org\/ca\/wp-json\/wp\/v2\/categories?post=45316"}],"curies":[{"name":"wp","href":"https:\/\/api.w.org\/{rel}","templated":true}]}}