{"id":45317,"date":"2018-06-19T18:07:33","date_gmt":"2018-06-19T16:07:33","guid":{"rendered":"https:\/\/www.fundacionnaturgy.org\/ca\/educacio-i-cultura\/arxiu-i-patrimoni\/biblioteca-i-arxiu-historic\/"},"modified":"2019-06-27T17:52:31","modified_gmt":"2019-06-27T15:52:31","slug":"biblioteca-i-arxiu-historic","status":"publish","type":"page","link":"https:\/\/www.fundacionnaturgy.org\/ca\/educacio-divulgacio\/arxiu-i-patrimoni\/biblioteca-i-arxiu-historic\/","title":{"rendered":"Biblioteca i Arxiu Hist\u00f2ric"},"content":{"rendered":"<p>[vc_row][vc_column]<div class=\"gnf-texto-destacado\" style=\"background-color:#edf0f1;border-color:#004165;\"><h4 style=\"color:#004165\">Una important biblioteca i hemeroteca hist\u00f2rica amb obres de refer\u00e8ncia<\/h4><span style=\"color: #333333;\">La Fundaci\u00f3 Naturgy\u00a0disposa d\u2019<strong>un dels arxius hist\u00f2rics d\u2019empresa m\u00e9s important del pa\u00eds<\/strong>, amb un fons documental <strong>especialitzat en la ind\u00fastria de l\u2019energia<\/strong>, capa\u00e7 de relatar la hist\u00f2ria econ\u00f2mica del pa\u00eds.<\/span><\/p>\n<p>Originat a partir de documentaci\u00f3 de <strong>comen\u00e7ament del segle XIX<\/strong>, l\u2019Arxiu Hist\u00f2ric disposa d\u2019un fons especialitzat amb m\u00e9s de <strong>3.000 metres de prestatgeria <\/strong>catalogats, exemple de la sensibilitat de la companyia per preservar la <strong>mem\u00f2ria hist\u00f2rica del sector de l\u2019energia<\/strong>.<\/div>[vc_empty_space][\/vc_column][\/vc_row][vc_row][vc_column][vc_text_separator title=&#8221;Hist\u00f2ria&#8221; title_align=&#8221;separator_align_left&#8221; border_width=&#8221;3&#8243;][vc_row_inner][vc_column_inner width=&#8221;2\/3&#8243;][vc_column_text]L\u2019<strong>any 1987<\/strong>, el Consell d\u2019Administraci\u00f3 de<strong> Catalana de Gas<\/strong> crearia l\u2019Arxiu Hist\u00f2ric i la Biblioteca Hist\u00f2rica, amb l\u2019objectiu de<strong> conservar, preservar i difondre la documentaci\u00f3 original de la companyia<\/strong>, testimoni de l\u2019activitat de l\u2019empresa i del sector de l\u2019energia a Espanya. Des del <strong>2004<\/strong>, l\u2019Arxiu Hist\u00f2ric s\u2019incorporaria a la <strong>gesti\u00f3 de la Fundaci\u00f3 Naturgy<\/strong>, que assumiria la conservaci\u00f3 d\u2019un compendi documental format per m\u00e9s de<strong> 50 fons de diferents societats <\/strong>que constitueixen l\u2019actual Naturgy, cobrint el per\u00edode iniciat el 1843 i arribant pr\u00e0cticament fins als moments actuals.<\/p>\n<p>L\u2019Arxiu Hist\u00f2ric de la Fundaci\u00f3 Naturgy\u00a0ocupa m\u00e9s de 3.000 metres de prestatgeria catalogats i descrits d\u2019acord amb la <strong>Norma de Descripci\u00f3 Arxiv\u00edstica de Catalunya (NODAC)<\/strong>. Entre la documentaci\u00f3 original escrita, gr\u00e0fica i audiovisual en continu creixement, es preserven fotografies, pl\u00e0nols, mem\u00f2ries, actes, escriptures o accions generades per l\u2019empresa al llarg dels seus m\u00e9s de 175 anys d\u2019hist\u00f2ria, estimulant treballs de recerca i publicacions especialitzades sobre la <strong>hist\u00f2ria econ\u00f2mica i industrial de l\u2019energia a Espanya<\/strong>.<\/p>\n<p>&nbsp;<\/p>\n<h4><span style=\"color: #e57200;\"><strong>Peces destacades<\/strong><\/span><\/h4>\n<p>Entre la documentaci\u00f3 original de l\u2019Arxiu Hist\u00f2ric, destaquen la <strong>cap\u00e7alera per emmarcar les accions de la societat La Energ\u00eda, S. en C. de Alexandre de <\/strong><strong>Riquer<\/strong>, del 1900, i la<strong> constituci\u00f3 de la Societat Catalana per a l\u2019Enllumenat per Gas<\/strong>, del 1843. Els documents originals de l\u2019Arxiu Hist\u00f2ric van\u00a0inspirar la museografia de les exposicions del Museu del Gas, un\u00a0equipament cultural\u00a0corporatiu\u00a0especialitzat en hist\u00f2ria de l\u2019energia i patrimoni industrial obert al p\u00fablic\u00a0de\u00a02011 al 2018.<\/p>\n<p>&nbsp;<\/p>\n<h4><span style=\"color: #e57200;\"><strong>Les joies de la\u00a0nostra\u00a0biblioteca<\/strong><\/span><\/h4>\n<p>El fons documental de la Biblioteca Hist\u00f2rica de la Fundaci\u00f3 Naturgy\u00a0est\u00e0 format b\u00e0sicament per <strong>monografies, revistes, articles, obres de refer\u00e8ncia, cat\u00e0legs comercials, literatura grisa, manuals, publicacions legislatives, diccionaris i enciclop\u00e8dies especialitzats<\/strong> en l\u2019\u00e0mbit de la ind\u00fastria del gas, l\u2019electricitat i la hist\u00f2ria de l\u2019energia.<\/p>\n<p><strong>Entre els m\u00e9s de 6.100 registres de la Biblioteca Hist\u00f2rica, el llibre m\u00e9s antic data del 1845<\/strong>. La bibliografia que es preserva de l\u2019etapa inicial est\u00e0 composta principalment per t\u00edtols de proced\u00e8ncia anglesa, francesa i alemanya, i tracta sobre el muntatge, la gesti\u00f3 de les f\u00e0briques de gas i l\u2019\u00e8xit de l\u2019enllumenat p\u00fablic a les ciutats. At\u00e8s que en aquella \u00e8poca no hi havia tradici\u00f3 gasista a Espanya, les refer\u00e8ncies bibliogr\u00e0fiques que avui preserva la Biblioteca Hist\u00f2rica de la Fundaci\u00f3 Naturgy\u00a0van ser d\u2019utilitat capital per als enginyers de la companyia. Una altra joia del fons hist\u00f2ric \u00e9s el <i>Treatise on the Science and Practice of the Manufacture and Distribution of Coal Gas<\/i>, de William B. King, de 1878-1882, en el qual es repassa la literatura gasista fins ara i s\u2019esmenta un dels gas\u00f2metres de l\u2019antiga f\u00e0brica de gas a la Barceloneta, com a exemple destacat i cas d\u2019\u00e8xit. La Biblioteca Hist\u00f2rica disposa d\u2019una hemeroteca que integra col\u00b7leccions de revistes sobre la hist\u00f2ria de l\u2019energia, entre les quals destaca el <em><i>Journal des usines \u00e0 gaz<\/i><\/em> publicat per la\u00a0Soci\u00e9t\u00e9 t\u00e9chnique de l\u2019industrie du gaz en France\u00a0el 1987. Aquesta revista peri\u00f2dica es convertiria en la principal font de refer\u00e8ncia per a la instal\u00b7laci\u00f3 d\u2019enllumenat p\u00fablic a la ciutat de Barcelona.[\/vc_column_text][\/vc_column_inner][vc_column_inner width=&#8221;1\/3&#8243;][vc_single_image image=&#8221;45009&#8243; img_size=&#8221;full&#8221;][vc_column_text]\u201cEscriptura de constituci\u00f3 de la Societat Catalana per a l\u2019Enllumenat per Gas\u201d, el 1843. Arxiu Hist\u00f2ric de la Fundaci\u00f3 Naturgy. \u00a9 Fundaci\u00f3 Naturgy, 2017.[\/vc_column_text][vc_single_image image=&#8221;45033&#8243; img_size=&#8221;full&#8221;][vc_column_text]Documentaci\u00f3 del fons bibliogr\u00e0fic de la Biblioteca Hist\u00f2rica de la Fundaci\u00f3 Naturgy, 2004. Fot\u00f2graf: David Campos. \u00a9 Fundaci\u00f3 Naturgy, 2017.[\/vc_column_text][\/vc_column_inner][\/vc_row_inner][\/vc_column][\/vc_row][vc_row][vc_column][vc_empty_space][vc_text_separator title=&#8221;Informaci\u00f3 pr\u00e0ctica&#8221; title_align=&#8221;separator_align_left&#8221; border_width=&#8221;3&#8243;][vc_empty_space height=&#8221;16px&#8221;][\/vc_column][\/vc_row][vc_row][vc_column width=&#8221;1\/2&#8243;][vc_single_image image=&#8221;45036&#8243; img_size=&#8221;470&#215;332&#8243;][\/vc_column][vc_column width=&#8221;1\/2&#8243;]<div class=\"gnf-destacado-icono small-text-center medium-text-left row collapse\"><div class=\"gnf-destacado-icono__icono large-4 columns small-text-center medium-text-left \"><div class=\"icon-outer icon-style-default\" style=\"background-color:\"><span class=\"ico_info\"><\/span><\/div><\/div><div class=\"gnf-destacado-icono__texto large-8 columns\"><h4><\/h4>D\u2019octubre a maig, de 9 a 17 h.<\/p>\n<p>De juny a setembre, de 9 a 14 h.<\/p>\n<p><strong>Consultes i reserves en hores concertades.<\/strong><\/p>\n<p>Tel\u00e8fon: +34 934 129 640<\/p>\n<p>Adre\u00e7a electr\u00f2nica: <a href=\"mailto:exposicionesfundacion@naturgy.com\">exposicionesfundacion@naturgy.com<\/a><\/div><\/div>[vc_empty_space][vc_column_text]Cap\u00e7alera per emmarcar les accions de la societat La Energ\u00eda, S. en C. Alexandre de Riquer, 1900. Arxiu Hist\u00f2ric de la Fundaci\u00f3 Naturgy. Fot\u00f2graf: Pep Parer. \u00a9 Fundaci\u00f3 Naturgy, 2017.[\/vc_column_text][\/vc_column][\/vc_row]<\/p>\n","protected":false},"excerpt":{"rendered":"<p>[vc_row][vc_column][vc_empty_space][\/vc_column][\/vc_row][vc_row][vc_column][vc_text_separator title=&#8221;Hist\u00f2ria&#8221; title_align=&#8221;separator_align_left&#8221; border_width=&#8221;3&#8243;][vc_row_inner][vc_column_inner width=&#8221;2\/3&#8243;][vc_column_text]L\u2019any 1987, el Consell d\u2019Administraci\u00f3 de Catalana de Gas crearia l\u2019Arxiu Hist\u00f2ric i la Biblioteca Hist\u00f2rica, amb l\u2019objectiu de conservar, preservar i difondre la documentaci\u00f3 original<span class=\"more-link\"><a href=\"https:\/\/www.fundacionnaturgy.org\/ca\/educacio-divulgacio\/arxiu-i-patrimoni\/biblioteca-i-arxiu-historic\/\">Llegir m\u00e9s<\/a><\/span><\/p>\n","protected":false},"author":1454,"featured_media":0,"parent":45311,"menu_order":0,"comment_status":"closed","ping_status":"closed","template":"templates\/full-width.php","meta":{"inline_featured_image":false},"categories":[],"acf":[],"_links":{"self":[{"href":"https:\/\/www.fundacionnaturgy.org\/ca\/wp-json\/wp\/v2\/pages\/45317"}],"collection":[{"href":"https:\/\/www.fundacionnaturgy.org\/ca\/wp-json\/wp\/v2\/pages"}],"about":[{"href":"https:\/\/www.fundacionnaturgy.org\/ca\/wp-json\/wp\/v2\/types\/page"}],"author":[{"embeddable":true,"href":"https:\/\/www.fundacionnaturgy.org\/ca\/wp-json\/wp\/v2\/users\/1454"}],"replies":[{"embeddable":true,"href":"https:\/\/www.fundacionnaturgy.org\/ca\/wp-json\/wp\/v2\/comments?post=45317"}],"version-history":[{"count":0,"href":"https:\/\/www.fundacionnaturgy.org\/ca\/wp-json\/wp\/v2\/pages\/45317\/revisions"}],"up":[{"embeddable":true,"href":"https:\/\/www.fundacionnaturgy.org\/ca\/wp-json\/wp\/v2\/pages\/45311"}],"wp:attachment":[{"href":"https:\/\/www.fundacionnaturgy.org\/ca\/wp-json\/wp\/v2\/media?parent=45317"}],"wp:term":[{"taxonomy":"category","embeddable":true,"href":"https:\/\/www.fundacionnaturgy.org\/ca\/wp-json\/wp\/v2\/categories?post=45317"}],"curies":[{"name":"wp","href":"https:\/\/api.w.org\/{rel}","templated":true}]}}