{"id":45318,"date":"2018-06-19T18:42:49","date_gmt":"2018-06-19T16:42:49","guid":{"rendered":"https:\/\/www.fundacionnaturgy.org\/ca\/educacio-i-cultura\/arxiu-i-patrimoni\/la-col%c2%b7leccio\/"},"modified":"2019-03-04T13:48:18","modified_gmt":"2019-03-04T12:48:18","slug":"la-col%c2%b7leccio","status":"publish","type":"page","link":"https:\/\/www.fundacionnaturgy.org\/ca\/educacio-divulgacio\/arxiu-i-patrimoni\/la-col%c2%b7leccio\/","title":{"rendered":"La col\u00b7lecci\u00f3"},"content":{"rendered":"<p>[vc_row][vc_column]<div class=\"gnf-texto-destacado\" style=\"background-color:#edf0f1;border-color:#004165;\"><h4 style=\"color:#004165\"><\/h4><strong>La Fundaci\u00f3 Naturgy reuneix una extensa col\u00b7lecci\u00f3 de peces relacionades amb el patrimoni de l\u2019energia<\/strong>. En concret, es tracta d\u2019elements representatius del m\u00f3n del gas, de l\u2019electricitat i de la creaci\u00f3 i la generaci\u00f3 d\u2019aquestes energies. El compendi de peces es va iniciar el 1977, data en la qual es va inaugurar una exposici\u00f3 permanent visitable a la seu social hist\u00f2rica de la companyia energ\u00e8tica, a Barcelona, ubicada al carrer de Portal de l\u2019\u00c0ngel.<\/div>[vc_empty_space][vc_row_inner][vc_column_inner width=&#8221;2\/3&#8243;][vc_single_image image=&#8221;46119&#8243; img_size=&#8221;full&#8221;][\/vc_column_inner][vc_column_inner width=&#8221;1\/3&#8243;][vc_column_text]<span style=\"color: #004571;\"><strong><a href=\"https:\/\/www.fundacionnaturgy.org\/wp-content\/uploads\/2018\/07\/lista.jpg\"><img loading=\"lazy\" class=\"alignleft wp-image-46336\" src=\"https:\/\/www.fundacionnaturgy.org\/wp-content\/uploads\/2018\/07\/lista.jpg\" alt=\"llista\" width=\"90\" height=\"90\" srcset=\"https:\/\/www.fundacionnaturgy.org\/wp-content\/uploads\/2018\/07\/lista.jpg 176w, https:\/\/www.fundacionnaturgy.org\/wp-content\/uploads\/2018\/07\/lista-150x150.jpg 150w, https:\/\/www.fundacionnaturgy.org\/wp-content\/uploads\/2018\/07\/lista-140x140.jpg 140w\" sizes=\"(max-width: 90px) 100vw, 90px\" \/><\/a>Col\u00b7lecci\u00f3 heterog\u00e8nia<br \/>\n<\/strong><\/span>Testimoni del passat industrial i de la innovaci\u00f3 tecnol\u00f2gica del pa\u00eds en l\u2019\u00e0mbit de l\u2019energia.[\/vc_column_text][vc_column_text]<span style=\"color: #004571;\"><strong><a href=\"https:\/\/www.fundacionnaturgy.org\/wp-content\/uploads\/2018\/07\/lampara.jpg&quot;\"><img loading=\"lazy\" class=\"alignleft wp-image-46336\" src=\"https:\/\/www.fundacionnaturgy.org\/wp-content\/uploads\/2018\/07\/lampara.jpg\" alt=\"llista\" width=\"90\" height=\"90\" \/><\/a>Objectes\u00a0originals<br \/>\n<\/strong><\/span>Filen\u00a0un relat de la transformaci\u00f3 viscuda entre\u00a0finals\u00a0del segle XIX i principis\u00a0del XX.[\/vc_column_text][vc_column_text]<span style=\"color: #004571;\"><strong><a href=\"https:\/\/www.fundacionnaturgy.org\/wp-content\/uploads\/2018\/07\/bombilla.jpg\"><img loading=\"lazy\" class=\"alignleft wp-image-46336\" src=\"https:\/\/www.fundacionnaturgy.org\/wp-content\/uploads\/2018\/07\/bombilla.jpg\" alt=\"llista\" width=\"90\" height=\"90\" \/><\/a>\u00c0mbit\u00a0industrial\u00a0i material\u00a0el\u00e8ctric<br \/>\n<\/strong><\/span>Material\u00a0de les antigues f\u00e0briques de gas i\u00a0objectes de\u00a0generaci\u00f3 el\u00e8ctrica.[\/vc_column_text][\/vc_column_inner][\/vc_row_inner][vc_empty_space][vc_row_inner][vc_column_inner width=&#8221;2\/3&#8243;][vc_column_text]<strong>La Col\u00b7lecci\u00f3 d\u2019objectes que s\u2019hi preserva \u00e9s molt heterog\u00e8nia, testimoni del passat industrial i de la innovaci\u00f3 tecnol\u00f2gica del pa\u00eds en l\u2019\u00e0mbit de l\u2019energia<\/strong>. Els objectes originals custodiats permeten filar un relat que explica l\u2019\u00e8poca hist\u00f2rica compresa entre la darreria del segle XIX i el comen\u00e7ament del segle XX, una etapa de m\u00faltiples canvis en una societat que va veure com el m\u00f3n que coneixia es transformava a passos de gegant.<\/p>\n<p><strong>A la darreria del segle XIX, amb l\u2019arribada de la il\u00b7luminaci\u00f3 per gas als carrers de les ciutats, els h\u00e0bits de vida van canviar i es va trencar amb el cicle agr\u00edcola marcat per la llum del sol<\/strong>. \u00c9s en aquest context quan, el 1842, es van il\u00b7luminar els primers fanals de gas als carrers principals de Barcelona, seguint l\u2019exemple d\u2019altres ciutats europees com Londres, el 1810, o Par\u00eds, el 1815. <strong>La Col\u00b7lecci\u00f3 disposa de nombrosos objectes originals que il\u00b7lustren aquesta \u00e8poca moderna<\/strong>, des de mapes antics que tracen la distribuci\u00f3 de l\u2019enllumenat p\u00fablic fins als fanals d\u2019\u00e8poca m\u00e9s representatius, les canyes que permetien encendre\u2019ls, aix\u00ed com els uniformes i els altres estris que utilitzaven els fanalers en el seu treball diari d\u2019encesa i aturada de fanals en l\u2019horari que indicava el consistori de la ciutat.<\/p>\n<p>Posteriorment, quan l\u2019enllumenat p\u00fablic va passar a proveir-se mitjan\u00e7ant el corrent el\u00e8ctric, el gas es va comen\u00e7ar a utilitzar a les cases, les f\u00e0briques i els tallers i, amb aquests nous usos, va n\u00e9ixer un ampli cat\u00e0leg d\u2019aparells i objectes que funcionaven amb gas i que es van denominar <strong>gasodom\u00e8stics<\/strong>. <strong>La Col\u00b7lecci\u00f3 de la Fundaci\u00f3 Naturgy disposa d\u2019una selecci\u00f3 de peces significatives, classificades per tipologies que, en el seu temps, van facilitar les tasques dom\u00e8stiques i industrials, i van aportar m\u00e9s confort i modernitat a la societat<\/strong>. Entre els gasodom\u00e8stics que es conserven destaquen llums, cuines, arrissadors de cabells o bigoti, escalfadors d\u2019aigua, estufes, comptadors, planxes, etc.[\/vc_column_text][\/vc_column_inner][vc_column_inner width=&#8221;1\/3&#8243;]<div class=\"gnf-destacado-icono small-text-center medium-text-left row collapse\"><div class=\"gnf-destacado-icono__icono large-4 columns small-text-center medium-text-left \"><div class=\"icon-outer icon-style-default\" style=\"background-color:\"><span class=\"ico_calendario\"><\/span><\/div><\/div><div class=\"gnf-destacado-icono__texto large-8 columns\"><h4><a href=\"http:\/\/www.fundacionnaturgy.org\/ca\/divulgacio\/arxiu-i-patrimoni\/la-peca-del-mes\/\" title=\"\" target=\"_self\">La pe\u00e7a destacada<\/a><\/h4>Si vols con\u00e8ixer m\u00e9s sobre la Col\u00b7lecci\u00f3 de la Fundaci\u00f3 Naturgy, t&#8217;expliquem\u00a0la hist\u00f2ria que amaga una pe\u00e7a destacada.<\/div><\/div>[vc_empty_space]<div class=\"gnf-destacado-icono small-text-center medium-text-left row collapse\"><div class=\"gnf-destacado-icono__icono large-4 columns small-text-center medium-text-left \"><div class=\"icon-outer icon-style-default\" style=\"background-color:\"><span class=\"ico_luz\"><\/span><\/div><\/div><div class=\"gnf-destacado-icono__texto large-8 columns\"><h4><a href=\"http:\/\/www.fundacionnaturgy.org\/ca\/divulgacio\/arxiu-i-patrimoni\/la-col%C2%B7leccio\/gasodomestics\/\" title=\"\" target=\"_self\">Gasodom\u00e8stics<\/a><\/h4>Consulta la col\u00b7lecci\u00f3 de gasodom\u00e8stics\u00a0de la Fundaci\u00f3 Naturgy.<\/div><\/div>[\/vc_column_inner][\/vc_row_inner][vc_media_grid element_width=&#8221;3&#8243; gap=&#8221;10&#8243; grid_id=&#8221;vc_gid:1551703705936-19a127b8-4337-5&#8243; include=&#8221;46129,46125,46127,46123,46121,46117,46111,46115&#8243;][\/vc_column][\/vc_row][vc_row][vc_column][vc_empty_space height=&#8221;18px&#8221;][vc_separator][vc_empty_space height=&#8221;18px&#8221;][vc_column_text]<strong><a href=\"https:\/\/www.fundacionnaturgy.org\/wp-content\/uploads\/2018\/06\/coleccion-arte-1.jpg\"><img loading=\"lazy\" class=\"size-medium wp-image-46133 alignleft\" src=\"https:\/\/www.fundacionnaturgy.org\/wp-content\/uploads\/2018\/06\/coleccion-arte-1-207x300.jpg\" alt=\"col-leccio-art\" width=\"350\" height=\"507\" srcset=\"https:\/\/www.fundacionnaturgy.org\/wp-content\/uploads\/2018\/06\/coleccion-arte-1-207x300.jpg 207w, https:\/\/www.fundacionnaturgy.org\/wp-content\/uploads\/2018\/06\/coleccion-arte-1-97x140.jpg 97w, https:\/\/www.fundacionnaturgy.org\/wp-content\/uploads\/2018\/06\/coleccion-arte-1.jpg 532w\" sizes=\"(max-width: 350px) 100vw, 350px\" \/><\/a>En l\u2019\u00e0mbit industrial,<\/strong> <strong>la Col\u00b7lecci\u00f3 conserva una \u00e0mplia selecci\u00f3 de material procedent de les antigues f\u00e0briques de gas manufacturat, on es produ\u00efa el gas a partir del carb\u00f3 d\u2019hulla. M\u00e9s endavant, des del 1960, aquesta energia passaria a obtenir-se mitjan\u00e7ant les naftes del petroli, arribant a nivells m\u00e9s elevats de producci\u00f3. <\/strong>En aquest \u00e0mbit destaca, d\u2019una banda, el material de laboratori que permetia l\u2019an\u00e0lisi i el mesurament del poder calor\u00edfic del gas, on es conserven becs de Bunsen, autoclaus, embuts de decantaci\u00f3, provetes o balances de precisi\u00f3, entre altres objectes; i, d\u2019altra banda, una varietat d\u2019eines com martells, mordasses, encluses, filaberquins, etc.<\/p>\n<p><strong>Despr\u00e9s de la fusi\u00f3 de Gas Natural amb Uni\u00f3n Fenosa, el 2010, la Col\u00b7lecci\u00f3 va incorporar als seus fons un gran nombre d\u2019objectes relacionats amb la generaci\u00f3 el\u00e8ctrica<\/strong>. Hi destaquen una selecci\u00f3 d\u2019aparells de mesura com els volt\u00edmetres, els amper\u00edmetres, els man\u00f2metres, els comptadors, i tamb\u00e9 una \u00e0mplia mostra de models diferents de bombetes i altres materials vinculats a l\u2019\u00e0mbit de l\u2019electricitat.<\/p>\n<p>A fi d\u2019explicar i donar publicitat als beneficis de les noves energies i les seves utilitats, la companyia va encarregar campanyes promocionals als millors creatius de cada \u00e8poca. <strong>La Col\u00b7lecci\u00f3 disposa d\u2019un fons de pintura i obra gr\u00e0fica que representa l\u2019activitat fabril i empresarial, aix\u00ed com les comoditats que les noves energies oferien<\/strong>. En aquest \u00e0mbit, destaquen obres d\u2019artistes com <strong>Lola Anglada<\/strong>, <strong>Joan Junceda<\/strong>, <strong>Cesc<\/strong> i <strong>J. Segrelles<\/strong> \u2013que van realitzar il\u00b7lustracions que mostraven les novetats de la introducci\u00f3 del gas per a accions publicit\u00e0ries i pedag\u00f2giques de la companyia\u2013; les imatges editades pel cineasta <strong>Ramon de Ba\u00f1os<\/strong> \u2013que aporten un material fotogr\u00e0fic que mostra les antigues f\u00e0briques de gas embellides i idealitzades\u2013; o campanyes desenvolupades per dissenyadors com <strong>Norberto Chaves i Yves Zimmermann<\/strong>\u2013, que van plasmar gr\u00e0ficament els valors d\u2019una marca energ\u00e8tica creixent, amb vocaci\u00f3 de modernitat i lideratge.<\/p>\n<p>Finalment, <strong>la Col\u00b7lecci\u00f3 disposa d\u2019un petit fons d\u2019objectes actuals que ofereixen les eines per comprendre el present i el futur de les energies, transmetent la import\u00e0ncia de l\u2019efici\u00e8ncia energ\u00e8tica, aix\u00ed com del desenvolupament de la tecnologia, en nom de la millora de la qualitat de l\u2019aire i de la sostenibilitat del planeta.<\/strong> En aquest \u00e0mbit, cal destacar una motocicleta accionada per bateries el\u00e8ctriques, diversos prototips d\u2019aerogeneradors i turbines el\u00e8ctriques, entre altres objectes.[\/vc_column_text][\/vc_column][\/vc_row]<\/p>\n","protected":false},"excerpt":{"rendered":"<p>[vc_row][vc_column][vc_empty_space][vc_row_inner][vc_column_inner width=&#8221;2\/3&#8243;][vc_single_image image=&#8221;46119&#8243; img_size=&#8221;full&#8221;][\/vc_column_inner][vc_column_inner width=&#8221;1\/3&#8243;][vc_column_text]Col\u00b7lecci\u00f3 heterog\u00e8nia Testimoni del passat industrial i de la innovaci\u00f3 tecnol\u00f2gica del pa\u00eds en l\u2019\u00e0mbit de l\u2019energia.[\/vc_column_text][vc_column_text]Objectes\u00a0originals Filen\u00a0un relat de la transformaci\u00f3 viscuda entre\u00a0finals\u00a0del segle XIX<span class=\"more-link\"><a href=\"https:\/\/www.fundacionnaturgy.org\/ca\/educacio-divulgacio\/arxiu-i-patrimoni\/la-col%c2%b7leccio\/\">Llegir m\u00e9s<\/a><\/span><\/p>\n","protected":false},"author":1454,"featured_media":0,"parent":45311,"menu_order":0,"comment_status":"closed","ping_status":"closed","template":"templates\/full-width.php","meta":{"inline_featured_image":false},"categories":[],"acf":[],"_links":{"self":[{"href":"https:\/\/www.fundacionnaturgy.org\/ca\/wp-json\/wp\/v2\/pages\/45318"}],"collection":[{"href":"https:\/\/www.fundacionnaturgy.org\/ca\/wp-json\/wp\/v2\/pages"}],"about":[{"href":"https:\/\/www.fundacionnaturgy.org\/ca\/wp-json\/wp\/v2\/types\/page"}],"author":[{"embeddable":true,"href":"https:\/\/www.fundacionnaturgy.org\/ca\/wp-json\/wp\/v2\/users\/1454"}],"replies":[{"embeddable":true,"href":"https:\/\/www.fundacionnaturgy.org\/ca\/wp-json\/wp\/v2\/comments?post=45318"}],"version-history":[{"count":0,"href":"https:\/\/www.fundacionnaturgy.org\/ca\/wp-json\/wp\/v2\/pages\/45318\/revisions"}],"up":[{"embeddable":true,"href":"https:\/\/www.fundacionnaturgy.org\/ca\/wp-json\/wp\/v2\/pages\/45311"}],"wp:attachment":[{"href":"https:\/\/www.fundacionnaturgy.org\/ca\/wp-json\/wp\/v2\/media?parent=45318"}],"wp:term":[{"taxonomy":"category","embeddable":true,"href":"https:\/\/www.fundacionnaturgy.org\/ca\/wp-json\/wp\/v2\/categories?post=45318"}],"curies":[{"name":"wp","href":"https:\/\/api.w.org\/{rel}","templated":true}]}}