{"id":45319,"date":"2018-04-16T18:35:44","date_gmt":"2018-04-16T16:35:44","guid":{"rendered":"https:\/\/www.fundacionnaturgy.org\/ca\/educacio-i-cultura\/experiencies-itinerants\/exposicions-itinerants\/"},"modified":"2021-01-18T12:56:18","modified_gmt":"2021-01-18T11:56:18","slug":"exposicions-itinerants","status":"publish","type":"page","link":"https:\/\/www.fundacionnaturgy.org\/ca\/educacio-divulgacio\/experiencies-itinerants\/exposicions-itinerants\/","title":{"rendered":"Exposicions itinerants"},"content":{"rendered":"<p>[vc_row][vc_column]<div class=\"gnf-texto-destacado\" style=\"background-color:#edf0f1;border-color:#004165;\"><h4 style=\"color:#004165\"><\/h4>Les exposicions itinerants, que posem a la disposici\u00f3 de les institucions interessades, s\u00f3n una oportunitat per <strong>transmetre els valors<\/strong> <strong>de l\u2019efici\u00e8ncia energ\u00e8tica, la sostenibilitat, la mobilitat eficient, els nous models energ\u00e8tics i la cura del patrimoni industrial.<\/strong><\/div>[vc_empty_space][vc_single_image image=&#8221;45003&#8243; img_size=&#8221;1000&#215;400&#8243;][\/vc_column][\/vc_row][vc_row][vc_column width=&#8221;1\/3&#8243;][vc_column_text css_animation=&#8221;none&#8221; css=&#8221;.vc_custom_1597327247434{padding-top: 25px !important;padding-right: 25px !important;padding-bottom: 25px !important;padding-left: 25px !important;background-color: #004571 !important;border-radius: 3px !important;}&#8221;]<\/p>\n<h4 style=\"text-align: center;\"><span style=\"color: #ffffff;\"><strong><img loading=\"lazy\" class=\"alignnone wp-image-53270\" src=\"https:\/\/www.fundacionnaturgy.org\/wp-content\/uploads\/2018\/12\/bombilla-blanco.png\" alt=\"bombeta-blanc\" width=\"70\" height=\"70\" srcset=\"https:\/\/www.fundacionnaturgy.org\/wp-content\/uploads\/2018\/12\/bombilla-blanco.png 176w, https:\/\/www.fundacionnaturgy.org\/wp-content\/uploads\/2018\/12\/bombilla-blanco-150x150.png 150w, https:\/\/www.fundacionnaturgy.org\/wp-content\/uploads\/2018\/12\/bombilla-blanco-140x140.png 140w\" sizes=\"(max-width: 70px) 100vw, 70px\" \/><\/strong><\/span><\/h4>\n<h4 style=\"text-align: center;\"><strong><span style=\"color: #ffffff;\">Exposicions conceptualitzades<\/span><\/strong><\/h4>\n<p style=\"text-align: center;\"><span style=\"color: #ffffff;\">Experi\u00e8ncia amena i participativa<\/span><\/p>\n<p>[\/vc_column_text][\/vc_column][vc_column width=&#8221;1\/3&#8243;][vc_column_text css_animation=&#8221;none&#8221; css=&#8221;.vc_custom_1597327205529{padding-top: 25px !important;padding-right: 25px !important;padding-bottom: 25px !important;padding-left: 25px !important;background-color: #004571 !important;border-radius: 3px !important;}&#8221;]<\/p>\n<h4 style=\"text-align: center;\"><span style=\"color: #004162;\"><strong><img loading=\"lazy\" class=\"alignnone wp-image-53276\" src=\"https:\/\/www.fundacionnaturgy.org\/wp-content\/uploads\/2018\/12\/museo-blanco.png\" alt=\"museu-blanc\" width=\"70\" height=\"70\" srcset=\"https:\/\/www.fundacionnaturgy.org\/wp-content\/uploads\/2018\/12\/museo-blanco.png 147w, https:\/\/www.fundacionnaturgy.org\/wp-content\/uploads\/2018\/12\/museo-blanco-140x140.png 140w\" sizes=\"(max-width: 70px) 100vw, 70px\" \/><\/strong><\/span><\/h4>\n<h4 style=\"text-align: center;\"><strong><span style=\"color: #ffffff;\">Mostres\u00a0vers\u00e0tils<\/span><\/strong><\/h4>\n<p style=\"text-align: center;\"><span style=\"color: #ffffff;\">Adaptables als diferents espais expositius<\/span><\/p>\n<p>[\/vc_column_text][\/vc_column][vc_column width=&#8221;1\/3&#8243;][vc_column_text css_animation=&#8221;none&#8221; css=&#8221;.vc_custom_1597327254314{padding-top: 25px !important;padding-right: 25px !important;padding-bottom: 45px !important;padding-left: 25px !important;background-color: #004571 !important;border-radius: 3px !important;}&#8221;]<\/p>\n<h4 style=\"text-align: center;\"><span style=\"color: #004162;\"><strong><img loading=\"lazy\" class=\"alignnone wp-image-53273\" src=\"https:\/\/www.fundacionnaturgy.org\/wp-content\/uploads\/2018\/12\/lapiz-blanco.png\" alt=\"llapis-blanc\" width=\"70\" height=\"70\" srcset=\"https:\/\/www.fundacionnaturgy.org\/wp-content\/uploads\/2018\/12\/lapiz-blanco.png 176w, https:\/\/www.fundacionnaturgy.org\/wp-content\/uploads\/2018\/12\/lapiz-blanco-150x150.png 150w, https:\/\/www.fundacionnaturgy.org\/wp-content\/uploads\/2018\/12\/lapiz-blanco-140x140.png 140w\" sizes=\"(max-width: 70px) 100vw, 70px\" \/><\/strong><\/span><\/h4>\n<h4 style=\"text-align: center;\"><strong><span style=\"color: #ffffff;\">Proposta did\u00e0ctica<\/span><\/strong><\/h4>\n<p style=\"text-align: center;\"><span style=\"color: #ffffff;\">Adaptada a diversos\u00a0nivells educatius<\/span><\/p>\n<p>[\/vc_column_text][\/vc_column][\/vc_row][vc_row full_width=&#8221;stretch_row&#8221; css=&#8221;.vc_custom_1588780886763{background-color: #f2f1ef !important;}&#8221;][vc_column][vc_empty_space height=&#8221;12px&#8221;][vc_custom_heading text=&#8221;Les nostres exposicions disponibles&#8221; font_container=&#8221;tag:h4|text_align:left&#8221; use_theme_fonts=&#8221;yes&#8221;][vc_empty_space][vc_row_inner][vc_column_inner width=&#8221;1\/2&#8243;][vc_single_image image=&#8221;50346&#8243; img_size=&#8221;full&#8221; onclick=&#8221;custom_link&#8221; link=&#8221;https:\/\/www.fundacionnaturgy.org\/ca\/educacio-divulgacio\/experiencies-itinerants\/exposicions-itinerants\/hi-jugues-pensem-energia\/&#8221;][vc_custom_heading text=&#8221;\u201cHi jugues? Pensem en energia!\u201d&#8221; use_theme_fonts=&#8221;yes&#8221;][vc_column_text]Una exposici\u00f3 interactiva en la qual es descobreixen els secrets del gas i de l\u2019electricitat a trav\u00e9s d\u2019un espai participatiu amb experiments did\u00e0ctics creats pel divulgador cient\u00edfic Dani Jim\u00e9nez.[\/vc_column_text][\/vc_column_inner][vc_column_inner width=&#8221;1\/2&#8243;][vc_single_image image=&#8221;62940&#8243; img_size=&#8221;600&#215;400&#8243; onclick=&#8221;custom_link&#8221; link=&#8221;https:\/\/www.fundacionnaturgy.org\/ca\/educacio-divulgacio\/experiencies-itinerants\/exposicions-itinerants\/la-qualitat-de-laire\/&#8221;][vc_custom_heading text=&#8221;La qualitat de l\u2019aire. Un repte actual&#8221; use_theme_fonts=&#8221;yes&#8221;][vc_column_text]L\u2019exposici\u00f3 \u00abLa qualitat de l\u2019aire. Un repte actual\u00bb mostra com el fenomen de la contaminaci\u00f3 atmosf\u00e8rica \u00e9s un factor clau que determina la salut de les persones i del medi ambient.[\/vc_column_text][\/vc_column_inner][\/vc_row_inner][vc_row_inner][vc_column_inner width=&#8221;1\/2&#8243;][vc_single_image image=&#8221;62943&#8243; img_size=&#8221;600&#215;400&#8243; onclick=&#8221;custom_link&#8221; link=&#8221;https:\/\/www.fundacionnaturgy.org\/ca\/educacio-divulgacio\/experiencies-itinerants\/exposicions-itinerants\/ports-intel%c2%b7ligents-energia-eficiencia-i-sostenibilitat-2\/&#8221;][vc_custom_heading text=&#8221;Ports intel\u00b7ligents. Energia, efici\u00e8ncia i sostenibilitat&#8221; use_theme_fonts=&#8221;yes&#8221;][vc_column_text]Exposici\u00f3 que mostra com l\u2019energia i el seu \u00fas responsable s\u00f3n factors indispensables en la gesti\u00f3 dels ports mar\u00edtims intel\u00b7ligents, els anomenats smart ports.[\/vc_column_text][\/vc_column_inner][vc_column_inner width=&#8221;1\/2&#8243;][vc_single_image image=&#8221;32885&#8243; img_size=&#8221;600&#215;400&#8243; onclick=&#8221;custom_link&#8221; link=&#8221;https:\/\/www.fundacionnaturgy.org\/ca\/educacio-divulgacio\/experiencies-itinerants\/exposicions-itinerants\/la-bellesa-de-la-maquina-2\/&#8221;][vc_custom_heading text=&#8221;La bellesa de la m\u00e0quina&#8221; use_theme_fonts=&#8221;yes&#8221;][vc_column_text]L\u2019obra de Ram\u00f3n de Ba\u00f1os presenta un llenguatge propi que ens ensenya a mirar d\u2019una altra manera la bellesa de la fotografia de g\u00e8nere industrial, i avui constitueix un extraordinari document gr\u00e0fic d\u2019un m\u00f3n desaparegut.[\/vc_column_text][\/vc_column_inner][\/vc_row_inner][\/vc_column][\/vc_row][vc_row][vc_column width=&#8221;2\/3&#8243;]<div class=\"gnf-destacado-icono small-text-center medium-text-left row collapse\"><div class=\"gnf-destacado-icono__icono large-4 columns small-text-center medium-text-left \"><div class=\"icon-outer icon-style-default\" style=\"background-color:\"><span class=\"ico_info\"><\/span><\/div><\/div><div class=\"gnf-destacado-icono__texto large-8 columns\"><h4><\/h4><\/p>\n<h4>M\u00e9s informaci\u00f3 i peticions:<\/h4>\n<p>Si est\u00e0s interessat en alguna de les nostres exposicions itinerants o en vols m\u00e9s informaci\u00f3, ens pots contactar per:<\/p>\n<p>Tel\u00e8fon: 93 412 96 80<\/p>\n<p>Correu electr\u00f2nic:\u00a0<a href=\"mailto:exposicionesfundacion@naturgy.com\">exposicionesfundacion@naturgy.com<\/a><\/div><\/div>[\/vc_column][vc_column width=&#8221;1\/3&#8243;]<div class=\"gnf-destacado-img\"><a href=\"https:\/\/www.fundacionnaturgy.org\/ca\/educacio-divulgacio\/experiencies-itinerants\/activitats-divulgatives\/\" title=\"\" target=\"_self\"><figure class=\"gnf-destacado-img__imagen\"><img width=\"1000\" height=\"666\" src=\"https:\/\/www.fundacionnaturgy.org\/wp-content\/uploads\/2019\/02\/cleanairs-yomo-2019-3.jpg\" class=\"attachment-full size-full\" alt=\"Cleanairs en Festival Yomo 2019\" loading=\"lazy\" srcset=\"https:\/\/www.fundacionnaturgy.org\/wp-content\/uploads\/2019\/02\/cleanairs-yomo-2019-3.jpg 1000w, https:\/\/www.fundacionnaturgy.org\/wp-content\/uploads\/2019\/02\/cleanairs-yomo-2019-3-600x400.jpg 600w, https:\/\/www.fundacionnaturgy.org\/wp-content\/uploads\/2019\/02\/cleanairs-yomo-2019-3-300x200.jpg 300w, https:\/\/www.fundacionnaturgy.org\/wp-content\/uploads\/2019\/02\/cleanairs-yomo-2019-3-768x511.jpg 768w, https:\/\/www.fundacionnaturgy.org\/wp-content\/uploads\/2019\/02\/cleanairs-yomo-2019-3-210x140.jpg 210w, https:\/\/www.fundacionnaturgy.org\/wp-content\/uploads\/2019\/02\/cleanairs-yomo-2019-3-220x148.jpg 220w, https:\/\/www.fundacionnaturgy.org\/wp-content\/uploads\/2019\/02\/cleanairs-yomo-2019-3-450x300.jpg 450w\" sizes=\"(max-width: 1000px) 100vw, 1000px\" \/><figcaption class=\"link bottom\" style=\"background: rgba(255,255,255,0.9);\"><h4 class=\"left\">Et pot interessar<\/h4><\/figcaption><\/figure><\/a><div class=\"gnf-destacado-img__texto small-only-text-center\"><\/div><\/div>[\/vc_column][\/vc_row]<\/p>\n","protected":false},"excerpt":{"rendered":"<p>[vc_row][vc_column][vc_empty_space][vc_single_image image=&#8221;45003&#8243; img_size=&#8221;1000&#215;400&#8243;][\/vc_column][\/vc_row][vc_row][vc_column width=&#8221;1\/3&#8243;][vc_column_text css_animation=&#8221;none&#8221; css=&#8221;.vc_custom_1597327247434{padding-top: 25px !important;padding-right: 25px !important;padding-bottom: 25px !important;padding-left: 25px !important;background-color: #004571 !important;border-radius: 3px !important;}&#8221;] Exposicions conceptualitzades Experi\u00e8ncia amena i participativa [\/vc_column_text][\/vc_column][vc_column width=&#8221;1\/3&#8243;][vc_column_text css_animation=&#8221;none&#8221; css=&#8221;.vc_custom_1597327205529{padding-top: 25px !important;padding-right:<span class=\"more-link\"><a href=\"https:\/\/www.fundacionnaturgy.org\/ca\/educacio-divulgacio\/experiencies-itinerants\/exposicions-itinerants\/\">Llegir m\u00e9s<\/a><\/span><\/p>\n","protected":false},"author":1454,"featured_media":0,"parent":45310,"menu_order":0,"comment_status":"closed","ping_status":"closed","template":"templates\/full-width.php","meta":{"inline_featured_image":false},"categories":[],"acf":[],"_links":{"self":[{"href":"https:\/\/www.fundacionnaturgy.org\/ca\/wp-json\/wp\/v2\/pages\/45319"}],"collection":[{"href":"https:\/\/www.fundacionnaturgy.org\/ca\/wp-json\/wp\/v2\/pages"}],"about":[{"href":"https:\/\/www.fundacionnaturgy.org\/ca\/wp-json\/wp\/v2\/types\/page"}],"author":[{"embeddable":true,"href":"https:\/\/www.fundacionnaturgy.org\/ca\/wp-json\/wp\/v2\/users\/1454"}],"replies":[{"embeddable":true,"href":"https:\/\/www.fundacionnaturgy.org\/ca\/wp-json\/wp\/v2\/comments?post=45319"}],"version-history":[{"count":0,"href":"https:\/\/www.fundacionnaturgy.org\/ca\/wp-json\/wp\/v2\/pages\/45319\/revisions"}],"up":[{"embeddable":true,"href":"https:\/\/www.fundacionnaturgy.org\/ca\/wp-json\/wp\/v2\/pages\/45310"}],"wp:attachment":[{"href":"https:\/\/www.fundacionnaturgy.org\/ca\/wp-json\/wp\/v2\/media?parent=45319"}],"wp:term":[{"taxonomy":"category","embeddable":true,"href":"https:\/\/www.fundacionnaturgy.org\/ca\/wp-json\/wp\/v2\/categories?post=45319"}],"curies":[{"name":"wp","href":"https:\/\/api.w.org\/{rel}","templated":true}]}}