{"id":45364,"date":"2018-06-21T16:41:50","date_gmt":"2018-06-21T14:41:50","guid":{"rendered":"https:\/\/www.fundacionnaturgy.org\/ca\/educacio-i-cultura\/recursos-educatius\/programa-de-formacio\/"},"modified":"2024-10-11T15:18:59","modified_gmt":"2024-10-11T13:18:59","slug":"formacio-professorat","status":"publish","type":"page","link":"https:\/\/www.fundacionnaturgy.org\/ca\/educacio-divulgacio\/efigy-education\/formacio-professorat\/","title":{"rendered":"Efigy per a educadors"},"content":{"rendered":"<p>[vc_row][vc_column]<div class=\"gnf-texto-destacado\" style=\"background-color:#edf0f1;border-color:#004165;\"><h4 style=\"color:#004165\"><\/h4>Per tal de transferir el nostre coneixement expert\u00a0en l\u2019\u00e0mbit\u00a0de l\u2019energia a la comunitat educativa, llancem un programa de\u00a0formaci\u00f3 cont\u00ednua\u00a0virtual adre\u00e7at a professors i mestres de tot el territori espanyol.<\/div>[vc_empty_space][vc_row_inner][vc_column_inner width=&#8221;2\/3&#8243;][vc_images_carousel images=&#8221;45293,45295&#8243; img_size=&#8221;full&#8221; onclick=&#8221;link_no&#8221; speed=&#8221;3000&#8243; autoplay=&#8221;yes&#8221;][\/vc_column_inner][vc_column_inner width=&#8221;1\/3&#8243;][vc_column_text]Es tracta de c\u00e0psules formatives en l\u00ednia, en format seminari web o sessions en directe, que tracten diferents aspectes de l\u2019<strong>ensenyament de les noves tecnologies energ\u00e8tiques i el desenvolupament de vocacions STEAM a l\u2019aula<\/strong> sota el guiatge d\u2019especialistes de refer\u00e8ncia.<\/p>\n<p><strong>Efigy per a educadors<\/strong> et permetr\u00e0 accedir telem\u00e0ticament, en el moment que vulguis, a continguts te\u00f2rics adaptats a tots els nivells del curr\u00edculum\u00a0i amb propostes per facilitar l\u2019experimentaci\u00f3 a l\u2019aula. La nostra tasca formativa ha estat reconeguda per la Conselleria d\u2019Educaci\u00f3 de la Comunitat de Madrid, el Departament d\u2019Ensenyament de la Generalitat de Catalunya i la Conselleria d\u2019Educaci\u00f3, Universitat i Formaci\u00f3 Professional de la Xunta de Galicia, entre moltes altres institucions educatives de refer\u00e8ncia.[\/vc_column_text][\/vc_column_inner][\/vc_row_inner][\/vc_column][\/vc_row][vc_row][vc_column width=&#8221;2\/3&#8243;]<div class=\"gnf-destacado-icono small-text-center medium-text-left row collapse\"><div class=\"gnf-destacado-icono__icono large-4 columns small-text-center medium-text-left \"><div class=\"icon-outer icon-style-default\" style=\"background-color:\"><span class=\"ico_info\"><\/span><\/div><\/div><div class=\"gnf-destacado-icono__texto large-8 columns\"><h4>M\u00e9s informaci\u00f3 i peticions:<\/h4>Si est\u00e0s interessat en el nostre programa de formaci\u00f3 per al professorat\u00a0o vols\u00a0saber m\u00e9s informaci\u00f3,\u00a0ens pots\u00a0contactar per:<\/p>\n<p>Correu electr\u00f2nic:<\/p>\n<p><a href=\"mailto:educacionfundacion@naturgy.com\">educacionfundacion@naturgy.com<\/a><\/div><\/div>[\/vc_column][vc_column width=&#8221;1\/3&#8243;]<div class=\"gnf-destacado-img\"><a href=\"https:\/\/www.fundacionnaturgy.org\/ca\/educacio-divulgacio\/efigy-education\/efigy-education-digital\/aplicacions-online-sobre-energia\/\" title=\"\" target=\"_self\"><figure class=\"gnf-destacado-img__imagen\"><img width=\"1080\" height=\"822\" src=\"https:\/\/www.fundacionnaturgy.org\/wp-content\/uploads\/2020\/03\/experimentos-tecnologicos.jpg\" class=\"attachment-full size-full\" alt=\"\" loading=\"lazy\" srcset=\"https:\/\/www.fundacionnaturgy.org\/wp-content\/uploads\/2020\/03\/experimentos-tecnologicos.jpg 1080w, https:\/\/www.fundacionnaturgy.org\/wp-content\/uploads\/2020\/03\/experimentos-tecnologicos-300x228.jpg 300w, https:\/\/www.fundacionnaturgy.org\/wp-content\/uploads\/2020\/03\/experimentos-tecnologicos-768x585.jpg 768w, https:\/\/www.fundacionnaturgy.org\/wp-content\/uploads\/2020\/03\/experimentos-tecnologicos-1024x779.jpg 1024w, https:\/\/www.fundacionnaturgy.org\/wp-content\/uploads\/2020\/03\/experimentos-tecnologicos-184x140.jpg 184w\" sizes=\"(max-width: 1080px) 100vw, 1080px\" \/><figcaption class=\"link bottom\" style=\"background: rgba(255,255,255,0.9);\"><h4 class=\"left\">Et pot interessar<\/h4><\/figcaption><\/figure><\/a><div class=\"gnf-destacado-img__texto small-only-text-center\"><\/div><\/div>[\/vc_column][\/vc_row]<\/p>\n","protected":false},"excerpt":{"rendered":"<p>[vc_row][vc_column][vc_empty_space][vc_row_inner][vc_column_inner width=&#8221;2\/3&#8243;][vc_images_carousel images=&#8221;45293,45295&#8243; img_size=&#8221;full&#8221; onclick=&#8221;link_no&#8221; speed=&#8221;3000&#8243; autoplay=&#8221;yes&#8221;][\/vc_column_inner][vc_column_inner width=&#8221;1\/3&#8243;][vc_column_text]Es tracta de c\u00e0psules formatives en l\u00ednia, en format seminari web o sessions en directe, que tracten diferents aspectes de l\u2019ensenyament de les<span class=\"more-link\"><a href=\"https:\/\/www.fundacionnaturgy.org\/ca\/educacio-divulgacio\/efigy-education\/formacio-professorat\/\">Llegir m\u00e9s<\/a><\/span><\/p>\n","protected":false},"author":1454,"featured_media":0,"parent":45309,"menu_order":0,"comment_status":"closed","ping_status":"closed","template":"templates\/full-width.php","meta":{"inline_featured_image":false},"categories":[],"acf":[],"_links":{"self":[{"href":"https:\/\/www.fundacionnaturgy.org\/ca\/wp-json\/wp\/v2\/pages\/45364"}],"collection":[{"href":"https:\/\/www.fundacionnaturgy.org\/ca\/wp-json\/wp\/v2\/pages"}],"about":[{"href":"https:\/\/www.fundacionnaturgy.org\/ca\/wp-json\/wp\/v2\/types\/page"}],"author":[{"embeddable":true,"href":"https:\/\/www.fundacionnaturgy.org\/ca\/wp-json\/wp\/v2\/users\/1454"}],"replies":[{"embeddable":true,"href":"https:\/\/www.fundacionnaturgy.org\/ca\/wp-json\/wp\/v2\/comments?post=45364"}],"version-history":[{"count":3,"href":"https:\/\/www.fundacionnaturgy.org\/ca\/wp-json\/wp\/v2\/pages\/45364\/revisions"}],"predecessor-version":[{"id":90732,"href":"https:\/\/www.fundacionnaturgy.org\/ca\/wp-json\/wp\/v2\/pages\/45364\/revisions\/90732"}],"up":[{"embeddable":true,"href":"https:\/\/www.fundacionnaturgy.org\/ca\/wp-json\/wp\/v2\/pages\/45309"}],"wp:attachment":[{"href":"https:\/\/www.fundacionnaturgy.org\/ca\/wp-json\/wp\/v2\/media?parent=45364"}],"wp:term":[{"taxonomy":"category","embeddable":true,"href":"https:\/\/www.fundacionnaturgy.org\/ca\/wp-json\/wp\/v2\/categories?post=45364"}],"curies":[{"name":"wp","href":"https:\/\/api.w.org\/{rel}","templated":true}]}}