{"id":51186,"date":"2018-11-07T18:21:23","date_gmt":"2018-11-07T17:21:23","guid":{"rendered":"https:\/\/www.fundacionnaturgy.org\/ca\/?page_id=51186"},"modified":"2019-03-04T13:50:17","modified_gmt":"2019-03-04T12:50:17","slug":"gasodomestics","status":"publish","type":"page","link":"https:\/\/www.fundacionnaturgy.org\/ca\/educacio-divulgacio\/arxiu-i-patrimoni\/la-col%c2%b7leccio\/gasodomestics\/","title":{"rendered":"Gasodom\u00e8stics"},"content":{"rendered":"<p>[vc_row][vc_column]<div class=\"gnf-texto-destacado\" style=\"background-color:#edf0f1;border-color:#004165;\"><h4 style=\"color:#004165\">Hist\u00f2ria de la col\u00b7lecci\u00f3 de gasodom\u00e8stics<\/h4>El Museu del Gas reuneix una col\u00b7lecci\u00f3 d&#8217;unes <strong>3.500 peces i objectes<\/strong> relacionats amb el m\u00f3n del gas, que s&#8217;han anat recuperant des de 1977. Cal destacar la Col\u00b7lecci\u00f3 Catalana de Gas, formada per aparells dom\u00e8stics de gas, coneguts popularment com a <strong>gasodom\u00e8stics <\/strong>i que pertanyen a l&#8217;\u00e8poca compresa entre finals del segle XIX i principis del XX.<\/div>[vc_empty_space][\/vc_column][\/vc_row][vc_row][vc_column width=&#8221;1\/3&#8243;][vc_single_image image=&#8221;50443&#8243; img_size=&#8221;full&#8221; onclick=&#8221;custom_link&#8221; title=&#8221;Estufes&#8221; link=&#8221;https:\/\/www.fundacionnaturgy.org\/ca\/divulgacio\/arxiu-i-patrimoni\/la-col\u00b7leccio\/estufes\/&#8221;][vc_single_image image=&#8221;50447&#8243; img_size=&#8221;303&#215;197&#8243; onclick=&#8221;custom_link&#8221; title=&#8221;Cuines i forns&#8221; link=&#8221;https:\/\/www.fundacionnaturgy.org\/ca\/divulgacio\/arxiu-i-patrimoni\/la-col\u00b7leccio\/cuines-i-forns\/&#8221;][vc_single_image image=&#8221;50516&#8243; img_size=&#8221;full&#8221; title=&#8221;Rellotges&#8221;][vc_single_image image=&#8221;50459&#8243; img_size=&#8221;full&#8221; title=&#8221;Planxa&#8221;][\/vc_column][vc_column width=&#8221;1\/3&#8243;][vc_single_image image=&#8221;50440&#8243; img_size=&#8221;full&#8221; onclick=&#8221;custom_link&#8221; title=&#8221;Comptadors&#8221; link=&#8221;https:\/\/www.fundacionnaturgy.org\/ca\/divulgacio\/arxiu-i-patrimoni\/la-col\u00b7leccio\/comptadors\/&#8221;][vc_single_image image=&#8221;50449&#8243; img_size=&#8221;full&#8221; onclick=&#8221;custom_link&#8221; title=&#8221;Projector&#8221; link=&#8221;https:\/\/www.fundacionnaturgy.org\/ca\/divulgacio\/arxiu-i-patrimoni\/la-col\u00b7leccio\/projector\/&#8221;][vc_single_image image=&#8221;50530&#8243; img_size=&#8221;224&#215;308&#8243; title=&#8221;Escalfadors&#8221;][vc_single_image image=&#8221;50461&#8243; img_size=&#8221;full&#8221; title=&#8221;Fogons&#8221;][\/vc_column][vc_column width=&#8221;1\/3&#8243;][vc_single_image image=&#8221;50445&#8243; img_size=&#8221;full&#8221; title=&#8221;Fanals&#8221;][vc_single_image image=&#8221;50451&#8243; img_size=&#8221;303&#215;197&#8243; title=&#8221;Fogons&#8221;][vc_single_image image=&#8221;50457&#8243; img_size=&#8221;full&#8221; title=&#8221;Llums&#8221;][\/vc_column][\/vc_row]<\/p>\n","protected":false},"excerpt":{"rendered":"<p>[vc_row][vc_column][vc_empty_space][\/vc_column][\/vc_row][vc_row][vc_column width=&#8221;1\/3&#8243;][vc_single_image image=&#8221;50443&#8243; img_size=&#8221;full&#8221; onclick=&#8221;custom_link&#8221; title=&#8221;Estufes&#8221; link=&#8221;https:\/\/www.fundacionnaturgy.org\/ca\/divulgacio\/arxiu-i-patrimoni\/la-col\u00b7leccio\/estufes\/&#8221;][vc_single_image image=&#8221;50447&#8243; img_size=&#8221;303&#215;197&#8243; onclick=&#8221;custom_link&#8221; title=&#8221;Cuines i forns&#8221; link=&#8221;https:\/\/www.fundacionnaturgy.org\/ca\/divulgacio\/arxiu-i-patrimoni\/la-col\u00b7leccio\/cuines-i-forns\/&#8221;][vc_single_image image=&#8221;50516&#8243; img_size=&#8221;full&#8221; title=&#8221;Rellotges&#8221;][vc_single_image image=&#8221;50459&#8243; img_size=&#8221;full&#8221; title=&#8221;Planxa&#8221;][\/vc_column][vc_column width=&#8221;1\/3&#8243;][vc_single_image image=&#8221;50440&#8243; img_size=&#8221;full&#8221; onclick=&#8221;custom_link&#8221; title=&#8221;Comptadors&#8221; link=&#8221;https:\/\/www.fundacionnaturgy.org\/ca\/divulgacio\/arxiu-i-patrimoni\/la-col\u00b7leccio\/comptadors\/&#8221;][vc_single_image image=&#8221;50449&#8243; img_size=&#8221;full&#8221; onclick=&#8221;custom_link&#8221; title=&#8221;Projector&#8221;<span class=\"more-link\"><a href=\"https:\/\/www.fundacionnaturgy.org\/ca\/educacio-divulgacio\/arxiu-i-patrimoni\/la-col%c2%b7leccio\/gasodomestics\/\">Llegir m\u00e9s<\/a><\/span><\/p>\n","protected":false},"author":1454,"featured_media":0,"parent":45318,"menu_order":0,"comment_status":"closed","ping_status":"closed","template":"templates\/full-width.php","meta":{"inline_featured_image":false},"categories":[],"acf":[],"_links":{"self":[{"href":"https:\/\/www.fundacionnaturgy.org\/ca\/wp-json\/wp\/v2\/pages\/51186"}],"collection":[{"href":"https:\/\/www.fundacionnaturgy.org\/ca\/wp-json\/wp\/v2\/pages"}],"about":[{"href":"https:\/\/www.fundacionnaturgy.org\/ca\/wp-json\/wp\/v2\/types\/page"}],"author":[{"embeddable":true,"href":"https:\/\/www.fundacionnaturgy.org\/ca\/wp-json\/wp\/v2\/users\/1454"}],"replies":[{"embeddable":true,"href":"https:\/\/www.fundacionnaturgy.org\/ca\/wp-json\/wp\/v2\/comments?post=51186"}],"version-history":[{"count":0,"href":"https:\/\/www.fundacionnaturgy.org\/ca\/wp-json\/wp\/v2\/pages\/51186\/revisions"}],"up":[{"embeddable":true,"href":"https:\/\/www.fundacionnaturgy.org\/ca\/wp-json\/wp\/v2\/pages\/45318"}],"wp:attachment":[{"href":"https:\/\/www.fundacionnaturgy.org\/ca\/wp-json\/wp\/v2\/media?parent=51186"}],"wp:term":[{"taxonomy":"category","embeddable":true,"href":"https:\/\/www.fundacionnaturgy.org\/ca\/wp-json\/wp\/v2\/categories?post=51186"}],"curies":[{"name":"wp","href":"https:\/\/api.w.org\/{rel}","templated":true}]}}