{"id":51189,"date":"2018-11-07T18:24:41","date_gmt":"2018-11-07T17:24:41","guid":{"rendered":"https:\/\/www.fundacionnaturgy.org\/ca\/?page_id=51189"},"modified":"2018-12-11T13:00:42","modified_gmt":"2018-12-11T12:00:42","slug":"estufes","status":"publish","type":"page","link":"https:\/\/www.fundacionnaturgy.org\/ca\/educacio-divulgacio\/arxiu-i-patrimoni\/la-col%c2%b7leccio\/estufes\/","title":{"rendered":"Estufes"},"content":{"rendered":"<p>[vc_row][vc_column width=&#8221;1\/3&#8243;][vc_single_image image=&#8221;50443&#8243; img_size=&#8221;full&#8221; alignment=&#8221;right&#8221;][\/vc_column][vc_column width=&#8221;2\/3&#8243;][vc_column_text]Nom de l&#8217;objecte: <b>estufa de gas tipus &#8220;capella&#8221;<\/b><br \/>\nDataci\u00f3: aprox. <b>1915-1925<\/b><br \/>\nMaterial: <b>Ferro i cer\u00e0mica<\/b><br \/>\nN\u00famero de registre: <b>ES. 98<\/b><br \/>\n<b>Col\u00b7lecci\u00f3 Catalana de Gas. Museu del Gas<\/b><\/p>\n<p>&nbsp;<\/p>\n<p>El sistema d&#8217;escalfar les llars ja el van inventar els romans, que disposaven d&#8217;unes &#8220;canonades&#8221; fetes amb fang que passaven per sota del terra o per les parets i que condu\u00efen aire calent que es produ\u00efa al soterrani de les cases a partir d&#8217;un foc amb llenya. D&#8217;aquesta manera escalfaven les habitacions de la casa, un sistema molt semblant a la calefacci\u00f3 actual.<\/p>\n<p>Aquest sistema es va perdre amb la caiguda de l&#8217;Imperi rom\u00e0 i durant molts segles la gent va escalfar les cases a partir de diversos sistemes com la llar de foc, brases o simplement amb mantes o pells.<\/p>\n<p>El canvi dr\u00e0stic es va produir el segle XVIII amb la Revoluci\u00f3 Industrial, quan es va adaptar un tipus de calefacci\u00f3 semblant a la dels romans per\u00f2 amb vapor calent.<\/p>\n<p>Per\u00f2, fins a l&#8217;any 1892, els inventors brit\u00e0nico R. E. Crompton i J. H. Dowsing no van patentar la primera estufa el\u00e8ctrica per a \u00fas dom\u00e8stic, alhora que, a m\u00e9s, s&#8217;innovava amb l&#8217;estufa de gas, tamb\u00e9 anomenada salamandra. Aquestes estufes generen calor mitjan\u00e7ant la combusti\u00f3 de gas amb un cremador, i aix\u00ed s&#8217;aconsegueix escalfar l&#8217;ambient amb rapidesa i d&#8217;una manera neta i f\u00e0cil.<\/p>\n<p>Aquest model en concret t\u00e9 una estructura circular i compacta a la part superior que ajuda a intensificar i concentrar l&#8217;aire calent que surt de les obertures que hi ha a la part blanca de l&#8217;aparell. Aquesta ergonomia tamb\u00e9 serveix perqu\u00e8 l&#8217;aire circuli cap a l&#8217;exterior i ajuda a mantenir l&#8217;aire calent durant m\u00e9s temps.[\/vc_column_text][\/vc_column][\/vc_row]<\/p>\n","protected":false},"excerpt":{"rendered":"<p>[vc_row][vc_column width=&#8221;1\/3&#8243;][vc_single_image image=&#8221;50443&#8243; img_size=&#8221;full&#8221; alignment=&#8221;right&#8221;][\/vc_column][vc_column width=&#8221;2\/3&#8243;][vc_column_text]Nom de l&#8217;objecte: estufa de gas tipus &#8220;capella&#8221; Dataci\u00f3: aprox. 1915-1925 Material: Ferro i cer\u00e0mica N\u00famero de registre: ES. 98 Col\u00b7lecci\u00f3 Catalana de Gas. Museu<span class=\"more-link\"><a href=\"https:\/\/www.fundacionnaturgy.org\/ca\/educacio-divulgacio\/arxiu-i-patrimoni\/la-col%c2%b7leccio\/estufes\/\">Llegir m\u00e9s<\/a><\/span><\/p>\n","protected":false},"author":1454,"featured_media":0,"parent":45318,"menu_order":0,"comment_status":"closed","ping_status":"closed","template":"templates\/full-width.php","meta":{"inline_featured_image":false},"categories":[],"acf":[],"_links":{"self":[{"href":"https:\/\/www.fundacionnaturgy.org\/ca\/wp-json\/wp\/v2\/pages\/51189"}],"collection":[{"href":"https:\/\/www.fundacionnaturgy.org\/ca\/wp-json\/wp\/v2\/pages"}],"about":[{"href":"https:\/\/www.fundacionnaturgy.org\/ca\/wp-json\/wp\/v2\/types\/page"}],"author":[{"embeddable":true,"href":"https:\/\/www.fundacionnaturgy.org\/ca\/wp-json\/wp\/v2\/users\/1454"}],"replies":[{"embeddable":true,"href":"https:\/\/www.fundacionnaturgy.org\/ca\/wp-json\/wp\/v2\/comments?post=51189"}],"version-history":[{"count":0,"href":"https:\/\/www.fundacionnaturgy.org\/ca\/wp-json\/wp\/v2\/pages\/51189\/revisions"}],"up":[{"embeddable":true,"href":"https:\/\/www.fundacionnaturgy.org\/ca\/wp-json\/wp\/v2\/pages\/45318"}],"wp:attachment":[{"href":"https:\/\/www.fundacionnaturgy.org\/ca\/wp-json\/wp\/v2\/media?parent=51189"}],"wp:term":[{"taxonomy":"category","embeddable":true,"href":"https:\/\/www.fundacionnaturgy.org\/ca\/wp-json\/wp\/v2\/categories?post=51189"}],"curies":[{"name":"wp","href":"https:\/\/api.w.org\/{rel}","templated":true}]}}