{"id":51191,"date":"2018-11-07T18:36:07","date_gmt":"2018-11-07T17:36:07","guid":{"rendered":"https:\/\/www.fundacionnaturgy.org\/ca\/?page_id=51191"},"modified":"2018-12-11T12:31:57","modified_gmt":"2018-12-11T11:31:57","slug":"cuines-i-forns","status":"publish","type":"page","link":"https:\/\/www.fundacionnaturgy.org\/ca\/educacio-divulgacio\/arxiu-i-patrimoni\/la-col%c2%b7leccio\/cuines-i-forns\/","title":{"rendered":"Cuines i forns"},"content":{"rendered":"<p>[vc_row][vc_column width=&#8221;1\/3&#8243;][vc_single_image image=&#8221;50476&#8243; img_size=&#8221;303&#215;246&#8243; alignment=&#8221;right&#8221;][\/vc_column][vc_column width=&#8221;2\/3&#8243;][vc_column_text]Nom de l&#8217;objecte: <b>Fog\u00f3. La Cornue. Rotisseuse \/ Patissiere<\/b><br \/>\nDataci\u00f3: <b>aprox. 1920-1930<\/b><br \/>\nFabricant: <b>La Cornue, Fran\u00e7a, 1908<\/b><br \/>\nMaterial: <b>Acer i metall<\/b><br \/>\nN\u00famero de registre: <b>MG 419 \/ HO. 06<\/b><br \/>\n<b>Col\u00b7lecci\u00f3 Catalana de Gas. Museu del Gas<\/b><\/p>\n<p>&nbsp;<\/p>\n<p>La hist\u00f2ria de la cuina ha evolucionat molt des dels seus inicis fins ara. Antigament es cuinava amb carb\u00f3 o llenya sobre cuines especials de ferro per mantenir la calor i poder coure els aliments. Us imagineu cuinant amb llenya el segle XXI? El primer pas per al canvi el va fer James Sharp, que va encendre la primera cuina de gas l&#8217;any 1832. Malgrat aquesta bona iniciativa, el gas no es va instal\u00b7lar a les cases fins als anys 1880, despr\u00e9s que Robert Bunsen millor\u00e9s la combusti\u00f3 dels encenedors, la qual cosa va convertir la cuina en m\u00e9s segura i efica\u00e7. A partir de llavors es van anar substituint les cuines de llenya i de carb\u00f3 per les de gas. Aquest canvi el va fer primer la classe alta de la societat.<\/p>\n<p>A mesura que el gas s&#8217;instal\u00b7lava a les cases, el seu mecanisme de combusti\u00f3 i tamb\u00e9 el disseny evolucionaven, aix\u00ed com els complements dels fogons convencionals inicials.[\/vc_column_text][\/vc_column][\/vc_row]<\/p>\n","protected":false},"excerpt":{"rendered":"<p>[vc_row][vc_column width=&#8221;1\/3&#8243;][vc_single_image image=&#8221;50476&#8243; img_size=&#8221;303&#215;246&#8243; alignment=&#8221;right&#8221;][\/vc_column][vc_column width=&#8221;2\/3&#8243;][vc_column_text]Nom de l&#8217;objecte: Fog\u00f3. La Cornue. Rotisseuse \/ Patissiere Dataci\u00f3: aprox. 1920-1930 Fabricant: La Cornue, Fran\u00e7a, 1908 Material: Acer i metall N\u00famero de registre: MG<span class=\"more-link\"><a href=\"https:\/\/www.fundacionnaturgy.org\/ca\/educacio-divulgacio\/arxiu-i-patrimoni\/la-col%c2%b7leccio\/cuines-i-forns\/\">Llegir m\u00e9s<\/a><\/span><\/p>\n","protected":false},"author":1454,"featured_media":0,"parent":45318,"menu_order":0,"comment_status":"closed","ping_status":"closed","template":"templates\/full-width.php","meta":{"inline_featured_image":false},"categories":[],"acf":[],"_links":{"self":[{"href":"https:\/\/www.fundacionnaturgy.org\/ca\/wp-json\/wp\/v2\/pages\/51191"}],"collection":[{"href":"https:\/\/www.fundacionnaturgy.org\/ca\/wp-json\/wp\/v2\/pages"}],"about":[{"href":"https:\/\/www.fundacionnaturgy.org\/ca\/wp-json\/wp\/v2\/types\/page"}],"author":[{"embeddable":true,"href":"https:\/\/www.fundacionnaturgy.org\/ca\/wp-json\/wp\/v2\/users\/1454"}],"replies":[{"embeddable":true,"href":"https:\/\/www.fundacionnaturgy.org\/ca\/wp-json\/wp\/v2\/comments?post=51191"}],"version-history":[{"count":0,"href":"https:\/\/www.fundacionnaturgy.org\/ca\/wp-json\/wp\/v2\/pages\/51191\/revisions"}],"up":[{"embeddable":true,"href":"https:\/\/www.fundacionnaturgy.org\/ca\/wp-json\/wp\/v2\/pages\/45318"}],"wp:attachment":[{"href":"https:\/\/www.fundacionnaturgy.org\/ca\/wp-json\/wp\/v2\/media?parent=51191"}],"wp:term":[{"taxonomy":"category","embeddable":true,"href":"https:\/\/www.fundacionnaturgy.org\/ca\/wp-json\/wp\/v2\/categories?post=51191"}],"curies":[{"name":"wp","href":"https:\/\/api.w.org\/{rel}","templated":true}]}}