{"id":51192,"date":"2018-11-07T18:33:59","date_gmt":"2018-11-07T17:33:59","guid":{"rendered":"https:\/\/www.fundacionnaturgy.org\/ca\/?page_id=51192"},"modified":"2018-12-14T13:35:23","modified_gmt":"2018-12-14T12:35:23","slug":"comptadors","status":"publish","type":"page","link":"https:\/\/www.fundacionnaturgy.org\/ca\/educacio-divulgacio\/arxiu-i-patrimoni\/la-col%c2%b7leccio\/comptadors\/","title":{"rendered":"Comptadors"},"content":{"rendered":"<p>[vc_row][vc_column width=&#8221;1\/3&#8243;][vc_single_image image=&#8221;50471&#8243; img_size=&#8221;full&#8221; alignment=&#8221;right&#8221;][\/vc_column][vc_column width=&#8221;2\/3&#8243;][vc_column_text]Nom de l&#8217;objecte: <b>Comptador<\/b><br \/>\nDataci\u00f3: <b>1908<\/b><br \/>\nFabricant: <b>Kromschroeder, S.A.<\/b><br \/>\nMaterial: <b>Ferro colat<\/b><br \/>\nNumero de registre: <b>CN. 11<\/b><br \/>\n<b>Col\u00b7lecci\u00f3 Catalana de Gas. Museu del Gas<\/b><\/p>\n<p>&nbsp;<\/p>\n<p>Els comptadors es van comen\u00e7ar a utilitzar al nostre pa\u00eds a finals del segle XIX, si b\u00e9 els havia inventat el 1815 l&#8217;angl\u00e8s Samuel Clegg. Per\u00f2, com creieu que es mesurava abans el consum del gas? Era una tasca realment dif\u00edcil i un conflicte constant entre l&#8217;empresa i l&#8217;usuari, ja que no es podia mesurar amb exactitud el volum de gas que es gastava. Per exemple, per fer el c\u00e0lcul de l&#8217;enllumenat urb\u00e0 s&#8217;havien de tenir en compte la durada i la magnitud de la flama dels fanals.<\/p>\n<p>Aquest comptador que veieu no era hidr\u00e0ulic ni d&#8217;oli (els m\u00e9s habituals fins que els comptadors secs els van reempla\u00e7ar) sin\u00f3 que era de pagament previ, funcionava amb una moneda i el volum de gas disponible depenia de les monedes que s&#8217;hi dipositessin.[\/vc_column_text][\/vc_column][\/vc_row]<\/p>\n","protected":false},"excerpt":{"rendered":"<p>[vc_row][vc_column width=&#8221;1\/3&#8243;][vc_single_image image=&#8221;50471&#8243; img_size=&#8221;full&#8221; alignment=&#8221;right&#8221;][\/vc_column][vc_column width=&#8221;2\/3&#8243;][vc_column_text]Nom de l&#8217;objecte: Comptador Dataci\u00f3: 1908 Fabricant: Kromschroeder, S.A. Material: Ferro colat Numero de registre: CN. 11 Col\u00b7lecci\u00f3 Catalana de Gas. Museu del Gas &nbsp;<span class=\"more-link\"><a href=\"https:\/\/www.fundacionnaturgy.org\/ca\/educacio-divulgacio\/arxiu-i-patrimoni\/la-col%c2%b7leccio\/comptadors\/\">Llegir m\u00e9s<\/a><\/span><\/p>\n","protected":false},"author":1454,"featured_media":0,"parent":45318,"menu_order":0,"comment_status":"closed","ping_status":"closed","template":"templates\/full-width.php","meta":{"inline_featured_image":false},"categories":[],"acf":[],"_links":{"self":[{"href":"https:\/\/www.fundacionnaturgy.org\/ca\/wp-json\/wp\/v2\/pages\/51192"}],"collection":[{"href":"https:\/\/www.fundacionnaturgy.org\/ca\/wp-json\/wp\/v2\/pages"}],"about":[{"href":"https:\/\/www.fundacionnaturgy.org\/ca\/wp-json\/wp\/v2\/types\/page"}],"author":[{"embeddable":true,"href":"https:\/\/www.fundacionnaturgy.org\/ca\/wp-json\/wp\/v2\/users\/1454"}],"replies":[{"embeddable":true,"href":"https:\/\/www.fundacionnaturgy.org\/ca\/wp-json\/wp\/v2\/comments?post=51192"}],"version-history":[{"count":0,"href":"https:\/\/www.fundacionnaturgy.org\/ca\/wp-json\/wp\/v2\/pages\/51192\/revisions"}],"up":[{"embeddable":true,"href":"https:\/\/www.fundacionnaturgy.org\/ca\/wp-json\/wp\/v2\/pages\/45318"}],"wp:attachment":[{"href":"https:\/\/www.fundacionnaturgy.org\/ca\/wp-json\/wp\/v2\/media?parent=51192"}],"wp:term":[{"taxonomy":"category","embeddable":true,"href":"https:\/\/www.fundacionnaturgy.org\/ca\/wp-json\/wp\/v2\/categories?post=51192"}],"curies":[{"name":"wp","href":"https:\/\/api.w.org\/{rel}","templated":true}]}}