{"id":51193,"date":"2018-11-07T18:39:14","date_gmt":"2018-11-07T17:39:14","guid":{"rendered":"https:\/\/www.fundacionnaturgy.org\/ca\/?page_id=51193"},"modified":"2018-12-11T12:56:42","modified_gmt":"2018-12-11T11:56:42","slug":"projector","status":"publish","type":"page","link":"https:\/\/www.fundacionnaturgy.org\/ca\/educacio-divulgacio\/arxiu-i-patrimoni\/la-col%c2%b7leccio\/projector\/","title":{"rendered":"Projector"},"content":{"rendered":"<p>[vc_row][vc_column width=&#8221;1\/2&#8243;][vc_single_image image=&#8221;50449&#8243; img_size=&#8221;470&#215;305&#8243;][\/vc_column][vc_column width=&#8221;1\/2&#8243;][vc_column_text]Nom de l&#8217;objecte: <b>Projector<\/b><br \/>\nDataci\u00f3: <b>Segle XIX<\/b><br \/>\nFabricant: <b>Royal, Par\u00eds<\/b><br \/>\nMaterial: <b>Fusta, metall i vidre<\/b><br \/>\nN\u00famero de registre: <b>MG556 \/ PR. 02<\/b><br \/>\n<b>Col\u00b7lecci\u00f3 Catalana de Gas. Museu del Gas<\/b><\/p>\n<p>[\/vc_column_text][\/vc_column][\/vc_row][vc_row][vc_column][vc_column_text]El m\u00f3n de la reproducci\u00f3 i la captaci\u00f3 d&#8217;imatges ha canviat molt durant tots aquests segles. Com us imagineu les antigues c\u00e0meres de fotografiar o de v\u00eddeo?<\/p>\n<p>El pas previ als aparells de captaci\u00f3 i reproducci\u00f3 d&#8217;imatges s&#8217;endinsa en l&#8217;antiguitat grega, quan es parlava de captar-les a trav\u00e9s de la cambra fosca o estenopeica. Aquests aparells van anar evolucionant amb els estudis matem\u00e0tics, \u00f2ptics i f\u00edsics.<\/p>\n<p>L&#8217;aparell que trobem en aquesta imatge \u00e9s un projector de diapositives, que tamb\u00e9 s&#8217;anomena diascopi.<\/p>\n<p>Aquests aparells neixen a partir de la inversi\u00f3 del concepte de la cambra fosca. Si som capa\u00e7os de captar imatges de fora cap a dins, per qu\u00e8 no som capa\u00e7os de projectar imatges de dins cap a fora?<\/p>\n<p>Els projectors s\u00f3n aparells que reprodueixen la imatge de manera bidimensional sobre una superf\u00edcie. Hi ha diverses teories sobre el seu creador. L&#8217;any 1659 Christiaan Huygens ja va escriure sobre com crear una m\u00e0quina per projectar imatges, per\u00f2 fins a l&#8217;any 1671 Athanasius Kircher (1602-1680) no va publicar el manuscrit <i>La gran ci\u00e8ncia de la llum i la foscor<\/i>, en el qual s&#8217;especificava el funcionament del que ell va anomenar &#8220;llanterna m\u00e0gica&#8221;.<\/p>\n<p>Aquest aparell consistia en una caixa en la qual hi havia la diapositiva de vidre. S&#8217;incidia la diapositiva amb llum i a trav\u00e9s d&#8217;un joc de lents es projectava la imatge augmentada a la paret.<\/p>\n<p>Aquest tipus de projectors van ser els propulsors dels aparells de projecci\u00f3 cinematogr\u00e0fica que van venir a continuaci\u00f3.[\/vc_column_text][\/vc_column][\/vc_row]<\/p>\n","protected":false},"excerpt":{"rendered":"<p>[vc_row][vc_column width=&#8221;1\/2&#8243;][vc_single_image image=&#8221;50449&#8243; img_size=&#8221;470&#215;305&#8243;][\/vc_column][vc_column width=&#8221;1\/2&#8243;][vc_column_text]Nom de l&#8217;objecte: Projector Dataci\u00f3: Segle XIX Fabricant: Royal, Par\u00eds Material: Fusta, metall i vidre N\u00famero de registre: MG556 \/ PR. 02 Col\u00b7lecci\u00f3 Catalana de Gas.<span class=\"more-link\"><a href=\"https:\/\/www.fundacionnaturgy.org\/ca\/educacio-divulgacio\/arxiu-i-patrimoni\/la-col%c2%b7leccio\/projector\/\">Llegir m\u00e9s<\/a><\/span><\/p>\n","protected":false},"author":1454,"featured_media":0,"parent":45318,"menu_order":0,"comment_status":"closed","ping_status":"closed","template":"templates\/full-width.php","meta":{"inline_featured_image":false},"categories":[],"acf":[],"_links":{"self":[{"href":"https:\/\/www.fundacionnaturgy.org\/ca\/wp-json\/wp\/v2\/pages\/51193"}],"collection":[{"href":"https:\/\/www.fundacionnaturgy.org\/ca\/wp-json\/wp\/v2\/pages"}],"about":[{"href":"https:\/\/www.fundacionnaturgy.org\/ca\/wp-json\/wp\/v2\/types\/page"}],"author":[{"embeddable":true,"href":"https:\/\/www.fundacionnaturgy.org\/ca\/wp-json\/wp\/v2\/users\/1454"}],"replies":[{"embeddable":true,"href":"https:\/\/www.fundacionnaturgy.org\/ca\/wp-json\/wp\/v2\/comments?post=51193"}],"version-history":[{"count":0,"href":"https:\/\/www.fundacionnaturgy.org\/ca\/wp-json\/wp\/v2\/pages\/51193\/revisions"}],"up":[{"embeddable":true,"href":"https:\/\/www.fundacionnaturgy.org\/ca\/wp-json\/wp\/v2\/pages\/45318"}],"wp:attachment":[{"href":"https:\/\/www.fundacionnaturgy.org\/ca\/wp-json\/wp\/v2\/media?parent=51193"}],"wp:term":[{"taxonomy":"category","embeddable":true,"href":"https:\/\/www.fundacionnaturgy.org\/ca\/wp-json\/wp\/v2\/categories?post=51193"}],"curies":[{"name":"wp","href":"https:\/\/api.w.org\/{rel}","templated":true}]}}