{"id":51196,"date":"2018-11-07T19:19:18","date_gmt":"2018-11-07T18:19:18","guid":{"rendered":"https:\/\/www.fundacionnaturgy.org\/ca\/telefon-camp-dpa-1041\/"},"modified":"2018-12-11T12:48:32","modified_gmt":"2018-12-11T11:48:32","slug":"telefon-camp-dpa-1041","status":"publish","type":"page","link":"https:\/\/www.fundacionnaturgy.org\/ca\/educacio-divulgacio\/arxiu-i-patrimoni\/telefon-camp-dpa-1041\/","title":{"rendered":"Tel\u00e8fon de camp DPA 1041"},"content":{"rendered":"<p>[vc_row][vc_column width=&#8221;1\/2&#8243;][vc_single_image image=&#8221;50489&#8243; img_size=&#8221;full&#8221;][\/vc_column][vc_column width=&#8221;1\/2&#8243;]<div class=\"gnf-texto-destacado\" style=\"background-color:#edf0f1;border-color:#004165;\"><h4 style=\"color:#004165\"><\/h4><strong>Baquelita i cuir<\/strong><br \/>\n<strong>Fabricant: Ericsson, <\/strong><br \/>\n<strong>Su\u00e8cia<\/strong><br \/>\n<strong>Primera meitat del segle XX<\/strong><\/p>\n<p>De la fotografia: Tel\u00e8fon de camp DPA 1041<br \/>\nFot\u00f2graf desconegut<br \/>\n\u00a9 Museu del Gas de la Fundaci\u00f3 Naturgy, 2018<\/p>\n<p><\/div>[\/vc_column][\/vc_row][vc_row][vc_column][vc_column_text]Aquesta pe\u00e7a forma part del<strong> fons d\u2019elements i de material el\u00e8ctric de la Col\u00b7lecci\u00f3 de la Fundaci\u00f3 Naturgy<\/strong>, que va incorporar-se en conseq\u00fc\u00e8ncia a la fusi\u00f3 de Gas Natural amb Uni\u00f3n Fenosa, l\u2019any 2011. Es tracta d\u2019un tel\u00e8fon port\u00e0til, tamb\u00e9 anomenat \u201cde camp\u201d, donat que aquests aparells van ser creats, principalment, per substituir el tel\u00e8graf en les comunicacions b\u00e8l\u00b7liques i coordinar els moviments militars. A banda del seu \u00fas generalitzat als camps de batalla. , el tel\u00e8fon sense fils va adoptar molts altres usos. En el cas de Naturgy, la companyia energ\u00e8tica va adquirir diversos models port\u00e0tils, per destinar-los als equips t\u00e8cnics que vetllaven pel bon funcionament, tant dels centres de producci\u00f3 i generaci\u00f3 el\u00e8ctrica, com de tota la xarxa de cablejat el\u00e8ctric.<\/p>\n<p>L\u2019aparell telef\u00f2nic DPA 1041 fou fabricat per l\u2019empresa Ericsson durant la primera meitat del segle XX. La firma sueca fou fundada el 1883 per Lars Magnus Ericsson i ja abans, el 1876, havia llen\u00e7at al mercat el primer model de tel\u00e8fon sense fils. El model DPA 1041 es disposava dins un a caixa rectangular amb una corretja de per protegir i transportar l\u2019aparell. La manovella, en un dels extrems del tel\u00e8fon, fa feia accionar un generador el\u00e8ctric que posava en marxa el timbre i les bateries que emetien la trucada. Al centre de l\u2019aparell hi havia dos borns, amb els seus corresponents cables, que permetien poder connectar l\u2019aparell a una altra unitat.[\/vc_column_text][\/vc_column][\/vc_row]<\/p>\n","protected":false},"excerpt":{"rendered":"<p>[vc_row][vc_column width=&#8221;1\/2&#8243;][vc_single_image image=&#8221;50489&#8243; img_size=&#8221;full&#8221;][\/vc_column][vc_column width=&#8221;1\/2&#8243;][\/vc_column][\/vc_row][vc_row][vc_column][vc_column_text]Aquesta pe\u00e7a forma part del fons d\u2019elements i de material el\u00e8ctric de la Col\u00b7lecci\u00f3 de la Fundaci\u00f3 Naturgy, que va incorporar-se en conseq\u00fc\u00e8ncia a la fusi\u00f3<span class=\"more-link\"><a href=\"https:\/\/www.fundacionnaturgy.org\/ca\/educacio-divulgacio\/arxiu-i-patrimoni\/telefon-camp-dpa-1041\/\">Llegir m\u00e9s<\/a><\/span><\/p>\n","protected":false},"author":1454,"featured_media":0,"parent":45311,"menu_order":0,"comment_status":"closed","ping_status":"closed","template":"templates\/full-width.php","meta":{"inline_featured_image":false},"categories":[],"acf":[],"_links":{"self":[{"href":"https:\/\/www.fundacionnaturgy.org\/ca\/wp-json\/wp\/v2\/pages\/51196"}],"collection":[{"href":"https:\/\/www.fundacionnaturgy.org\/ca\/wp-json\/wp\/v2\/pages"}],"about":[{"href":"https:\/\/www.fundacionnaturgy.org\/ca\/wp-json\/wp\/v2\/types\/page"}],"author":[{"embeddable":true,"href":"https:\/\/www.fundacionnaturgy.org\/ca\/wp-json\/wp\/v2\/users\/1454"}],"replies":[{"embeddable":true,"href":"https:\/\/www.fundacionnaturgy.org\/ca\/wp-json\/wp\/v2\/comments?post=51196"}],"version-history":[{"count":0,"href":"https:\/\/www.fundacionnaturgy.org\/ca\/wp-json\/wp\/v2\/pages\/51196\/revisions"}],"up":[{"embeddable":true,"href":"https:\/\/www.fundacionnaturgy.org\/ca\/wp-json\/wp\/v2\/pages\/45311"}],"wp:attachment":[{"href":"https:\/\/www.fundacionnaturgy.org\/ca\/wp-json\/wp\/v2\/media?parent=51196"}],"wp:term":[{"taxonomy":"category","embeddable":true,"href":"https:\/\/www.fundacionnaturgy.org\/ca\/wp-json\/wp\/v2\/categories?post=51196"}],"curies":[{"name":"wp","href":"https:\/\/api.w.org\/{rel}","templated":true}]}}