{"id":51198,"date":"2018-11-12T16:21:28","date_gmt":"2018-11-12T15:21:28","guid":{"rendered":"https:\/\/www.fundacionnaturgy.org\/ca\/?page_id=51198"},"modified":"2018-12-11T12:14:17","modified_gmt":"2018-12-11T11:14:17","slug":"aparell-mesura-doble","status":"publish","type":"page","link":"https:\/\/www.fundacionnaturgy.org\/ca\/educacio-divulgacio\/arxiu-i-patrimoni\/aparell-mesura-doble\/","title":{"rendered":"Aparell de mesura doble"},"content":{"rendered":"<p>[vc_row][vc_column width=&#8221;1\/2&#8243;][vc_single_image image=&#8221;50496&#8243; img_size=&#8221;full&#8221;][\/vc_column][vc_column width=&#8221;1\/2&#8243;]<div class=\"gnf-texto-destacado\" style=\"background-color:#edf0f1;border-color:#004165;\"><h4 style=\"color:#004165\"><\/h4><strong>Aparell de mesura doble<\/strong><br \/>\n<strong>Fusta, ferro i vidre, entre d\u2019altres<\/strong><br \/>\n<strong>Fabricant: Dalmau Montero S.A.<\/strong><br \/>\n<strong>Primera meitat del segle XX<\/strong><\/p>\n<p>De la fotografia: Aparell de mesura doble Fot\u00f2graf desconegut \u00a9 Museu del Gas de la Fundaci\u00f3 Gas Natural Fenosa, 2018<\/div>[\/vc_column][\/vc_row][vc_row][vc_column][vc_column_text]A partir de la segona d\u00e8cada del segle XX, l&#8217;electricitat va esdevenir una font d\u2019energia de primer ordre i el seu creixement es va fer inaturable, tot incidint de manera decisiva en la mecanitzaci\u00f3 de la ind\u00fastria creixent i esdevenint protagonista en l\u2019enllumenat p\u00fablic de les ciutats. Aquesta pe\u00e7a que preserva la Col\u00b7lecci\u00f3 del Museu del Gas de la Fundaci\u00f3 Gas Natural Fenosa \u00e9s un <strong>aparell de mesura m\u00faltiple format per un amper\u00edmetre i un volt\u00edmetre<\/strong>. Els dos instruments s\u00f3n imprescindibles per dissenyar, reparar i realitzar el manteniment d&#8217;aparells el\u00e8ctrics. L&#8217;amper\u00edmetre controla la intensitat del corrent i el volt\u00edmetre determina la tensi\u00f3 dels circuits el\u00e8ctrics. En el context hist\u00f2ric anteriorment descrit, es va fer necessari l&#8217;evoluci\u00f3 d\u2019aquest artefacte destinat a regular i habilitar les noves tecnologies el\u00e8ctriques que, mitjan\u00e7ant l\u2019amper\u00edmetre i el volt\u00edmetre en un sol dispositiu, facilitava el transport i la manipulaci\u00f3 dels dos ginys de mesura necessaris.<\/p>\n<p><strong>El dispositiu de mesura doble va ser constru\u00eft per l&#8217;empresa Dalmau Montero<\/strong>, amb seu social a Barcelona i a Madrid, especialitzada en la fabricaci\u00f3 i la reparaci\u00f3 d\u2019aparells de mesura el\u00e8ctrica. A banda de l\u2019enginy que es presenta, la prestigiosa firma va construir aparells de precisi\u00f3 per als sectors de l&#8217;\u00f2ptica, la f\u00edsica, la meteorologia i la tecnologia. Aquesta empresa familiar, que es remunta a la segona meitat del segle XIX, va ser fundada per l\u2019enginyer barcelon\u00ed Tom\u00e0s J. Dalmau, el qual va arribar a mantenir correspond\u00e8ncia amb Thomas Alva Edison.[\/vc_column_text][\/vc_column][\/vc_row]<\/p>\n","protected":false},"excerpt":{"rendered":"<p>[vc_row][vc_column width=&#8221;1\/2&#8243;][vc_single_image image=&#8221;50496&#8243; img_size=&#8221;full&#8221;][\/vc_column][vc_column width=&#8221;1\/2&#8243;][\/vc_column][\/vc_row][vc_row][vc_column][vc_column_text]A partir de la segona d\u00e8cada del segle XX, l&#8217;electricitat va esdevenir una font d\u2019energia de primer ordre i el seu creixement es va fer inaturable,<span class=\"more-link\"><a href=\"https:\/\/www.fundacionnaturgy.org\/ca\/educacio-divulgacio\/arxiu-i-patrimoni\/aparell-mesura-doble\/\">Llegir m\u00e9s<\/a><\/span><\/p>\n","protected":false},"author":1454,"featured_media":0,"parent":45311,"menu_order":0,"comment_status":"closed","ping_status":"closed","template":"templates\/full-width.php","meta":{"inline_featured_image":false},"categories":[],"acf":[],"_links":{"self":[{"href":"https:\/\/www.fundacionnaturgy.org\/ca\/wp-json\/wp\/v2\/pages\/51198"}],"collection":[{"href":"https:\/\/www.fundacionnaturgy.org\/ca\/wp-json\/wp\/v2\/pages"}],"about":[{"href":"https:\/\/www.fundacionnaturgy.org\/ca\/wp-json\/wp\/v2\/types\/page"}],"author":[{"embeddable":true,"href":"https:\/\/www.fundacionnaturgy.org\/ca\/wp-json\/wp\/v2\/users\/1454"}],"replies":[{"embeddable":true,"href":"https:\/\/www.fundacionnaturgy.org\/ca\/wp-json\/wp\/v2\/comments?post=51198"}],"version-history":[{"count":0,"href":"https:\/\/www.fundacionnaturgy.org\/ca\/wp-json\/wp\/v2\/pages\/51198\/revisions"}],"up":[{"embeddable":true,"href":"https:\/\/www.fundacionnaturgy.org\/ca\/wp-json\/wp\/v2\/pages\/45311"}],"wp:attachment":[{"href":"https:\/\/www.fundacionnaturgy.org\/ca\/wp-json\/wp\/v2\/media?parent=51198"}],"wp:term":[{"taxonomy":"category","embeddable":true,"href":"https:\/\/www.fundacionnaturgy.org\/ca\/wp-json\/wp\/v2\/categories?post=51198"}],"curies":[{"name":"wp","href":"https:\/\/api.w.org\/{rel}","templated":true}]}}