{"id":51199,"date":"2018-11-12T16:23:51","date_gmt":"2018-11-12T15:23:51","guid":{"rendered":"https:\/\/www.fundacionnaturgy.org\/ca\/?page_id=51199"},"modified":"2018-12-11T12:25:35","modified_gmt":"2018-12-11T11:25:35","slug":"escriptura-de-constitucio-de-la-companyia-sociedad-catalana-para-el-alumbrado-por-gas","status":"publish","type":"page","link":"https:\/\/www.fundacionnaturgy.org\/ca\/educacio-divulgacio\/arxiu-i-patrimoni\/escriptura-de-constitucio-de-la-companyia-sociedad-catalana-para-el-alumbrado-por-gas\/","title":{"rendered":"Escriptura de constituci\u00f3 de la companyia Sociedad Catalana para el Alumbrado por Gas"},"content":{"rendered":"<p>[vc_row][vc_column width=&#8221;1\/2&#8243;][vc_single_image image=&#8221;50498&#8243; img_size=&#8221;full&#8221;][\/vc_column][vc_column width=&#8221;1\/2&#8243;]<div class=\"gnf-texto-destacado\" style=\"background-color:#edf0f1;border-color:#004165;\"><h4 style=\"color:#004165\"><\/h4>Escriptura restaurada de la constituci\u00f3 de la Sociedad Catalana para el Alumbrado por Gas, de l\u2019any 1843.<\/p>\n<p>Arxiu Hist\u00f2ric de la Fundaci\u00f3 Gas Natural Fenosa.<\/p>\n<p>\u00a9 Fundaci\u00f3 Gas Natural Fenosa, 2018.<\/div>[\/vc_column][\/vc_row][vc_row][vc_column][vc_column_text]<strong>L\u2019escriptura de constituci\u00f3 de la Companyia Sociedad Catalana para el Alumbrado por Gas, l\u2019empresa que d\u00f3na origen a l\u2019actual Naturgy, \u00e9s una de les joies de l\u2019Arxiu Hist\u00f2ric de la Fundaci\u00f3 Naturgy.<\/strong>\u00a0L\u2019any 1841, l\u2019Ajuntament de Barcelona va concedir, mitjan\u00e7ant una subhasta, la concessi\u00f3 de l\u2019enllumenat p\u00fablic a gas de la ciutat comtal a l\u2019industrial franc\u00e8s Charles Lebon. La tecnologia del gas ja estava en funcionament a Londres i a Par\u00eds on, com a conseq\u00fc\u00e8ncia de l\u2019\u00fas d\u2019aquesta energia, les ciutats europees van encap\u00e7alar una profunda transformaci\u00f3 social.<\/p>\n<p>El juliol de 1841, l\u2019Ajuntament de Barcelona i Charles Lebon van signar el primer contracte d\u2019enllumenat p\u00fablic a Espanya amb una vig\u00e8ncia de 15 anys. Per tal d\u2019abastir Barcelona, el <strong>gener de 1843 Charles Lebon, els empresaris Gil i Serra, entre altres accionistes van constituir la Sociedad Catalana para el Alumbrado por Gas<\/strong> amb un capital de 6 milions de rals (1.500 accions de 4.000 rals). Aquesta societat, que avui compta amb m\u00e9s de 175 anys d\u2019hist\u00f2ria, va constituir-se amb l\u2019objectiu de produir gas per a l\u2019enllumenat de la ciutat, substituint aix\u00ed els antics fanals d\u2019oli. A banda d\u2019il\u00b7luminar la ciutat, la naixent empresa energ\u00e8tica no trigaria a tenir els primers abonats, entre els quals van destacar els botiguers i els comerciants que, de seguida, van veure els beneficis del gas en la seva activitat. Altres clients que van apostar per aquesta energia pionera van ser els sectors de la ind\u00fastria i de l\u2019espectacle, aix\u00ed com les habitatges particulars de les llars m\u00e9s acomodades.<\/p>\n<p>L\u2019any 1846, la Borsa de Barcelona va comen\u00e7ar la seva activitat de renda variable amb un total de 10 societats. Entre elles, hi figurava la Sociedad Catalana para el Alumbrado por Gas, empresa que ha evolucionat i ha canviat de nom al llarg dels anys fins a convertir-se en l\u2019actual Gas Natural Fenosa. En els nostres dies, aquesta companyia energ\u00e8tica mant\u00e9 intactes els valors de lideratge i de treball per a l\u2019aven\u00e7 i la millora de la societat.[\/vc_column_text][\/vc_column][\/vc_row]<\/p>\n","protected":false},"excerpt":{"rendered":"<p>[vc_row][vc_column width=&#8221;1\/2&#8243;][vc_single_image image=&#8221;50498&#8243; img_size=&#8221;full&#8221;][\/vc_column][vc_column width=&#8221;1\/2&#8243;][\/vc_column][\/vc_row][vc_row][vc_column][vc_column_text]L\u2019escriptura de constituci\u00f3 de la Companyia Sociedad Catalana para el Alumbrado por Gas, l\u2019empresa que d\u00f3na origen a l\u2019actual Naturgy, \u00e9s una de les joies de<span class=\"more-link\"><a href=\"https:\/\/www.fundacionnaturgy.org\/ca\/educacio-divulgacio\/arxiu-i-patrimoni\/escriptura-de-constitucio-de-la-companyia-sociedad-catalana-para-el-alumbrado-por-gas\/\">Llegir m\u00e9s<\/a><\/span><\/p>\n","protected":false},"author":1454,"featured_media":0,"parent":45311,"menu_order":0,"comment_status":"closed","ping_status":"closed","template":"templates\/full-width.php","meta":{"inline_featured_image":false},"categories":[],"acf":[],"_links":{"self":[{"href":"https:\/\/www.fundacionnaturgy.org\/ca\/wp-json\/wp\/v2\/pages\/51199"}],"collection":[{"href":"https:\/\/www.fundacionnaturgy.org\/ca\/wp-json\/wp\/v2\/pages"}],"about":[{"href":"https:\/\/www.fundacionnaturgy.org\/ca\/wp-json\/wp\/v2\/types\/page"}],"author":[{"embeddable":true,"href":"https:\/\/www.fundacionnaturgy.org\/ca\/wp-json\/wp\/v2\/users\/1454"}],"replies":[{"embeddable":true,"href":"https:\/\/www.fundacionnaturgy.org\/ca\/wp-json\/wp\/v2\/comments?post=51199"}],"version-history":[{"count":0,"href":"https:\/\/www.fundacionnaturgy.org\/ca\/wp-json\/wp\/v2\/pages\/51199\/revisions"}],"up":[{"embeddable":true,"href":"https:\/\/www.fundacionnaturgy.org\/ca\/wp-json\/wp\/v2\/pages\/45311"}],"wp:attachment":[{"href":"https:\/\/www.fundacionnaturgy.org\/ca\/wp-json\/wp\/v2\/media?parent=51199"}],"wp:term":[{"taxonomy":"category","embeddable":true,"href":"https:\/\/www.fundacionnaturgy.org\/ca\/wp-json\/wp\/v2\/categories?post=51199"}],"curies":[{"name":"wp","href":"https:\/\/api.w.org\/{rel}","templated":true}]}}