{"id":51209,"date":"2018-11-12T16:43:51","date_gmt":"2018-11-12T15:43:51","guid":{"rendered":"https:\/\/www.fundacionnaturgy.org\/ca\/?page_id=51209"},"modified":"2018-12-11T12:16:13","modified_gmt":"2018-12-11T11:16:13","slug":"autoclau-a-gas","status":"publish","type":"page","link":"https:\/\/www.fundacionnaturgy.org\/ca\/educacio-divulgacio\/arxiu-i-patrimoni\/autoclau-a-gas\/","title":{"rendered":"Autoclau a gas"},"content":{"rendered":"<p>[vc_row][vc_column width=&#8221;1\/2&#8243;][vc_single_image image=&#8221;50518&#8243; img_size=&#8221;full&#8221;][\/vc_column][vc_column width=&#8221;1\/2&#8243;]<div class=\"gnf-texto-destacado\" style=\"background-color:#edf0f1;border-color:#004165;\"><h4 style=\"color:#004165\"><\/h4>Autoclau a gas<br \/>\nFabricaci\u00f3: Pedro Homet, Barcelona<br \/>\nAcer, ferro, llaut\u00f3 i fusta<br \/>\nInicis del s. XX<br \/>\nN\u00famero de registre: MG 564<br \/>\nDe la fotografia: Autoclau a gas<br \/>\nFot\u00f2graf desconegut<br \/>\n\u00a9 Museu del Gas de la Fundaci\u00f3 Gas Natural Fenosa, 2017<\/div>[\/vc_column][\/vc_row][vc_row][vc_column][vc_column_text]Des de la darrera d\u00e8cada del s. XIX, el confort i la comoditat que el gas manufacturat aportava no va limitar-se nom\u00e9s a les llars i a la ind\u00fastria, sin\u00f3 que van ser molts els sectors de negoci que es van veure afavorits per les novetats que oferia aquesta font energ\u00e8tica. Com a exemple dels aven\u00e7os en el sector m\u00e8dic, es presenta una autoclau a gas de la Col\u00b7lecci\u00f3 del Museu del Gas de la Fundaci\u00f3 Gas Natural Fenosa, un enginy que servia per esterilitzar material sanitari mitjan\u00e7ant el vapor d&#8217;aigua. Aquesta pe\u00e7a \u00e9s la m\u00e9s petita de la seva tipologia i, donades les seves dimensions, es creu que va emprar-se per esterilitzar material quir\u00fargic, possiblement agulles o altres productes sanitaris petits. El fabricant d\u2019aquesta autoclau a gas, l&#8217;empresa d\u2019origen barcelon\u00ed Pedro Homet, refor\u00e7aria aquesta hip\u00f2tesi, donat que el seu cat\u00e0leg disposava d\u2019altres productes m\u00e8dics, com s\u00f3n els ap\u00f2sits antis\u00e8ptics i el material quir\u00fargic.<\/p>\n<p>Per tal d\u2019esterilitzar els objectes, calia dipositar-los en una c\u00e0psula met\u00e0l\u00b7lica de l\u2019autoclau que, un cop plena, es tancava i se submergia en un dip\u00f2sit ple d&#8217;aigua. Aquesta c\u00e0psula tenia una pestanya que permetia dues posicions: una on podem observar diverses perforacions que permetien l&#8217;entada del vapor i, una altra, on les perforacions estaven cobertes per mantenir l&#8217;estat d&#8217;esterilitzaci\u00f3 un cop el proc\u00e9s havia finalitzat i s&#8217;havia extret la c\u00e0psula. La rodeta de la part superior de l\u2019autoclau permetia tancar herm\u00e8ticament l\u2019enginy, tot creant el buit. El gas servia per alimentar la flama que escalfava l&#8217;aigua i la convertia en vapor. Com que a l&#8217;interior de la c\u00e0psula es creava el buit, el vapor assolia una temperatura elevada i generava una pressi\u00f3 que es controlava mitjan\u00e7ant un man\u00f2metre. Un cop finalitzat el proc\u00e9s, l\u2019obertura de l&#8217;aixeta permetia l&#8217;entrada d&#8217;aire, tot trencant el buit i permetent obrir de nou l&#8217;aparell que ja oferia el material esterilitzat.[\/vc_column_text][\/vc_column][\/vc_row]<\/p>\n","protected":false},"excerpt":{"rendered":"<p>[vc_row][vc_column width=&#8221;1\/2&#8243;][vc_single_image image=&#8221;50518&#8243; img_size=&#8221;full&#8221;][\/vc_column][vc_column width=&#8221;1\/2&#8243;][\/vc_column][\/vc_row][vc_row][vc_column][vc_column_text]Des de la darrera d\u00e8cada del s. XIX, el confort i la comoditat que el gas manufacturat aportava no va limitar-se nom\u00e9s a les llars i<span class=\"more-link\"><a href=\"https:\/\/www.fundacionnaturgy.org\/ca\/educacio-divulgacio\/arxiu-i-patrimoni\/autoclau-a-gas\/\">Llegir m\u00e9s<\/a><\/span><\/p>\n","protected":false},"author":1454,"featured_media":0,"parent":45311,"menu_order":0,"comment_status":"closed","ping_status":"closed","template":"templates\/full-width.php","meta":{"inline_featured_image":false},"categories":[],"acf":[],"_links":{"self":[{"href":"https:\/\/www.fundacionnaturgy.org\/ca\/wp-json\/wp\/v2\/pages\/51209"}],"collection":[{"href":"https:\/\/www.fundacionnaturgy.org\/ca\/wp-json\/wp\/v2\/pages"}],"about":[{"href":"https:\/\/www.fundacionnaturgy.org\/ca\/wp-json\/wp\/v2\/types\/page"}],"author":[{"embeddable":true,"href":"https:\/\/www.fundacionnaturgy.org\/ca\/wp-json\/wp\/v2\/users\/1454"}],"replies":[{"embeddable":true,"href":"https:\/\/www.fundacionnaturgy.org\/ca\/wp-json\/wp\/v2\/comments?post=51209"}],"version-history":[{"count":0,"href":"https:\/\/www.fundacionnaturgy.org\/ca\/wp-json\/wp\/v2\/pages\/51209\/revisions"}],"up":[{"embeddable":true,"href":"https:\/\/www.fundacionnaturgy.org\/ca\/wp-json\/wp\/v2\/pages\/45311"}],"wp:attachment":[{"href":"https:\/\/www.fundacionnaturgy.org\/ca\/wp-json\/wp\/v2\/media?parent=51209"}],"wp:term":[{"taxonomy":"category","embeddable":true,"href":"https:\/\/www.fundacionnaturgy.org\/ca\/wp-json\/wp\/v2\/categories?post=51209"}],"curies":[{"name":"wp","href":"https:\/\/api.w.org\/{rel}","templated":true}]}}