{"id":51210,"date":"2018-11-12T16:46:17","date_gmt":"2018-11-12T15:46:17","guid":{"rendered":"https:\/\/www.fundacionnaturgy.org\/ca\/?page_id=51210"},"modified":"2018-12-11T12:20:38","modified_gmt":"2018-12-11T11:20:38","slug":"comptador-de-demostracio-de-tipus-hidraulic","status":"publish","type":"page","link":"https:\/\/www.fundacionnaturgy.org\/ca\/educacio-divulgacio\/arxiu-i-patrimoni\/comptador-de-demostracio-de-tipus-hidraulic\/","title":{"rendered":"Comptador de demostraci\u00f3 de tipus hidr\u00e0ulic"},"content":{"rendered":"<p>[vc_row][vc_column width=&#8221;1\/2&#8243;][vc_gallery interval=&#8221;10&#8243; images=&#8221;50520&#8243; img_size=&#8221;full&#8221;][\/vc_column][vc_column width=&#8221;1\/2&#8243;]<div class=\"gnf-texto-destacado\" style=\"background-color:#edf0f1;border-color:#004165;\"><h4 style=\"color:#004165\">Comptador de demostraci\u00f3 de tipus hidr\u00e0ulic<\/h4>Fabricat per la Compagnie pour la fabrication des compteurs et mat\u00e9riel d&#8217;usines \u00e0 gaz,<br \/>\nPar\u00eds Inicis del s. XX<br \/>\nAcer policromat i llaut\u00f3<br \/>\nN\u00famero de registre: CN 109<br \/>\nDe la fotografia: Comptador de demostraci\u00f3<br \/>\nFot\u00f2graf: Dani Rovira<br \/>\n\u00a9 Museu del Gas de la Fundaci\u00f3 Gas Natural Fenosa, 2017<\/div>[\/vc_column][\/vc_row][vc_row][vc_column][vc_empty_space][vc_column_text]Amb l\u2019arribada del gas a les llars a principis del segle XX, van crear-se<strong> aparells per mesurar el consum de gas dels abonats.<\/strong> El primer aparell d\u2019aquesta tipologia, que data el 1815 i fou ideat per l\u2019angl\u00e8s Samuel Clegg, presentava problemes d\u2019estanquitat i produ\u00efa oscil\u2022lacions constants en les flames dels aparells a gas. Per millorar aquests inconvenients en l\u2019aparell, va crear-se un nou enginy en forma de tambor que se submergia en aigua fins a una al\u00e7ada fixa i que es dividia en quatre compartiments que s\u2019anaven omplint i buidant constantment.<\/p>\n<p>Dins dels compartiments d\u2019aquest enginy, la pressi\u00f3 del gas actuava tot fent-los rodar i activant uns engranatges que transmetien, d\u2019aquesta manera, les unitats de mesura que calculaven el gas consumit pel client. Tot i aix\u00ed, aquest model i els que el van succeir encara comptaven amb un sistema for\u00e7a senzill de c\u00e0lcul. \u00c9s per aquest motiu que els fabricants crearen aparells de demostraci\u00f3, com aquest que preserva el Museu del Gas de la Fundaci\u00f3 Gas Natural Fenosa, que exhibien en els comer\u00e7os o b\u00e9 a les llars dels abonats per tal de certificar l\u2019efic\u00e0cia i la veracitat de c\u00e0lcul de l\u2019energia consumida.<\/p>\n<p><strong> L\u2019aparell que mostrem en aquest article era de tipus hidr\u00e0ulic i va ser fabricat a Par\u00eds per la Compagnie pour la fabrication des compteurs et mat\u00e9riel d&#8217;usines \u00e0 gaz<\/strong>, una de les empreses m\u00e9s importants del sector gasista a Fran\u00e7a de l\u2019\u00e8poca.[\/vc_column_text][\/vc_column][\/vc_row]<\/p>\n","protected":false},"excerpt":{"rendered":"<p>[vc_row][vc_column width=&#8221;1\/2&#8243;][vc_gallery interval=&#8221;10&#8243; images=&#8221;50520&#8243; img_size=&#8221;full&#8221;][\/vc_column][vc_column width=&#8221;1\/2&#8243;][\/vc_column][\/vc_row][vc_row][vc_column][vc_empty_space][vc_column_text]Amb l\u2019arribada del gas a les llars a principis del segle XX, van crear-se aparells per mesurar el consum de gas dels abonats. El primer<span class=\"more-link\"><a href=\"https:\/\/www.fundacionnaturgy.org\/ca\/educacio-divulgacio\/arxiu-i-patrimoni\/comptador-de-demostracio-de-tipus-hidraulic\/\">Llegir m\u00e9s<\/a><\/span><\/p>\n","protected":false},"author":1454,"featured_media":0,"parent":45311,"menu_order":0,"comment_status":"closed","ping_status":"closed","template":"templates\/full-width.php","meta":{"inline_featured_image":false},"categories":[],"acf":[],"_links":{"self":[{"href":"https:\/\/www.fundacionnaturgy.org\/ca\/wp-json\/wp\/v2\/pages\/51210"}],"collection":[{"href":"https:\/\/www.fundacionnaturgy.org\/ca\/wp-json\/wp\/v2\/pages"}],"about":[{"href":"https:\/\/www.fundacionnaturgy.org\/ca\/wp-json\/wp\/v2\/types\/page"}],"author":[{"embeddable":true,"href":"https:\/\/www.fundacionnaturgy.org\/ca\/wp-json\/wp\/v2\/users\/1454"}],"replies":[{"embeddable":true,"href":"https:\/\/www.fundacionnaturgy.org\/ca\/wp-json\/wp\/v2\/comments?post=51210"}],"version-history":[{"count":0,"href":"https:\/\/www.fundacionnaturgy.org\/ca\/wp-json\/wp\/v2\/pages\/51210\/revisions"}],"up":[{"embeddable":true,"href":"https:\/\/www.fundacionnaturgy.org\/ca\/wp-json\/wp\/v2\/pages\/45311"}],"wp:attachment":[{"href":"https:\/\/www.fundacionnaturgy.org\/ca\/wp-json\/wp\/v2\/media?parent=51210"}],"wp:term":[{"taxonomy":"category","embeddable":true,"href":"https:\/\/www.fundacionnaturgy.org\/ca\/wp-json\/wp\/v2\/categories?post=51210"}],"curies":[{"name":"wp","href":"https:\/\/api.w.org\/{rel}","templated":true}]}}