{"id":51212,"date":"2018-11-12T16:50:55","date_gmt":"2018-11-12T15:50:55","guid":{"rendered":"https:\/\/www.fundacionnaturgy.org\/ca\/?page_id=51212"},"modified":"2018-12-11T12:47:32","modified_gmt":"2018-12-11T11:47:32","slug":"the-cantilever","status":"publish","type":"page","link":"https:\/\/www.fundacionnaturgy.org\/ca\/educacio-divulgacio\/arxiu-i-patrimoni\/the-cantilever\/","title":{"rendered":"The Cantilever"},"content":{"rendered":"<p>[vc_row][vc_column width=&#8221;1\/2&#8243;][vc_single_image image=&#8221;50524&#8243; img_size=&#8221;700&#215;550&#8243;][\/vc_column][vc_column width=&#8221;1\/2&#8243;]<div class=\"gnf-texto-destacado\" style=\"background-color:#edf0f1;border-color:#004165;\"><h4 style=\"color:#004165\">The Cantilever<\/h4>Aparell d&#8217;ampliaci\u00f3 dissenyat i fabricat per William Hume<br \/>\n1890 Fusta, metall i vidre<br \/>\nN\u00famero de registre: MG 555<\/p>\n<p><strong>De la fotografia:<\/strong> The Cantilever<br \/>\nFot\u00f2graf desconegut<br \/>\n\u00a9 Museu del Gas de la Fundaci\u00f3 Gas Natural Fenosa, 2017<\/div>[\/vc_column][\/vc_row][vc_row][vc_column][vc_column_text]<\/p>\n<div class=\"wpb_text_column wpb_content_element \">\n<div class=\"wpb_wrapper\">\n<p>El Cantilever era un<strong> aparell d&#8217;ampliaci\u00f3 d&#8217;imatges, dissenyat i fabricat per l&#8217;inventor William Hume<\/strong>, a Edimburg el 1890. Aquest gasodom\u00e8stic, del qual es conserva un exemplar a la col\u00b7lecci\u00f3 del Museu del Gas de la Fundaci\u00f3 Gas Natural Fenosa, permetia l&#8217;ampliaci\u00f3 d&#8217;imatges per projectar-les en una superf\u00edcie o imprimir-les sobre paper fotogr\u00e0fic. Les aplicacions que va tenir el Cantilever van ser en els \u00e0mbits de la fotografia, l&#8217;art, el disseny, l&#8217;arquitectura i l&#8217;enginyeria, entre d&#8217;altres.<\/p>\n<p>L&#8217;<strong>aparen\u00e7a<\/strong><strong> de l&#8217;aparell era molt similar a la de les antigues cambres de fotografia<\/strong>. Tanmateix, el proc\u00e9s de captaci\u00f3 de la imatge era totalment invers. El Cantilever es componia d&#8217;una caixa opaca de fusta, on s&#8217;ubicava un cremador de gas i una xemeneia per a la sortida de fums; un condensador de vidre, que recollia la llum i la repartia uniformement per la superf\u00edcie de la imatge que es volia ampliar; i una lent \u00f2ptica, a trav\u00e9s de la qual es projectava la imatge. Per utilitzar-lo, s&#8217;havia d&#8217;introduir al cos central de l&#8217;aparell la placa de vidre amb la imatge fotogr\u00e0fica negativa\u00a0o positiva\u00a0que es volia ampliar. Mitjan\u00e7ant una manxa, la imatge s&#8217;ampliava segons cada necessitat i es llan\u00e7ava cap a la lent \u00f2ptica, que enviava la imatge\u00a0a l&#8217;obturador per ser projectada. El nom del gasodom\u00e8stic prov\u00e9 de la paraula \u201cmanxa\u201d, en angl\u00e8s \u201ccantilever\u201d.<\/p>\n<\/div>\n<\/div>\n<p>[\/vc_column_text][\/vc_column][\/vc_row]<\/p>\n","protected":false},"excerpt":{"rendered":"<p>[vc_row][vc_column width=&#8221;1\/2&#8243;][vc_single_image image=&#8221;50524&#8243; img_size=&#8221;700&#215;550&#8243;][\/vc_column][vc_column width=&#8221;1\/2&#8243;][\/vc_column][\/vc_row][vc_row][vc_column][vc_column_text] El Cantilever era un aparell d&#8217;ampliaci\u00f3 d&#8217;imatges, dissenyat i fabricat per l&#8217;inventor William Hume, a Edimburg el 1890. Aquest gasodom\u00e8stic, del qual es conserva un<span class=\"more-link\"><a href=\"https:\/\/www.fundacionnaturgy.org\/ca\/educacio-divulgacio\/arxiu-i-patrimoni\/the-cantilever\/\">Llegir m\u00e9s<\/a><\/span><\/p>\n","protected":false},"author":1454,"featured_media":0,"parent":45311,"menu_order":0,"comment_status":"closed","ping_status":"closed","template":"templates\/full-width.php","meta":{"inline_featured_image":false},"categories":[],"acf":[],"_links":{"self":[{"href":"https:\/\/www.fundacionnaturgy.org\/ca\/wp-json\/wp\/v2\/pages\/51212"}],"collection":[{"href":"https:\/\/www.fundacionnaturgy.org\/ca\/wp-json\/wp\/v2\/pages"}],"about":[{"href":"https:\/\/www.fundacionnaturgy.org\/ca\/wp-json\/wp\/v2\/types\/page"}],"author":[{"embeddable":true,"href":"https:\/\/www.fundacionnaturgy.org\/ca\/wp-json\/wp\/v2\/users\/1454"}],"replies":[{"embeddable":true,"href":"https:\/\/www.fundacionnaturgy.org\/ca\/wp-json\/wp\/v2\/comments?post=51212"}],"version-history":[{"count":0,"href":"https:\/\/www.fundacionnaturgy.org\/ca\/wp-json\/wp\/v2\/pages\/51212\/revisions"}],"up":[{"embeddable":true,"href":"https:\/\/www.fundacionnaturgy.org\/ca\/wp-json\/wp\/v2\/pages\/45311"}],"wp:attachment":[{"href":"https:\/\/www.fundacionnaturgy.org\/ca\/wp-json\/wp\/v2\/media?parent=51212"}],"wp:term":[{"taxonomy":"category","embeddable":true,"href":"https:\/\/www.fundacionnaturgy.org\/ca\/wp-json\/wp\/v2\/categories?post=51212"}],"curies":[{"name":"wp","href":"https:\/\/api.w.org\/{rel}","templated":true}]}}