{"id":51215,"date":"2018-11-12T17:04:05","date_gmt":"2018-11-12T16:04:05","guid":{"rendered":"https:\/\/www.fundacionnaturgy.org\/ca\/?page_id=51215"},"modified":"2018-12-11T12:24:43","modified_gmt":"2018-12-11T11:24:43","slug":"escalfador-daigua","status":"publish","type":"page","link":"https:\/\/www.fundacionnaturgy.org\/ca\/educacio-divulgacio\/arxiu-i-patrimoni\/escalfador-daigua\/","title":{"rendered":"Escalfador d\u2019aigua"},"content":{"rendered":"<p>[vc_row][vc_column width=&#8221;1\/3&#8243;][vc_single_image image=&#8221;50530&#8243; img_size=&#8221;full&#8221;][\/vc_column][vc_column width=&#8221;2\/3&#8243;]<div class=\"gnf-texto-destacado\" style=\"background-color:#edf0f1;border-color:#004165;\"><h4 style=\"color:#004165\">Escalfador d\u2019aigua<\/h4>Fabricant: Vaillant<br \/>\nCoure i ferro<br \/>\nc. 1906-1907<br \/>\nMG 148<\/p>\n<p><em>Fot\u00f2graf desconegut <\/em><\/p>\n<p><em>\u00a9 Museu del Gas de la Fundaci\u00f3 Gas Natural Fenosa, 2017.<\/em><\/div>[vc_empty_space][vc_column_text]A mitjans del segle XIX, el gas va comen\u00e7ar a utilitzar-se per escalfar l\u2019aigua per a usos sanitaris. En els seus inicis, el funcionament dels escalfadors d\u2019aigua es realitzava mitjan\u00e7ant els gasos de la combusti\u00f3 del gas en un cremador. Tot i aix\u00ed, durant el proc\u00e9s, els fums es barrejaven amb l\u2019aigua i aquesta sortia bruta. M\u00e9s endavant, van presentar-se enginys m\u00e9s innovadors que van resoldre aquest repte per tal que l\u2019aigua calenta sort\u00eds neta per al consumidor.<\/p>\n<p>Diversos invents van anar succeint-se fins que va aconseguir-se a\u00efllar el circuit de l\u2019aigua dels gasos, gr\u00e0cies a un serpent\u00ed. Des d\u2019aleshores, bona part dels escalfadors d\u2019aigua tenien forma cil\u00edndrica i van ubicar-se al bany, ben a prop de la banyera. L\u2019aigua freda entrava a l\u2019aparell per la part superior i, a mesura que anava baixant pel serpent\u00ed, s\u2019escalfava gr\u00e0cies a la calor produ\u00efda per la combusti\u00f3 del gas del cremador ubicat a la part inferior de l\u2019aparell.[\/vc_column_text][\/vc_column][\/vc_row][vc_row][vc_column][vc_column_text]Tot i la tend\u00e8ncia general, tamb\u00e9 van comercialitzar-se escalfadors d\u2019aigua en forma rectangular, format que permetia la instal\u2022laci\u00f3 en una paret o en un angle de la casa. N\u2019\u00e9s exemple la pe\u00e7a de la Col\u2022lecci\u00f3 que es presenta, fabricada per Vaillant i amb la particularitat de tenir una pell de coure escamada.[\/vc_column_text][\/vc_column][\/vc_row]<\/p>\n","protected":false},"excerpt":{"rendered":"<p>[vc_row][vc_column width=&#8221;1\/3&#8243;][vc_single_image image=&#8221;50530&#8243; img_size=&#8221;full&#8221;][\/vc_column][vc_column width=&#8221;2\/3&#8243;][vc_empty_space][vc_column_text]A mitjans del segle XIX, el gas va comen\u00e7ar a utilitzar-se per escalfar l\u2019aigua per a usos sanitaris. En els seus inicis, el funcionament dels escalfadors<span class=\"more-link\"><a href=\"https:\/\/www.fundacionnaturgy.org\/ca\/educacio-divulgacio\/arxiu-i-patrimoni\/escalfador-daigua\/\">Llegir m\u00e9s<\/a><\/span><\/p>\n","protected":false},"author":1454,"featured_media":0,"parent":45311,"menu_order":0,"comment_status":"closed","ping_status":"closed","template":"templates\/full-width.php","meta":{"inline_featured_image":false},"categories":[],"acf":[],"_links":{"self":[{"href":"https:\/\/www.fundacionnaturgy.org\/ca\/wp-json\/wp\/v2\/pages\/51215"}],"collection":[{"href":"https:\/\/www.fundacionnaturgy.org\/ca\/wp-json\/wp\/v2\/pages"}],"about":[{"href":"https:\/\/www.fundacionnaturgy.org\/ca\/wp-json\/wp\/v2\/types\/page"}],"author":[{"embeddable":true,"href":"https:\/\/www.fundacionnaturgy.org\/ca\/wp-json\/wp\/v2\/users\/1454"}],"replies":[{"embeddable":true,"href":"https:\/\/www.fundacionnaturgy.org\/ca\/wp-json\/wp\/v2\/comments?post=51215"}],"version-history":[{"count":0,"href":"https:\/\/www.fundacionnaturgy.org\/ca\/wp-json\/wp\/v2\/pages\/51215\/revisions"}],"up":[{"embeddable":true,"href":"https:\/\/www.fundacionnaturgy.org\/ca\/wp-json\/wp\/v2\/pages\/45311"}],"wp:attachment":[{"href":"https:\/\/www.fundacionnaturgy.org\/ca\/wp-json\/wp\/v2\/media?parent=51215"}],"wp:term":[{"taxonomy":"category","embeddable":true,"href":"https:\/\/www.fundacionnaturgy.org\/ca\/wp-json\/wp\/v2\/categories?post=51215"}],"curies":[{"name":"wp","href":"https:\/\/api.w.org\/{rel}","templated":true}]}}