{"id":51216,"date":"2018-11-12T17:05:49","date_gmt":"2018-11-12T16:05:49","guid":{"rendered":"https:\/\/www.fundacionnaturgy.org\/ca\/?page_id=51216"},"modified":"2018-12-11T12:47:18","modified_gmt":"2018-12-11T11:47:18","slug":"torradora-fruits-secs","status":"publish","type":"page","link":"https:\/\/www.fundacionnaturgy.org\/ca\/educacio-divulgacio\/arxiu-i-patrimoni\/torradora-fruits-secs\/","title":{"rendered":"Torradora de fruits secs"},"content":{"rendered":"<p>[vc_row][vc_column width=&#8221;1\/2&#8243;][vc_single_image image=&#8221;50532&#8243; img_size=&#8221;full&#8221;][\/vc_column][vc_column width=&#8221;1\/2&#8243;]<div class=\"gnf-texto-destacado\" style=\"background-color:#edf0f1;border-color:#004165;\"><h4 style=\"color:#004165\"><\/h4>Torradora de fruits secs<br \/>\nc. 1910<br \/>\nFerro fos i llaut\u00f3<br \/>\nCol\u00b7lecci\u00f3 Catalana de Gas. Museu del Gas<\/div>[\/vc_column][\/vc_row][vc_row][vc_column][vc_column_text]Actualment <strong>quan anem a comprar un electrodom\u00e8stic busquem que tingui m\u00faltiples propietats i opcions d\u2019us.<\/strong> Que un sol electrodom\u00e8stic ens ofereixi la m\u00e0xima versatilitat es contempla positivament, per\u00f2 <strong>anys enrere aquesta qualitat no era massa freq\u00fcent <\/strong>i de fet existien molts aparells amb una funci\u00f3 molt espec\u00edfica. Us en presentem un.<\/p>\n<p>Aquest aparell no tothom el tenia a casa sin\u00f3 que era de<strong> caire industrial, per a restaurants o pastisseries, i servia exclusivament per a torrar fruits secs.<\/strong> El gas accionava les flames que es repartien per un element que creuava tot el centre del cilindre i que, amb el gir constant de la manovella permetia anar torrant els fruits secs que hi havia a l\u2019interior. Aquest model, patentat, <strong>permetia torrar fins a 2 Kg<\/strong>, i presentava aquestes perforacions per anar eliminant les pellofes i impureses dels fruits secs.<\/p>\n<p>Dins la col\u2022lecci\u00f3 de peces n\u2019existeix un molt assemblat que servia per a torrar caf\u00e8, per\u00f2 el cilindre estava totalment tancat, per evitar p\u00e8rdues de material.[\/vc_column_text][\/vc_column][\/vc_row]<\/p>\n","protected":false},"excerpt":{"rendered":"<p>[vc_row][vc_column width=&#8221;1\/2&#8243;][vc_single_image image=&#8221;50532&#8243; img_size=&#8221;full&#8221;][\/vc_column][vc_column width=&#8221;1\/2&#8243;][\/vc_column][\/vc_row][vc_row][vc_column][vc_column_text]Actualment quan anem a comprar un electrodom\u00e8stic busquem que tingui m\u00faltiples propietats i opcions d\u2019us. Que un sol electrodom\u00e8stic ens ofereixi la m\u00e0xima versatilitat es contempla<span class=\"more-link\"><a href=\"https:\/\/www.fundacionnaturgy.org\/ca\/educacio-divulgacio\/arxiu-i-patrimoni\/torradora-fruits-secs\/\">Llegir m\u00e9s<\/a><\/span><\/p>\n","protected":false},"author":1454,"featured_media":0,"parent":45311,"menu_order":0,"comment_status":"closed","ping_status":"closed","template":"templates\/full-width.php","meta":{"inline_featured_image":false},"categories":[],"acf":[],"_links":{"self":[{"href":"https:\/\/www.fundacionnaturgy.org\/ca\/wp-json\/wp\/v2\/pages\/51216"}],"collection":[{"href":"https:\/\/www.fundacionnaturgy.org\/ca\/wp-json\/wp\/v2\/pages"}],"about":[{"href":"https:\/\/www.fundacionnaturgy.org\/ca\/wp-json\/wp\/v2\/types\/page"}],"author":[{"embeddable":true,"href":"https:\/\/www.fundacionnaturgy.org\/ca\/wp-json\/wp\/v2\/users\/1454"}],"replies":[{"embeddable":true,"href":"https:\/\/www.fundacionnaturgy.org\/ca\/wp-json\/wp\/v2\/comments?post=51216"}],"version-history":[{"count":0,"href":"https:\/\/www.fundacionnaturgy.org\/ca\/wp-json\/wp\/v2\/pages\/51216\/revisions"}],"up":[{"embeddable":true,"href":"https:\/\/www.fundacionnaturgy.org\/ca\/wp-json\/wp\/v2\/pages\/45311"}],"wp:attachment":[{"href":"https:\/\/www.fundacionnaturgy.org\/ca\/wp-json\/wp\/v2\/media?parent=51216"}],"wp:term":[{"taxonomy":"category","embeddable":true,"href":"https:\/\/www.fundacionnaturgy.org\/ca\/wp-json\/wp\/v2\/categories?post=51216"}],"curies":[{"name":"wp","href":"https:\/\/api.w.org\/{rel}","templated":true}]}}