{"id":51217,"date":"2018-11-12T17:08:50","date_gmt":"2018-11-12T16:08:50","guid":{"rendered":"https:\/\/www.fundacionnaturgy.org\/ca\/?page_id=51217"},"modified":"2018-12-11T12:25:55","modified_gmt":"2018-12-11T11:25:55","slug":"estufa-radiador-art-noveau-model-88","status":"publish","type":"page","link":"https:\/\/www.fundacionnaturgy.org\/ca\/educacio-divulgacio\/arxiu-i-patrimoni\/estufa-radiador-art-noveau-model-88\/","title":{"rendered":"Estufa radiador \u201cArt Noveau\u201d model 88"},"content":{"rendered":"<p><img loading=\"lazy\" class=\"alignleft wp-image-7920\" src=\"https:\/\/www.fundacionnaturgy.org\/museo\/wp-content\/uploads\/sites\/2\/2016\/11\/radiador_home.jpg\" alt=\"la-farola-de-bray-1jpg\" width=\"450\" height=\"338\" \/>[vc_column width=&#8221;1\/2&#8243;]<div class=\"gnf-texto-destacado\" style=\"background-color:#edf0f1;border-color:#004165;\"><h4 style=\"color:#004165\"><\/h4><\/p>\n<p>Estufa radiador \u201cArt Noveau\u201d model 88<br \/>\nGarnier&amp;Cie<br \/>\n1905<br \/>\nCer\u00e0mica esmaltada, ferro, vidre i llaut\u00f3<br \/>\nMG 268<\/p>\n<p><\/div>\n<p>[\/vc_column][vc_column][vc_column_text]<\/p>\n<p>&nbsp;<\/p>\n<p>Presentem una <strong>estufa radiador<\/strong> de la col\u2022lecci\u00f3. \u00c9s un model singular que apareixia al cat\u00e0leg de 1905 de l\u2019empresa <strong>Garnier&amp;Cie de Lyon<\/strong>, amb el nom de<strong> Radiateur \u201cArt Noveau\u201d<\/strong>. Aquest nom es deu a les delicades ornamentacions inspirades amb motius i formes de la natura que veiem tant en la base com en el frontal superior. Aquestes peces estan realitzades amb cer\u00e0mica esmaltada atorgant a la pe\u00e7a un caire m\u00e9s sofisticat. No em de perdre de vista que tot i l\u2019\u00fas de l\u2019aparell es buscava tamb\u00e9 la singularitat i la bellesa, la funcionalitat i est\u00e8tica en aquest cas van de la m\u00e0.<\/p>\n<p>El gas permetia mantenir actiu el foc en becs en forma de papallona. La calor de les flames, que es veien reflectides a traves de les petites finestres de vidre, pujava pels tubs, i es dispersava per l\u2019habitaci\u00f3 a traves de les petites obertures de la part superior.<\/p>\n<p>En el cat\u00e0leg, s\u2019oferia aquest model en diferents acabats: esmaltada, envernissada, niquelada, i depenent del material escollit el seu preu tamb\u00e9 variava.<\/p>\n<p>[\/vc_column_text][\/vc_column]<\/p>\n","protected":false},"excerpt":{"rendered":"<p>[vc_column width=&#8221;1\/2&#8243;] [\/vc_column][vc_column][vc_column_text] &nbsp; Presentem una estufa radiador de la col\u2022lecci\u00f3. \u00c9s un model singular que apareixia al cat\u00e0leg de 1905 de l\u2019empresa Garnier&amp;Cie de Lyon, amb el nom de<span class=\"more-link\"><a href=\"https:\/\/www.fundacionnaturgy.org\/ca\/educacio-divulgacio\/arxiu-i-patrimoni\/estufa-radiador-art-noveau-model-88\/\">Llegir m\u00e9s<\/a><\/span><\/p>\n","protected":false},"author":1454,"featured_media":0,"parent":45311,"menu_order":0,"comment_status":"closed","ping_status":"closed","template":"templates\/full-width.php","meta":{"inline_featured_image":false},"categories":[],"acf":[],"_links":{"self":[{"href":"https:\/\/www.fundacionnaturgy.org\/ca\/wp-json\/wp\/v2\/pages\/51217"}],"collection":[{"href":"https:\/\/www.fundacionnaturgy.org\/ca\/wp-json\/wp\/v2\/pages"}],"about":[{"href":"https:\/\/www.fundacionnaturgy.org\/ca\/wp-json\/wp\/v2\/types\/page"}],"author":[{"embeddable":true,"href":"https:\/\/www.fundacionnaturgy.org\/ca\/wp-json\/wp\/v2\/users\/1454"}],"replies":[{"embeddable":true,"href":"https:\/\/www.fundacionnaturgy.org\/ca\/wp-json\/wp\/v2\/comments?post=51217"}],"version-history":[{"count":0,"href":"https:\/\/www.fundacionnaturgy.org\/ca\/wp-json\/wp\/v2\/pages\/51217\/revisions"}],"up":[{"embeddable":true,"href":"https:\/\/www.fundacionnaturgy.org\/ca\/wp-json\/wp\/v2\/pages\/45311"}],"wp:attachment":[{"href":"https:\/\/www.fundacionnaturgy.org\/ca\/wp-json\/wp\/v2\/media?parent=51217"}],"wp:term":[{"taxonomy":"category","embeddable":true,"href":"https:\/\/www.fundacionnaturgy.org\/ca\/wp-json\/wp\/v2\/categories?post=51217"}],"curies":[{"name":"wp","href":"https:\/\/api.w.org\/{rel}","templated":true}]}}