{"id":51219,"date":"2018-11-12T17:16:09","date_gmt":"2018-11-12T16:16:09","guid":{"rendered":"https:\/\/www.fundacionnaturgy.org\/ca\/?page_id=51219"},"modified":"2018-12-11T12:49:09","modified_gmt":"2018-12-11T11:49:09","slug":"planxa-de-gas","status":"publish","type":"page","link":"https:\/\/www.fundacionnaturgy.org\/ca\/educacio-divulgacio\/arxiu-i-patrimoni\/planxa-de-gas\/","title":{"rendered":"Planxa de gas"},"content":{"rendered":"<p>[vc_row][vc_column width=&#8221;1\/2&#8243;][vc_single_image image=&#8221;50538&#8243; img_size=&#8221;full&#8221;][\/vc_column][vc_column width=&#8221;1\/2&#8243;]<div class=\"gnf-texto-destacado\" style=\"background-color:#edf0f1;border-color:#004165;\"><h4 style=\"color:#004165\">Planxa de gas<\/h4>Fabricant: John Wright Company LTD.<br \/>\nModel: Flow 375<br \/>\nFerro esmaltat i pl\u00e0stic.<br \/>\n1940<br \/>\nMG 2832<\/div>[\/vc_column][\/vc_row][vc_row][vc_column][vc_column_text]En la col\u00b7lecci\u00f3 del Museu del Gas tresoregem un gran nombre de planxes, per\u00f2 aquesta que presentem avui \u00e9s l\u2019\u00fanica que conserva el tub que es connectava a la xarxa de gas, per la qual cosa es converteix en una pe\u00e7a molt especial. Prov\u00e9 d\u2019una empresa nord-americana, la <strong>John Wright Company LTD<\/strong> (que encara perdura avui dia), una empresa fundada el 1880 i una de les primeres de la zona especialitzades en el tractament del ferro. La planxa est\u00e0 formada gaireb\u00e9 en la seva totalitat d\u2019aquest material, esmaltat en negre i blau, exceptuant-ne la nansa i el tub, que estan fets de pl\u00e0stic. Tal com s\u2019observa en la imatge, tamb\u00e9 es conserva la base on descansava la planxa durant el seu \u00fas, tamb\u00e9 de ferro esmaltat.<\/p>\n<p>A l\u2019interior de la planxa hi havia dues files amb sis obertures cadascuna, per on sortia la flama del gas, que escalfava la base de metall de manera segura i continuada i mantenia la base prou calenta per pressionar les teles i eliminar-ne les arrugues i els plecs.<br \/>\nLa novetat que oferia aquest model, el Flow 375, respecte a les seves antecessores \u00e9s que es va vetllar per protegir l\u2019usuari de cremar-se la m\u00e0 (succ\u00e9s molt habitual amb aquests artefactes, sobretot els que funcionaven amb brasa o carb\u00f3). Es va introduir una placa de metall cargolat sobre el cos central, que contenia les files amb la flama de gas, la qual cosa permetia mantenir la calor lluny de l\u2019usuari. El m\u00e0nec est\u00e0 fet de pl\u00e0stic, de manera que tampoc no condueix la calor.[\/vc_column_text][\/vc_column][\/vc_row]<\/p>\n","protected":false},"excerpt":{"rendered":"<p>[vc_row][vc_column width=&#8221;1\/2&#8243;][vc_single_image image=&#8221;50538&#8243; img_size=&#8221;full&#8221;][\/vc_column][vc_column width=&#8221;1\/2&#8243;][\/vc_column][\/vc_row][vc_row][vc_column][vc_column_text]En la col\u00b7lecci\u00f3 del Museu del Gas tresoregem un gran nombre de planxes, per\u00f2 aquesta que presentem avui \u00e9s l\u2019\u00fanica que conserva el tub que es<span class=\"more-link\"><a href=\"https:\/\/www.fundacionnaturgy.org\/ca\/educacio-divulgacio\/arxiu-i-patrimoni\/planxa-de-gas\/\">Llegir m\u00e9s<\/a><\/span><\/p>\n","protected":false},"author":1454,"featured_media":0,"parent":45311,"menu_order":0,"comment_status":"closed","ping_status":"closed","template":"templates\/full-width.php","meta":{"inline_featured_image":false},"categories":[],"acf":[],"_links":{"self":[{"href":"https:\/\/www.fundacionnaturgy.org\/ca\/wp-json\/wp\/v2\/pages\/51219"}],"collection":[{"href":"https:\/\/www.fundacionnaturgy.org\/ca\/wp-json\/wp\/v2\/pages"}],"about":[{"href":"https:\/\/www.fundacionnaturgy.org\/ca\/wp-json\/wp\/v2\/types\/page"}],"author":[{"embeddable":true,"href":"https:\/\/www.fundacionnaturgy.org\/ca\/wp-json\/wp\/v2\/users\/1454"}],"replies":[{"embeddable":true,"href":"https:\/\/www.fundacionnaturgy.org\/ca\/wp-json\/wp\/v2\/comments?post=51219"}],"version-history":[{"count":0,"href":"https:\/\/www.fundacionnaturgy.org\/ca\/wp-json\/wp\/v2\/pages\/51219\/revisions"}],"up":[{"embeddable":true,"href":"https:\/\/www.fundacionnaturgy.org\/ca\/wp-json\/wp\/v2\/pages\/45311"}],"wp:attachment":[{"href":"https:\/\/www.fundacionnaturgy.org\/ca\/wp-json\/wp\/v2\/media?parent=51219"}],"wp:term":[{"taxonomy":"category","embeddable":true,"href":"https:\/\/www.fundacionnaturgy.org\/ca\/wp-json\/wp\/v2\/categories?post=51219"}],"curies":[{"name":"wp","href":"https:\/\/api.w.org\/{rel}","templated":true}]}}