{"id":51223,"date":"2018-11-12T17:24:26","date_gmt":"2018-11-12T16:24:26","guid":{"rendered":"https:\/\/www.fundacionnaturgy.org\/ca\/?page_id=51223"},"modified":"2018-12-11T12:42:04","modified_gmt":"2018-12-11T11:42:04","slug":"ventilador-de-gas","status":"publish","type":"page","link":"https:\/\/www.fundacionnaturgy.org\/ca\/educacio-divulgacio\/arxiu-i-patrimoni\/ventilador-de-gas\/","title":{"rendered":"Ventilador de gas"},"content":{"rendered":"<p>[vc_row][vc_column width=&#8221;1\/3&#8243;][vc_single_image image=&#8221;50543&#8243; img_size=&#8221;full&#8221;][\/vc_column][vc_column width=&#8221;2\/3&#8243;]<div class=\"gnf-texto-destacado\" style=\"background-color:#edf0f1;border-color:#004165;\"><h4 style=\"color:#004165\">Ventilador de gas<\/h4>Llaut\u00f3 cromat en daurat i ferro<br \/>\nAny Primer ter\u00e7 del s. XX<\/div>[vc_empty_space][vc_column_text]La pe\u00e7a que presentem aquest mes \u00e9s un model de ventilador que funciona amb gas.<\/p>\n<p>Aquest model no va arribar mai a ser comercialitzat, va ser presentat per un estudiant d&#8217;enginyeria a la companyia el primer ter\u00e7 del segle XX.<\/p>\n<p>L&#8217;origen d&#8217;aquest aparell ve dels egipcis i de l&#8217;antiga Gr\u00e8cia, quan eren objectes manuals anomenats \u201cflabellum\u201d i tenien forma de palmeta. M\u00e9s endavant, va apar\u00e8ixer el ventall, un bastidor amb tela gruixuda que es penjava del sostre i es movia mitjan\u00e7ant un sistema de cordes i politges i que ja utilitzaven els \u00e0rabs a comen\u00e7aments del segle VII.<\/p>\n<p>El ventilador similar i precursor del que coneixem actualment va apar\u00e8ixer el 1886 i \u00e9s un invent del nord-americ\u00e0 <a href=\"https:\/\/es.wikipedia.org\/w\/index.php?title=Schuyler_Skaats_Wheeler&amp;action=edit&amp;redlink=1\">Schuyler Skaats Wheeler<\/a>. Era petit i estava dissenyat per posar-lo damunt d&#8217;una taula. Gaireb\u00e9 simult\u00e0niament va apar\u00e8ixer a Alemanya una versi\u00f3 de sostre creada per l&#8217;enginyer Philip Diehl.[\/vc_column_text][\/vc_column][\/vc_row][vc_row][vc_column][vc_column_text]Como tots sabem, un ventilador \u00e9s una m\u00e0quina que transforma l&#8217;energia el\u00e8ctrica, o en aquest cas l&#8217;energia calor\u00edfica produ\u00efda per la combusti\u00f3 del gas, en un flux d&#8217;aire. En l&#8217;actualitat el ventilador es pot utilitzar per a moltes funcions, segons quina sigui la seva pot\u00e8ncia i mida. En aquest cas, es tracta d&#8217;un ventilador dom\u00e8stic que serveix per moure l&#8217;aire de l&#8217;atmosfera i proporcionar-nos aire fred en mesos com aquest, en qu\u00e8 fa molta calor.<\/p>\n<p>Actualment, aquest ventilador forma part de la col\u00b7lecci\u00f3 del Museu del Gas de la Fundaci\u00f3 Gas Natural Fenosa. Es va restaurar l&#8217;any 2014 perqu\u00e8 pogu\u00e9s ser utilitzat en diferents demostracions d&#8217;objectes que poden funcionar amb gas.<\/p>\n<p>Ha estat exposat ja en diferents ocasions a Madrid i Barcelona.<\/p>\n<p>El seu funcionament \u00e9s senzill, el gas entra per un injector del tipus venturi, encarregat de regular la flama i la mescla d&#8217;oxigen i gas per a una combusti\u00f3 correcta. Perqu\u00e8 la combusti\u00f3 sigui l&#8217;adequada la flama sempre ha de ser de color blau, si fos de color taronja ens indicaria que es genera di\u00f2xid de carboni i que no s&#8217;est\u00e0 fent una bona combusti\u00f3. Aquest sistema \u00e9s conegut com a Sterling i \u00e9s el mateix principi que s&#8217;utilitza amb les m\u00e0quines de vapor.<\/p>\n<p>La flama escalfa l&#8217;aire que hi ha a l&#8217;interior dels pistons, en expandir-se aquests fan que es mogui un arbre de lleves, que \u00e9s a la part superior de l&#8217;aparell. Les lleves s\u00f3n un element mec\u00e0nic que permet la transformaci\u00f3 d&#8217;un <a href=\"https:\/\/es.wikipedia.org\/wiki\/Movimiento_circular\">moviment circular<\/a> en un <a href=\"https:\/\/es.wikipedia.org\/wiki\/Movimiento_rectil%C3%ADneo\">moviment rectilini<\/a>. Aquestes, en posar-se en marxa, s\u00f3n les que mouen les aspes que provoquen el moviment de l&#8217;aire i generen un corrent d&#8217;aire.[\/vc_column_text][\/vc_column][\/vc_row]<\/p>\n","protected":false},"excerpt":{"rendered":"<p>[vc_row][vc_column width=&#8221;1\/3&#8243;][vc_single_image image=&#8221;50543&#8243; img_size=&#8221;full&#8221;][\/vc_column][vc_column width=&#8221;2\/3&#8243;][vc_empty_space][vc_column_text]La pe\u00e7a que presentem aquest mes \u00e9s un model de ventilador que funciona amb gas. Aquest model no va arribar mai a ser comercialitzat, va ser<span class=\"more-link\"><a href=\"https:\/\/www.fundacionnaturgy.org\/ca\/educacio-divulgacio\/arxiu-i-patrimoni\/ventilador-de-gas\/\">Llegir m\u00e9s<\/a><\/span><\/p>\n","protected":false},"author":1454,"featured_media":0,"parent":45311,"menu_order":0,"comment_status":"closed","ping_status":"closed","template":"templates\/full-width.php","meta":{"inline_featured_image":false},"categories":[],"acf":[],"_links":{"self":[{"href":"https:\/\/www.fundacionnaturgy.org\/ca\/wp-json\/wp\/v2\/pages\/51223"}],"collection":[{"href":"https:\/\/www.fundacionnaturgy.org\/ca\/wp-json\/wp\/v2\/pages"}],"about":[{"href":"https:\/\/www.fundacionnaturgy.org\/ca\/wp-json\/wp\/v2\/types\/page"}],"author":[{"embeddable":true,"href":"https:\/\/www.fundacionnaturgy.org\/ca\/wp-json\/wp\/v2\/users\/1454"}],"replies":[{"embeddable":true,"href":"https:\/\/www.fundacionnaturgy.org\/ca\/wp-json\/wp\/v2\/comments?post=51223"}],"version-history":[{"count":0,"href":"https:\/\/www.fundacionnaturgy.org\/ca\/wp-json\/wp\/v2\/pages\/51223\/revisions"}],"up":[{"embeddable":true,"href":"https:\/\/www.fundacionnaturgy.org\/ca\/wp-json\/wp\/v2\/pages\/45311"}],"wp:attachment":[{"href":"https:\/\/www.fundacionnaturgy.org\/ca\/wp-json\/wp\/v2\/media?parent=51223"}],"wp:term":[{"taxonomy":"category","embeddable":true,"href":"https:\/\/www.fundacionnaturgy.org\/ca\/wp-json\/wp\/v2\/categories?post=51223"}],"curies":[{"name":"wp","href":"https:\/\/api.w.org\/{rel}","templated":true}]}}