{"id":51226,"date":"2018-11-12T17:37:50","date_gmt":"2018-11-12T16:37:50","guid":{"rendered":"https:\/\/www.fundacionnaturgy.org\/ca\/?page_id=51226"},"modified":"2018-12-11T12:55:01","modified_gmt":"2018-12-11T11:55:01","slug":"llum-de-taula","status":"publish","type":"page","link":"https:\/\/www.fundacionnaturgy.org\/ca\/educacio-divulgacio\/arxiu-i-patrimoni\/llum-de-taula\/","title":{"rendered":"Llum de taula"},"content":{"rendered":"<p>[vc_row][vc_column width=&#8221;1\/2&#8243;][vc_single_image image=&#8221;50549&#8243; img_size=&#8221;full&#8221;][\/vc_column][vc_column width=&#8221;1\/2&#8243;]<div class=\"gnf-texto-destacado\" style=\"background-color:#edf0f1;border-color:#004165;\"><h4 style=\"color:#004165\"><\/h4>Vidre acolorit i llaut\u00f3<\/p>\n<p>Museu del Gas de la Fundaci\u00f3 Gas Natural Fenosa<\/p>\n<p>54 cm d&#8217;al\u00e7\u00e0ria<\/p>\n<p>Darreria del s. XIX<\/p>\n<p>LD.58 &#8211; MG 1171<\/div>[\/vc_column][\/vc_row][vc_row][vc_column][vc_column_text]Aquesta pe\u00e7a \u00e9s, sens dubte, una obra amb doble finalitat. Es tracta d&#8217;un <strong>llum de taula de gas<\/strong>, que a m\u00e9s de tenir la funci\u00f3 de fer llum \u00e9s una pe\u00e7a art\u00edstica excepcional que decora qualsevol ambient. Aquesta pe\u00e7a demostra que els llums es van convertir en veritables <strong>objectes de disseny, funcionals i alhora ornamentals<\/strong>. La pe\u00e7a \u00e9s singular pel seu disseny, i ha format part de l&#8217;exposici\u00f3 temporal &#8220;Publicitat per a una hist\u00f2ria. 170 anys de companyia&#8221; que es va poder veure a San Luis l&#8217;any 2013.<\/p>\n<p>L&#8217;inventor del sistema d&#8217;il\u00b7luminaci\u00f3 per gas va ser l&#8217;angl\u00e8s <strong>William Murdock<\/strong>, conegut per ser el pare\u00a0de la ind\u00fastria del gas, que el 1792 va idear el primer llum de gas.<\/p>\n<p>El llum consta de tres parts: una de superior en forma de bulb de vidre acolorit, blau ceruli, un mecanisme que encenia la flama i una base de llaut\u00f3 daurat, decorat amb l&#8217;escultura d&#8217;un nen que aguanta el conjunt superior.<\/p>\n<p>El mecanisme per encendre el llum consta de 5 parts:<\/p>\n<ol>\n<li>Un tub de connexi\u00f3 amb la instal\u00b7laci\u00f3 de gas de coure o de llaut\u00f3.<\/li>\n<li>Una petita obertura a la base del bulb que permetia l&#8217;entrada d&#8217;aire, per enriquir la combusti\u00f3.<\/li>\n<li>Una v\u00e0lvula reguladora d&#8217;entrada de gasos (gas i oxigen), encarregada de subministrar el gas i de regular la intensitat de la flama.<\/li>\n<li>El cremador.<\/li>\n<li>La vareta de suport amb la gasa impregnada de tori i \u00f2xid de ceri, tamb\u00e9 anomenada &#8220;maniguet Auer&#8221;.<\/li>\n<\/ol>\n<p>Aquest \u00faltim element, el <strong>maniguet Auer<\/strong>, \u00e9s una pe\u00e7a essencial per al funcionament del llum. Va ser inventat per Carl Auer von Welsbach (1885) i feia m\u00e9s eficient la llum. La gasa impregnada de tori i \u00f2xid de ceri es col\u00b7locava al voltant de la flama, i feia que la combusti\u00f3 d&#8217;aquests productes produ\u00eds incandesc\u00e8ncia, de manera que augmentava la intensitat lluminosa de la flama. El maniguet Auer va ser popularitzat en la llum de gas a la darreria del segle XIX i comen\u00e7ament del XX.<\/p>\n<figure id=\"attachment_4342\" aria-describedby=\"caption-attachment-4342\" style=\"width: 560px\" class=\"wp-caption aligncenter\"><img loading=\"lazy\" class=\"size-full wp-image-4342\" src=\"https:\/\/www.fundacionnaturgy.org\/museo\/wp-content\/uploads\/sites\/2\/2016\/05\/camiseta-auer.jpg\" alt=\"Imatges de diferents maniguets Auer. \" width=\"560\" height=\"197\" \/><figcaption id=\"caption-attachment-4342\" class=\"wp-caption-text\">Imatges de diferents maniguets Auer.<\/figcaption><\/figure>\n<p>El funcionament d&#8217;aquest tipus de llums era senzill. Per la part inferior del llum, a trav\u00e9s del tub de connexi\u00f3, arribava el gas fins a la v\u00e0lvula reguladora\u00a0i aquesta donava el pas del gas fins al maniguet. El cremador mantenia la sortida de gas i amb un llum\u00ed s&#8217;encenia la punta superior del maniguet perqu\u00e8 es produ\u00eds una ignici\u00f3 i comenc\u00e9s la combusti\u00f3. Inicialment, el maniguet agafava una tonalitat vermella i progressivament s&#8217;anava tornant blanc fins que arribava a la seva incandesc\u00e8ncia.<\/p>\n<p>La <strong>producci\u00f3 de llum a partir del gas<\/strong> va marcar un abans i un despr\u00e9s en la hist\u00f2ria de la societat.<\/p>\n<p>Una de les difer\u00e8ncies entre els llums de gas i els antics de carb\u00f3, oli o alcohol era que els nous llums de gas necessitaven un punt fix de connexi\u00f3 a la instal\u00b7laci\u00f3 de gas. Aquest fet va provocar que el mobiliari i la distribuci\u00f3 de moltes cases canvi\u00e9s, de manera que aquest tipus de llums va evolucionar i se&#8217;n van variar les tipologies, la qual cosa don\u00e0 lloc als llums d&#8217;exterior, de paret i de sostre.[\/vc_column_text][\/vc_column][\/vc_row]<\/p>\n","protected":false},"excerpt":{"rendered":"<p>[vc_row][vc_column width=&#8221;1\/2&#8243;][vc_single_image image=&#8221;50549&#8243; img_size=&#8221;full&#8221;][\/vc_column][vc_column width=&#8221;1\/2&#8243;][\/vc_column][\/vc_row][vc_row][vc_column][vc_column_text]Aquesta pe\u00e7a \u00e9s, sens dubte, una obra amb doble finalitat. Es tracta d&#8217;un llum de taula de gas, que a m\u00e9s de tenir la funci\u00f3 de<span class=\"more-link\"><a href=\"https:\/\/www.fundacionnaturgy.org\/ca\/educacio-divulgacio\/arxiu-i-patrimoni\/llum-de-taula\/\">Llegir m\u00e9s<\/a><\/span><\/p>\n","protected":false},"author":1454,"featured_media":0,"parent":45311,"menu_order":0,"comment_status":"closed","ping_status":"closed","template":"templates\/full-width.php","meta":{"inline_featured_image":false},"categories":[],"acf":[],"_links":{"self":[{"href":"https:\/\/www.fundacionnaturgy.org\/ca\/wp-json\/wp\/v2\/pages\/51226"}],"collection":[{"href":"https:\/\/www.fundacionnaturgy.org\/ca\/wp-json\/wp\/v2\/pages"}],"about":[{"href":"https:\/\/www.fundacionnaturgy.org\/ca\/wp-json\/wp\/v2\/types\/page"}],"author":[{"embeddable":true,"href":"https:\/\/www.fundacionnaturgy.org\/ca\/wp-json\/wp\/v2\/users\/1454"}],"replies":[{"embeddable":true,"href":"https:\/\/www.fundacionnaturgy.org\/ca\/wp-json\/wp\/v2\/comments?post=51226"}],"version-history":[{"count":0,"href":"https:\/\/www.fundacionnaturgy.org\/ca\/wp-json\/wp\/v2\/pages\/51226\/revisions"}],"up":[{"embeddable":true,"href":"https:\/\/www.fundacionnaturgy.org\/ca\/wp-json\/wp\/v2\/pages\/45311"}],"wp:attachment":[{"href":"https:\/\/www.fundacionnaturgy.org\/ca\/wp-json\/wp\/v2\/media?parent=51226"}],"wp:term":[{"taxonomy":"category","embeddable":true,"href":"https:\/\/www.fundacionnaturgy.org\/ca\/wp-json\/wp\/v2\/categories?post=51226"}],"curies":[{"name":"wp","href":"https:\/\/api.w.org\/{rel}","templated":true}]}}