{"id":51228,"date":"2018-11-12T17:44:55","date_gmt":"2018-11-12T16:44:55","guid":{"rendered":"https:\/\/www.fundacionnaturgy.org\/ca\/?page_id=51228"},"modified":"2018-12-11T12:18:32","modified_gmt":"2018-12-11T11:18:32","slug":"cafetera-industrial-bany-maria","status":"publish","type":"page","link":"https:\/\/www.fundacionnaturgy.org\/ca\/educacio-divulgacio\/arxiu-i-patrimoni\/cafetera-industrial-bany-maria\/","title":{"rendered":"Cafetera industrial, bany Maria"},"content":{"rendered":"<p>[vc_row][vc_column width=&#8221;1\/3&#8243;][vc_single_image image=&#8221;50553&#8243; img_size=&#8221;full&#8221;][\/vc_column][vc_column width=&#8221;2\/3&#8243;]<div class=\"gnf-texto-destacado\" style=\"background-color:#edf0f1;border-color:#004165;\"><h4 style=\"color:#004165\"><\/h4>Fabricat per Manufacturas Met\u00e1licas, SA<br \/>\nModel 7929.<br \/>\nCoure i llaut\u00f3<br \/>\nc. 1900<br \/>\nMuseu del Gas de la Fundaci\u00f3 Gas Natural Fenosa<br \/>\nMG 1738<\/div>[\/vc_column][\/vc_row][vc_row][vc_column][vc_column_text]La pe\u00e7a que presentem complia la funci\u00f3 de mantenir el caf\u00e8 ben calent. Es tracta d&#8217;un objecte que data dels volts de 1900, que hagu\u00e9ssim pogut trobar en una cafeteria d&#8217;estil dels 4 Gats de Par\u00eds o Barcelona. Aquest model, fabricat per Manufacturas Met\u00e1licas, S.A., permetia mantenir calent el l\u00edquid que contenia, que s&#8217;obtenia a trav\u00e9s de les diverses aixetes que t\u00e9. Caf\u00e8, llet o aigua es mantenien calents gr\u00e0cies a la flama continuada que oferia el gas, que s&#8217;introdu\u00efa en l&#8217;aparell a trav\u00e9s de dues claus de pas que hi ha a la part inferior de l&#8217;aparell. Aquestes dues aixetes permetien augmentar o disminuir la temperatura del l\u00edquid que es mesurava a trav\u00e9s del term\u00f2metre que hi havia just al centre de l&#8217;aparell.<\/p>\n<p>A simple vista el disseny sembla senzill, per\u00f2 presenta diversos elements molt singulars. D&#8217;una banda, l&#8217;aparell est\u00e0 coronat per una \u00e0guila amb les ales obertes. El seu cos s&#8217;utilitzava com a nansa del cos superior i alhora s&#8217;obria per abocar el l\u00edquid que hi havia a l&#8217;interior. D&#8217;altra banda, el cos central l&#8217;ocupa l&#8217;escut del fabricant, que amb el seu nom envolta dues figures embolicades amb roba que apareixen tocant una mena d&#8217;instrument de vent. Aquestes figures s&#8217;agafen de la m\u00e0, cosa que simbolitza la uni\u00f3 de les dues ciutats on l&#8217;empresa fabricava, en aquest cas Barcelona i Madrid.[\/vc_column_text][\/vc_column][\/vc_row]<\/p>\n","protected":false},"excerpt":{"rendered":"<p>[vc_row][vc_column width=&#8221;1\/3&#8243;][vc_single_image image=&#8221;50553&#8243; img_size=&#8221;full&#8221;][\/vc_column][vc_column width=&#8221;2\/3&#8243;][\/vc_column][\/vc_row][vc_row][vc_column][vc_column_text]La pe\u00e7a que presentem complia la funci\u00f3 de mantenir el caf\u00e8 ben calent. Es tracta d&#8217;un objecte que data dels volts de 1900, que hagu\u00e9ssim pogut<span class=\"more-link\"><a href=\"https:\/\/www.fundacionnaturgy.org\/ca\/educacio-divulgacio\/arxiu-i-patrimoni\/cafetera-industrial-bany-maria\/\">Llegir m\u00e9s<\/a><\/span><\/p>\n","protected":false},"author":1454,"featured_media":0,"parent":45311,"menu_order":0,"comment_status":"closed","ping_status":"closed","template":"templates\/full-width.php","meta":{"inline_featured_image":false},"categories":[],"acf":[],"_links":{"self":[{"href":"https:\/\/www.fundacionnaturgy.org\/ca\/wp-json\/wp\/v2\/pages\/51228"}],"collection":[{"href":"https:\/\/www.fundacionnaturgy.org\/ca\/wp-json\/wp\/v2\/pages"}],"about":[{"href":"https:\/\/www.fundacionnaturgy.org\/ca\/wp-json\/wp\/v2\/types\/page"}],"author":[{"embeddable":true,"href":"https:\/\/www.fundacionnaturgy.org\/ca\/wp-json\/wp\/v2\/users\/1454"}],"replies":[{"embeddable":true,"href":"https:\/\/www.fundacionnaturgy.org\/ca\/wp-json\/wp\/v2\/comments?post=51228"}],"version-history":[{"count":0,"href":"https:\/\/www.fundacionnaturgy.org\/ca\/wp-json\/wp\/v2\/pages\/51228\/revisions"}],"up":[{"embeddable":true,"href":"https:\/\/www.fundacionnaturgy.org\/ca\/wp-json\/wp\/v2\/pages\/45311"}],"wp:attachment":[{"href":"https:\/\/www.fundacionnaturgy.org\/ca\/wp-json\/wp\/v2\/media?parent=51228"}],"wp:term":[{"taxonomy":"category","embeddable":true,"href":"https:\/\/www.fundacionnaturgy.org\/ca\/wp-json\/wp\/v2\/categories?post=51228"}],"curies":[{"name":"wp","href":"https:\/\/api.w.org\/{rel}","templated":true}]}}