{"id":51259,"date":"2018-11-06T19:37:47","date_gmt":"2018-11-06T18:37:47","guid":{"rendered":"https:\/\/www.fundacionnaturgy.org\/ca\/?page_id=51259"},"modified":"2018-12-14T13:51:37","modified_gmt":"2018-12-14T12:51:37","slug":"exposicio-itinerant-energia-el-vendrell","status":"publish","type":"page","link":"https:\/\/www.fundacionnaturgy.org\/ca\/educacio-divulgacio\/experiencies-itinerants\/exposicions-itinerants\/exposicio-itinerant-energia-el-vendrell\/","title":{"rendered":"Exposici\u00f3 itinerant &#8220;Energia&#8221;, El Vendrell"},"content":{"rendered":"<p>[vc_row][vc_column width=&#8221;2\/3&#8243;][vc_single_image image=&#8221;50909&#8243; img_size=&#8221;full&#8221;][\/vc_column][vc_column width=&#8221;1\/3&#8243;]<div class=\"gnf-texto-destacado\" style=\"background-color:#edf0f1;border-color:#004165;\"><h4 style=\"color:#004165\">Ubicaci\u00f3<\/h4>Centre C\u00edvic L&#8217;Estaci\u00f3 del Vendrell<br \/>\nAvinguda de Jaume Carner, 1<br \/>\n43700 El Vendrell<br \/>\nTarragona<\/div>[\/vc_column][\/vc_row][vc_row][vc_column][vc_column_text]<\/p>\n<h2>27\/04\/2016 &#8211; 17\/06\/2016 &#8211; El Vendrell, Tarragona<\/h2>\n<p>Del 27 d&#8217;abril al 17 de juny de 2016, el <strong>Museu del Gas de la Fundaci\u00f3 Gas Natural Fenosa<\/strong> presenta una exposici\u00f3 al <strong>Centre C\u00edvic L&#8217;Estaci\u00f3 del Vendrell (Tarragona)<\/strong>. La mostra, titulada &#8220;<strong>Energ\u00eda<em>&#8220;<\/em><\/strong>, revela el paper protagonista de l&#8217;energia en el progr\u00e9s de la societat, aix\u00ed com una reflexi\u00f3 sobre el futur energ\u00e8tic i les eines disponibles per emprendre&#8217;l de manera responsable.<\/p>\n<p>L&#8217;exposici\u00f3 proposa un recorregut per l&#8217;evoluci\u00f3 de les <strong>ind\u00fastries del gas i de l&#8217;electricitat<\/strong> al llarg dels segles XIX i XX, a trav\u00e9s dels canvis socials que va provocar l&#8217;aplicaci\u00f3 de les noves tecnologies i els nous invents. L&#8217;exposici\u00f3 presenta tamb\u00e9 una reflexi\u00f3 sobre <strong>el present i el futur de les energies<\/strong> i alhora, consciencia sobre la import\u00e0ncia de fer un \u00fas eficient dels recursos disponibles per obtenir energia de manera continuada, econ\u00f2mica i amb un impacte ambiental baix.<\/p>\n<p>Aix\u00ed mateix, es planteja el tema de com abordar el <strong>futur de l&#8217;energia<\/strong>, con\u00e8ixer les caracter\u00edstiques m\u00e9s destacades de cada una de les energies que consumim actualment i oferir una visi\u00f3 global que permeti a cada visitant fer la seva pr\u00f2pia reflexi\u00f3, sempre partint de la base que la sostenibilitat, l&#8217;efici\u00e8ncia i el medi ambient s\u00f3n aspectes clau per al futur energ\u00e8tic.<\/p>\n<p>&nbsp;<\/p>\n<h3>Informaci\u00f3 general i programaci\u00f3 complement\u00e0ria<\/h3>\n<p>Entrada gratu\u00efta.<br \/>\nDe dilluns a divendres, de 9.00 a 14.00 h i de 15.00 a 22.00 h.<br \/>\nVisita inaugural: dimecres, 27 d&#8217;abril de 2016, a les 19.00 h[\/vc_column_text][\/vc_column][\/vc_row]<\/p>\n","protected":false},"excerpt":{"rendered":"<p>[vc_row][vc_column width=&#8221;2\/3&#8243;][vc_single_image image=&#8221;50909&#8243; img_size=&#8221;full&#8221;][\/vc_column][vc_column width=&#8221;1\/3&#8243;][\/vc_column][\/vc_row][vc_row][vc_column][vc_column_text] 27\/04\/2016 &#8211; 17\/06\/2016 &#8211; El Vendrell, Tarragona Del 27 d&#8217;abril al 17 de juny de 2016, el Museu del Gas de la Fundaci\u00f3 Gas Natural<span class=\"more-link\"><a href=\"https:\/\/www.fundacionnaturgy.org\/ca\/educacio-divulgacio\/experiencies-itinerants\/exposicions-itinerants\/exposicio-itinerant-energia-el-vendrell\/\">Llegir m\u00e9s<\/a><\/span><\/p>\n","protected":false},"author":1454,"featured_media":0,"parent":45319,"menu_order":0,"comment_status":"closed","ping_status":"closed","template":"templates\/full-width.php","meta":{"inline_featured_image":false},"categories":[],"acf":[],"_links":{"self":[{"href":"https:\/\/www.fundacionnaturgy.org\/ca\/wp-json\/wp\/v2\/pages\/51259"}],"collection":[{"href":"https:\/\/www.fundacionnaturgy.org\/ca\/wp-json\/wp\/v2\/pages"}],"about":[{"href":"https:\/\/www.fundacionnaturgy.org\/ca\/wp-json\/wp\/v2\/types\/page"}],"author":[{"embeddable":true,"href":"https:\/\/www.fundacionnaturgy.org\/ca\/wp-json\/wp\/v2\/users\/1454"}],"replies":[{"embeddable":true,"href":"https:\/\/www.fundacionnaturgy.org\/ca\/wp-json\/wp\/v2\/comments?post=51259"}],"version-history":[{"count":0,"href":"https:\/\/www.fundacionnaturgy.org\/ca\/wp-json\/wp\/v2\/pages\/51259\/revisions"}],"up":[{"embeddable":true,"href":"https:\/\/www.fundacionnaturgy.org\/ca\/wp-json\/wp\/v2\/pages\/45319"}],"wp:attachment":[{"href":"https:\/\/www.fundacionnaturgy.org\/ca\/wp-json\/wp\/v2\/media?parent=51259"}],"wp:term":[{"taxonomy":"category","embeddable":true,"href":"https:\/\/www.fundacionnaturgy.org\/ca\/wp-json\/wp\/v2\/categories?post=51259"}],"curies":[{"name":"wp","href":"https:\/\/api.w.org\/{rel}","templated":true}]}}