{"id":51276,"date":"2018-11-06T19:16:00","date_gmt":"2018-11-06T18:16:00","guid":{"rendered":"https:\/\/www.fundacionnaturgy.org\/ca\/?page_id=51276"},"modified":"2019-06-27T16:38:41","modified_gmt":"2019-06-27T14:38:41","slug":"hi-jugues-pensem-energia","status":"publish","type":"page","link":"https:\/\/www.fundacionnaturgy.org\/ca\/educacio-divulgacio\/experiencies-itinerants\/exposicions-itinerants\/hi-jugues-pensem-energia\/","title":{"rendered":"Hi jugues? Pensem en energia!"},"content":{"rendered":"<p>[vc_row][vc_column width=&#8221;2\/3&#8243;][vc_images_carousel images=&#8221;50355,50227,50346,43005&#8243; img_size=&#8221;650&#215;350&#8243; onclick=&#8221;link_no&#8221; speed=&#8221;3000&#8243; autoplay=&#8221;yes&#8221;][\/vc_column][vc_column width=&#8221;1\/3&#8243;]<div class=\"gnf-texto-destacado\" style=\"background-color:#edf0f1;border-color:#004165;\"><h4 style=\"color:#004165\"><\/h4>Experiments, ci\u00e8ncia, gas i electricitat en directe; coneixem els principis de la f\u00edsica en aquestes dues mat\u00e8ries que tant han fet evolucionar la nostra societat?<\/div>[\/vc_column][\/vc_row][vc_row][vc_column][vc_column_text]La Fundaci\u00f3\u00a0Naturgy\u00a0presenta\u00a0<strong>\u201cHi jugues? Pensem en energia!\u201d<\/strong><\/p>\n<p>Una exposici\u00f3 interactiva, en la qual es descobriran els secrets del gas i de l\u2019electricitat com a font d\u2019energia, a trav\u00e9s d\u2019un espai manipulatiu amb experiments did\u00e0ctics i divertits desenvolupats pel nostre equip de formadors i el divulgador cient\u00edfic Dani Jim\u00e9nez.<\/p>\n<p>L\u2019exposici\u00f3 es divideix en dos \u00e0mbits: el de l\u2019electricitat i el del gas. Activeu tots els sentits i atreviu-vos a viure la naturalesa, la creaci\u00f3 i la distribuci\u00f3 d\u2019aquestes energies tan necess\u00e0ries per al nostre dia a dia. Coneixem b\u00e9 l\u2019energia que ens envolta? Com som capa\u00e7os, els \u00e9ssers humans, de produir energia? Com es creava l\u2019energia en el passat, sense la tecnologia dels nostres dies? Quines eines s\u2019utilitzen avui per produir energia i perqu\u00e8 aquesta arribi a les cases? Quin \u00e9s el cost econ\u00f2mic que t\u00e9 l\u2019energia i quins h\u00e0bits d\u2019efici\u00e8ncia fa falta que tinguem per no malgastar-la?<\/p>\n<h4>El\u00e8ctricament sorpresos<\/h4>\n<p>L\u2019electricitat \u00e9s una forma d\u2019energia tan vers\u00e0til que s\u2019utilitza en un gran nombre d\u2019aplicacions. Quan la utilitzem\u00a0no som conscients de l\u2019esfor\u00e7 tecnol\u00f2gic que hi ha darrere, ni d\u2019on prov\u00e9 ni com ha estat generada.<\/p>\n<p>Els experiments d\u2019aquest \u00e0mbit faran que els visitants resolguin diferents enigmes sobre la generaci\u00f3 i la conducci\u00f3 de l\u2019electricitat, l\u2019energia el\u00e8ctrica que es perd i com \u00e9s possible emmagatzemar-la.<\/p>\n<h4>Gasosament atents<\/h4>\n<p>De manera silenciosa, el gas natural ha transformat les nostres vides, i des del seu descobriment fortu\u00eft s\u2019ha aprofitat per treure-li el m\u00e0xim rendiment energ\u00e8tic. Les aplicacions dom\u00e8stiques del gas van aportar comoditat i confort a les cases del segle passat. En l\u2019actualitat \u00e9s una de les energies a l\u2019al\u00e7a, ja que les seves previsions d\u2019esgotament s\u2019han ampliat considerablement i representa el 25\u00a0% del consum de l\u2019energia a escala mundial. A trav\u00e9s dels diferents experiments s\u2019aprofundeix en aquests continguts.<\/p>\n<h4>Et comuniques gr\u00e0cies a l\u2019energia<\/h4>\n<p>Un m\u00f2dul dedicat al so, en el qual els visitants descobriran que parlar i escoltar no seria possible sense l\u2019energia en forma d\u2019ones sonores. Aquestes ones mec\u00e0niques que comprimeixen l\u2019aire com un acordi\u00f3 s\u00f3n la tortuga de les comunicacions. Primer gr\u00e0cies al tel\u00e8graf, despr\u00e9s al tel\u00e8fon i ara a trav\u00e9s d\u2019internet podem compartir informaci\u00f3 de manera gaireb\u00e9 instant\u00e0nia transformant-la en senyals el\u00e8ctrics. D\u2019aquesta manera aconseguim que la informaci\u00f3 viatgi gaireb\u00e9 un mili\u00f3 de vegades m\u00e9s r\u00e0pid que el so.<\/p>\n<h4>Energia per viure<\/h4>\n<p>Amb una cambra t\u00e8rmica es podr\u00e0 veure la radiaci\u00f3 infraroja que despr\u00e8n el cos i comprovar que som una m\u00e0quina t\u00e8rmica en funcionament. A difer\u00e8ncia dels insectes o dels r\u00e8ptils, els mam\u00edfers som animals homeoterms i, per tant, tenim sempre una temperatura estable al nostre cos. D\u2019aquesta manera la qu\u00edmica del nostre organisme funciona millor per\u00f2 fa falta donar energia constantment perqu\u00e8 la m\u00e0quina no es pari. Dels macarrons, les pomes, peres, bistecs, amanides o un tros de pa el nostre organisme n\u2019extreu les calories i les transforma en energia per viure. Sense l\u2019energia la vida no seria possible.<\/p>\n<h4>El miracle de la luminesc\u00e8ncia<\/h4>\n<p>Aquest espai est\u00e0 dissenyat perqu\u00e8 els visitants dibuixin utilitzant la llum d\u2019una llanterna. Aquesta actua com un pinzell i la paret com una tela on el p\u00fablic donar\u00e0 vida a la seva obra ef\u00edmera. \u00c9s el fenomen de la fosforesc\u00e8ncia i s\u2019origina gr\u00e0cies al fet que determinades subst\u00e0ncies tenen la propietat d\u2019absorbir l\u2019energia i emmagatzemar-la, per a despr\u00e9s emetre-la en forma de llum.[\/vc_column_text][\/vc_column][\/vc_row][vc_row][vc_column][vc_separator border_width=&#8221;3&#8243;][\/vc_column][\/vc_row][vc_row][vc_column]<div class=\"gnf-acordeon\"><h3><\/h3><ul class=\"accordion\" data-accordion><li class=\"accordion-navigation\"><a href=\"#panellexposicio-en-xifres\">L'exposici\u00f3, en xifres<\/a><div class=\"content active\" id=\"panellexposicio-en-xifres\">[vc_row_inner][vc_column_inner width=&#8221;2\/3&#8243;][vc_single_image image=&#8221;61276&#8243; img_size=&#8221;full&#8221;][\/vc_column_inner][vc_column_inner width=&#8221;1\/3&#8243;][vc_column_text]<\/p>\n<h4 style=\"text-align: center;\"><a href=\"https:\/\/www.fundacionnaturgy.org\/wp-content\/uploads\/2018\/07\/chincheta.jpg\"><img loading=\"lazy\" class=\"wp-image-43057 aligncenter\" src=\"https:\/\/www.fundacionnaturgy.org\/wp-content\/uploads\/2018\/07\/chincheta.jpg\" alt=\"icono-chincheta-itinerancia\" width=\"65\" height=\"66\" \/><\/a><strong><span style=\"color: #004162;\"><br \/>\n5\u00a0itiner\u00e0ncies<\/span><\/strong><\/h4>\n<p>[\/vc_column_text][vc_column_text]<\/p>\n<h4 style=\"text-align: center;\"><a href=\"https:\/\/www.fundacionnaturgy.org\/wp-content\/uploads\/2018\/06\/ubicacion-naturgy-copia.jpg\"><img loading=\"lazy\" class=\"alignnone wp-image-43055 aligncenter\" src=\"https:\/\/www.fundacionnaturgy.org\/wp-content\/uploads\/2018\/06\/ubicacion-naturgy-copia.jpg\" alt=\"icono-ubicacion\" width=\"65\" height=\"66\" \/><\/a><strong><span style=\"color: #004162;\"><br \/>\n4 CCAA<\/span><\/strong><\/h4>\n<p>[\/vc_column_text][vc_column_text]<\/p>\n<h4 style=\"text-align: center;\"><a href=\"https:\/\/www.fundacionnaturgy.org\/wp-content\/uploads\/2018\/06\/personas-naturgy.jpg\"><img loading=\"lazy\" class=\"alignnone wp-image-42683 aligncenter\" src=\"https:\/\/www.fundacionnaturgy.org\/wp-content\/uploads\/2018\/06\/personas-naturgy.jpg\" alt=\"logo-personas-tercer-sector-colaboracion\" width=\"65\" height=\"66\" \/><br \/>\n<\/a><strong><span style=\"color: #004162;\">35.923\u00a0visitants<\/span><\/strong><\/h4>\n<p>[\/vc_column_text][\/vc_column_inner][\/vc_row_inner]<\/div><\/li><li class=\"accordion-navigation\"><a href=\"#panelexposicions-realitzades\">Exposicions realitzades<\/a><div class=\"content\" id=\"panelexposicions-realitzades\">[vc_row_inner][vc_column_inner width=&#8221;1\/2&#8243;][vc_column_text]<\/p>\n<h5 class=\"vc_custom_heading vc_custom_1453453572096\">Museu\u00a0Miner\u00eda\u00a0de Fontao, Vila de Cruces<br \/>\n20\/07\/2018 \u2013 24\/03\/2019<\/h5>\n<p>[\/vc_column_text][vc_single_image image=&#8221;60460&#8243; img_size=&#8221;574&#215;250&#8243;]<a class=\"gnf-boton oscuro left\" href=\"http:\/\/www.fundacionnaturgy.org\/ca\/hi-jugues-pensem-en-energia-museu-de-la-mineria-de-fontao-vila-de-cruces\/\" title=\"\" target=\"_self\">Accedir<\/a>[\/vc_column_inner][vc_column_inner width=&#8221;1\/2&#8243;][vc_column_text]<\/p>\n<h5 class=\"vc_custom_heading vc_custom_1453453572096\">MUNCYT,\u00a0A Coru\u00f1a<br \/>\n28\/11\/2017 \u2013 15\/07\/2018<\/h5>\n<p>[\/vc_column_text][vc_single_image image=&#8221;50946&#8243; img_size=&#8221;574&#215;250&#8243;]<a class=\"gnf-boton oscuro left\" href=\"http:\/\/www.fundacionnaturgy.org\/ca\/divulgacio\/experiencies-itinerants\/exposicions-itinerants\/hi-jugues-pensem-en-energia-muncyt-a-corunya\/\" title=\"\" target=\"_self\">Accedir<\/a>[\/vc_column_inner][\/vc_row_inner][vc_empty_space][vc_row_inner][vc_column_inner width=&#8221;1\/2&#8243;][vc_column_text]<\/p>\n<h5 class=\"vc_custom_heading vc_custom_1453453572096\">La\u00a0Casa de les\u00a0Ci\u00e8ncies,\u00a0Logro\u00f1o<br \/>\n11\/07\/2017 \u2013 01\/11\/2017<\/h5>\n<p>[\/vc_column_text][vc_single_image image=&#8221;50948&#8243; img_size=&#8221;574&#215;250&#8243;]<a class=\"gnf-boton oscuro left\" href=\"http:\/\/www.fundacionnaturgy.org\/ca\/divulgacio\/experiencies-itinerants\/exposicions-itinerants\/jugues-pensem-en-energia-casa-de-las-ciencias-logronyo\/\" title=\"\" target=\"_self\">Accedir<\/a>[\/vc_column_inner][vc_column_inner width=&#8221;1\/2&#8243;][vc_column_text]<\/p>\n<h5 class=\"vc_custom_heading vc_custom_1453453572096\">Museu de l&#8217;Energia,\u00a0Ponferrada<br \/>\n10\/02\/2017 \u2013 02\/07\/2017<\/h5>\n<p>[\/vc_column_text][vc_single_image image=&#8221;50950&#8243; img_size=&#8221;574&#215;250&#8243;]<a class=\"gnf-boton oscuro left\" href=\"http:\/\/www.fundacionnaturgy.org\/ca\/divulgacio\/experiencies-itinerants\/exposicions-itinerants\/exposicio-itinerant-hi-jugues-al-museu-lenergia-ponferrada\/\" title=\"\" target=\"_self\">Accedir<\/a>[\/vc_column_inner][\/vc_row_inner][vc_empty_space][vc_row_inner][vc_column_inner width=&#8221;1\/2&#8243;][vc_column_text]<\/p>\n<h5 class=\"vc_custom_heading vc_custom_1453453572096\">Museu\u00a0del\u00a0Gas,\u00a0Sabadell<br \/>\n17\/06\/2015 \u2013 28\/05\/2016<\/h5>\n<p>[\/vc_column_text][vc_single_image image=&#8221;32883&#8243; img_size=&#8221;574&#215;250&#8243;]<a class=\"gnf-boton oscuro left\" href=\"http:\/\/www.fundacionnaturgy.org\/ca\/divulgacio\/experiencies-itinerants\/exposicions-itinerants\/hi-jugues-pensem-en-energia-2\/\" title=\"\" target=\"_self\">Accedir<\/a>[\/vc_column_inner][vc_column_inner width=&#8221;1\/2&#8243;][\/vc_column_inner][\/vc_row_inner]<\/div><\/li><\/ul><\/div>[\/vc_column][\/vc_row]<\/p>\n","protected":false},"excerpt":{"rendered":"<p>[vc_row][vc_column width=&#8221;2\/3&#8243;][vc_images_carousel images=&#8221;50355,50227,50346,43005&#8243; img_size=&#8221;650&#215;350&#8243; onclick=&#8221;link_no&#8221; speed=&#8221;3000&#8243; autoplay=&#8221;yes&#8221;][\/vc_column][vc_column width=&#8221;1\/3&#8243;][\/vc_column][\/vc_row][vc_row][vc_column][vc_column_text]La Fundaci\u00f3\u00a0Naturgy\u00a0presenta\u00a0\u201cHi jugues? Pensem en energia!\u201d Una exposici\u00f3 interactiva, en la qual es descobriran els secrets del gas i de l\u2019electricitat com a<span class=\"more-link\"><a href=\"https:\/\/www.fundacionnaturgy.org\/ca\/educacio-divulgacio\/experiencies-itinerants\/exposicions-itinerants\/hi-jugues-pensem-energia\/\">Llegir m\u00e9s<\/a><\/span><\/p>\n","protected":false},"author":1454,"featured_media":0,"parent":45319,"menu_order":0,"comment_status":"closed","ping_status":"closed","template":"templates\/full-width.php","meta":{"inline_featured_image":false},"categories":[],"acf":[],"_links":{"self":[{"href":"https:\/\/www.fundacionnaturgy.org\/ca\/wp-json\/wp\/v2\/pages\/51276"}],"collection":[{"href":"https:\/\/www.fundacionnaturgy.org\/ca\/wp-json\/wp\/v2\/pages"}],"about":[{"href":"https:\/\/www.fundacionnaturgy.org\/ca\/wp-json\/wp\/v2\/types\/page"}],"author":[{"embeddable":true,"href":"https:\/\/www.fundacionnaturgy.org\/ca\/wp-json\/wp\/v2\/users\/1454"}],"replies":[{"embeddable":true,"href":"https:\/\/www.fundacionnaturgy.org\/ca\/wp-json\/wp\/v2\/comments?post=51276"}],"version-history":[{"count":0,"href":"https:\/\/www.fundacionnaturgy.org\/ca\/wp-json\/wp\/v2\/pages\/51276\/revisions"}],"up":[{"embeddable":true,"href":"https:\/\/www.fundacionnaturgy.org\/ca\/wp-json\/wp\/v2\/pages\/45319"}],"wp:attachment":[{"href":"https:\/\/www.fundacionnaturgy.org\/ca\/wp-json\/wp\/v2\/media?parent=51276"}],"wp:term":[{"taxonomy":"category","embeddable":true,"href":"https:\/\/www.fundacionnaturgy.org\/ca\/wp-json\/wp\/v2\/categories?post=51276"}],"curies":[{"name":"wp","href":"https:\/\/api.w.org\/{rel}","templated":true}]}}