{"id":52120,"date":"2018-11-14T17:06:36","date_gmt":"2018-11-14T16:06:36","guid":{"rendered":"https:\/\/www.fundacionnaturgy.org\/ca\/educacio-i-divulgacio\/experiencies-itinerants\/exposicions-itinerants\/la-qualitat-de-laire\/"},"modified":"2019-12-16T10:46:04","modified_gmt":"2019-12-16T09:46:04","slug":"la-qualitat-de-laire","status":"publish","type":"page","link":"https:\/\/www.fundacionnaturgy.org\/ca\/educacio-divulgacio\/experiencies-itinerants\/exposicions-itinerants\/la-qualitat-de-laire\/","title":{"rendered":"La qualitat de l&#8217;aire. Un repte actual"},"content":{"rendered":"<p>[vc_row][vc_column width=&#8221;2\/3&#8243;][vc_images_carousel images=&#8221;62941,48431,48435&#8243; img_size=&#8221;full&#8221; onclick=&#8221;link_no&#8221; autoplay=&#8221;yes&#8221; wrap=&#8221;yes&#8221;][\/vc_column][vc_column width=&#8221;1\/3&#8243;]<div class=\"gnf-texto-destacado\" style=\"background-color:#edf0f1;border-color:#004165;\"><h4 style=\"color:#004165\"><\/h4>Descobreix\u00a0una exposici\u00f3 sobre la contaminaci\u00f3 atmosf\u00e8rica i com afecta la salut de les persones i del medi ambient.<\/div>[\/vc_column][\/vc_row][vc_row][vc_column][vc_column_text]L\u2019exposici\u00f3\u00a0\u201cLa qualitat de l\u2019aire. Un repte actual\u201d, produ\u00efda per la Fundaci\u00f3 Naturgy amb l\u2019objectiu de contribuir al desenvolupament educatiu, ambiental i cultural de la societat, mostra com el fenomen de la\u00a0<strong>contaminaci\u00f3 atmosf\u00e8rica \u00e9s un factor clau que determina la salut de les persones i del medi ambient<\/strong>. La implementaci\u00f3 de diferents iniciatives, per part d\u2019administracions, empreses privades i ciutadania, ser\u00e0 un repte imprescindible per complir els nivells que marca l\u2019Organitzaci\u00f3 Mundial de la Salut per millorar la qualitat de l\u2019aire del nostre entorn. En aquest context, entre altres mesures, l\u2019\u00fas responsable de l\u2019energia i, en concret, del gas natural com a combustible net, ser\u00e0 un factor determinant per reduir les emissions i procurar la millora de la qualitat de l\u2019aire. La mostra, comissariada pel professor expert en contaminaci\u00f3 atmosf\u00e8rica, Dr.\u00a0<strong>Xavier Querol<\/strong>, ofereix les eines per con\u00e8ixer i interpretar els factors clau que determinen la qualitat de l\u2019aire a trav\u00e9s de quatre \u00e0mbits: la descripci\u00f3 del fenomen, les causes que el provoquen, els efectes que produeix i les solucions per abordar-lo. L\u2019exposici\u00f3, presentada en castell\u00e0, despr\u00e9s de passar per Barcelona, iniciar\u00e0 una itiner\u00e0ncia pel territori i efectuar\u00e0 la pr\u00f2xima parada a Guadalajara.<\/p>\n<h4>Una proposta\u00a0did\u00e0ctica\u00a0sobre la qualitat de l\u2019aire a les ciutats<\/h4>\n<p>L\u2019exposici\u00f3\u00a0\u201cLa qualitat de l\u2019aire. Un repte actual\u201d es\u00a0<strong>complementa amb un programa\u00a0educatiu\u00a0gratu\u00eft dissenyat per a alumnes d\u2019educaci\u00f3 secund\u00e0ria obligat\u00f2ria, batxillerat i cicles formatius<\/strong>. La proposta did\u00e0ctica inclou una visita i una activitat que permetr\u00e0 als\u00a0participants\u00a0con\u00e8ixer el fenomen i convertir-se en agent actiu per contribuir a aportar solucions al repte mediambiental. El programa\u00a0did\u00e0ctic de l\u2019exposici\u00f3, condu\u00eft per un formador\u00a0especialitzat, representa una oportunitat per familiaritzar-se amb continguts curriculars t\u00e8cnics, d\u2019una manera pedag\u00f2gicament innovadora.[\/vc_column_text][\/vc_column][\/vc_row][vc_row][vc_column][vc_separator border_width=&#8221;3&#8243;][\/vc_column][\/vc_row][vc_row][vc_column]<div class=\"gnf-acordeon\"><h3><\/h3><ul class=\"accordion\" data-accordion><li class=\"accordion-navigation\"><a href=\"#panellexposicio-en-xifres\">L'exposici\u00f3, en xifres<\/a><div class=\"content active\" id=\"panellexposicio-en-xifres\">[vc_row_inner][vc_column_inner width=&#8221;2\/3&#8243;][vc_single_image image=&#8221;61797&#8243; img_size=&#8221;full&#8221;][\/vc_column_inner][vc_column_inner width=&#8221;1\/3&#8243;][vc_column_text]<\/p>\n<h4 style=\"text-align: center;\"><a href=\"https:\/\/www.fundacionnaturgy.org\/wp-content\/uploads\/2018\/07\/chincheta.jpg\"><img loading=\"lazy\" class=\"wp-image-43057 aligncenter\" src=\"https:\/\/www.fundacionnaturgy.org\/wp-content\/uploads\/2018\/07\/chincheta.jpg\" alt=\"icono-chincheta-itinerancia\" width=\"65\" height=\"66\" \/><\/a><strong><span style=\"color: #004162;\"><br \/>\n4\u00a0itiner\u00e0ncies<\/span><\/strong><\/h4>\n<p>[\/vc_column_text][vc_column_text]<\/p>\n<h4 style=\"text-align: center;\"><a href=\"https:\/\/www.fundacionnaturgy.org\/wp-content\/uploads\/2018\/06\/ubicacion-naturgy-copia.jpg\"><img loading=\"lazy\" class=\"alignnone wp-image-43055 aligncenter\" src=\"https:\/\/www.fundacionnaturgy.org\/wp-content\/uploads\/2018\/06\/ubicacion-naturgy-copia.jpg\" alt=\"icono-ubicacion\" width=\"65\" height=\"66\" \/><\/a><strong><span style=\"color: #004162;\"><br \/>\n3 CCAA<\/span><\/strong><\/h4>\n<p>[\/vc_column_text][vc_column_text]<\/p>\n<h4 style=\"text-align: center;\"><a href=\"https:\/\/www.fundacionnaturgy.org\/wp-content\/uploads\/2018\/06\/personas-naturgy.jpg\"><img loading=\"lazy\" class=\"alignnone wp-image-42683 aligncenter\" src=\"https:\/\/www.fundacionnaturgy.org\/wp-content\/uploads\/2018\/06\/personas-naturgy.jpg\" alt=\"logo-personas-tercer-sector-colaboracion\" width=\"65\" height=\"66\" \/><br \/>\n<\/a><strong><span style=\"color: #004162;\">4.137\u00a0visitants<\/span><\/strong><\/h4>\n<p>[\/vc_column_text][\/vc_column_inner][\/vc_row_inner]<\/div><\/li><li class=\"accordion-navigation\"><a href=\"#panelexposicions-realitzades\">Exposicions realitzades<\/a><div class=\"content\" id=\"panelexposicions-realitzades\">[vc_row_inner][vc_column_inner width=&#8221;1\/2&#8243;][vc_column_text]<\/p>\n<h5 class=\"vc_custom_heading vc_custom_1453453572096\">IDEAE-CSIC,\u00a0Barcelona<strong><br \/>\n08\/11\/2019 \u2013 18\/11\/2019<\/strong><\/h5>\n<p>[\/vc_column_text][vc_single_image image=&#8221;69061&#8243; img_size=&#8221;574&#215;250&#8243;]<a class=\"gnf-boton oscuro left\" href=\"http:\/\/www.fundacionnaturgy.org\/ca\/actividad\/exposicio-la-qualitat-de-laire-un-repte-actual-barcelona-2\/?lang=es\" title=\"\" target=\"_self\">Accedir<\/a>[\/vc_column_inner][vc_column_inner width=&#8221;1\/2&#8243;][vc_column_text]<\/p>\n<h5 class=\"vc_custom_heading vc_custom_1453453572096\">Seu\u00a0Naturgy,\u00a0Madrid<strong><br \/>\n28\/03\/2019 \u2013 12\/04\/2019<\/strong><\/h5>\n<p>[\/vc_column_text][vc_single_image image=&#8221;61119&#8243; img_size=&#8221;574&#215;250&#8243;]<a class=\"gnf-boton oscuro left\" href=\"http:\/\/www.fundacionnaturgy.org\/ca\/actividad\/exposicio-la-qualitat-de-laire-un-repte-actual-madrid\/\" title=\"\" target=\"_self\">Accedir<\/a>[\/vc_column_inner][\/vc_row_inner][vc_empty_space][vc_row_inner][vc_column_inner width=&#8221;1\/2&#8243;][vc_column_text]<\/p>\n<h5 class=\"vc_custom_heading vc_custom_1453453572096\">Teatre\u00a0Buero\u00a0Vallejo,\u00a0Guadalajara<strong><br \/>\n07\/11\/2018 \u2013 22\/11\/2018<\/strong><\/h5>\n<p>[\/vc_column_text][vc_single_image image=&#8221;51339&#8243; img_size=&#8221;574&#215;250&#8243;]<a class=\"gnf-boton oscuro left\" href=\"http:\/\/www.fundacionnaturgy.org\/ca\/divulgacio\/experiencies-itinerants\/exposicions-itinerants\/la-qualitat-de-laire-un-repte-actual-teatro-buero-vallejo-guadalajara\/\" title=\"\" target=\"_self\">Accedir<\/a>[\/vc_column_inner][vc_column_inner width=&#8221;1\/2&#8243;][vc_column_text]<\/p>\n<h5 class=\"vc_custom_heading vc_custom_1453453572096\">Seu\u00a0Naturgy,\u00a0Barcelona<strong><br \/>\n10\/10\/2018 \u2013 21\/10\/2018<\/strong><\/h5>\n<p>[\/vc_column_text][vc_single_image image=&#8221;51337&#8243; img_size=&#8221;574&#215;250&#8243;]<a class=\"gnf-boton oscuro left\" href=\"http:\/\/www.fundacionnaturgy.org\/ca\/divulgacio\/experiencies-itinerants\/exposicions-itinerants\/la-qualitat-de-laire-un-repte-actual-seu-naturgy-barcelona\/\" title=\"\" target=\"_self\">Accedir<\/a>[\/vc_column_inner][\/vc_row_inner]<\/div><\/li><\/ul><\/div>[\/vc_column][\/vc_row]<\/p>\n","protected":false},"excerpt":{"rendered":"<p>[vc_row][vc_column width=&#8221;2\/3&#8243;][vc_images_carousel images=&#8221;62941,48431,48435&#8243; img_size=&#8221;full&#8221; onclick=&#8221;link_no&#8221; autoplay=&#8221;yes&#8221; wrap=&#8221;yes&#8221;][\/vc_column][vc_column width=&#8221;1\/3&#8243;][\/vc_column][\/vc_row][vc_row][vc_column][vc_column_text]L\u2019exposici\u00f3\u00a0\u201cLa qualitat de l\u2019aire. Un repte actual\u201d, produ\u00efda per la Fundaci\u00f3 Naturgy amb l\u2019objectiu de contribuir al desenvolupament educatiu, ambiental i cultural de<span class=\"more-link\"><a href=\"https:\/\/www.fundacionnaturgy.org\/ca\/educacio-divulgacio\/experiencies-itinerants\/exposicions-itinerants\/la-qualitat-de-laire\/\">Llegir m\u00e9s<\/a><\/span><\/p>\n","protected":false},"author":1454,"featured_media":0,"parent":45319,"menu_order":0,"comment_status":"closed","ping_status":"closed","template":"templates\/full-width.php","meta":{"inline_featured_image":false},"categories":[],"acf":[],"_links":{"self":[{"href":"https:\/\/www.fundacionnaturgy.org\/ca\/wp-json\/wp\/v2\/pages\/52120"}],"collection":[{"href":"https:\/\/www.fundacionnaturgy.org\/ca\/wp-json\/wp\/v2\/pages"}],"about":[{"href":"https:\/\/www.fundacionnaturgy.org\/ca\/wp-json\/wp\/v2\/types\/page"}],"author":[{"embeddable":true,"href":"https:\/\/www.fundacionnaturgy.org\/ca\/wp-json\/wp\/v2\/users\/1454"}],"replies":[{"embeddable":true,"href":"https:\/\/www.fundacionnaturgy.org\/ca\/wp-json\/wp\/v2\/comments?post=52120"}],"version-history":[{"count":0,"href":"https:\/\/www.fundacionnaturgy.org\/ca\/wp-json\/wp\/v2\/pages\/52120\/revisions"}],"up":[{"embeddable":true,"href":"https:\/\/www.fundacionnaturgy.org\/ca\/wp-json\/wp\/v2\/pages\/45319"}],"wp:attachment":[{"href":"https:\/\/www.fundacionnaturgy.org\/ca\/wp-json\/wp\/v2\/media?parent=52120"}],"wp:term":[{"taxonomy":"category","embeddable":true,"href":"https:\/\/www.fundacionnaturgy.org\/ca\/wp-json\/wp\/v2\/categories?post=52120"}],"curies":[{"name":"wp","href":"https:\/\/api.w.org\/{rel}","templated":true}]}}