{"id":52754,"date":"2018-11-06T19:12:11","date_gmt":"2018-11-06T18:12:11","guid":{"rendered":"https:\/\/www.fundacionnaturgy.org\/ca\/educacio-i-divulgacio\/experiencies-itinerants\/exposicions-itinerants\/energia\/"},"modified":"2019-08-26T11:16:21","modified_gmt":"2019-08-26T09:16:21","slug":"energia","status":"publish","type":"page","link":"https:\/\/www.fundacionnaturgy.org\/ca\/educacio-divulgacio\/experiencies-itinerants\/exposicions-itinerants\/energia\/","title":{"rendered":"Energia"},"content":{"rendered":"<p>[vc_row][vc_column width=&#8221;2\/3&#8243;][vc_images_carousel images=&#8221;50247,50298&#8243; img_size=&#8221;full&#8221; onclick=&#8221;link_no&#8221; speed=&#8221;3000&#8243; autoplay=&#8221;yes&#8221;][\/vc_column][vc_column width=&#8221;1\/3&#8243;]<div class=\"gnf-texto-destacado\" style=\"background-color:#edf0f1;border-color:#004165;\"><h4 style=\"color:#004165\"><\/h4><\/p>\n<div class=\"place-desc-large\">\n<div class=\"place-name\">La mostra, titulada <strong>Energ\u00eda<\/strong>, revela el paper protagonista de l\u2019energia en el progr\u00e9s de la societat i permet una reflexi\u00f3 sobre el futur energ\u00e8tic i les eines disponibles per emprendre\u2019l de manera responsable.<\/div>\n<\/div>\n<p><\/div>[\/vc_column][\/vc_row][vc_row][vc_column][vc_column_text]Amb l\u2019arribada de l\u2019enllumenat p\u00fablic a les ciutats, la llum en la fosca nit va permetre trencar el cicle agr\u00edcola que havia imperat fins aleshores. Aix\u00ed va n\u00e9ixer un tipus d\u2019activitat nova, impensable fins a la data: les ciutats van comen\u00e7ar a oferir una infinitat de propostes de cultura i entreteniment relacionades amb la nit i les jornades de treball a les f\u00e0briques es van allargar m\u00e9s enll\u00e0 de la llum natural. A m\u00e9s de servir a l\u2019enllumenat p\u00fablic, el gas es va introduir a les llars a trav\u00e9s d\u2019aparells dom\u00e8stics moderns, coneguts amb el nom de gasodom\u00e8stics, que aportaven comoditat i confort a les classes acomodades.<\/p>\n<p>L\u2019exposici\u00f3 tamb\u00e9 presenta una\u00a0<strong>reflexi\u00f3 sobre el futur energ\u00e8tic i les eines disponibles que ens permetin emprendre\u2019l de manera responsable<\/strong>. A trav\u00e9s de la presentaci\u00f3 de les diferents alternatives energ\u00e8tiques disponibles, l\u2019exposici\u00f3 ofereix les claus perqu\u00e8 el visitant entengui que totes les energies tenen avantatges i inconvenients i que, per tant, no existeixen f\u00f3rmules m\u00e0giques per resoldre el futur energ\u00e8tic. Les pr\u00f2ximes d\u00e8cades estaran marcades per la garantia de subministrament, els costos econ\u00f2mics i el seu impacte en el medi ambient, aix\u00ed com per la capacitat dels humans per innovar als terrenys tecnol\u00f2gic i social. Entre les q\u00fcestions capitals de la nostra agenda futura destacar\u00e0 l\u2019est\u00edmul d\u2019un consum energ\u00e8tic responsable amb el m\u00ednim impacte sobre el medi ambient, a trav\u00e9s de l\u2019estalvi i l\u2019efici\u00e8ncia.[\/vc_column_text][\/vc_column][\/vc_row][vc_row][vc_column][vc_separator border_width=&#8221;3&#8243;][\/vc_column][\/vc_row][vc_row][vc_column]<div class=\"gnf-acordeon\"><h3><\/h3><ul class=\"accordion\" data-accordion><li class=\"accordion-navigation\"><a href=\"#panellexposicio-en-xifres\">L'exposici\u00f3, en xifres<\/a><div class=\"content active\" id=\"panellexposicio-en-xifres\">[vc_row_inner][vc_column_inner width=&#8221;2\/3&#8243;][vc_single_image image=&#8221;62272&#8243; img_size=&#8221;full&#8221;][\/vc_column_inner][vc_column_inner width=&#8221;1\/3&#8243;][vc_column_text]<\/p>\n<h4 style=\"text-align: center;\"><a href=\"https:\/\/www.fundacionnaturgy.org\/wp-content\/uploads\/2018\/07\/chincheta.jpg\"><img loading=\"lazy\" class=\"wp-image-43057 aligncenter\" src=\"https:\/\/www.fundacionnaturgy.org\/wp-content\/uploads\/2018\/07\/chincheta.jpg\" alt=\"icono-chincheta-itinerancia\" width=\"65\" height=\"66\" \/><\/a><strong><span style=\"color: #004162;\"><br \/>\n19\u00a0itiner\u00e0ncies<\/span><\/strong><\/h4>\n<p>[\/vc_column_text][vc_column_text]<\/p>\n<h4 style=\"text-align: center;\"><a href=\"https:\/\/www.fundacionnaturgy.org\/wp-content\/uploads\/2018\/06\/ubicacion-naturgy-copia.jpg\"><img loading=\"lazy\" class=\"alignnone wp-image-43055 aligncenter\" src=\"https:\/\/www.fundacionnaturgy.org\/wp-content\/uploads\/2018\/06\/ubicacion-naturgy-copia.jpg\" alt=\"icono-ubicacion\" width=\"65\" height=\"66\" \/><\/a><strong><span style=\"color: #004162;\"><br \/>\nPres\u00e8ncia nacional\u00a0i internacional<br \/>\n<\/span><\/strong><\/h4>\n<p>[\/vc_column_text][vc_column_text]<\/p>\n<h4 style=\"text-align: center;\"><a href=\"https:\/\/www.fundacionnaturgy.org\/wp-content\/uploads\/2018\/06\/personas-naturgy.jpg\"><img loading=\"lazy\" class=\"alignnone wp-image-42683 aligncenter\" src=\"https:\/\/www.fundacionnaturgy.org\/wp-content\/uploads\/2018\/06\/personas-naturgy.jpg\" alt=\"logo-personas-tercer-sector-colaboracion\" width=\"65\" height=\"66\" \/><br \/>\n<\/a><strong><span style=\"color: #004162;\">105.863\u00a0visitants<\/span><\/strong><\/h4>\n<p>[\/vc_column_text][\/vc_column_inner][\/vc_row_inner]<\/div><\/li><li class=\"accordion-navigation\"><a href=\"#panelexposicions-realitzades\">Exposicions realitzades<\/a><div class=\"content\" id=\"panelexposicions-realitzades\">[vc_row_inner][vc_column_inner width=&#8221;1\/2&#8243;][vc_column_text]<\/p>\n<h5 class=\"vc_custom_heading vc_custom_1453453572096\">Biblioteca\u00a0Nacional,\u00a0Ciutat\u00a0de\u00a0Panam\u00e0<br \/>\n14\/05\/2019 \u2013 12\/07\/2019<\/h5>\n<p>[\/vc_column_text][vc_single_image image=&#8221;62476&#8243; img_size=&#8221;574&#215;250&#8243;]<a class=\"gnf-boton oscuro left\" href=\"http:\/\/www.fundacionnaturgy.org\/ca\/actividad\/exposicio-fent-historia-a-panama-i-al-mon-ciutat-de-panama\/\" title=\"\" target=\"_self\">Accedir<\/a>[\/vc_column_inner][vc_column_inner width=&#8221;1\/2&#8243;][vc_column_text]<\/p>\n<h5 class=\"vc_custom_heading vc_custom_1453453572096\"><strong>Casa dels\u00a0Mundina, Vila-real<\/strong><br \/>\n05\/10\/2017 \u2013 31\/12\/2017<\/h5>\n<p>[\/vc_column_text][vc_single_image image=&#8221;50900&#8243; img_size=&#8221;574&#215;250&#8243;]<a class=\"gnf-boton oscuro left\" href=\"http:\/\/www.fundacionnaturgy.org\/ca\/divulgacio\/experiencies-itinerants\/exposicions-itinerants\/museu-del-gas-energia-casa-dels-mundina-vila-real\/\" title=\"\" target=\"_self\">Accedir<\/a>[\/vc_column_inner][vc_column_inner][vc_empty_space][\/vc_column_inner][\/vc_row_inner][vc_row_inner][vc_column_inner width=&#8221;1\/2&#8243;][vc_column_text]<\/p>\n<h5 class=\"vc_custom_heading vc_custom_1453453572096\"><strong><span lang=\"PT-BR\">Biblioteca de Tordera<\/span><\/strong><br \/>\n30\/10\/2017 \u2013 24\/11\/2017<\/h5>\n<p>[\/vc_column_text][vc_single_image image=&#8221;50252&#8243; img_size=&#8221;574&#215;250&#8243;]<a class=\"gnf-boton oscuro left\" href=\"http:\/\/www.fundacionnaturgy.org\/ca\/divulgacio\/experiencies-itinerants\/exposicions-itinerants\/energia-biblioteca-de-tordera\/\" title=\"\" target=\"_self\">Accedir<\/a>[\/vc_column_inner][vc_column_inner width=&#8221;1\/2&#8243;][vc_column_text]<\/p>\n<h5><strong><b>Seu Naturgy, Ciutat\u00a0de M\u00e8xic<\/b><br \/>\n<\/strong>25\/05\/2017 &#8211; 30\/06\/2017<\/h5>\n<p>[\/vc_column_text][vc_single_image image=&#8221;62137&#8243; img_size=&#8221;574&#215;250&#8243;]<a class=\"gnf-boton oscuro left\" href=\"http:\/\/www.fundacionnaturgy.org\/ca\/divulgacio\/experiencies-itinerants\/exposicions-itinerants\/energia\/fent-historia-a-mexic-i-al-mon-ciutat-de-mexic-mexic\/\" title=\"\" target=\"_self\">Accedir<\/a>[\/vc_column_inner][vc_column_inner][vc_empty_space][\/vc_column_inner][\/vc_row_inner][vc_row_inner][vc_column_inner width=&#8221;1\/2&#8243;][vc_column_text]<\/p>\n<h5><strong>Sal\u00f3 de l&#8217;Ensenyament,\u00a0Barcelona<br \/>\n<\/strong>22\/03\/2017 \u2013 26\/03\/2017<\/h5>\n<p>[\/vc_column_text][vc_single_image image=&#8221;49845&#8243; img_size=&#8221;574&#215;250&#8243;]<a class=\"gnf-boton oscuro left\" href=\"http:\/\/www.fundacionnaturgy.org\/ca\/divulgacio\/experiencies-itinerants\/exposicions-itinerants\/exposicio-itinerant-energia-salo-de-lensenyament\/\" title=\"\" target=\"_self\">Accedir<\/a>[\/vc_column_inner][vc_column_inner width=&#8221;1\/2&#8243;][vc_column_text]<\/p>\n<h5><strong>Espai\u00a0Proven\u00e7a de FGC,\u00a0Barcelona<br \/>\n<\/strong>30\/11\/2016 \u2013 08\/01\/2017<\/h5>\n<p>[\/vc_column_text][vc_single_image image=&#8221;50904&#8243; img_size=&#8221;574&#215;250&#8243;]<a class=\"gnf-boton oscuro left\" href=\"http:\/\/www.fundacionnaturgy.org\/ca\/divulgacio\/experiencies-itinerants\/exposicions-itinerants\/exposicio-itinerant-energia-espai-provenca-fgc\/\" title=\"\" target=\"_self\">Accedir<\/a>[\/vc_column_inner][vc_column_inner][vc_empty_space][\/vc_column_inner][\/vc_row_inner][vc_row_inner][vc_column_inner width=&#8221;1\/2&#8243;][vc_column_text]<\/p>\n<h5><strong>Biblioteca Antoni Comas,\u00a0Matar\u00f3<br \/>\n<\/strong>02\/11\/2016 \u2013 26\/11\/2016<\/h5>\n<p>[\/vc_column_text][vc_single_image image=&#8221;50906&#8243; img_size=&#8221;574&#215;250&#8243;]<a class=\"gnf-boton oscuro left\" href=\"http:\/\/www.fundacionnaturgy.org\/ca\/divulgacio\/experiencies-itinerants\/exposicions-itinerants\/exposicio-itinerant-energia-mataro\/\" title=\"\" target=\"_self\">Accedir<\/a>[\/vc_column_inner][vc_column_inner width=&#8221;1\/2&#8243;][vc_column_text]<\/p>\n<h5><strong>Centre\u00a0C\u00edvic\u00a0L&#8217;Estaci\u00f3,\u00a0El Vendrell<br \/>\n<\/strong>27\/04\/2016 \u2013 17\/06\/2016<\/h5>\n<p>[\/vc_column_text][vc_single_image image=&#8221;50908&#8243; img_size=&#8221;574&#215;250&#8243;]<a class=\"gnf-boton oscuro left\" href=\"http:\/\/www.fundacionnaturgy.org\/ca\/divulgacio\/experiencies-itinerants\/exposicions-itinerants\/exposicio-itinerant-energia-el-vendrell\/\" title=\"\" target=\"_self\">Accedir<\/a>[\/vc_column_inner][vc_column_inner][vc_empty_space][\/vc_column_inner][\/vc_row_inner][vc_row_inner][vc_column_inner width=&#8221;1\/2&#8243;][vc_column_text]<\/p>\n<h5><strong>General\u00a0Motors, Zaragoza<br \/>\n<\/strong>01\/12\/2015 \u2013 20\/12\/2015<\/h5>\n<p>[\/vc_column_text][vc_single_image image=&#8221;50910&#8243; img_size=&#8221;574&#215;250&#8243;]<a class=\"gnf-boton oscuro left\" href=\"http:\/\/www.fundacionnaturgy.org\/ca\/divulgacio\/experiencies-itinerants\/exposicions-itinerants\/exposicio-itinerant-energia-zaragoza\/\" title=\"\" target=\"_self\">Accedir<\/a>[\/vc_column_inner][vc_column_inner width=&#8221;1\/2&#8243;][vc_column_text]<\/p>\n<h5><strong>Centre\u00a0Cultural de la Villa, Cartaya<br \/>\n<\/strong>06\/10\/2015 \u2013 27\/10\/2015<\/h5>\n<p>[\/vc_column_text][vc_single_image image=&#8221;50912&#8243; img_size=&#8221;574&#215;250&#8243;]<a class=\"gnf-boton oscuro left\" href=\"http:\/\/www.fundacionnaturgy.org\/ca\/divulgacio\/experiencies-itinerants\/exposicions-itinerants\/exposicio-itinerant-energia-cartaya\/\" title=\"\" target=\"_self\">Accedir<\/a>[\/vc_column_inner][vc_column_inner][vc_empty_space][\/vc_column_inner][\/vc_row_inner][vc_row_inner][vc_column_inner width=&#8221;1\/2&#8243;][vc_column_text]<\/p>\n<h5><strong>Casa Cultural\u00a0Jos\u00e9 Caballero, Punta\u00a0Umbr\u00eda<br \/>\n<\/strong>02\/07\/2015 \u2013 26\/07\/2015<\/h5>\n<p>[\/vc_column_text][vc_single_image image=&#8221;50916&#8243; img_size=&#8221;574&#215;250&#8243;]<a class=\"gnf-boton oscuro left\" href=\"http:\/\/www.fundacionnaturgy.org\/ca\/divulgacio\/experiencies-itinerants\/exposicions-itinerants\/exposicio-itinerant-energia-puerto-umbria\/\" title=\"\" target=\"_self\">Accedir<\/a>[\/vc_column_inner][vc_column_inner width=&#8221;1\/2&#8243;][vc_column_text]<\/p>\n<h5><strong>Biblioteca Ricardo Molina, Puente\u00a0Genil<br \/>\n<\/strong>02\/06\/2015 \u2013 27\/06\/2015<\/h5>\n<p>[\/vc_column_text][vc_single_image image=&#8221;50919&#8243; img_size=&#8221;574&#215;250&#8243;]<a class=\"gnf-boton oscuro left\" href=\"http:\/\/www.fundacionnaturgy.org\/ca\/divulgacio\/experiencies-itinerants\/exposicions-itinerants\/exposicio-itinerant-energia-puente-genil\/\" title=\"\" target=\"_self\">Accedir<\/a>[\/vc_column_inner][vc_column_inner][vc_empty_space][\/vc_column_inner][\/vc_row_inner][vc_row_inner][vc_column_inner width=&#8221;1\/2&#8243;][vc_column_text]<\/p>\n<h5><strong>Palau de Congressos,\u00a0Marbella<br \/>\n<\/strong>23\/03\/2015 \u2013 08\/05\/2015<\/h5>\n<p>[\/vc_column_text][vc_single_image image=&#8221;50921&#8243; img_size=&#8221;574&#215;250&#8243;]<a class=\"gnf-boton oscuro left\" href=\"http:\/\/www.fundacionnaturgy.org\/ca\/divulgacio\/experiencies-itinerants\/exposicions-itinerants\/exposicio-itinerant-museu-del-gas-energia-marbella\/\" title=\"\" target=\"_self\">Accedir<\/a>[\/vc_column_inner][vc_column_inner width=&#8221;1\/2&#8243;][vc_column_text]<\/p>\n<h5><strong>Museu d&#8217;Hist\u00f2ria, Motril<br \/>\n<\/strong>16\/03\/2015 \u2013 10\/04\/2015<\/h5>\n<p>[\/vc_column_text][vc_single_image image=&#8221;50916&#8243; img_size=&#8221;574&#215;250&#8243;]<a class=\"gnf-boton oscuro left\" href=\"http:\/\/www.fundacionnaturgy.org\/ca\/divulgacio\/experiencies-itinerants\/exposicions-itinerants\/exposicio-itinerant-energia-motril\/\" title=\"\" target=\"_self\">Accedir<\/a>[\/vc_column_inner][\/vc_row_inner][vc_row_inner][vc_column_inner][vc_empty_space][\/vc_column_inner][vc_column_inner width=&#8221;1\/2&#8243;][vc_column_text]<\/p>\n<h5><strong>Biblioteca Municipal, Salobre\u00f1a<br \/>\n<\/strong>09\/03\/2015 \u2013 13\/03\/2015<\/h5>\n<p>[\/vc_column_text][vc_single_image image=&#8221;50925&#8243; img_size=&#8221;574&#215;250&#8243;]<a class=\"gnf-boton oscuro left\" href=\"http:\/\/www.fundacionnaturgy.org\/ca\/divulgacio\/experiencies-itinerants\/exposicions-itinerants\/exposicio-itinerant-energia-salobrena\/\" title=\"\" target=\"_self\">Accedir<\/a>[\/vc_column_inner][vc_column_inner width=&#8221;1\/2&#8243;][vc_column_text]<\/p>\n<h5><strong>Teatre\u00a0Auditori, El Ejido<br \/>\n<\/strong>17\/02\/2015 \u2013 06\/03\/2015<\/h5>\n<p>[\/vc_column_text][vc_single_image image=&#8221;50927&#8243; img_size=&#8221;574&#215;250&#8243;]<a class=\"gnf-boton oscuro left\" href=\"http:\/\/www.fundacionnaturgy.org\/ca\/divulgacio\/experiencies-itinerants\/exposicions-itinerants\/exposicio-itinerant-energia-el-ejido\/\" title=\"\" target=\"_self\">Accedir<\/a>[\/vc_column_inner][\/vc_row_inner][vc_row_inner][vc_column_inner][vc_empty_space][\/vc_column_inner][\/vc_row_inner][vc_row_inner][vc_column_inner width=&#8221;1\/2&#8243;][vc_column_text]<\/p>\n<h5><strong>Escola Municipal\u00a0M\u00fasica, Roquetas de Mar<br \/>\n<\/strong>20\/01\/2015 \u2013 13\/02\/2015<\/h5>\n<p>[\/vc_column_text][vc_single_image image=&#8221;50929&#8243; img_size=&#8221;574&#215;250&#8243;]<a class=\"gnf-boton oscuro left\" href=\"http:\/\/www.fundacionnaturgy.org\/ca\/divulgacio\/experiencies-itinerants\/exposicions-itinerants\/exposicio-itinerant-energia-roquetas-de-mar\/\" title=\"\" target=\"_self\">Accedir<\/a>[\/vc_column_inner][vc_column_inner width=&#8221;1\/2&#8243;][vc_column_text]<\/p>\n<h5><strong>Museu\u00a0de Santa\u00a0Fe, Toledo<br \/>\n<\/strong>14\/07\/2014 \u2013 12\/10\/2014<\/h5>\n<p>[\/vc_column_text][vc_single_image image=&#8221;50931&#8243; img_size=&#8221;574&#215;250&#8243;]<a class=\"gnf-boton oscuro left\" href=\"http:\/\/www.fundacionnaturgy.org\/ca\/divulgacio\/experiencies-itinerants\/exposicions-itinerants\/exposicio-itinerant-museu-del-gas-energia-toledo\/\" title=\"\" target=\"_self\">Accedir<\/a>[\/vc_column_inner][\/vc_row_inner][vc_row_inner][vc_column_inner][vc_empty_space][\/vc_column_inner][\/vc_row_inner][vc_row_inner][vc_column_inner width=&#8221;1\/2&#8243;][vc_column_text]<\/p>\n<h5><strong>Centre\u00a0d&#8217;Educaci\u00f3\u00a0Ambiental, Coslada<br \/>\n<\/strong>10\/04\/2014 \u2013 19\/06\/2014<\/h5>\n<p>[\/vc_column_text][vc_single_image image=&#8221;50933&#8243; img_size=&#8221;574&#215;250&#8243;]<a class=\"gnf-boton oscuro left\" href=\"http:\/\/www.fundacionnaturgy.org\/ca\/divulgacio\/experiencies-itinerants\/exposicions-itinerants\/exposicio-itinerant-museo-del-gas-energia-coslada\/\" title=\"\" target=\"_self\">Accedir<\/a>[\/vc_column_inner][vc_column_inner width=&#8221;1\/2&#8243;][\/vc_column_inner][\/vc_row_inner]<\/div><\/li><\/ul><\/div>[\/vc_column][\/vc_row]<\/p>\n","protected":false},"excerpt":{"rendered":"<p>[vc_row][vc_column width=&#8221;2\/3&#8243;][vc_images_carousel images=&#8221;50247,50298&#8243; img_size=&#8221;full&#8221; onclick=&#8221;link_no&#8221; speed=&#8221;3000&#8243; autoplay=&#8221;yes&#8221;][\/vc_column][vc_column width=&#8221;1\/3&#8243;][\/vc_column][\/vc_row][vc_row][vc_column][vc_column_text]Amb l\u2019arribada de l\u2019enllumenat p\u00fablic a les ciutats, la llum en la fosca nit va permetre trencar el cicle agr\u00edcola que havia imperat<span class=\"more-link\"><a href=\"https:\/\/www.fundacionnaturgy.org\/ca\/educacio-divulgacio\/experiencies-itinerants\/exposicions-itinerants\/energia\/\">Llegir m\u00e9s<\/a><\/span><\/p>\n","protected":false},"author":1454,"featured_media":0,"parent":45319,"menu_order":0,"comment_status":"closed","ping_status":"closed","template":"templates\/full-width.php","meta":{"inline_featured_image":false},"categories":[],"acf":[],"_links":{"self":[{"href":"https:\/\/www.fundacionnaturgy.org\/ca\/wp-json\/wp\/v2\/pages\/52754"}],"collection":[{"href":"https:\/\/www.fundacionnaturgy.org\/ca\/wp-json\/wp\/v2\/pages"}],"about":[{"href":"https:\/\/www.fundacionnaturgy.org\/ca\/wp-json\/wp\/v2\/types\/page"}],"author":[{"embeddable":true,"href":"https:\/\/www.fundacionnaturgy.org\/ca\/wp-json\/wp\/v2\/users\/1454"}],"replies":[{"embeddable":true,"href":"https:\/\/www.fundacionnaturgy.org\/ca\/wp-json\/wp\/v2\/comments?post=52754"}],"version-history":[{"count":0,"href":"https:\/\/www.fundacionnaturgy.org\/ca\/wp-json\/wp\/v2\/pages\/52754\/revisions"}],"up":[{"embeddable":true,"href":"https:\/\/www.fundacionnaturgy.org\/ca\/wp-json\/wp\/v2\/pages\/45319"}],"wp:attachment":[{"href":"https:\/\/www.fundacionnaturgy.org\/ca\/wp-json\/wp\/v2\/media?parent=52754"}],"wp:term":[{"taxonomy":"category","embeddable":true,"href":"https:\/\/www.fundacionnaturgy.org\/ca\/wp-json\/wp\/v2\/categories?post=52754"}],"curies":[{"name":"wp","href":"https:\/\/api.w.org\/{rel}","templated":true}]}}