{"id":52755,"date":"2018-11-06T19:18:48","date_gmt":"2018-11-06T18:18:48","guid":{"rendered":"https:\/\/www.fundacionnaturgy.org\/ca\/educacio-i-divulgacio\/experiencies-itinerants\/exposicions-itinerants\/la-bellesa-de-la-maquina\/"},"modified":"2019-12-16T11:14:13","modified_gmt":"2019-12-16T10:14:13","slug":"la-bellesa-de-la-maquina-2","status":"publish","type":"page","link":"https:\/\/www.fundacionnaturgy.org\/ca\/educacio-divulgacio\/experiencies-itinerants\/exposicions-itinerants\/la-bellesa-de-la-maquina-2\/","title":{"rendered":"La bellesa de la m\u00e0quina"},"content":{"rendered":"<p>[vc_row][vc_column width=&#8221;2\/3&#8243;][vc_images_carousel images=&#8221;32885,50231,50326&#8243; img_size=&#8221;650&#215;350&#8243; onclick=&#8221;link_no&#8221; speed=&#8221;3000&#8243; autoplay=&#8221;yes&#8221;][\/vc_column][vc_column width=&#8221;1\/3&#8243;]<div class=\"gnf-texto-destacado\" style=\"background-color:#edf0f1;border-color:#004165;\"><h4 style=\"color:#004165\"><\/h4><\/p>\n<div class=\"place-desc-large\">\n<div class=\"place-name\">La Fundaci\u00f3\u00a0Naturgy\u00a0presenta l\u2019exposici\u00f3 \u201cLa bellesa de la m\u00e0quina\u201d sobre l\u2019obra art\u00edstica m\u00e9s significativa de Ram\u00f3n de Ba\u00f1os (1890-1980).<\/div>\n<\/div>\n<p><\/div>[vc_empty_space][\/vc_column][\/vc_row][vc_row][vc_column][vc_column_text]En l\u2019\u00e0mbit de la fotografia de g\u00e8nere industrial. Gr\u00e0cies a un treball d\u2019investigaci\u00f3 extens al seu arxiu hist\u00f2ric, avui la Fundaci\u00f3\u00a0Naturgy fa p\u00fablica una selecci\u00f3 in\u00e8dita de fotografies que permeten redescobrir com a fot\u00f2graf Ramon de Ba\u00f1os, conegut fins ara com a pioner del cinema catal\u00e0. El conjunt d\u2019obres fotogr\u00e0fiques que es treuen a la llum, fetes amb un codi visual propi, ofereixen una mirada nova que ens permet gaudir de la bellesa de la fotografia de g\u00e8nere industrial, i que avui constitueixen un document gr\u00e0fic extraordinari d\u2019un m\u00f3n desaparegut.<\/p>\n<p>L\u2019empresa\u00a0<strong>Catalana de Gas y Electricidad, SA<\/strong>, com moltes altres empreses de l\u2019\u00e8poca, va fer enc\u00e0rrecs fotogr\u00e0fics amb la finalitat de documentar el seu patrimoni i la seva capacitat de producci\u00f3, i donar-ne publicitat. Malgrat que les primeres col\u00b7laboracions de Ram\u00f3n de Ba\u00f1os amb Catalana de Gas pertanyen a l\u2019any 1929, amb motiu de l\u2019Exposici\u00f3 Universal de Barcelona, no va ser fins m\u00e9s tard que s\u2019incorpor\u00e0 com a \u201cfot\u00f2graf adjunt als Serveis T\u00e8cnics\u201d. L\u2019enc\u00e0rrec principal que Ram\u00f3n de Ba\u00f1os va fer llavors per a la companyia \u00e9s el que s\u2019ha anomenat\u00a0<strong>\u00c0lbum de 1947<\/strong>, una col\u00b7lecci\u00f3 de 58\u00a0<strong>fotografies de maquin\u00e0ria<\/strong>\u00a0i arquitectura industrial. Es tracta d\u2019un conjunt d\u2019imatges amb un clar objectiu propagand\u00edstic i que pretenien mostrar l\u2019important actiu patrimonial que tenia la companyia, la seva modernitat i la seva activitat empresarial extraordin\u00e0ria.<\/p>\n<p><strong>Ram\u00f3n de Ba\u00f1os desenvolupa un estil fotogr\u00e0fic propi que li va permetre embellir i sublimar la maquin\u00e0ria i el paisatge industrial<\/strong>. Es tracta d\u2019obres ben enquadrades i estructurades, amb una disposici\u00f3 curosa dels objectes representats. Les imatges que presenta no s\u00f3n representacions d\u2019una realitat ver\u00eddica sin\u00f3 que, eludint la pres\u00e8ncia humana, mostren la magnific\u00e8ncia arquitect\u00f2nica de les f\u00e0briques i la bellesa de la m\u00e0quina. Aix\u00ed, malgrat tenir un objectiu propagand\u00edstic, les imatges transmeten una emoci\u00f3 espiritual marcada. Les fotografies eren retocades a m\u00e0 per l\u2019artista, que perfilava els elements de la imatge amb pinzells fin\u00edssims, aer\u00f2graf, pintures, llapis i eines de tall afilat. Aquesta tasca curosa li permetia definir superf\u00edcies i plans de llum mitjan\u00e7ant la neteja d\u2019irregularitats i imperfeccions, i aconseguir el to l\u00edric tan personal de les seves composicions.<\/p>\n<p>L\u2019exposici\u00f3 recull una selecci\u00f3 d\u2019imatges de l&#8217;\u201d<strong>\u00c0lbum de 1947<\/strong>\u201d i altres obres fotogr\u00e0fiques de g\u00e8nere industrial, aix\u00ed com un audiovisual de l\u2019any 1927, del mateix Ram\u00f3n de Ba\u00f1os, que la complementa. Gr\u00e0cies a la preservaci\u00f3 d\u2019aquest fons fotogr\u00e0fic per part de l\u2019<strong>Arxiu Hist\u00f2ric de la Fundaci\u00f3 Naturgy<\/strong>, avui disposem d\u2019un material valu\u00f3s que \u00e9s un testimoni gr\u00e0fic per explicar la hist\u00f2ria de la ci\u00e8ncia i de la t\u00e8cnica i que ens permet redescobrir el\u00a0<strong>patrimoni industrial\u00a0<\/strong>del pa\u00eds.[\/vc_column_text][\/vc_column][\/vc_row][vc_row][vc_column][vc_separator border_width=&#8221;3&#8243;][\/vc_column][\/vc_row][vc_row][vc_column]<div class=\"gnf-acordeon\"><h3><\/h3><ul class=\"accordion\" data-accordion><li class=\"accordion-navigation\"><a href=\"#panellexposicio-en-xifres\">L'exposici\u00f3, en xifres<\/a><div class=\"content active\" id=\"panellexposicio-en-xifres\">[vc_row_inner][vc_column_inner width=&#8221;2\/3&#8243;][vc_single_image image=&#8221;61258&#8243; img_size=&#8221;full&#8221;][\/vc_column_inner][vc_column_inner width=&#8221;1\/3&#8243;][vc_column_text]<\/p>\n<h4 style=\"text-align: center;\"><a href=\"https:\/\/www.fundacionnaturgy.org\/wp-content\/uploads\/2018\/07\/chincheta.jpg\"><img loading=\"lazy\" class=\"wp-image-43057 aligncenter\" src=\"https:\/\/www.fundacionnaturgy.org\/wp-content\/uploads\/2018\/07\/chincheta.jpg\" alt=\"icono-chincheta-itinerancia\" width=\"65\" height=\"66\" \/><\/a><strong><span style=\"color: #004162;\"><br \/>\n5\u00a0itiner\u00e0ncies<\/span><\/strong><\/h4>\n<p>[\/vc_column_text][vc_column_text]<\/p>\n<h4 style=\"text-align: center;\"><a href=\"https:\/\/www.fundacionnaturgy.org\/wp-content\/uploads\/2018\/06\/ubicacion-naturgy-copia.jpg\"><img loading=\"lazy\" class=\"alignnone wp-image-43055 aligncenter\" src=\"https:\/\/www.fundacionnaturgy.org\/wp-content\/uploads\/2018\/06\/ubicacion-naturgy-copia.jpg\" alt=\"icono-ubicacion\" width=\"65\" height=\"66\" \/><\/a><strong><span style=\"color: #004162;\"><br \/>\n3 CCAA<\/span><\/strong><\/h4>\n<p>[\/vc_column_text][vc_column_text]<\/p>\n<h4 style=\"text-align: center;\"><a href=\"https:\/\/www.fundacionnaturgy.org\/wp-content\/uploads\/2018\/06\/personas-naturgy.jpg\"><img loading=\"lazy\" class=\"alignnone wp-image-42683 aligncenter\" src=\"https:\/\/www.fundacionnaturgy.org\/wp-content\/uploads\/2018\/06\/personas-naturgy.jpg\" alt=\"logo-personas-tercer-sector-colaboracion\" width=\"65\" height=\"66\" \/><br \/>\n<\/a><strong><span style=\"color: #004162;\">8.625\u00a0visitants<\/span><\/strong><\/h4>\n<p>[\/vc_column_text][\/vc_column_inner][\/vc_row_inner]<\/div><\/li><li class=\"accordion-navigation\"><a href=\"#panelexposicions-realitzades\">Exposicions realitzades<\/a><div class=\"content\" id=\"panelexposicions-realitzades\">[vc_row_inner][vc_column_inner width=&#8221;1\/2&#8243;][vc_column_text]<\/p>\n<h5><strong>Universitat\u00a0Aut\u00f2noma de Barcelona<br \/>\n<\/strong>07\/10\/2019 \u2013 13\/12\/2019<\/h5>\n<p><strong>\u00a0<\/strong>[\/vc_column_text][vc_single_image image=&#8221;66752&#8243; img_size=&#8221;574&#215;250&#8243;]<a class=\"gnf-boton oscuro left\" href=\"http:\/\/www.fundacionnaturgy.org\/ca\/divulgacio\/experiencies-itinerants\/exposicions-itinerants\/exposicio-itinerant-la-bellesa-de-la-maquina-palma-de-mallorca\/\" title=\"\" target=\"_self\">Accedir<\/a>[\/vc_column_inner][vc_column_inner width=&#8221;1\/2&#8243;][vc_column_text]<\/p>\n<h5><strong>Centre\u00a0C\u00edvic\u00a0Port, Sagunt<br \/>\n<\/strong>15\/01\/2016 \u2013 27\/03\/2016<\/h5>\n<p><strong>\u00a0<\/strong>[\/vc_column_text][vc_single_image image=&#8221;50936&#8243; img_size=&#8221;574&#215;250&#8243;]<a class=\"gnf-boton oscuro left\" href=\"http:\/\/www.fundacionnaturgy.org\/ca\/divulgacio\/experiencies-itinerants\/exposicions-itinerants\/exposicio-itinerant-la-bellesa-de-la-maquina-sagunt\/\" title=\"\" target=\"_self\">Accedir<\/a>[\/vc_column_inner][vc_column_inner][vc_empty_space][\/vc_column_inner][\/vc_row_inner][vc_row_inner][vc_column_inner width=&#8221;1\/2&#8243;][vc_column_text]<\/p>\n<h5><strong>Casal\u00a0Solleric, Palma de Mallorca<br \/>\n<\/strong>15\/10\/2015 \u2013 06\/01\/2016<\/h5>\n<p><strong>\u00a0<\/strong>[\/vc_column_text][vc_single_image image=&#8221;50938&#8243; img_size=&#8221;574&#215;250&#8243;]<a class=\"gnf-boton oscuro left\" href=\"http:\/\/www.fundacionnaturgy.org\/ca\/divulgacio\/experiencies-itinerants\/exposicions-itinerants\/exposicio-itinerant-la-bellesa-de-la-maquina-palma-de-mallorca\/\" title=\"\" target=\"_self\">Accedir<\/a>[\/vc_column_inner][vc_column_inner width=&#8221;1\/2&#8243;][vc_column_text]<\/p>\n<h5><strong>Museu de la Pell, Igualada<br \/>\n<\/strong>17\/04\/2015 \u2013 31\/05\/2015<\/h5>\n<p><strong>\u00a0<\/strong>[\/vc_column_text][vc_single_image image=&#8221;50940&#8243; img_size=&#8221;574&#215;250&#8243;]<a class=\"gnf-boton oscuro left\" href=\"http:\/\/www.fundacionnaturgy.org\/ca\/divulgacio\/experiencies-itinerants\/exposicions-itinerants\/exposicio-itinerant-la-bellesa-de-la-maquina-igualada\/\" title=\"\" target=\"_self\">Accedir<\/a>[\/vc_column_inner][vc_column_inner][vc_empty_space][\/vc_column_inner][\/vc_row_inner][vc_row_inner][vc_column_inner width=&#8221;1\/2&#8243;][vc_column_text]<\/p>\n<h5><strong>Museu\u00a0del\u00a0Gas, Sabadell<br \/>\n<\/strong>30\/06\/2014 \u2013 15\/02\/2015<\/h5>\n<p><strong>\u00a0<\/strong>[\/vc_column_text][vc_single_image image=&#8221;43046&#8243; img_size=&#8221;574&#215;250&#8243;]<a class=\"gnf-boton oscuro left\" href=\"http:\/\/www.fundacionnaturgy.org\/ca\/divulgacio\/experiencies-itinerants\/exposicions-itinerants\/la-bellesa-de-la-maquina-2\/\" title=\"\" target=\"_self\">Accedir<\/a>[\/vc_column_inner][vc_column_inner width=&#8221;1\/2&#8243;][\/vc_column_inner][\/vc_row_inner]<\/div><\/li><\/ul><\/div>[\/vc_column][\/vc_row]<\/p>\n","protected":false},"excerpt":{"rendered":"<p>[vc_row][vc_column width=&#8221;2\/3&#8243;][vc_images_carousel images=&#8221;32885,50231,50326&#8243; img_size=&#8221;650&#215;350&#8243; onclick=&#8221;link_no&#8221; speed=&#8221;3000&#8243; autoplay=&#8221;yes&#8221;][\/vc_column][vc_column width=&#8221;1\/3&#8243;][vc_empty_space][\/vc_column][\/vc_row][vc_row][vc_column][vc_column_text]En l\u2019\u00e0mbit de la fotografia de g\u00e8nere industrial. Gr\u00e0cies a un treball d\u2019investigaci\u00f3 extens al seu arxiu hist\u00f2ric, avui la Fundaci\u00f3\u00a0Naturgy fa p\u00fablica<span class=\"more-link\"><a href=\"https:\/\/www.fundacionnaturgy.org\/ca\/educacio-divulgacio\/experiencies-itinerants\/exposicions-itinerants\/la-bellesa-de-la-maquina-2\/\">Llegir m\u00e9s<\/a><\/span><\/p>\n","protected":false},"author":1454,"featured_media":0,"parent":45319,"menu_order":0,"comment_status":"closed","ping_status":"closed","template":"templates\/full-width.php","meta":{"inline_featured_image":false},"categories":[],"acf":[],"_links":{"self":[{"href":"https:\/\/www.fundacionnaturgy.org\/ca\/wp-json\/wp\/v2\/pages\/52755"}],"collection":[{"href":"https:\/\/www.fundacionnaturgy.org\/ca\/wp-json\/wp\/v2\/pages"}],"about":[{"href":"https:\/\/www.fundacionnaturgy.org\/ca\/wp-json\/wp\/v2\/types\/page"}],"author":[{"embeddable":true,"href":"https:\/\/www.fundacionnaturgy.org\/ca\/wp-json\/wp\/v2\/users\/1454"}],"replies":[{"embeddable":true,"href":"https:\/\/www.fundacionnaturgy.org\/ca\/wp-json\/wp\/v2\/comments?post=52755"}],"version-history":[{"count":0,"href":"https:\/\/www.fundacionnaturgy.org\/ca\/wp-json\/wp\/v2\/pages\/52755\/revisions"}],"up":[{"embeddable":true,"href":"https:\/\/www.fundacionnaturgy.org\/ca\/wp-json\/wp\/v2\/pages\/45319"}],"wp:attachment":[{"href":"https:\/\/www.fundacionnaturgy.org\/ca\/wp-json\/wp\/v2\/media?parent=52755"}],"wp:term":[{"taxonomy":"category","embeddable":true,"href":"https:\/\/www.fundacionnaturgy.org\/ca\/wp-json\/wp\/v2\/categories?post=52755"}],"curies":[{"name":"wp","href":"https:\/\/api.w.org\/{rel}","templated":true}]}}